{"id":28820,"date":"2026-04-27T10:23:39","date_gmt":"2026-04-27T10:23:39","guid":{"rendered":"https:\/\/remstim.com\/modulo-3-2-movimenti-oculari-tecniche-strumenti\/"},"modified":"2026-04-27T10:23:39","modified_gmt":"2026-04-27T10:23:39","slug":"modulo-3-2-movimenti-oculari-tecniche-strumenti","status":"publish","type":"page","link":"https:\/\/remstim.com\/it\/modulo-3-2-movimenti-oculari-tecniche-strumenti\/","title":{"rendered":"Modulo 3.2 \u2013 Movimenti oculari &#8211; Tecniche &#038; strumenti"},"content":{"rendered":"<div class=\"responsive-bild-template\">\n<p><img decoding=\"async\" class=\"responsive-bild\" src=\"https:\/\/remstim.com\/wp-content\/uploads\/2026\/04\/Modul-3.2-\u2013-Augenbewegungen-Techniken-Hilfsmittel_Cover.jpg\" alt=\"\"><\/p>\n<div class=\"responsive-template\">\t\t<div data-elementor-type=\"section\" data-elementor-id=\"28716\" class=\"elementor elementor-28716 elementor-28456\" data-elementor-post-type=\"elementor_library\">\n\t\t\t\t\t<section class=\"elementor-section elementor-top-section elementor-element elementor-element-3780c2cc elementor-section-boxed elementor-section-height-default elementor-section-height-default\" data-id=\"3780c2cc\" data-element_type=\"section\" data-e-type=\"section\">\n\t\t\t\t\t\t<div class=\"elementor-container elementor-column-gap-no\">\n\t\t\t\t\t<div class=\"elementor-column elementor-col-100 elementor-top-column elementor-element elementor-element-42ef232c\" data-id=\"42ef232c\" data-element_type=\"column\" data-e-type=\"column\">\n\t\t\t<div class=\"elementor-widget-wrap elementor-element-populated\">\n\t\t\t\t\t\t<section class=\"elementor-section elementor-inner-section elementor-element elementor-element-9c01e0 elementor-section-boxed elementor-section-height-default elementor-section-height-default\" data-id=\"9c01e0\" data-element_type=\"section\" data-e-type=\"section\" data-settings=\"{&quot;background_background&quot;:&quot;classic&quot;}\">\n\t\t\t\t\t\t<div class=\"elementor-container elementor-column-gap-default\">\n\t\t\t\t\t<div class=\"elementor-column elementor-col-100 elementor-inner-column elementor-element elementor-element-5513bd91\" data-id=\"5513bd91\" data-element_type=\"column\" data-e-type=\"column\" data-settings=\"{&quot;background_background&quot;:&quot;classic&quot;}\">\n\t\t\t<div class=\"elementor-widget-wrap elementor-element-populated\">\n\t\t\t\t\t\t<div class=\"elementor-element elementor-element-090ad39 elementor-widget elementor-widget-text-editor\" data-id=\"090ad39\" data-element_type=\"widget\" data-e-type=\"widget\" data-widget_type=\"text-editor.default\">\n\t\t\t\t<div class=\"elementor-widget-container\">\n\t\t\t\t\t\t\t\t\t<p><strong style=\"font-size: 24px; color: #7e9b30;\">Il tutorial completo<\/strong><\/p><p><a href=\"https:\/\/remstim.com\/it\/emdr-self-coaching-il-video-tutorial-completo-moduli-1-6\/\">Lingua: tedesco, (leggi di pi\u00f9&#8230;)<\/a><\/p>\t\t\t\t\t\t\t\t<\/div>\n\t\t\t\t<\/div>\n\t\t\t\t<div class=\"elementor-element elementor-element-553e114 elementor-widget elementor-widget-image\" data-id=\"553e114\" data-element_type=\"widget\" data-e-type=\"widget\" data-widget_type=\"image.default\">\n\t\t\t\t<div class=\"elementor-widget-container\">\n\t\t\t\t\t\t\t\t\t\t\t\t\t\t\t\t<a href=\"https:\/\/remstim.com\/it\/emdr-self-coaching-il-video-tutorial-completo-moduli-1-6\/\">\n\t\t\t\t\t\t\t<img fetchpriority=\"high\" decoding=\"async\" width=\"225\" height=\"300\" src=\"https:\/\/remstim.com\/wp-content\/uploads\/2026\/04\/EMDR-Selbstcoaching-\u2013-Das-komplette-Video-Tutorial-Module-1-6-225x300.jpg\" class=\"attachment-medium size-medium wp-image-28387\" alt=\"Auto-coaching EMDR \u2013 Il video tutorial completo (moduli 1-6)\" srcset=\"https:\/\/remstim.com\/wp-content\/uploads\/2026\/04\/EMDR-Selbstcoaching-\u2013-Das-komplette-Video-Tutorial-Module-1-6-225x300.jpg 225w, https:\/\/remstim.com\/wp-content\/uploads\/2026\/04\/EMDR-Selbstcoaching-\u2013-Das-komplette-Video-Tutorial-Module-1-6-768x1024.jpg 768w, https:\/\/remstim.com\/wp-content\/uploads\/2026\/04\/EMDR-Selbstcoaching-\u2013-Das-komplette-Video-Tutorial-Module-1-6-1152x1536.jpg 1152w, https:\/\/remstim.com\/wp-content\/uploads\/2026\/04\/EMDR-Selbstcoaching-\u2013-Das-komplette-Video-Tutorial-Module-1-6.jpg 1500w\" sizes=\"(max-width: 225px) 100vw, 225px\" \/>\t\t\t\t\t\t\t\t<\/a>\n\t\t\t\t\t\t\t\t\t\t\t\t\t\t\t<\/div>\n\t\t\t\t<\/div>\n\t\t\t\t<div class=\"elementor-element elementor-element-7faeb86b elementor-widget elementor-widget-text-editor\" data-id=\"7faeb86b\" data-element_type=\"widget\" data-e-type=\"widget\" data-widget_type=\"text-editor.default\">\n\t\t\t\t<div class=\"elementor-widget-container\">\n\t\t\t\t\t\t\t\t\t<p><strong style=\"font-size: 24px; color: #7e9b30;\">129,00 EUR<\/strong><\/p><p>Tutti i prezzi includono IVA<\/p>\t\t\t\t\t\t\t\t<\/div>\n\t\t\t\t<\/div>\n\t\t\t\t<div class=\"elementor-element elementor-element-658d24be elementor-align-right elementor-mobile-align-right elementor-widget elementor-widget-button\" data-id=\"658d24be\" data-element_type=\"widget\" data-e-type=\"widget\" data-widget_type=\"button.default\">\n\t\t\t\t<div class=\"elementor-widget-container\">\n\t\t\t\t\t\t\t\t\t<div class=\"elementor-button-wrapper\">\n\t\t\t\t\t<a class=\"elementor-button elementor-button-link elementor-size-sm\" href=\"https:\/\/copecart.com\/products\/5d71033e\/checkout\" target=\"_blank\">\n\t\t\t\t\t\t<span class=\"elementor-button-content-wrapper\">\n\t\t\t\t\t\t\t\t\t<span class=\"elementor-button-text\">vai al negozio<\/span>\n\t\t\t\t\t<\/span>\n\t\t\t\t\t<\/a>\n\t\t\t\t<\/div>\n\t\t\t\t\t\t\t\t<\/div>\n\t\t\t\t<\/div>\n\t\t\t\t<div class=\"elementor-element elementor-element-3ab691ee elementor-widget elementor-widget-text-editor\" data-id=\"3ab691ee\" data-element_type=\"widget\" data-e-type=\"widget\" data-widget_type=\"text-editor.default\">\n\t\t\t\t<div class=\"elementor-widget-container\">\n\t\t\t\t\t\t\t\t\t<p>Acquisto tramite <a href=\"https:\/\/copecart.com\/products\/5d71033e\/checkout\" target=\"_blank\" rel=\"noopener\">Copecart<\/a>, il nostro partner per i prodotti digitali.<\/p>\t\t\t\t\t\t\t\t<\/div>\n\t\t\t\t<\/div>\n\t\t\t\t\t<\/div>\n\t\t<\/div>\n\t\t\t\t\t<\/div>\n\t\t<\/section>\n\t\t\t\t\t<\/div>\n\t\t<\/div>\n\t\t\t\t\t<\/div>\n\t\t<\/section>\n\t\t\t\t<\/div>\n\t\t<\/div>\n<\/div>\n<h2>Il passaggio alla pratica \u2013 e perch\u00e9 questo punto fa la differenza<\/h2>\n<p>Dopo che nel modulo precedente \u00e8 stato definito con precisione il ruolo dei movimenti oculari, segue ora il passaggio all&#8217;applicazione pratica. A questo punto si decide se la comprensione finora acquisita diventer\u00e0 effettivamente utilizzabile. <\/p>\n<p>Fin qui \u00e8 stato chiarito quali fattori determinano la qualit\u00e0 di un processo. In questo modulo viene mostrato come questi fattori possano essere implementati concretamente \u2013 non in modo astratto, ma in una forma immediatamente applicabile. L&#8217;applicazione \u00e8 volutamente strutturata in modo da non richiedere strumenti speciali e poter essere attuata immediatamente.  <\/p>\n<p>Gi\u00e0 a questo punto si evidenzia una differenza cruciale: l&#8217;implementazione non si ferma alla pura spiegazione, ma viene resa esperibile passo dopo passo. In questo modo non si crea solo una comprensione, ma una prima esperienza personale dell&#8217;effetto. <\/p>\n<p>\u00c8 proprio qui che risiede la particolarit\u00e0 di questa sezione.<\/p>\n<h2>Implementazione nella vita quotidiana \u2013 senza dipendenza da strumenti speciali<\/h2>\n<p>Un pensiero frequente in relazione all&#8217;EMDR \u00e8 la questione degli strumenti adatti. Dispositivi, stimoli visivi o soluzioni tecniche sono spesso in primo piano. <\/p>\n<p>Questo modulo intraprende consapevolmente un&#8217;altra strada.<\/p>\n<p>L&#8217;implementazione si basa su ci\u00f2 che \u00e8 disponibile nella vita quotidiana e pu\u00f2 essere utilizzato direttamente. In questo modo si crea una forma di applicazione che non dipende da condizioni esterne, ma pu\u00f2 essere iniziata in qualsiasi momento. <\/p>\n<p>Questo approccio non \u00e8 una rinuncia, ma una decisione consapevole. Assicura che la qualit\u00e0 dell&#8217;applicazione non sia determinata dalla presenza di un determinato strumento, ma dalla comprensione e dal tipo di implementazione. <\/p>\n<p>\u00c8 proprio questa immediata trasferibilit\u00e0 nella propria vita quotidiana a fare la differenza. Non si crea distanza tra teoria e applicazione, ma un passaggio diretto all&#8217;azione personale. <\/p>\n<h2>Diversi approcci \u2013 e come da essi si sviluppa una propria forma di applicazione<\/h2>\n<p>Nell&#8217;implementazione pratica esistono diversi modi per integrare i movimenti oculari nel processo. Questi modi si differenziano meno per la loro forma esteriore che per il loro effetto sull&#8217;attenzione, la stabilit\u00e0 e la percezione. <\/p>\n<p>Alcune varianti consentono un ingresso diretto, altre creano una gestione del processo pi\u00f9 calma e uniforme. Alcune supportano l&#8217;orientamento in modo particolarmente chiaro, mentre altre coinvolgono maggiormente la percezione interna. <\/p>\n<p>Questo modulo non presenta questi approcci in modo isolato, ma li classifica in modo da chiarire quale effetto possano produrre. In questo modo si crea la possibilit\u00e0 di scegliere una forma di applicazione adatta alla propria situazione. <\/p>\n<p>Nel corso del modulo, le diverse tecniche di movimento oculare non vengono solo mostrate, ma vengono anche implementate direttamente insieme in brevi <strong>fasi di esercizio<\/strong>. Dopo ogni variante presentata segue una <strong>parte pratica compatta<\/strong>, che consente di sviluppare immediatamente una sensazione per l&#8217;effetto specifico. <\/p>\n<p>\u00c8 proprio questa alternanza tra spiegazione e applicazione immediata che assicura che le differenze non siano solo comprese, ma effettivamente vissute.<\/p>\n<p>Poich\u00e9 il video pu\u00f2 essere messo in pausa e riavvolto in qualsiasi momento, queste sequenze di esercizi possono essere ripetute a piacimento. In questo modo si crea una forma di apprendimento che va ben oltre la semplice comprensione una tantum. <\/p>\n<p>In questo modo, gi\u00e0 durante il modulo si sviluppa una prima fiducia nella propria implementazione, poich\u00e9 l&#8217;effetto non rimane teorico, ma diventa direttamente verificabile.<\/p>\n<p>La decisione per una determinata implementazione non viene quindi presa a caso, ma in modo comprensibile.<\/p>\n<h2>Dalla possibilit\u00e0 all&#8217;applicazione \u2013 e perch\u00e9 si pu\u00f2 iniziare proprio qui<\/h2>\n<p>Il punto cruciale di questo modulo \u00e8 che dalla conoscenza teorica nasce un&#8217;azione concreta. I parametri finora descritti vengono tradotti in una forma che pu\u00f2 essere immediatamente implementata. <\/p>\n<p>In questo modo si crea una nuova qualit\u00e0.<\/p>\n<p>L&#8217;applicazione non rimane pi\u00f9 astratta, ma diventa tangibile. Diventa chiaro come un processo pu\u00f2 essere iniziato, come pu\u00f2 essere mantenuto e come si pu\u00f2 riconoscere se procede in modo stabile. <\/p>\n<p>Allo stesso tempo, qui si crea gi\u00e0 una prima sicurezza nella propria applicazione, poich\u00e9 i singoli elementi non rimangono isolati, ma possono essere provati direttamente.<\/p>\n<p>Questa precoce esperienza pratica assicura che i passaggi successivi non debbano essere appresi da zero, ma si basino su esperienze gi\u00e0 fatte.<\/p>\n<p>Allo stesso tempo, diventa evidente che non ogni implementazione porta automaticamente a un risultato chiaro. \u00c8 proprio per questo che la classificazione delle diverse possibilit\u00e0 \u00e8 cruciale. <\/p>\n<p>Questo modulo crea le basi affinch\u00e9 le prime applicazioni personali non si basino su tentativi ed errori, ma su una struttura comprensibile.<\/p>\n<h2>Classificazione degli strumenti \u2013 utili, ma non indispensabili<\/h2>\n<p>In questo contesto, \u00e8 importante classificare chiaramente il ruolo degli strumenti tecnici EMDR. L&#8217;uso di tali apparecchi speciali \u2013 come ad esempio occhiali EMDR appositamente progettati (REMSTIM 3000) per la guida esterna dei movimenti oculari \u2013 pu\u00f2 supportare stabilmente l&#8217;applicazione e rappresentare un&#8217;utile integrazione in determinate situazioni; ma non \u00e8 un prerequisito. <\/p>\n<p>Al contrario, questo tutorial \u00e8 volutamente strutturato in modo tale che tali dispositivi non siano necessari. L&#8217;applicazione funziona completamente senza dispositivi EMDR aggiuntivi e pu\u00f2 essere iniziata immediatamente con mezzi semplici e disponibili. <\/p>\n<p>Questa indipendenza da apparecchiature EMDR speciali \u00e8 una componente centrale di questo approccio e assicura che l&#8217;esecuzione non dipenda da condizioni esterne. <a href=\"https:\/\/remstim.com\/emdr-selbstcoaching-ablauf-6-schritte-modul-4\/\">Leggi di pi\u00f9 sul Modulo 4\u2026<\/a><\/p>\n","protected":false},"excerpt":{"rendered":"<p>Il passaggio alla pratica \u2013 e perch\u00e9 questo punto fa la differenza Dopo che nel modulo precedente \u00e8 stato definito con precisione il ruolo dei movimenti oculari, segue ora il passaggio all&#8217;applicazione pratica. A questo punto si decide se la comprensione finora acquisita diventer\u00e0 effettivamente utilizzabile. Fin qui \u00e8 stato chiarito quali fattori determinano la [&hellip;]<\/p>\n","protected":false},"author":1,"featured_media":0,"parent":0,"menu_order":0,"comment_status":"closed","ping_status":"closed","template":"","meta":{"_acf_changed":false,"site-sidebar-layout":"default","site-content-layout":"","ast-site-content-layout":"default","site-content-style":"default","site-sidebar-style":"default","ast-global-header-display":"","ast-banner-title-visibility":"","ast-main-header-display":"","ast-hfb-above-header-display":"","ast-hfb-below-header-display":"","ast-hfb-mobile-header-display":"","site-post-title":"","ast-breadcrumbs-content":"","ast-featured-img":"","footer-sml-layout":"","ast-disable-related-posts":"","theme-transparent-header-meta":"default","adv-header-id-meta":"","stick-header-meta":"default","header-above-stick-meta":"","header-main-stick-meta":"","header-below-stick-meta":"","astra-migrate-meta-layouts":"default","ast-page-background-enabled":"default","ast-page-background-meta":{"desktop":{"background-color":"var(--ast-global-color-4)","background-image":"","background-repeat":"repeat","background-position":"center center","background-size":"auto","background-attachment":"scroll","background-type":"","background-media":"","overlay-type":"","overlay-color":"","overlay-opacity":"","overlay-gradient":""},"tablet":{"background-color":"","background-image":"","background-repeat":"repeat","background-position":"center center","background-size":"auto","background-attachment":"scroll","background-type":"","background-media":"","overlay-type":"","overlay-color":"","overlay-opacity":"","overlay-gradient":""},"mobile":{"background-color":"","background-image":"","background-repeat":"repeat","background-position":"center center","background-size":"auto","background-attachment":"scroll","background-type":"","background-media":"","overlay-type":"","overlay-color":"","overlay-opacity":"","overlay-gradient":""}},"ast-content-background-meta":{"desktop":{"background-color":"var(--ast-global-color-5)","background-image":"","background-repeat":"repeat","background-position":"center center","background-size":"auto","background-attachment":"scroll","background-type":"","background-media":"","overlay-type":"","overlay-color":"","overlay-opacity":"","overlay-gradient":""},"tablet":{"background-color":"var(--ast-global-color-5)","background-image":"","background-repeat":"repeat","background-position":"center center","background-size":"auto","background-attachment":"scroll","background-type":"","background-media":"","overlay-type":"","overlay-color":"","overlay-opacity":"","overlay-gradient":""},"mobile":{"background-color":"var(--ast-global-color-5)","background-image":"","background-repeat":"repeat","background-position":"center center","background-size":"auto","background-attachment":"scroll","background-type":"","background-media":"","overlay-type":"","overlay-color":"","overlay-opacity":"","overlay-gradient":""}},"footnotes":""},"class_list":["post-28820","page","type-page","status-publish","hentry"],"acf":[],"yoast_head":"<!-- This site is optimized with the Yoast SEO plugin v27.5 - https:\/\/yoast.com\/product\/yoast-seo-wordpress\/ -->\n<title>EMDR Auto-coaching \u2013 Tecniche e Strumenti (Modulo 3.2)<\/title>\n<meta name=\"description\" content=\"Questo modulo mostra come i movimenti oculari nell&#039;auto-coaching EMDR possano essere messi in pratica \u2013 senza strumenti speciali e applicabili direttamente nella vita quotidiana.\" \/>\n<meta name=\"robots\" content=\"index, follow, max-snippet:-1, max-image-preview:large, max-video-preview:-1\" \/>\n<link rel=\"canonical\" href=\"https:\/\/remstim.com\/it\/modulo-3-2-movimenti-oculari-tecniche-strumenti\/\" \/>\n<meta property=\"og:locale\" content=\"it_IT\" \/>\n<meta property=\"og:type\" content=\"article\" \/>\n<meta property=\"og:title\" content=\"EMDR Auto-coaching \u2013 Tecniche e Strumenti (Modulo 3.2)\" \/>\n<meta property=\"og:description\" content=\"Questo modulo mostra come i movimenti oculari nell&#039;auto-coaching EMDR possano essere messi in pratica \u2013 senza strumenti speciali e applicabili direttamente nella vita quotidiana.\" \/>\n<meta property=\"og:url\" content=\"https:\/\/remstim.com\/it\/modulo-3-2-movimenti-oculari-tecniche-strumenti\/\" \/>\n<meta property=\"og:site_name\" content=\"EMDR Ger\u00e4t REMSTIM 3000 gegen Stress\" \/>\n<meta name=\"twitter:label1\" content=\"Tempo di lettura stimato\" \/>\n\t<meta name=\"twitter:data1\" content=\"4 minuti\" \/>\n<script type=\"application\/ld+json\" class=\"yoast-schema-graph\">{\"@context\":\"https:\\\/\\\/schema.org\",\"@graph\":[{\"@type\":\"WebPage\",\"@id\":\"https:\\\/\\\/remstim.com\\\/it\\\/modulo-3-2-movimenti-oculari-tecniche-strumenti\\\/\",\"url\":\"https:\\\/\\\/remstim.com\\\/it\\\/modulo-3-2-movimenti-oculari-tecniche-strumenti\\\/\",\"name\":\"EMDR Auto-coaching \u2013 Tecniche e Strumenti (Modulo 3.2)\",\"isPartOf\":{\"@id\":\"https:\\\/\\\/remstim.com\\\/it\\\/#website\"},\"datePublished\":\"2026-04-27T10:23:39+00:00\",\"description\":\"Questo modulo mostra come i movimenti oculari nell'auto-coaching EMDR possano essere messi in pratica \u2013 senza strumenti speciali e applicabili direttamente nella vita quotidiana.\",\"breadcrumb\":{\"@id\":\"https:\\\/\\\/remstim.com\\\/it\\\/modulo-3-2-movimenti-oculari-tecniche-strumenti\\\/#breadcrumb\"},\"inLanguage\":\"it-IT\",\"potentialAction\":[{\"@type\":\"ReadAction\",\"target\":[\"https:\\\/\\\/remstim.com\\\/it\\\/modulo-3-2-movimenti-oculari-tecniche-strumenti\\\/\"]}]},{\"@type\":\"BreadcrumbList\",\"@id\":\"https:\\\/\\\/remstim.com\\\/it\\\/modulo-3-2-movimenti-oculari-tecniche-strumenti\\\/#breadcrumb\",\"itemListElement\":[{\"@type\":\"ListItem\",\"position\":1,\"name\":\"Startseite\",\"item\":\"https:\\\/\\\/remstim.com\\\/it\\\/casa\\\/\"},{\"@type\":\"ListItem\",\"position\":2,\"name\":\"Modulo 3.2 \u2013 Movimenti oculari &#8211; Tecniche &#038; strumenti\"}]},{\"@type\":\"WebSite\",\"@id\":\"https:\\\/\\\/remstim.com\\\/it\\\/#website\",\"url\":\"https:\\\/\\\/remstim.com\\\/it\\\/\",\"name\":\"EMDR Ger\u00e4t REMSTIM 3000 gegen Stress\",\"description\":\"Wie wir schnell Entspannung finden.\",\"publisher\":{\"@id\":\"https:\\\/\\\/remstim.com\\\/it\\\/#organization\"},\"potentialAction\":[{\"@type\":\"SearchAction\",\"target\":{\"@type\":\"EntryPoint\",\"urlTemplate\":\"https:\\\/\\\/remstim.com\\\/it\\\/?s={search_term_string}\"},\"query-input\":{\"@type\":\"PropertyValueSpecification\",\"valueRequired\":true,\"valueName\":\"search_term_string\"}}],\"inLanguage\":\"it-IT\"},{\"@type\":\"Organization\",\"@id\":\"https:\\\/\\\/remstim.com\\\/it\\\/#organization\",\"name\":\"EMDR Ger\u00e4t REMSTIM 3000 gegen Stress\",\"url\":\"https:\\\/\\\/remstim.com\\\/it\\\/\",\"logo\":{\"@type\":\"ImageObject\",\"inLanguage\":\"it-IT\",\"@id\":\"https:\\\/\\\/remstim.com\\\/it\\\/#\\\/schema\\\/logo\\\/image\\\/\",\"url\":\"https:\\\/\\\/remstim.com\\\/wp-content\\\/uploads\\\/2012\\\/06\\\/REMSTIM-Logo-mit-Untertitel_orange-e1340382850185.png\",\"contentUrl\":\"https:\\\/\\\/remstim.com\\\/wp-content\\\/uploads\\\/2012\\\/06\\\/REMSTIM-Logo-mit-Untertitel_orange-e1340382850185.png\",\"width\":304,\"height\":80,\"caption\":\"EMDR Ger\u00e4t REMSTIM 3000 gegen Stress\"},\"image\":{\"@id\":\"https:\\\/\\\/remstim.com\\\/it\\\/#\\\/schema\\\/logo\\\/image\\\/\"}}]}<\/script>\n<!-- \/ Yoast SEO plugin. -->","yoast_head_json":{"title":"EMDR Auto-coaching \u2013 Tecniche e Strumenti (Modulo 3.2)","description":"Questo modulo mostra come i movimenti oculari nell'auto-coaching EMDR possano essere messi in pratica \u2013 senza strumenti speciali e applicabili direttamente nella vita quotidiana.","robots":{"index":"index","follow":"follow","max-snippet":"max-snippet:-1","max-image-preview":"max-image-preview:large","max-video-preview":"max-video-preview:-1"},"canonical":"https:\/\/remstim.com\/it\/modulo-3-2-movimenti-oculari-tecniche-strumenti\/","og_locale":"it_IT","og_type":"article","og_title":"EMDR Auto-coaching \u2013 Tecniche e Strumenti (Modulo 3.2)","og_description":"Questo modulo mostra come i movimenti oculari nell'auto-coaching EMDR possano essere messi in pratica \u2013 senza strumenti speciali e applicabili direttamente nella vita quotidiana.","og_url":"https:\/\/remstim.com\/it\/modulo-3-2-movimenti-oculari-tecniche-strumenti\/","og_site_name":"EMDR Ger\u00e4t REMSTIM 3000 gegen Stress","twitter_misc":{"Tempo di lettura stimato":"4 minuti"},"schema":{"@context":"https:\/\/schema.org","@graph":[{"@type":"WebPage","@id":"https:\/\/remstim.com\/it\/modulo-3-2-movimenti-oculari-tecniche-strumenti\/","url":"https:\/\/remstim.com\/it\/modulo-3-2-movimenti-oculari-tecniche-strumenti\/","name":"EMDR Auto-coaching \u2013 Tecniche e Strumenti (Modulo 3.2)","isPartOf":{"@id":"https:\/\/remstim.com\/it\/#website"},"datePublished":"2026-04-27T10:23:39+00:00","description":"Questo modulo mostra come i movimenti oculari nell'auto-coaching EMDR possano essere messi in pratica \u2013 senza strumenti speciali e applicabili direttamente nella vita quotidiana.","breadcrumb":{"@id":"https:\/\/remstim.com\/it\/modulo-3-2-movimenti-oculari-tecniche-strumenti\/#breadcrumb"},"inLanguage":"it-IT","potentialAction":[{"@type":"ReadAction","target":["https:\/\/remstim.com\/it\/modulo-3-2-movimenti-oculari-tecniche-strumenti\/"]}]},{"@type":"BreadcrumbList","@id":"https:\/\/remstim.com\/it\/modulo-3-2-movimenti-oculari-tecniche-strumenti\/#breadcrumb","itemListElement":[{"@type":"ListItem","position":1,"name":"Startseite","item":"https:\/\/remstim.com\/it\/casa\/"},{"@type":"ListItem","position":2,"name":"Modulo 3.2 \u2013 Movimenti oculari &#8211; Tecniche &#038; strumenti"}]},{"@type":"WebSite","@id":"https:\/\/remstim.com\/it\/#website","url":"https:\/\/remstim.com\/it\/","name":"EMDR Ger\u00e4t REMSTIM 3000 gegen Stress","description":"Wie wir schnell Entspannung finden.","publisher":{"@id":"https:\/\/remstim.com\/it\/#organization"},"potentialAction":[{"@type":"SearchAction","target":{"@type":"EntryPoint","urlTemplate":"https:\/\/remstim.com\/it\/?s={search_term_string}"},"query-input":{"@type":"PropertyValueSpecification","valueRequired":true,"valueName":"search_term_string"}}],"inLanguage":"it-IT"},{"@type":"Organization","@id":"https:\/\/remstim.com\/it\/#organization","name":"EMDR Ger\u00e4t REMSTIM 3000 gegen Stress","url":"https:\/\/remstim.com\/it\/","logo":{"@type":"ImageObject","inLanguage":"it-IT","@id":"https:\/\/remstim.com\/it\/#\/schema\/logo\/image\/","url":"https:\/\/remstim.com\/wp-content\/uploads\/2012\/06\/REMSTIM-Logo-mit-Untertitel_orange-e1340382850185.png","contentUrl":"https:\/\/remstim.com\/wp-content\/uploads\/2012\/06\/REMSTIM-Logo-mit-Untertitel_orange-e1340382850185.png","width":304,"height":80,"caption":"EMDR Ger\u00e4t REMSTIM 3000 gegen Stress"},"image":{"@id":"https:\/\/remstim.com\/it\/#\/schema\/logo\/image\/"}}]}},"_links":{"self":[{"href":"https:\/\/remstim.com\/it\/wp-json\/wp\/v2\/pages\/28820","targetHints":{"allow":["GET"]}}],"collection":[{"href":"https:\/\/remstim.com\/it\/wp-json\/wp\/v2\/pages"}],"about":[{"href":"https:\/\/remstim.com\/it\/wp-json\/wp\/v2\/types\/page"}],"author":[{"embeddable":true,"href":"https:\/\/remstim.com\/it\/wp-json\/wp\/v2\/users\/1"}],"replies":[{"embeddable":true,"href":"https:\/\/remstim.com\/it\/wp-json\/wp\/v2\/comments?post=28820"}],"version-history":[{"count":0,"href":"https:\/\/remstim.com\/it\/wp-json\/wp\/v2\/pages\/28820\/revisions"}],"wp:attachment":[{"href":"https:\/\/remstim.com\/it\/wp-json\/wp\/v2\/media?parent=28820"}],"curies":[{"name":"wp","href":"https:\/\/api.w.org\/{rel}","templated":true}]}}