{"id":19923,"date":"2011-01-27T12:09:11","date_gmt":"2011-01-27T12:09:11","guid":{"rendered":"https:\/\/remstim.de\/wylaczenie-odpowiedzialnosci-informacje-prawne\/"},"modified":"2023-09-15T07:56:24","modified_gmt":"2023-09-15T07:56:24","slug":"wylaczenie-odpowiedzialnosci-informacje-prawne","status":"publish","type":"page","link":"https:\/\/remstim.com\/pl\/nadruk\/wylaczenie-odpowiedzialnosci-informacje-prawne\/","title":{"rendered":"Wy\u0142\u0105czenie odpowiedzialno\u015bci &#8211; informacje prawne"},"content":{"rendered":"<h1>Wy\u0142\u0105czenie odpowiedzialno\u015bci &#8211; informacje prawne<\/h1>\n<div>\n<h2 style=\"text-align: justify;\">1. ograniczenie odpowiedzialno\u015bci<\/h2>\n<p style=\"text-align: justify;\">Zawarto\u015b\u0107 tej strony internetowej jest tworzona z najwi\u0119ksz\u0105 mo\u017cliw\u0105 staranno\u015bci\u0105. U\u017cytkownik korzysta z zawarto\u015bci strony internetowej na w\u0142asne ryzyko. Artyku\u0142y oznaczone imieniem i nazwiskiem odzwierciedlaj\u0105 opini\u0119 danego autora, a nie zawsze opini\u0119 dostawcy. Samo korzystanie ze strony internetowej dostawcy nie stanowi \u017cadnego stosunku umownego mi\u0119dzy u\u017cytkownikiem a dostawc\u0105.<\/p>\n<h2 style=\"text-align: justify;\">2. linki zewn\u0119trzne<\/h2>\n<p style=\"text-align: justify;\">Niniejsza witryna zawiera \u0142\u0105cza do witryn internetowych os\u00f3b trzecich (&#8220;\u0142\u0105cza zewn\u0119trzne&#8221;). Strony te podlegaj\u0105 odpowiedzialno\u015bci odpowiednich operator\u00f3w. Gdy linki zewn\u0119trzne zosta\u0142y utworzone po raz pierwszy, dostawca sprawdzi\u0142 zewn\u0119trzn\u0105 zawarto\u015b\u0107 pod k\u0105tem wszelkich narusze\u0144 prawa. W tym czasie nie stwierdzono \u017cadnych narusze\u0144 prawa. Dostawca nie ma wp\u0142ywu na aktualny i przysz\u0142y wygl\u0105d oraz zawarto\u015b\u0107 stron, do kt\u00f3rych prowadz\u0105 linki. Umieszczenie link\u00f3w zewn\u0119trznych nie oznacza, \u017ce dostawca przyjmuje tre\u015bci znajduj\u0105ce si\u0119 za odno\u015bnikiem lub linkiem jako w\u0142asne. Sta\u0142e monitorowanie tych zewn\u0119trznych link\u00f3w nie jest uzasadnione dla dostawcy bez konkretnych dowod\u00f3w naruszenia prawa. Jednak takie linki zewn\u0119trzne zostan\u0105 natychmiast usuni\u0119te, je\u015bli zostan\u0105 ujawnione naruszenia prawa.<\/p>\n<h2 style=\"text-align: justify;\">3. prawa autorskie i pomocnicze prawa autorskie<\/h2>\n<p style=\"text-align: justify;\">Tre\u015bci opublikowane na tej stronie podlegaj\u0105 niemieckiemu prawu autorskiemu i dodatkowemu prawu autorskiemu. Ka\u017cde u\u017cycie niedozwolone przez niemieckie prawo autorskie i dodatkowe prawo autorskie wymaga uprzedniej pisemnej zgody dostawcy lub odpowiedniego w\u0142a\u015bciciela praw. Dotyczy to w szczeg\u00f3lno\u015bci kopiowania, edytowania, t\u0142umaczenia, przechowywania, przetwarzania lub powielania tre\u015bci w bazach danych lub innych mediach i systemach elektronicznych. Tre\u015bci i prawa os\u00f3b trzecich s\u0105 oznaczone jako takie. Nieautoryzowane powielanie lub rozpowszechnianie poszczeg\u00f3lnych tre\u015bci lub ca\u0142ych stron jest niedozwolone i podlega karze. Dozwolone jest wy\u0142\u0105cznie tworzenie kopii i pobieranie plik\u00f3w do u\u017cytku osobistego, prywatnego i niekomercyjnego.<\/p>\n<p style=\"text-align: justify;\">Wy\u015bwietlanie tej witryny w zewn\u0119trznych ramkach jest dozwolone wy\u0142\u0105cznie za pisemn\u0105 zgod\u0105.<\/p>\n<h2 style=\"text-align: justify;\">4. specjalne warunki u\u017cytkowania<\/h2>\n<p style=\"text-align: justify;\">W zakresie, w jakim specjalne warunki dotycz\u0105ce indywidualnego korzystania z tej strony internetowej odbiegaj\u0105 od wy\u017cej wymienionych numer\u00f3w od 1 do 3, zostanie to wyra\u017anie wskazane w odpowiednim miejscu. W takim przypadku zastosowanie maj\u0105 specjalne warunki u\u017cytkowania.<\/p>\n<\/div>\n","protected":false},"excerpt":{"rendered":"<p>Wy\u0142\u0105czenie odpowiedzialno\u015bci &#8211; informacje prawne 1. ograniczenie odpowiedzialno\u015bci Zawarto\u015b\u0107 tej strony internetowej jest tworzona z najwi\u0119ksz\u0105 mo\u017cliw\u0105 staranno\u015bci\u0105. U\u017cytkownik korzysta z zawarto\u015bci strony internetowej na w\u0142asne ryzyko. Artyku\u0142y oznaczone imieniem i nazwiskiem odzwierciedlaj\u0105 opini\u0119 danego autora, a nie zawsze opini\u0119 dostawcy. Samo korzystanie ze strony internetowej dostawcy nie stanowi \u017cadnego stosunku umownego mi\u0119dzy u\u017cytkownikiem a [&hellip;]<\/p>\n","protected":false},"author":1,"featured_media":0,"parent":19926,"menu_order":4,"comment_status":"closed","ping_status":"closed","template":"","meta":{"_acf_changed":false,"site-sidebar-layout":"default","site-content-layout":"default","ast-site-content-layout":"default","site-content-style":"default","site-sidebar-style":"default","ast-global-header-display":"","ast-banner-title-visibility":"","ast-main-header-display":"","ast-hfb-above-header-display":"","ast-hfb-below-header-display":"","ast-hfb-mobile-header-display":"","site-post-title":"","ast-breadcrumbs-content":"","ast-featured-img":"","footer-sml-layout":"","ast-disable-related-posts":"","theme-transparent-header-meta":"default","adv-header-id-meta":"","stick-header-meta":"default","header-above-stick-meta":"","header-main-stick-meta":"","header-below-stick-meta":"","astra-migrate-meta-layouts":"default","ast-page-background-enabled":"default","ast-page-background-meta":{"desktop":{"background-color":"var(--ast-global-color-4)","background-image":"","background-repeat":"repeat","background-position":"center center","background-size":"auto","background-attachment":"scroll","background-type":"","background-media":"","overlay-type":"","overlay-color":"","overlay-opacity":"","overlay-gradient":""},"tablet":{"background-color":"","background-image":"","background-repeat":"repeat","background-position":"center center","background-size":"auto","background-attachment":"scroll","background-type":"","background-media":"","overlay-type":"","overlay-color":"","overlay-opacity":"","overlay-gradient":""},"mobile":{"background-color":"","background-image":"","background-repeat":"repeat","background-position":"center center","background-size":"auto","background-attachment":"scroll","background-type":"","background-media":"","overlay-type":"","overlay-color":"","overlay-opacity":"","overlay-gradient":""}},"ast-content-background-meta":{"desktop":{"background-color":"var(--ast-global-color-5)","background-image":"","background-repeat":"repeat","background-position":"center center","background-size":"auto","background-attachment":"scroll","background-type":"","background-media":"","overlay-type":"","overlay-color":"","overlay-opacity":"","overlay-gradient":""},"tablet":{"background-color":"var(--ast-global-color-5)","background-image":"","background-repeat":"repeat","background-position":"center center","background-size":"auto","background-attachment":"scroll","background-type":"","background-media":"","overlay-type":"","overlay-color":"","overlay-opacity":"","overlay-gradient":""},"mobile":{"background-color":"var(--ast-global-color-5)","background-image":"","background-repeat":"repeat","background-position":"center center","background-size":"auto","background-attachment":"scroll","background-type":"","background-media":"","overlay-type":"","overlay-color":"","overlay-opacity":"","overlay-gradient":""}},"footnotes":""},"class_list":["post-19923","page","type-page","status-publish","hentry"],"acf":[],"yoast_head":"<!-- This site is optimized with the Yoast SEO plugin v27.3 - https:\/\/yoast.com\/product\/yoast-seo-wordpress\/ -->\n<title>Wy\u0142\u0105czenie odpowiedzialno\u015bci - informacje prawne - EMDR Ger\u00e4t REMSTIM 3000 gegen Stress<\/title>\n<meta name=\"robots\" content=\"index, follow, max-snippet:-1, max-image-preview:large, max-video-preview:-1\" \/>\n<link rel=\"canonical\" href=\"https:\/\/remstim.com\/pl\/nadruk\/wylaczenie-odpowiedzialnosci-informacje-prawne\/\" \/>\n<meta property=\"og:locale\" content=\"pl_PL\" \/>\n<meta property=\"og:type\" content=\"article\" \/>\n<meta property=\"og:title\" content=\"Wy\u0142\u0105czenie odpowiedzialno\u015bci - informacje prawne - EMDR Ger\u00e4t REMSTIM 3000 gegen Stress\" \/>\n<meta property=\"og:description\" content=\"Wy\u0142\u0105czenie odpowiedzialno\u015bci &#8211; informacje prawne 1. ograniczenie odpowiedzialno\u015bci Zawarto\u015b\u0107 tej strony internetowej jest tworzona z najwi\u0119ksz\u0105 mo\u017cliw\u0105 staranno\u015bci\u0105. U\u017cytkownik korzysta z zawarto\u015bci strony internetowej na w\u0142asne ryzyko. Artyku\u0142y oznaczone imieniem i nazwiskiem odzwierciedlaj\u0105 opini\u0119 danego autora, a nie zawsze opini\u0119 dostawcy. Samo korzystanie ze strony internetowej dostawcy nie stanowi \u017cadnego stosunku umownego mi\u0119dzy u\u017cytkownikiem a [&hellip;]\" \/>\n<meta property=\"og:url\" content=\"https:\/\/remstim.com\/pl\/nadruk\/wylaczenie-odpowiedzialnosci-informacje-prawne\/\" \/>\n<meta property=\"og:site_name\" content=\"EMDR Ger\u00e4t REMSTIM 3000 gegen Stress\" \/>\n<meta property=\"article:modified_time\" content=\"2023-09-15T07:56:24+00:00\" \/>\n<meta name=\"twitter:label1\" content=\"Szacowany czas czytania\" \/>\n\t<meta name=\"twitter:data1\" content=\"2 minuty\" \/>\n<script type=\"application\/ld+json\" class=\"yoast-schema-graph\">{\"@context\":\"https:\\\/\\\/schema.org\",\"@graph\":[{\"@type\":\"WebPage\",\"@id\":\"https:\\\/\\\/remstim.com\\\/pl\\\/nadruk\\\/wylaczenie-odpowiedzialnosci-informacje-prawne\\\/\",\"url\":\"https:\\\/\\\/remstim.com\\\/pl\\\/nadruk\\\/wylaczenie-odpowiedzialnosci-informacje-prawne\\\/\",\"name\":\"Wy\u0142\u0105czenie odpowiedzialno\u015bci - informacje prawne - EMDR Ger\u00e4t REMSTIM 3000 gegen Stress\",\"isPartOf\":{\"@id\":\"https:\\\/\\\/remstim.com\\\/pl\\\/#website\"},\"datePublished\":\"2011-01-27T12:09:11+00:00\",\"dateModified\":\"2023-09-15T07:56:24+00:00\",\"breadcrumb\":{\"@id\":\"https:\\\/\\\/remstim.com\\\/pl\\\/nadruk\\\/wylaczenie-odpowiedzialnosci-informacje-prawne\\\/#breadcrumb\"},\"inLanguage\":\"pl-PL\",\"potentialAction\":[{\"@type\":\"ReadAction\",\"target\":[\"https:\\\/\\\/remstim.com\\\/pl\\\/nadruk\\\/wylaczenie-odpowiedzialnosci-informacje-prawne\\\/\"]}]},{\"@type\":\"BreadcrumbList\",\"@id\":\"https:\\\/\\\/remstim.com\\\/pl\\\/nadruk\\\/wylaczenie-odpowiedzialnosci-informacje-prawne\\\/#breadcrumb\",\"itemListElement\":[{\"@type\":\"ListItem\",\"position\":1,\"name\":\"Startseite\",\"item\":\"https:\\\/\\\/remstim.com\\\/pl\\\/\"},{\"@type\":\"ListItem\",\"position\":2,\"name\":\"Nadruk\",\"item\":\"https:\\\/\\\/remstim.com\\\/pl\\\/nadruk\\\/\"},{\"@type\":\"ListItem\",\"position\":3,\"name\":\"Wy\u0142\u0105czenie odpowiedzialno\u015bci &#8211; informacje prawne\"}]},{\"@type\":\"WebSite\",\"@id\":\"https:\\\/\\\/remstim.com\\\/pl\\\/#website\",\"url\":\"https:\\\/\\\/remstim.com\\\/pl\\\/\",\"name\":\"EMDR Ger\u00e4t REMSTIM 3000 gegen Stress\",\"description\":\"Wie wir schnell Entspannung finden.\",\"publisher\":{\"@id\":\"https:\\\/\\\/remstim.com\\\/pl\\\/#organization\"},\"potentialAction\":[{\"@type\":\"SearchAction\",\"target\":{\"@type\":\"EntryPoint\",\"urlTemplate\":\"https:\\\/\\\/remstim.com\\\/pl\\\/?s={search_term_string}\"},\"query-input\":{\"@type\":\"PropertyValueSpecification\",\"valueRequired\":true,\"valueName\":\"search_term_string\"}}],\"inLanguage\":\"pl-PL\"},{\"@type\":\"Organization\",\"@id\":\"https:\\\/\\\/remstim.com\\\/pl\\\/#organization\",\"name\":\"EMDR Ger\u00e4t REMSTIM 3000 gegen Stress\",\"url\":\"https:\\\/\\\/remstim.com\\\/pl\\\/\",\"logo\":{\"@type\":\"ImageObject\",\"inLanguage\":\"pl-PL\",\"@id\":\"https:\\\/\\\/remstim.com\\\/pl\\\/#\\\/schema\\\/logo\\\/image\\\/\",\"url\":\"https:\\\/\\\/remstim.com\\\/wp-content\\\/uploads\\\/2012\\\/06\\\/REMSTIM-Logo-mit-Untertitel_orange-e1340382850185.png\",\"contentUrl\":\"https:\\\/\\\/remstim.com\\\/wp-content\\\/uploads\\\/2012\\\/06\\\/REMSTIM-Logo-mit-Untertitel_orange-e1340382850185.png\",\"width\":304,\"height\":80,\"caption\":\"EMDR Ger\u00e4t REMSTIM 3000 gegen Stress\"},\"image\":{\"@id\":\"https:\\\/\\\/remstim.com\\\/pl\\\/#\\\/schema\\\/logo\\\/image\\\/\"}}]}<\/script>\n<!-- \/ Yoast SEO plugin. -->","yoast_head_json":{"title":"Wy\u0142\u0105czenie odpowiedzialno\u015bci - informacje prawne - EMDR Ger\u00e4t REMSTIM 3000 gegen Stress","robots":{"index":"index","follow":"follow","max-snippet":"max-snippet:-1","max-image-preview":"max-image-preview:large","max-video-preview":"max-video-preview:-1"},"canonical":"https:\/\/remstim.com\/pl\/nadruk\/wylaczenie-odpowiedzialnosci-informacje-prawne\/","og_locale":"pl_PL","og_type":"article","og_title":"Wy\u0142\u0105czenie odpowiedzialno\u015bci - informacje prawne - EMDR Ger\u00e4t REMSTIM 3000 gegen Stress","og_description":"Wy\u0142\u0105czenie odpowiedzialno\u015bci &#8211; informacje prawne 1. ograniczenie odpowiedzialno\u015bci Zawarto\u015b\u0107 tej strony internetowej jest tworzona z najwi\u0119ksz\u0105 mo\u017cliw\u0105 staranno\u015bci\u0105. U\u017cytkownik korzysta z zawarto\u015bci strony internetowej na w\u0142asne ryzyko. Artyku\u0142y oznaczone imieniem i nazwiskiem odzwierciedlaj\u0105 opini\u0119 danego autora, a nie zawsze opini\u0119 dostawcy. Samo korzystanie ze strony internetowej dostawcy nie stanowi \u017cadnego stosunku umownego mi\u0119dzy u\u017cytkownikiem a [&hellip;]","og_url":"https:\/\/remstim.com\/pl\/nadruk\/wylaczenie-odpowiedzialnosci-informacje-prawne\/","og_site_name":"EMDR Ger\u00e4t REMSTIM 3000 gegen Stress","article_modified_time":"2023-09-15T07:56:24+00:00","twitter_misc":{"Szacowany czas czytania":"2 minuty"},"schema":{"@context":"https:\/\/schema.org","@graph":[{"@type":"WebPage","@id":"https:\/\/remstim.com\/pl\/nadruk\/wylaczenie-odpowiedzialnosci-informacje-prawne\/","url":"https:\/\/remstim.com\/pl\/nadruk\/wylaczenie-odpowiedzialnosci-informacje-prawne\/","name":"Wy\u0142\u0105czenie odpowiedzialno\u015bci - informacje prawne - EMDR Ger\u00e4t REMSTIM 3000 gegen Stress","isPartOf":{"@id":"https:\/\/remstim.com\/pl\/#website"},"datePublished":"2011-01-27T12:09:11+00:00","dateModified":"2023-09-15T07:56:24+00:00","breadcrumb":{"@id":"https:\/\/remstim.com\/pl\/nadruk\/wylaczenie-odpowiedzialnosci-informacje-prawne\/#breadcrumb"},"inLanguage":"pl-PL","potentialAction":[{"@type":"ReadAction","target":["https:\/\/remstim.com\/pl\/nadruk\/wylaczenie-odpowiedzialnosci-informacje-prawne\/"]}]},{"@type":"BreadcrumbList","@id":"https:\/\/remstim.com\/pl\/nadruk\/wylaczenie-odpowiedzialnosci-informacje-prawne\/#breadcrumb","itemListElement":[{"@type":"ListItem","position":1,"name":"Startseite","item":"https:\/\/remstim.com\/pl\/"},{"@type":"ListItem","position":2,"name":"Nadruk","item":"https:\/\/remstim.com\/pl\/nadruk\/"},{"@type":"ListItem","position":3,"name":"Wy\u0142\u0105czenie odpowiedzialno\u015bci &#8211; informacje prawne"}]},{"@type":"WebSite","@id":"https:\/\/remstim.com\/pl\/#website","url":"https:\/\/remstim.com\/pl\/","name":"EMDR Ger\u00e4t REMSTIM 3000 gegen Stress","description":"Wie wir schnell Entspannung finden.","publisher":{"@id":"https:\/\/remstim.com\/pl\/#organization"},"potentialAction":[{"@type":"SearchAction","target":{"@type":"EntryPoint","urlTemplate":"https:\/\/remstim.com\/pl\/?s={search_term_string}"},"query-input":{"@type":"PropertyValueSpecification","valueRequired":true,"valueName":"search_term_string"}}],"inLanguage":"pl-PL"},{"@type":"Organization","@id":"https:\/\/remstim.com\/pl\/#organization","name":"EMDR Ger\u00e4t REMSTIM 3000 gegen Stress","url":"https:\/\/remstim.com\/pl\/","logo":{"@type":"ImageObject","inLanguage":"pl-PL","@id":"https:\/\/remstim.com\/pl\/#\/schema\/logo\/image\/","url":"https:\/\/remstim.com\/wp-content\/uploads\/2012\/06\/REMSTIM-Logo-mit-Untertitel_orange-e1340382850185.png","contentUrl":"https:\/\/remstim.com\/wp-content\/uploads\/2012\/06\/REMSTIM-Logo-mit-Untertitel_orange-e1340382850185.png","width":304,"height":80,"caption":"EMDR Ger\u00e4t REMSTIM 3000 gegen Stress"},"image":{"@id":"https:\/\/remstim.com\/pl\/#\/schema\/logo\/image\/"}}]}},"_links":{"self":[{"href":"https:\/\/remstim.com\/pl\/wp-json\/wp\/v2\/pages\/19923","targetHints":{"allow":["GET"]}}],"collection":[{"href":"https:\/\/remstim.com\/pl\/wp-json\/wp\/v2\/pages"}],"about":[{"href":"https:\/\/remstim.com\/pl\/wp-json\/wp\/v2\/types\/page"}],"author":[{"embeddable":true,"href":"https:\/\/remstim.com\/pl\/wp-json\/wp\/v2\/users\/1"}],"replies":[{"embeddable":true,"href":"https:\/\/remstim.com\/pl\/wp-json\/wp\/v2\/comments?post=19923"}],"version-history":[{"count":0,"href":"https:\/\/remstim.com\/pl\/wp-json\/wp\/v2\/pages\/19923\/revisions"}],"up":[{"embeddable":true,"href":"https:\/\/remstim.com\/pl\/wp-json\/wp\/v2\/pages\/19926"}],"wp:attachment":[{"href":"https:\/\/remstim.com\/pl\/wp-json\/wp\/v2\/media?parent=19923"}],"curies":[{"name":"wp","href":"https:\/\/api.w.org\/{rel}","templated":true}]}}