{"id":19925,"date":"2011-02-16T12:13:48","date_gmt":"2011-02-16T12:13:48","guid":{"rendered":"https:\/\/remstim.de\/plac-bezpiecznie-za-pomoca-paypal\/"},"modified":"2023-10-24T08:21:42","modified_gmt":"2023-10-24T08:21:42","slug":"plac-bezpiecznie-za-pomoca-paypal","status":"publish","type":"page","link":"https:\/\/remstim.com\/pl\/remstim-3000\/plac-bezpiecznie-za-pomoca-paypal\/","title":{"rendered":"Metody p\u0142atno\u015bci"},"content":{"rendered":"<h1>Dost\u0119pne s\u0105 nast\u0119puj\u0105ce metody p\u0142atno\u015bci:<\/h1>\n<p>&nbsp;<\/p>\n<div id='gallery-1' class='gallery galleryid-19925 gallery-columns-5 gallery-size-medium'><figure class='gallery-item'>\n\t\t\t<div class='gallery-icon landscape'>\n\t\t\t\t<img decoding=\"async\" width=\"300\" height=\"156\" src=\"https:\/\/remstim.com\/wp-content\/uploads\/2023\/09\/Vorkasse-300x156.png\" class=\"attachment-medium size-medium\" alt=\"\" srcset=\"https:\/\/remstim.com\/wp-content\/uploads\/2023\/09\/Vorkasse-300x156.png 300w, https:\/\/remstim.com\/wp-content\/uploads\/2023\/09\/Vorkasse.png 431w\" sizes=\"(max-width: 300px) 100vw, 300px\" \/>\n\t\t\t<\/div><\/figure><figure class='gallery-item'>\n\t\t\t<div class='gallery-icon landscape'>\n\t\t\t\t<img decoding=\"async\" width=\"300\" height=\"139\" src=\"https:\/\/remstim.com\/wp-content\/uploads\/2023\/09\/giropay-300x139.png\" class=\"attachment-medium size-medium\" alt=\"\" srcset=\"https:\/\/remstim.com\/wp-content\/uploads\/2023\/09\/giropay-300x139.png 300w, https:\/\/remstim.com\/wp-content\/uploads\/2023\/09\/giropay-1024x473.png 1024w, https:\/\/remstim.com\/wp-content\/uploads\/2023\/09\/giropay-768x355.png 768w, https:\/\/remstim.com\/wp-content\/uploads\/2023\/09\/giropay-600x277.png 600w, https:\/\/remstim.com\/wp-content\/uploads\/2023\/09\/giropay.png 1280w\" sizes=\"(max-width: 300px) 100vw, 300px\" \/>\n\t\t\t<\/div><\/figure><figure class='gallery-item'>\n\t\t\t<div class='gallery-icon landscape'>\n\t\t\t\t<img fetchpriority=\"high\" decoding=\"async\" width=\"300\" height=\"167\" src=\"https:\/\/remstim.com\/wp-content\/uploads\/2023\/09\/klarna-300x167.png\" class=\"attachment-medium size-medium\" alt=\"\" srcset=\"https:\/\/remstim.com\/wp-content\/uploads\/2023\/09\/klarna-300x167.png 300w, https:\/\/remstim.com\/wp-content\/uploads\/2023\/09\/klarna-1024x570.png 1024w, https:\/\/remstim.com\/wp-content\/uploads\/2023\/09\/klarna-768x427.png 768w, https:\/\/remstim.com\/wp-content\/uploads\/2023\/09\/klarna-600x334.png 600w, https:\/\/remstim.com\/wp-content\/uploads\/2023\/09\/klarna.png 1280w\" sizes=\"(max-width: 300px) 100vw, 300px\" \/>\n\t\t\t<\/div><\/figure><figure class='gallery-item'>\n\t\t\t<div class='gallery-icon landscape'>\n\t\t\t\t<img loading=\"lazy\" decoding=\"async\" width=\"300\" height=\"167\" src=\"https:\/\/remstim.com\/wp-content\/uploads\/2023\/09\/p24-300x167.png\" class=\"attachment-medium size-medium\" alt=\"\" srcset=\"https:\/\/remstim.com\/wp-content\/uploads\/2023\/09\/p24-300x167.png 300w, https:\/\/remstim.com\/wp-content\/uploads\/2023\/09\/p24-768x427.png 768w, https:\/\/remstim.com\/wp-content\/uploads\/2023\/09\/p24-600x333.png 600w, https:\/\/remstim.com\/wp-content\/uploads\/2023\/09\/p24.png 900w\" sizes=\"(max-width: 300px) 100vw, 300px\" \/>\n\t\t\t<\/div><\/figure><figure class='gallery-item'>\n\t\t\t<div class='gallery-icon landscape'>\n\t\t\t\t<img loading=\"lazy\" decoding=\"async\" width=\"300\" height=\"195\" src=\"https:\/\/remstim.com\/wp-content\/uploads\/2023\/09\/eps-300x195.png\" class=\"attachment-medium size-medium\" alt=\"\" srcset=\"https:\/\/remstim.com\/wp-content\/uploads\/2023\/09\/eps-300x195.png 300w, https:\/\/remstim.com\/wp-content\/uploads\/2023\/09\/eps-1024x665.png 1024w, https:\/\/remstim.com\/wp-content\/uploads\/2023\/09\/eps-768x499.png 768w, https:\/\/remstim.com\/wp-content\/uploads\/2023\/09\/eps-1536x997.png 1536w, https:\/\/remstim.com\/wp-content\/uploads\/2023\/09\/eps-2048x1330.png 2048w, https:\/\/remstim.com\/wp-content\/uploads\/2023\/09\/eps-600x390.png 600w\" sizes=\"(max-width: 300px) 100vw, 300px\" \/>\n\t\t\t<\/div><\/figure><figure class='gallery-item'>\n\t\t\t<div class='gallery-icon landscape'>\n\t\t\t\t<img loading=\"lazy\" decoding=\"async\" width=\"263\" height=\"192\" src=\"https:\/\/remstim.com\/wp-content\/uploads\/2023\/09\/Visa.png\" class=\"attachment-medium size-medium\" alt=\"\" \/>\n\t\t\t<\/div><\/figure><figure class='gallery-item'>\n\t\t\t<div class='gallery-icon landscape'>\n\t\t\t\t<img loading=\"lazy\" decoding=\"async\" width=\"268\" height=\"188\" src=\"https:\/\/remstim.com\/wp-content\/uploads\/2023\/09\/mastercard.png\" class=\"attachment-medium size-medium\" alt=\"\" \/>\n\t\t\t<\/div><\/figure><figure class='gallery-item'>\n\t\t\t<div class='gallery-icon landscape'>\n\t\t\t\t<img loading=\"lazy\" decoding=\"async\" width=\"300\" height=\"190\" src=\"https:\/\/remstim.com\/wp-content\/uploads\/2023\/09\/discover-300x190.jpg\" class=\"attachment-medium size-medium\" alt=\"\" srcset=\"https:\/\/remstim.com\/wp-content\/uploads\/2023\/09\/discover-300x190.jpg 300w, https:\/\/remstim.com\/wp-content\/uploads\/2023\/09\/discover.jpg 490w\" sizes=\"(max-width: 300px) 100vw, 300px\" \/>\n\t\t\t<\/div><\/figure><figure class='gallery-item'>\n\t\t\t<div class='gallery-icon landscape'>\n\t\t\t\t<img loading=\"lazy\" decoding=\"async\" width=\"281\" height=\"180\" src=\"https:\/\/remstim.com\/wp-content\/uploads\/2023\/09\/union.png\" class=\"attachment-medium size-medium\" alt=\"\" \/>\n\t\t\t<\/div><\/figure><figure class='gallery-item'>\n\t\t\t<div class='gallery-icon landscape'>\n\t\t\t\t<img loading=\"lazy\" decoding=\"async\" width=\"300\" height=\"141\" src=\"https:\/\/remstim.com\/wp-content\/uploads\/2023\/09\/blik-300x141.png\" class=\"attachment-medium size-medium\" alt=\"\" srcset=\"https:\/\/remstim.com\/wp-content\/uploads\/2023\/09\/blik-300x141.png 300w, https:\/\/remstim.com\/wp-content\/uploads\/2023\/09\/blik-768x361.png 768w, https:\/\/remstim.com\/wp-content\/uploads\/2023\/09\/blik-600x282.png 600w, https:\/\/remstim.com\/wp-content\/uploads\/2023\/09\/blik.png 800w\" sizes=\"(max-width: 300px) 100vw, 300px\" \/>\n\t\t\t<\/div><\/figure><figure class='gallery-item'>\n\t\t\t<div class='gallery-icon landscape'>\n\t\t\t\t<img loading=\"lazy\" decoding=\"async\" width=\"225\" height=\"225\" src=\"https:\/\/remstim.com\/wp-content\/uploads\/2023\/09\/paypal.png\" class=\"attachment-medium size-medium\" alt=\"\" srcset=\"https:\/\/remstim.com\/wp-content\/uploads\/2023\/09\/paypal.png 225w, https:\/\/remstim.com\/wp-content\/uploads\/2023\/09\/paypal-150x150.png 150w, https:\/\/remstim.com\/wp-content\/uploads\/2023\/09\/paypal-100x100.png 100w\" sizes=\"(max-width: 225px) 100vw, 225px\" \/>\n\t\t\t<\/div><\/figure><figure class='gallery-item'>\n\t\t\t<div class='gallery-icon landscape'>\n\t\t\t\t<img loading=\"lazy\" decoding=\"async\" width=\"225\" height=\"225\" src=\"https:\/\/remstim.com\/wp-content\/uploads\/2023\/09\/diners.png\" class=\"attachment-medium size-medium\" alt=\"\" srcset=\"https:\/\/remstim.com\/wp-content\/uploads\/2023\/09\/diners.png 225w, https:\/\/remstim.com\/wp-content\/uploads\/2023\/09\/diners-150x150.png 150w, https:\/\/remstim.com\/wp-content\/uploads\/2023\/09\/diners-100x100.png 100w\" sizes=\"(max-width: 225px) 100vw, 225px\" \/>\n\t\t\t<\/div><\/figure><figure class='gallery-item'>\n\t\t\t<div class='gallery-icon landscape'>\n\t\t\t\t<img loading=\"lazy\" decoding=\"async\" width=\"225\" height=\"225\" src=\"https:\/\/remstim.com\/wp-content\/uploads\/2023\/09\/amex.png\" class=\"attachment-medium size-medium\" alt=\"\" srcset=\"https:\/\/remstim.com\/wp-content\/uploads\/2023\/09\/amex.png 225w, https:\/\/remstim.com\/wp-content\/uploads\/2023\/09\/amex-150x150.png 150w, https:\/\/remstim.com\/wp-content\/uploads\/2023\/09\/amex-100x100.png 100w\" sizes=\"(max-width: 225px) 100vw, 225px\" \/>\n\t\t\t<\/div><\/figure><figure class='gallery-item'>\n\t\t\t<div class='gallery-icon landscape'>\n\t\t\t\t<img loading=\"lazy\" decoding=\"async\" width=\"300\" height=\"231\" src=\"https:\/\/remstim.com\/wp-content\/uploads\/2023\/09\/jcb-300x231.jpg\" class=\"attachment-medium size-medium\" alt=\"\" srcset=\"https:\/\/remstim.com\/wp-content\/uploads\/2023\/09\/jcb-300x231.jpg 300w, https:\/\/remstim.com\/wp-content\/uploads\/2023\/09\/jcb-768x592.jpg 768w, https:\/\/remstim.com\/wp-content\/uploads\/2023\/09\/jcb-600x462.jpg 600w, https:\/\/remstim.com\/wp-content\/uploads\/2023\/09\/jcb.jpg 1024w\" sizes=\"(max-width: 300px) 100vw, 300px\" \/>\n\t\t\t<\/div><\/figure><figure class='gallery-item'>\n\t\t\t<div class='gallery-icon landscape'>\n\t\t\t\t<img loading=\"lazy\" decoding=\"async\" width=\"241\" height=\"209\" src=\"https:\/\/remstim.com\/wp-content\/uploads\/2023\/09\/ideal.png\" class=\"attachment-medium size-medium\" alt=\"\" \/>\n\t\t\t<\/div><\/figure><figure class='gallery-item'>\n\t\t\t<div class='gallery-icon landscape'>\n\t\t\t\t<img loading=\"lazy\" decoding=\"async\" width=\"300\" height=\"213\" src=\"https:\/\/remstim.com\/wp-content\/uploads\/2023\/09\/Bancontact-300x213.png\" class=\"attachment-medium size-medium\" alt=\"\" srcset=\"https:\/\/remstim.com\/wp-content\/uploads\/2023\/09\/Bancontact-300x213.png 300w, https:\/\/remstim.com\/wp-content\/uploads\/2023\/09\/Bancontact-1024x726.png 1024w, https:\/\/remstim.com\/wp-content\/uploads\/2023\/09\/Bancontact-768x544.png 768w, https:\/\/remstim.com\/wp-content\/uploads\/2023\/09\/Bancontact-600x425.png 600w, https:\/\/remstim.com\/wp-content\/uploads\/2023\/09\/Bancontact.png 1280w\" sizes=\"(max-width: 300px) 100vw, 300px\" \/>\n\t\t\t<\/div><\/figure>\n\t\t<\/div>\n\n<p>Z wyj\u0105tkiem metody p\u0142atno\u015bci przedp\u0142ata \/ przelew bankowy, metody p\u0142atno\u015bci s\u0105 przetwarzane przez dostawc\u00f3w us\u0142ug p\u0142atniczych <a href=\"https:\/\/stripe.com\/de\" target=\"_blank\" rel=\"noopener\">Stripe<\/a> lub <a href=\"http:\/\/paypal.com\" target=\"_blank\" rel=\"noopener\">PayPal<\/a>.<\/p>\n<p>Z przyjemno\u015bci\u0105 odpowiemy na wszelkie pytania. Napisz do nas: info@remstim.com<\/p>\n<p>Prosimy o zapoznanie si\u0119 z naszymi informacjami dotycz\u0105cymi <a href=\"https:\/\/remstim.com\/pl\/nadruk\/polityka-prywatnosci\/\">ochrony danych<\/a>, <a href=\"https:\/\/remstim.com\/pl\/nadruk\/ogolne-warunki-handlowe\/\">og\u00f3lnych<\/a> warunk\u00f3w, <a href=\"https:\/\/remstim.com\/pl\/remstim-3000\/warunki-wysylki-i-dostawy\/\">warunk\u00f3w wysy\u0142ki<\/a> i <a href=\"https:\/\/remstim.com\/pl\/remstim-3000\/warunki-wysylki-i-dostawy\/\">dostawy<\/a> oraz <a href=\"https:\/\/remstim.com\/pl\/nadruk\/\">nadruku<\/a>.<\/p>\n","protected":false},"excerpt":{"rendered":"<p>Dost\u0119pne s\u0105 nast\u0119puj\u0105ce metody p\u0142atno\u015bci: &nbsp; Z wyj\u0105tkiem metody p\u0142atno\u015bci przedp\u0142ata \/ przelew bankowy, metody p\u0142atno\u015bci s\u0105 przetwarzane przez dostawc\u00f3w us\u0142ug p\u0142atniczych Stripe lub PayPal. Z przyjemno\u015bci\u0105 odpowiemy na wszelkie pytania. Napisz do nas: info@remstim.com Prosimy o zapoznanie si\u0119 z naszymi informacjami dotycz\u0105cymi ochrony danych, og\u00f3lnych warunk\u00f3w, warunk\u00f3w wysy\u0142ki i dostawy oraz nadruku.<\/p>\n","protected":false},"author":1,"featured_media":0,"parent":19929,"menu_order":1,"comment_status":"closed","ping_status":"closed","template":"","meta":{"_acf_changed":false,"site-sidebar-layout":"default","site-content-layout":"default","ast-site-content-layout":"default","site-content-style":"default","site-sidebar-style":"default","ast-global-header-display":"","ast-banner-title-visibility":"","ast-main-header-display":"","ast-hfb-above-header-display":"","ast-hfb-below-header-display":"","ast-hfb-mobile-header-display":"","site-post-title":"","ast-breadcrumbs-content":"","ast-featured-img":"","footer-sml-layout":"","ast-disable-related-posts":"","theme-transparent-header-meta":"default","adv-header-id-meta":"","stick-header-meta":"default","header-above-stick-meta":"","header-main-stick-meta":"","header-below-stick-meta":"","astra-migrate-meta-layouts":"default","ast-page-background-enabled":"default","ast-page-background-meta":{"desktop":{"background-color":"var(--ast-global-color-4)","background-image":"","background-repeat":"repeat","background-position":"center center","background-size":"auto","background-attachment":"scroll","background-type":"","background-media":"","overlay-type":"","overlay-color":"","overlay-opacity":"","overlay-gradient":""},"tablet":{"background-color":"","background-image":"","background-repeat":"repeat","background-position":"center center","background-size":"auto","background-attachment":"scroll","background-type":"","background-media":"","overlay-type":"","overlay-color":"","overlay-opacity":"","overlay-gradient":""},"mobile":{"background-color":"","background-image":"","background-repeat":"repeat","background-position":"center center","background-size":"auto","background-attachment":"scroll","background-type":"","background-media":"","overlay-type":"","overlay-color":"","overlay-opacity":"","overlay-gradient":""}},"ast-content-background-meta":{"desktop":{"background-color":"var(--ast-global-color-5)","background-image":"","background-repeat":"repeat","background-position":"center center","background-size":"auto","background-attachment":"scroll","background-type":"","background-media":"","overlay-type":"","overlay-color":"","overlay-opacity":"","overlay-gradient":""},"tablet":{"background-color":"var(--ast-global-color-5)","background-image":"","background-repeat":"repeat","background-position":"center center","background-size":"auto","background-attachment":"scroll","background-type":"","background-media":"","overlay-type":"","overlay-color":"","overlay-opacity":"","overlay-gradient":""},"mobile":{"background-color":"var(--ast-global-color-5)","background-image":"","background-repeat":"repeat","background-position":"center center","background-size":"auto","background-attachment":"scroll","background-type":"","background-media":"","overlay-type":"","overlay-color":"","overlay-opacity":"","overlay-gradient":""}},"footnotes":""},"class_list":["post-19925","page","type-page","status-publish","hentry"],"acf":[],"yoast_head":"<!-- This site is optimized with the Yoast SEO plugin v27.3 - https:\/\/yoast.com\/product\/yoast-seo-wordpress\/ -->\n<title>Metody p\u0142atno\u015bci - EMDR Ger\u00e4t REMSTIM 3000 gegen Stress<\/title>\n<meta name=\"robots\" content=\"noindex, nofollow\" \/>\n<meta property=\"og:locale\" content=\"pl_PL\" \/>\n<meta property=\"og:type\" content=\"article\" \/>\n<meta property=\"og:title\" content=\"Metody p\u0142atno\u015bci - EMDR Ger\u00e4t REMSTIM 3000 gegen Stress\" \/>\n<meta property=\"og:description\" content=\"Dost\u0119pne s\u0105 nast\u0119puj\u0105ce metody p\u0142atno\u015bci: &nbsp; Z wyj\u0105tkiem metody p\u0142atno\u015bci przedp\u0142ata \/ przelew bankowy, metody p\u0142atno\u015bci s\u0105 przetwarzane przez dostawc\u00f3w us\u0142ug p\u0142atniczych Stripe lub PayPal. Z przyjemno\u015bci\u0105 odpowiemy na wszelkie pytania. Napisz do nas: info@remstim.com Prosimy o zapoznanie si\u0119 z naszymi informacjami dotycz\u0105cymi ochrony danych, og\u00f3lnych warunk\u00f3w, warunk\u00f3w wysy\u0142ki i dostawy oraz nadruku.\" \/>\n<meta property=\"og:url\" content=\"https:\/\/remstim.com\/pl\/remstim-3000\/plac-bezpiecznie-za-pomoca-paypal\/\" \/>\n<meta property=\"og:site_name\" content=\"EMDR Ger\u00e4t REMSTIM 3000 gegen Stress\" \/>\n<meta property=\"article:modified_time\" content=\"2023-10-24T08:21:42+00:00\" \/>\n<meta property=\"og:image\" content=\"https:\/\/remstim.com\/wp-content\/uploads\/2023\/09\/Vorkasse-300x156.png\" \/>\n<meta name=\"twitter:label1\" content=\"Szacowany czas czytania\" \/>\n\t<meta name=\"twitter:data1\" content=\"2 minuty\" \/>\n<script type=\"application\/ld+json\" class=\"yoast-schema-graph\">{\"@context\":\"https:\\\/\\\/schema.org\",\"@graph\":[{\"@type\":\"WebPage\",\"@id\":\"https:\\\/\\\/remstim.com\\\/pl\\\/remstim-3000\\\/plac-bezpiecznie-za-pomoca-paypal\\\/\",\"url\":\"https:\\\/\\\/remstim.com\\\/pl\\\/remstim-3000\\\/plac-bezpiecznie-za-pomoca-paypal\\\/\",\"name\":\"Metody p\u0142atno\u015bci - EMDR Ger\u00e4t REMSTIM 3000 gegen Stress\",\"isPartOf\":{\"@id\":\"https:\\\/\\\/remstim.com\\\/pl\\\/#website\"},\"datePublished\":\"2011-02-16T12:13:48+00:00\",\"dateModified\":\"2023-10-24T08:21:42+00:00\",\"breadcrumb\":{\"@id\":\"https:\\\/\\\/remstim.com\\\/pl\\\/remstim-3000\\\/plac-bezpiecznie-za-pomoca-paypal\\\/#breadcrumb\"},\"inLanguage\":\"pl-PL\",\"potentialAction\":[{\"@type\":\"ReadAction\",\"target\":[\"https:\\\/\\\/remstim.com\\\/pl\\\/remstim-3000\\\/plac-bezpiecznie-za-pomoca-paypal\\\/\"]}]},{\"@type\":\"BreadcrumbList\",\"@id\":\"https:\\\/\\\/remstim.com\\\/pl\\\/remstim-3000\\\/plac-bezpiecznie-za-pomoca-paypal\\\/#breadcrumb\",\"itemListElement\":[{\"@type\":\"ListItem\",\"position\":1,\"name\":\"Startseite\",\"item\":\"https:\\\/\\\/remstim.com\\\/pl\\\/\"},{\"@type\":\"ListItem\",\"position\":2,\"name\":\"Gogle EMDR REMSTIM 3000\",\"item\":\"https:\\\/\\\/remstim.com\\\/pl\\\/remstim-3000\\\/\"},{\"@type\":\"ListItem\",\"position\":3,\"name\":\"Metody p\u0142atno\u015bci\"}]},{\"@type\":\"WebSite\",\"@id\":\"https:\\\/\\\/remstim.com\\\/pl\\\/#website\",\"url\":\"https:\\\/\\\/remstim.com\\\/pl\\\/\",\"name\":\"EMDR Ger\u00e4t REMSTIM 3000 gegen Stress\",\"description\":\"Wie wir schnell Entspannung finden.\",\"publisher\":{\"@id\":\"https:\\\/\\\/remstim.com\\\/pl\\\/#organization\"},\"potentialAction\":[{\"@type\":\"SearchAction\",\"target\":{\"@type\":\"EntryPoint\",\"urlTemplate\":\"https:\\\/\\\/remstim.com\\\/pl\\\/?s={search_term_string}\"},\"query-input\":{\"@type\":\"PropertyValueSpecification\",\"valueRequired\":true,\"valueName\":\"search_term_string\"}}],\"inLanguage\":\"pl-PL\"},{\"@type\":\"Organization\",\"@id\":\"https:\\\/\\\/remstim.com\\\/pl\\\/#organization\",\"name\":\"EMDR Ger\u00e4t REMSTIM 3000 gegen Stress\",\"url\":\"https:\\\/\\\/remstim.com\\\/pl\\\/\",\"logo\":{\"@type\":\"ImageObject\",\"inLanguage\":\"pl-PL\",\"@id\":\"https:\\\/\\\/remstim.com\\\/pl\\\/#\\\/schema\\\/logo\\\/image\\\/\",\"url\":\"https:\\\/\\\/remstim.com\\\/wp-content\\\/uploads\\\/2012\\\/06\\\/REMSTIM-Logo-mit-Untertitel_orange-e1340382850185.png\",\"contentUrl\":\"https:\\\/\\\/remstim.com\\\/wp-content\\\/uploads\\\/2012\\\/06\\\/REMSTIM-Logo-mit-Untertitel_orange-e1340382850185.png\",\"width\":304,\"height\":80,\"caption\":\"EMDR Ger\u00e4t REMSTIM 3000 gegen Stress\"},\"image\":{\"@id\":\"https:\\\/\\\/remstim.com\\\/pl\\\/#\\\/schema\\\/logo\\\/image\\\/\"}}]}<\/script>\n<!-- \/ Yoast SEO plugin. -->","yoast_head_json":{"title":"Metody p\u0142atno\u015bci - EMDR Ger\u00e4t REMSTIM 3000 gegen Stress","robots":{"index":"noindex","follow":"nofollow"},"og_locale":"pl_PL","og_type":"article","og_title":"Metody p\u0142atno\u015bci - EMDR Ger\u00e4t REMSTIM 3000 gegen Stress","og_description":"Dost\u0119pne s\u0105 nast\u0119puj\u0105ce metody p\u0142atno\u015bci: &nbsp; Z wyj\u0105tkiem metody p\u0142atno\u015bci przedp\u0142ata \/ przelew bankowy, metody p\u0142atno\u015bci s\u0105 przetwarzane przez dostawc\u00f3w us\u0142ug p\u0142atniczych Stripe lub PayPal. Z przyjemno\u015bci\u0105 odpowiemy na wszelkie pytania. Napisz do nas: info@remstim.com Prosimy o zapoznanie si\u0119 z naszymi informacjami dotycz\u0105cymi ochrony danych, og\u00f3lnych warunk\u00f3w, warunk\u00f3w wysy\u0142ki i dostawy oraz nadruku.","og_url":"https:\/\/remstim.com\/pl\/remstim-3000\/plac-bezpiecznie-za-pomoca-paypal\/","og_site_name":"EMDR Ger\u00e4t REMSTIM 3000 gegen Stress","article_modified_time":"2023-10-24T08:21:42+00:00","og_image":[{"url":"https:\/\/remstim.com\/wp-content\/uploads\/2023\/09\/Vorkasse-300x156.png","type":"","width":"","height":""}],"twitter_misc":{"Szacowany czas czytania":"2 minuty"},"schema":{"@context":"https:\/\/schema.org","@graph":[{"@type":"WebPage","@id":"https:\/\/remstim.com\/pl\/remstim-3000\/plac-bezpiecznie-za-pomoca-paypal\/","url":"https:\/\/remstim.com\/pl\/remstim-3000\/plac-bezpiecznie-za-pomoca-paypal\/","name":"Metody p\u0142atno\u015bci - EMDR Ger\u00e4t REMSTIM 3000 gegen Stress","isPartOf":{"@id":"https:\/\/remstim.com\/pl\/#website"},"datePublished":"2011-02-16T12:13:48+00:00","dateModified":"2023-10-24T08:21:42+00:00","breadcrumb":{"@id":"https:\/\/remstim.com\/pl\/remstim-3000\/plac-bezpiecznie-za-pomoca-paypal\/#breadcrumb"},"inLanguage":"pl-PL","potentialAction":[{"@type":"ReadAction","target":["https:\/\/remstim.com\/pl\/remstim-3000\/plac-bezpiecznie-za-pomoca-paypal\/"]}]},{"@type":"BreadcrumbList","@id":"https:\/\/remstim.com\/pl\/remstim-3000\/plac-bezpiecznie-za-pomoca-paypal\/#breadcrumb","itemListElement":[{"@type":"ListItem","position":1,"name":"Startseite","item":"https:\/\/remstim.com\/pl\/"},{"@type":"ListItem","position":2,"name":"Gogle EMDR REMSTIM 3000","item":"https:\/\/remstim.com\/pl\/remstim-3000\/"},{"@type":"ListItem","position":3,"name":"Metody p\u0142atno\u015bci"}]},{"@type":"WebSite","@id":"https:\/\/remstim.com\/pl\/#website","url":"https:\/\/remstim.com\/pl\/","name":"EMDR Ger\u00e4t REMSTIM 3000 gegen Stress","description":"Wie wir schnell Entspannung finden.","publisher":{"@id":"https:\/\/remstim.com\/pl\/#organization"},"potentialAction":[{"@type":"SearchAction","target":{"@type":"EntryPoint","urlTemplate":"https:\/\/remstim.com\/pl\/?s={search_term_string}"},"query-input":{"@type":"PropertyValueSpecification","valueRequired":true,"valueName":"search_term_string"}}],"inLanguage":"pl-PL"},{"@type":"Organization","@id":"https:\/\/remstim.com\/pl\/#organization","name":"EMDR Ger\u00e4t REMSTIM 3000 gegen Stress","url":"https:\/\/remstim.com\/pl\/","logo":{"@type":"ImageObject","inLanguage":"pl-PL","@id":"https:\/\/remstim.com\/pl\/#\/schema\/logo\/image\/","url":"https:\/\/remstim.com\/wp-content\/uploads\/2012\/06\/REMSTIM-Logo-mit-Untertitel_orange-e1340382850185.png","contentUrl":"https:\/\/remstim.com\/wp-content\/uploads\/2012\/06\/REMSTIM-Logo-mit-Untertitel_orange-e1340382850185.png","width":304,"height":80,"caption":"EMDR Ger\u00e4t REMSTIM 3000 gegen Stress"},"image":{"@id":"https:\/\/remstim.com\/pl\/#\/schema\/logo\/image\/"}}]}},"_links":{"self":[{"href":"https:\/\/remstim.com\/pl\/wp-json\/wp\/v2\/pages\/19925","targetHints":{"allow":["GET"]}}],"collection":[{"href":"https:\/\/remstim.com\/pl\/wp-json\/wp\/v2\/pages"}],"about":[{"href":"https:\/\/remstim.com\/pl\/wp-json\/wp\/v2\/types\/page"}],"author":[{"embeddable":true,"href":"https:\/\/remstim.com\/pl\/wp-json\/wp\/v2\/users\/1"}],"replies":[{"embeddable":true,"href":"https:\/\/remstim.com\/pl\/wp-json\/wp\/v2\/comments?post=19925"}],"version-history":[{"count":0,"href":"https:\/\/remstim.com\/pl\/wp-json\/wp\/v2\/pages\/19925\/revisions"}],"up":[{"embeddable":true,"href":"https:\/\/remstim.com\/pl\/wp-json\/wp\/v2\/pages\/19929"}],"wp:attachment":[{"href":"https:\/\/remstim.com\/pl\/wp-json\/wp\/v2\/media?parent=19925"}],"curies":[{"name":"wp","href":"https:\/\/api.w.org\/{rel}","templated":true}]}}