{"id":19927,"date":"2011-03-14T11:09:48","date_gmt":"2011-03-14T11:09:48","guid":{"rendered":"https:\/\/remstim.de\/obszary-zastosowania-emdr-w-coachingu\/"},"modified":"2023-09-15T06:59:01","modified_gmt":"2023-09-15T06:59:01","slug":"obszary-zastosowania-emdr-w-coachingu","status":"publish","type":"page","link":"https:\/\/remstim.com\/pl\/obszary-zastosowania-emdr-w-coachingu\/","title":{"rendered":"Obszary zastosowania EMDR w coachingu"},"content":{"rendered":"<h1 style=\"text-align: justify;\">Obszary zastosowania coachingu EMDR<\/h1>\n<p style=\"text-align: justify;\"><img fetchpriority=\"high\" decoding=\"async\" class=\"alignleft wp-image-8131 \" title=\"Coaching EMDR z u\u017cyciem REMSTIM 3000\" src=\"https:\/\/remstim.com\/wp-content\/uploads\/2018\/04\/glueckliche-Frau-dank-EMDR-Selbstcoaching-e1524470283930.jpg\" alt=\"Szcz\u0119\u015bliwa kobieta dzi\u0119ki autocoachingowi EMDR\" width=\"381\" height=\"254\"><a href=\"https:\/\/remstim.com\/pl\/podstawy-korzystania-z-emdr-w-coachingu-z-remstim-3000\/stymulacja-szybkich-ruchow-galek-ocznych\/\">Stymulacja ruch\u00f3w ga\u0142ek ocznych<\/a> za pomoc\u0105 urz\u0105dzenia <a title=\"REMSTIM 3000\" href=\"https:\/\/remstim.com\/pl\/remstim-3000\/\">REMSTIM 3000<\/a>, kt\u00f3ra jest stosowana jako podstawowa interwencja w ramach <a title=\"EMDR w self-coachingu\" href=\"https:\/\/remstim.com\/pl\/podstawy-korzystania-z-emdr-w-coachingu-z-remstim-3000\/wykorzystanie-emdr-w-autocoachingu-z-remstim-3000\/\">metody EMDR<\/a>, mo\u017ce przynie\u015b\u0107 ulg\u0119 psychiczn\u0105 i emocjonaln\u0105 oraz zwi\u0119kszy\u0107 wydajno\u015b\u0107 w r\u00f3\u017cnych obszarach zastosowania i pom\u00f3c w zapobieganiu wypaleniu zawodowemu.<\/p>\n<p style=\"text-align: justify;\">Nie chodzi tu przede wszystkim o zrozumienie i nowe spostrze\u017cenia, ale raczej o &#8220;odpoczynek&#8221; od tego, czego si\u0119 do\u015bwiadczy\u0142o. Poniewa\u017c cz\u0119sto jednostka znajduje si\u0119 w mentalnym zau\u0142ku. W tej sytuacji porady i nowe my\u015bli maj\u0105 tendencj\u0119 do wywo\u0142ywania dodatkowego stresu i dezorientacji.<\/p>\n<p style=\"text-align: justify;\">Z drugiej strony, je\u015bli stresuj\u0105ce my\u015bli trac\u0105 swoje emocjonalne zagro\u017cenie, cz\u0119sto pojawia si\u0119 spok\u00f3j i opanowanie. Koniec rozmy\u015bla\u0144 i p\u0119tli my\u015blowych mo\u017ce zatem prowadzi\u0107 do g\u0142\u0119bokiego wewn\u0119trznego oderwania. Nowe rozwi\u0105zania i alternatywy cz\u0119sto pojawiaj\u0105 si\u0119 przed naszymi oczami jak za dotkni\u0119ciem czarodziejskiej r\u00f3\u017cd\u017cki.<\/p>\n<p style=\"text-align: justify;\">Z pomoc\u0105 <a href=\"https:\/\/remstim.com\/pl\/remstim-3000\/\">REMSTIM<\/a> 3000, zastosowanie <a href=\"https:\/\/remstim.com\/pl\/podstawy-korzystania-z-emdr-w-coachingu-z-remstim-3000\/stymulacja-szybkich-ruchow-galek-ocznych\/\">Rapid Eye Movement Stimulation<\/a> jest szybkie, \u0142atwe i prawid\u0142owe. Zapewnia wsparcie w wielu przypadkach.<\/p>\n\t\t<div data-elementor-type=\"section\" data-elementor-id=\"20361\" class=\"elementor elementor-20361 elementor-9748\" data-elementor-post-type=\"elementor_library\">\n\t\t\t\t\t<section class=\"elementor-section elementor-top-section elementor-element elementor-element-3ef49cac elementor-section-full_width elementor-section-height-default elementor-section-height-default\" data-id=\"3ef49cac\" data-element_type=\"section\" data-e-type=\"section\">\n\t\t\t\t\t\t<div class=\"elementor-container elementor-column-gap-no\">\n\t\t\t\t\t<div class=\"elementor-column elementor-col-100 elementor-top-column elementor-element elementor-element-88b794b\" data-id=\"88b794b\" data-element_type=\"column\" data-e-type=\"column\">\n\t\t\t<div class=\"elementor-widget-wrap elementor-element-populated\">\n\t\t\t\t\t\t<section class=\"elementor-section elementor-inner-section elementor-element elementor-element-39cf0032 elementor-section-boxed elementor-section-height-default elementor-section-height-default\" data-id=\"39cf0032\" data-element_type=\"section\" data-e-type=\"section\" data-settings=\"{&quot;background_background&quot;:&quot;classic&quot;}\">\n\t\t\t\t\t\t<div class=\"elementor-container elementor-column-gap-default\">\n\t\t\t\t\t<div class=\"elementor-column elementor-col-100 elementor-inner-column elementor-element elementor-element-24d2522e\" data-id=\"24d2522e\" data-element_type=\"column\" data-e-type=\"column\">\n\t\t\t<div class=\"elementor-widget-wrap elementor-element-populated\">\n\t\t\t\t\t\t<div class=\"elementor-element elementor-element-40127dc3 elementor-widget elementor-widget-heading\" data-id=\"40127dc3\" data-element_type=\"widget\" data-e-type=\"widget\" data-widget_type=\"heading.default\">\n\t\t\t\t<div class=\"elementor-widget-container\">\n\t\t\t\t\t<h2 class=\"elementor-heading-title elementor-size-default\">Przeczytaj wi\u0119cej o obszarach zastosowania coachingu EMDR<\/h2>\t\t\t\t<\/div>\n\t\t\t\t<\/div>\n\t\t\t\t\t<\/div>\n\t\t<\/div>\n\t\t\t\t\t<\/div>\n\t\t<\/section>\n\t\t\t\t<section class=\"elementor-section elementor-inner-section elementor-element elementor-element-13c6e6e elementor-section-content-top elementor-section-boxed elementor-section-height-default elementor-section-height-default\" data-id=\"13c6e6e\" data-element_type=\"section\" data-e-type=\"section\">\n\t\t\t\t\t\t<div class=\"elementor-container elementor-column-gap-default\">\n\t\t\t\t\t<div class=\"elementor-column elementor-col-100 elementor-inner-column elementor-element elementor-element-5e58d838\" data-id=\"5e58d838\" data-element_type=\"column\" data-e-type=\"column\">\n\t\t\t<div class=\"elementor-widget-wrap elementor-element-populated\">\n\t\t\t\t\t\t<div class=\"elementor-element elementor-element-15b1d0f6 elementor-icon-list--layout-traditional elementor-list-item-link-full_width elementor-widget elementor-widget-icon-list\" data-id=\"15b1d0f6\" data-element_type=\"widget\" data-e-type=\"widget\" data-widget_type=\"icon-list.default\">\n\t\t\t\t<div class=\"elementor-widget-container\">\n\t\t\t\t\t\t\t<ul class=\"elementor-icon-list-items\">\n\t\t\t\t\t\t\t<li class=\"elementor-icon-list-item\">\n\t\t\t\t\t\t\t\t\t\t\t<a href=\"https:\/\/remstim.com\/pl\/przezwyciezanie-strachu-w-autocoachingu-emdr-za-pomoca-gogli-emdr-remstim-3000\/\">\n\n\t\t\t\t\t\t\t\t\t\t\t\t<span class=\"elementor-icon-list-icon\">\n\t\t\t\t\t\t\t<i aria-hidden=\"true\" class=\"fas fa-check\"><\/i>\t\t\t\t\t\t<\/span>\n\t\t\t\t\t\t\t\t\t\t<span class=\"elementor-icon-list-text\">Przezwyci\u0119\u017canie strachu<\/span>\n\t\t\t\t\t\t\t\t\t\t\t<\/a>\n\t\t\t\t\t\t\t\t\t<\/li>\n\t\t\t\t\t\t\t\t<li class=\"elementor-icon-list-item\">\n\t\t\t\t\t\t\t\t\t\t\t<a href=\"https:\/\/remstim.com\/pl\/szybsze-przezwyciezanie-zlamanego-serca-dzieki-emdr-jak-latwiej-to-zniesc\/\">\n\n\t\t\t\t\t\t\t\t\t\t\t\t<span class=\"elementor-icon-list-icon\">\n\t\t\t\t\t\t\t<i aria-hidden=\"true\" class=\"fas fa-check\"><\/i>\t\t\t\t\t\t<\/span>\n\t\t\t\t\t\t\t\t\t\t<span class=\"elementor-icon-list-text\">Szybsze przezwyci\u0119\u017cenie b\u00f3lu serca<\/span>\n\t\t\t\t\t\t\t\t\t\t\t<\/a>\n\t\t\t\t\t\t\t\t\t<\/li>\n\t\t\t\t\t\t\t\t<li class=\"elementor-icon-list-item\">\n\t\t\t\t\t\t\t\t\t\t\t<a href=\"https:\/\/remstim.com\/pl\/obszary-zastosowania-emdr-w-coachingu\/zmniejszenie-stresu-i-napiecia\/\">\n\n\t\t\t\t\t\t\t\t\t\t\t\t<span class=\"elementor-icon-list-icon\">\n\t\t\t\t\t\t\t<i aria-hidden=\"true\" class=\"fas fa-check\"><\/i>\t\t\t\t\t\t<\/span>\n\t\t\t\t\t\t\t\t\t\t<span class=\"elementor-icon-list-text\">Zmniejszenie stresu i napi\u0119cia<\/span>\n\t\t\t\t\t\t\t\t\t\t\t<\/a>\n\t\t\t\t\t\t\t\t\t<\/li>\n\t\t\t\t\t\t\t\t<li class=\"elementor-icon-list-item\">\n\t\t\t\t\t\t\t\t\t\t\t<a href=\"https:\/\/remstim.com\/pl\/obszary-zastosowania-emdr-w-coachingu\/samodzielne-usuwanie-blokad-psychicznych-za-pomoca-emdr-i-remstim-3000\/\">\n\n\t\t\t\t\t\t\t\t\t\t\t\t<span class=\"elementor-icon-list-icon\">\n\t\t\t\t\t\t\t<i aria-hidden=\"true\" class=\"fas fa-check\"><\/i>\t\t\t\t\t\t<\/span>\n\t\t\t\t\t\t\t\t\t\t<span class=\"elementor-icon-list-text\">Samodzielne usuwanie blokad psychicznych za pomoc\u0105 EMDR<\/span>\n\t\t\t\t\t\t\t\t\t\t\t<\/a>\n\t\t\t\t\t\t\t\t\t<\/li>\n\t\t\t\t\t\t\t\t<li class=\"elementor-icon-list-item\">\n\t\t\t\t\t\t\t\t\t\t\t<a href=\"https:\/\/remstim.com\/pl\/obszary-zastosowania-emdr-w-coachingu\/radzenie-sobie-ze-zmartwieniami-i-smutkiem\/\">\n\n\t\t\t\t\t\t\t\t\t\t\t\t<span class=\"elementor-icon-list-icon\">\n\t\t\t\t\t\t\t<i aria-hidden=\"true\" class=\"fas fa-check\"><\/i>\t\t\t\t\t\t<\/span>\n\t\t\t\t\t\t\t\t\t\t<span class=\"elementor-icon-list-text\">Radzenie sobie ze zmartwieniami i smutkiem<\/span>\n\t\t\t\t\t\t\t\t\t\t\t<\/a>\n\t\t\t\t\t\t\t\t\t<\/li>\n\t\t\t\t\t\t\t\t<li class=\"elementor-icon-list-item\">\n\t\t\t\t\t\t\t\t\t\t\t<a href=\"https:\/\/remstim.com\/pl\/obszary-zastosowania-emdr-w-coachingu\/tworzenie-jasnosci-celu-i-rozwiazywanie-konfliktow\/\">\n\n\t\t\t\t\t\t\t\t\t\t\t\t<span class=\"elementor-icon-list-icon\">\n\t\t\t\t\t\t\t<i aria-hidden=\"true\" class=\"fas fa-check\"><\/i>\t\t\t\t\t\t<\/span>\n\t\t\t\t\t\t\t\t\t\t<span class=\"elementor-icon-list-text\">Tworzenie jasno\u015bci celu i rozwi\u0105zywanie konflikt\u00f3w<\/span>\n\t\t\t\t\t\t\t\t\t\t\t<\/a>\n\t\t\t\t\t\t\t\t\t<\/li>\n\t\t\t\t\t\t\t\t<li class=\"elementor-icon-list-item\">\n\t\t\t\t\t\t\t\t\t\t\t<a href=\"https:\/\/remstim.com\/pl\/obszary-zastosowania-emdr-w-coachingu\/wzmocnienie-wlasnej-samooceny-i-pewnosci-siebie\/\">\n\n\t\t\t\t\t\t\t\t\t\t\t\t<span class=\"elementor-icon-list-icon\">\n\t\t\t\t\t\t\t<i aria-hidden=\"true\" class=\"fas fa-check\"><\/i>\t\t\t\t\t\t<\/span>\n\t\t\t\t\t\t\t\t\t\t<span class=\"elementor-icon-list-text\">Wzmocnienie pewno\u015bci siebie i w\u0142asnego wizerunku<\/span>\n\t\t\t\t\t\t\t\t\t\t\t<\/a>\n\t\t\t\t\t\t\t\t\t<\/li>\n\t\t\t\t\t\t\t\t<li class=\"elementor-icon-list-item\">\n\t\t\t\t\t\t\t\t\t\t\t<span class=\"elementor-icon-list-icon\">\n\t\t\t\t\t\t\t<i aria-hidden=\"true\" class=\"fas fa-check\"><\/i>\t\t\t\t\t\t<\/span>\n\t\t\t\t\t\t\t\t\t\t<span class=\"elementor-icon-list-text\">Zwi\u0119kszenie kreatywno\u015bci i umiej\u0119tno\u015bci rozwi\u0105zywania problem\u00f3w<\/span>\n\t\t\t\t\t\t\t\t\t<\/li>\n\t\t\t\t\t\t\t\t<li class=\"elementor-icon-list-item\">\n\t\t\t\t\t\t\t\t\t\t\t<span class=\"elementor-icon-list-icon\">\n\t\t\t\t\t\t\t<i aria-hidden=\"true\" class=\"fas fa-check\"><\/i>\t\t\t\t\t\t<\/span>\n\t\t\t\t\t\t\t\t\t\t<span class=\"elementor-icon-list-text\">Zwi\u0119kszenie motywacji i ch\u0119ci do dzia\u0142ania<\/span>\n\t\t\t\t\t\t\t\t\t<\/li>\n\t\t\t\t\t\t<\/ul>\n\t\t\t\t\t\t<\/div>\n\t\t\t\t<\/div>\n\t\t\t\t\t<\/div>\n\t\t<\/div>\n\t\t\t\t\t<\/div>\n\t\t<\/section>\n\t\t\t\t\t<\/div>\n\t\t<\/div>\n\t\t\t\t\t<\/div>\n\t\t<\/section>\n\t\t\t\t<\/div>\n\t\t\nProsimy r\u00f3wnie\u017c o zapoznanie si\u0119 z <a href=\"https:\/\/remstim.com\/remstim-entdecken\/wichtige-informationen\/\">wa\u017cnymi informacjami<\/a>.<\/p>\n<hr class=\"divider-html\" style=\"border-top: 1px solid #bbb; margin-top: 30px; margin-bottom: 30px;\">\n<h2>Wi\u0119cej informacji o EMDR<\/h2>\n\t\t<div data-elementor-type=\"section\" data-elementor-id=\"20358\" class=\"elementor elementor-20358 elementor-9751\" data-elementor-post-type=\"elementor_library\">\n\t\t\t\t\t<section class=\"elementor-section elementor-top-section elementor-element elementor-element-61ac7ca3 elementor-section-full_width elementor-section-height-default elementor-section-height-default\" data-id=\"61ac7ca3\" data-element_type=\"section\" data-e-type=\"section\">\n\t\t\t\t\t\t<div class=\"elementor-container elementor-column-gap-no\">\n\t\t\t\t\t<div class=\"elementor-column elementor-col-100 elementor-top-column elementor-element elementor-element-306448c4\" data-id=\"306448c4\" data-element_type=\"column\" data-e-type=\"column\">\n\t\t\t<div class=\"elementor-widget-wrap elementor-element-populated\">\n\t\t\t\t\t\t<section class=\"elementor-section elementor-inner-section elementor-element elementor-element-18cc83c1 elementor-section-full_width elementor-section-height-default elementor-section-height-default\" data-id=\"18cc83c1\" data-element_type=\"section\" data-e-type=\"section\">\n\t\t\t\t\t\t<div class=\"elementor-container elementor-column-gap-default\">\n\t\t\t\t\t<div class=\"elementor-column elementor-col-100 elementor-inner-column elementor-element elementor-element-1b0eb42b\" data-id=\"1b0eb42b\" data-element_type=\"column\" data-e-type=\"column\">\n\t\t\t<div class=\"elementor-widget-wrap elementor-element-populated\">\n\t\t\t\t\t\t\t<\/div>\n\t\t<\/div>\n\t\t\t\t\t<\/div>\n\t\t<\/section>\n\t\t\t\t\t<\/div>\n\t\t<\/div>\n\t\t\t\t\t<\/div>\n\t\t<\/section>\n\t\t\t\t<\/div>\n\t\t\n","protected":false},"excerpt":{"rendered":"<p>Obszary zastosowania coachingu EMDR Stymulacja ruch\u00f3w ga\u0142ek ocznych za pomoc\u0105 urz\u0105dzenia REMSTIM 3000, kt\u00f3ra jest stosowana jako podstawowa interwencja w ramach metody EMDR, mo\u017ce przynie\u015b\u0107 ulg\u0119 psychiczn\u0105 i emocjonaln\u0105 oraz zwi\u0119kszy\u0107 wydajno\u015b\u0107 w r\u00f3\u017cnych obszarach zastosowania i pom\u00f3c w zapobieganiu wypaleniu zawodowemu. Nie chodzi tu przede wszystkim o zrozumienie i nowe spostrze\u017cenia, ale raczej o [&hellip;]<\/p>\n","protected":false},"author":1,"featured_media":19850,"parent":0,"menu_order":11,"comment_status":"closed","ping_status":"closed","template":"","meta":{"_acf_changed":false,"site-sidebar-layout":"default","site-content-layout":"default","ast-site-content-layout":"default","site-content-style":"default","site-sidebar-style":"default","ast-global-header-display":"","ast-banner-title-visibility":"","ast-main-header-display":"","ast-hfb-above-header-display":"","ast-hfb-below-header-display":"","ast-hfb-mobile-header-display":"","site-post-title":"","ast-breadcrumbs-content":"","ast-featured-img":"","footer-sml-layout":"","ast-disable-related-posts":"","theme-transparent-header-meta":"default","adv-header-id-meta":"","stick-header-meta":"default","header-above-stick-meta":"","header-main-stick-meta":"","header-below-stick-meta":"","astra-migrate-meta-layouts":"default","ast-page-background-enabled":"default","ast-page-background-meta":{"desktop":{"background-color":"var(--ast-global-color-4)","background-image":"","background-repeat":"repeat","background-position":"center center","background-size":"auto","background-attachment":"scroll","background-type":"","background-media":"","overlay-type":"","overlay-color":"","overlay-opacity":"","overlay-gradient":""},"tablet":{"background-color":"","background-image":"","background-repeat":"repeat","background-position":"center center","background-size":"auto","background-attachment":"scroll","background-type":"","background-media":"","overlay-type":"","overlay-color":"","overlay-opacity":"","overlay-gradient":""},"mobile":{"background-color":"","background-image":"","background-repeat":"repeat","background-position":"center center","background-size":"auto","background-attachment":"scroll","background-type":"","background-media":"","overlay-type":"","overlay-color":"","overlay-opacity":"","overlay-gradient":""}},"ast-content-background-meta":{"desktop":{"background-color":"var(--ast-global-color-5)","background-image":"","background-repeat":"repeat","background-position":"center center","background-size":"auto","background-attachment":"scroll","background-type":"","background-media":"","overlay-type":"","overlay-color":"","overlay-opacity":"","overlay-gradient":""},"tablet":{"background-color":"var(--ast-global-color-5)","background-image":"","background-repeat":"repeat","background-position":"center center","background-size":"auto","background-attachment":"scroll","background-type":"","background-media":"","overlay-type":"","overlay-color":"","overlay-opacity":"","overlay-gradient":""},"mobile":{"background-color":"var(--ast-global-color-5)","background-image":"","background-repeat":"repeat","background-position":"center center","background-size":"auto","background-attachment":"scroll","background-type":"","background-media":"","overlay-type":"","overlay-color":"","overlay-opacity":"","overlay-gradient":""}},"footnotes":""},"class_list":["post-19927","page","type-page","status-publish","has-post-thumbnail","hentry"],"acf":[],"yoast_head":"<!-- This site is optimized with the Yoast SEO plugin v27.4 - https:\/\/yoast.com\/product\/yoast-seo-wordpress\/ -->\n<title>Obszary zastosowania EMDR w coachingu<\/title>\n<meta name=\"description\" content=\"Szybka stymulacja ruch\u00f3w ga\u0142ek ocznych - podstawowa interwencja EMDR - mo\u017ce zapewni\u0107 psychiczn\u0105 i emocjonaln\u0105 ulg\u0119 w r\u00f3\u017cnych obszarach zastosowania.\" \/>\n<meta name=\"robots\" content=\"index, follow, max-snippet:-1, max-image-preview:large, max-video-preview:-1\" \/>\n<link rel=\"canonical\" href=\"https:\/\/remstim.com\/pl\/obszary-zastosowania-emdr-w-coachingu\/\" \/>\n<meta property=\"og:locale\" content=\"pl_PL\" \/>\n<meta property=\"og:type\" content=\"article\" \/>\n<meta property=\"og:title\" content=\"Obszary zastosowania EMDR w coachingu\" \/>\n<meta property=\"og:description\" content=\"Szybka stymulacja ruch\u00f3w ga\u0142ek ocznych - podstawowa interwencja EMDR - mo\u017ce zapewni\u0107 psychiczn\u0105 i emocjonaln\u0105 ulg\u0119 w r\u00f3\u017cnych obszarach zastosowania.\" \/>\n<meta property=\"og:url\" content=\"https:\/\/remstim.com\/pl\/obszary-zastosowania-emdr-w-coachingu\/\" \/>\n<meta property=\"og:site_name\" content=\"EMDR Ger\u00e4t REMSTIM 3000 gegen Stress\" \/>\n<meta property=\"article:modified_time\" content=\"2023-09-15T06:59:01+00:00\" \/>\n<meta property=\"og:image\" content=\"https:\/\/remstim.com\/wp-content\/uploads\/2018\/04\/glueckliche-Frau-dank-EMDR-Selbstcoaching-e1524470283930.jpg\" \/>\n\t<meta property=\"og:image:width\" content=\"283\" \/>\n\t<meta property=\"og:image:height\" content=\"283\" \/>\n\t<meta property=\"og:image:type\" content=\"image\/jpeg\" \/>\n<meta name=\"twitter:label1\" content=\"Szacowany czas czytania\" \/>\n\t<meta name=\"twitter:data1\" content=\"2 minuty\" \/>\n<script type=\"application\/ld+json\" class=\"yoast-schema-graph\">{\"@context\":\"https:\\\/\\\/schema.org\",\"@graph\":[{\"@type\":\"WebPage\",\"@id\":\"https:\\\/\\\/remstim.com\\\/pl\\\/obszary-zastosowania-emdr-w-coachingu\\\/\",\"url\":\"https:\\\/\\\/remstim.com\\\/pl\\\/obszary-zastosowania-emdr-w-coachingu\\\/\",\"name\":\"Obszary zastosowania EMDR w coachingu\",\"isPartOf\":{\"@id\":\"https:\\\/\\\/remstim.com\\\/pl\\\/#website\"},\"primaryImageOfPage\":{\"@id\":\"https:\\\/\\\/remstim.com\\\/pl\\\/obszary-zastosowania-emdr-w-coachingu\\\/#primaryimage\"},\"image\":{\"@id\":\"https:\\\/\\\/remstim.com\\\/pl\\\/obszary-zastosowania-emdr-w-coachingu\\\/#primaryimage\"},\"thumbnailUrl\":\"https:\\\/\\\/remstim.com\\\/wp-content\\\/uploads\\\/2018\\\/04\\\/glueckliche-Frau-dank-EMDR-Selbstcoaching-e1524470283930.jpg\",\"datePublished\":\"2011-03-14T11:09:48+00:00\",\"dateModified\":\"2023-09-15T06:59:01+00:00\",\"description\":\"Szybka stymulacja ruch\u00f3w ga\u0142ek ocznych - podstawowa interwencja EMDR - mo\u017ce zapewni\u0107 psychiczn\u0105 i emocjonaln\u0105 ulg\u0119 w r\u00f3\u017cnych obszarach zastosowania.\",\"breadcrumb\":{\"@id\":\"https:\\\/\\\/remstim.com\\\/pl\\\/obszary-zastosowania-emdr-w-coachingu\\\/#breadcrumb\"},\"inLanguage\":\"pl-PL\",\"potentialAction\":[{\"@type\":\"ReadAction\",\"target\":[\"https:\\\/\\\/remstim.com\\\/pl\\\/obszary-zastosowania-emdr-w-coachingu\\\/\"]}]},{\"@type\":\"ImageObject\",\"inLanguage\":\"pl-PL\",\"@id\":\"https:\\\/\\\/remstim.com\\\/pl\\\/obszary-zastosowania-emdr-w-coachingu\\\/#primaryimage\",\"url\":\"https:\\\/\\\/remstim.com\\\/wp-content\\\/uploads\\\/2018\\\/04\\\/glueckliche-Frau-dank-EMDR-Selbstcoaching-e1524470283930.jpg\",\"contentUrl\":\"https:\\\/\\\/remstim.com\\\/wp-content\\\/uploads\\\/2018\\\/04\\\/glueckliche-Frau-dank-EMDR-Selbstcoaching-e1524470283930.jpg\",\"width\":283,\"height\":283},{\"@type\":\"BreadcrumbList\",\"@id\":\"https:\\\/\\\/remstim.com\\\/pl\\\/obszary-zastosowania-emdr-w-coachingu\\\/#breadcrumb\",\"itemListElement\":[{\"@type\":\"ListItem\",\"position\":1,\"name\":\"Startseite\",\"item\":\"https:\\\/\\\/remstim.com\\\/pl\\\/\"},{\"@type\":\"ListItem\",\"position\":2,\"name\":\"Obszary zastosowania EMDR w coachingu\"}]},{\"@type\":\"WebSite\",\"@id\":\"https:\\\/\\\/remstim.com\\\/pl\\\/#website\",\"url\":\"https:\\\/\\\/remstim.com\\\/pl\\\/\",\"name\":\"EMDR Ger\u00e4t REMSTIM 3000 gegen Stress\",\"description\":\"Wie wir schnell Entspannung finden.\",\"publisher\":{\"@id\":\"https:\\\/\\\/remstim.com\\\/pl\\\/#organization\"},\"potentialAction\":[{\"@type\":\"SearchAction\",\"target\":{\"@type\":\"EntryPoint\",\"urlTemplate\":\"https:\\\/\\\/remstim.com\\\/pl\\\/?s={search_term_string}\"},\"query-input\":{\"@type\":\"PropertyValueSpecification\",\"valueRequired\":true,\"valueName\":\"search_term_string\"}}],\"inLanguage\":\"pl-PL\"},{\"@type\":\"Organization\",\"@id\":\"https:\\\/\\\/remstim.com\\\/pl\\\/#organization\",\"name\":\"EMDR Ger\u00e4t REMSTIM 3000 gegen Stress\",\"url\":\"https:\\\/\\\/remstim.com\\\/pl\\\/\",\"logo\":{\"@type\":\"ImageObject\",\"inLanguage\":\"pl-PL\",\"@id\":\"https:\\\/\\\/remstim.com\\\/pl\\\/#\\\/schema\\\/logo\\\/image\\\/\",\"url\":\"https:\\\/\\\/remstim.com\\\/wp-content\\\/uploads\\\/2012\\\/06\\\/REMSTIM-Logo-mit-Untertitel_orange-e1340382850185.png\",\"contentUrl\":\"https:\\\/\\\/remstim.com\\\/wp-content\\\/uploads\\\/2012\\\/06\\\/REMSTIM-Logo-mit-Untertitel_orange-e1340382850185.png\",\"width\":304,\"height\":80,\"caption\":\"EMDR Ger\u00e4t REMSTIM 3000 gegen Stress\"},\"image\":{\"@id\":\"https:\\\/\\\/remstim.com\\\/pl\\\/#\\\/schema\\\/logo\\\/image\\\/\"}}]}<\/script>\n<!-- \/ Yoast SEO plugin. -->","yoast_head_json":{"title":"Obszary zastosowania EMDR w coachingu","description":"Szybka stymulacja ruch\u00f3w ga\u0142ek ocznych - podstawowa interwencja EMDR - mo\u017ce zapewni\u0107 psychiczn\u0105 i emocjonaln\u0105 ulg\u0119 w r\u00f3\u017cnych obszarach zastosowania.","robots":{"index":"index","follow":"follow","max-snippet":"max-snippet:-1","max-image-preview":"max-image-preview:large","max-video-preview":"max-video-preview:-1"},"canonical":"https:\/\/remstim.com\/pl\/obszary-zastosowania-emdr-w-coachingu\/","og_locale":"pl_PL","og_type":"article","og_title":"Obszary zastosowania EMDR w coachingu","og_description":"Szybka stymulacja ruch\u00f3w ga\u0142ek ocznych - podstawowa interwencja EMDR - mo\u017ce zapewni\u0107 psychiczn\u0105 i emocjonaln\u0105 ulg\u0119 w r\u00f3\u017cnych obszarach zastosowania.","og_url":"https:\/\/remstim.com\/pl\/obszary-zastosowania-emdr-w-coachingu\/","og_site_name":"EMDR Ger\u00e4t REMSTIM 3000 gegen Stress","article_modified_time":"2023-09-15T06:59:01+00:00","og_image":[{"width":283,"height":283,"url":"https:\/\/remstim.com\/wp-content\/uploads\/2018\/04\/glueckliche-Frau-dank-EMDR-Selbstcoaching-e1524470283930.jpg","type":"image\/jpeg"}],"twitter_misc":{"Szacowany czas czytania":"2 minuty"},"schema":{"@context":"https:\/\/schema.org","@graph":[{"@type":"WebPage","@id":"https:\/\/remstim.com\/pl\/obszary-zastosowania-emdr-w-coachingu\/","url":"https:\/\/remstim.com\/pl\/obszary-zastosowania-emdr-w-coachingu\/","name":"Obszary zastosowania EMDR w coachingu","isPartOf":{"@id":"https:\/\/remstim.com\/pl\/#website"},"primaryImageOfPage":{"@id":"https:\/\/remstim.com\/pl\/obszary-zastosowania-emdr-w-coachingu\/#primaryimage"},"image":{"@id":"https:\/\/remstim.com\/pl\/obszary-zastosowania-emdr-w-coachingu\/#primaryimage"},"thumbnailUrl":"https:\/\/remstim.com\/wp-content\/uploads\/2018\/04\/glueckliche-Frau-dank-EMDR-Selbstcoaching-e1524470283930.jpg","datePublished":"2011-03-14T11:09:48+00:00","dateModified":"2023-09-15T06:59:01+00:00","description":"Szybka stymulacja ruch\u00f3w ga\u0142ek ocznych - podstawowa interwencja EMDR - mo\u017ce zapewni\u0107 psychiczn\u0105 i emocjonaln\u0105 ulg\u0119 w r\u00f3\u017cnych obszarach zastosowania.","breadcrumb":{"@id":"https:\/\/remstim.com\/pl\/obszary-zastosowania-emdr-w-coachingu\/#breadcrumb"},"inLanguage":"pl-PL","potentialAction":[{"@type":"ReadAction","target":["https:\/\/remstim.com\/pl\/obszary-zastosowania-emdr-w-coachingu\/"]}]},{"@type":"ImageObject","inLanguage":"pl-PL","@id":"https:\/\/remstim.com\/pl\/obszary-zastosowania-emdr-w-coachingu\/#primaryimage","url":"https:\/\/remstim.com\/wp-content\/uploads\/2018\/04\/glueckliche-Frau-dank-EMDR-Selbstcoaching-e1524470283930.jpg","contentUrl":"https:\/\/remstim.com\/wp-content\/uploads\/2018\/04\/glueckliche-Frau-dank-EMDR-Selbstcoaching-e1524470283930.jpg","width":283,"height":283},{"@type":"BreadcrumbList","@id":"https:\/\/remstim.com\/pl\/obszary-zastosowania-emdr-w-coachingu\/#breadcrumb","itemListElement":[{"@type":"ListItem","position":1,"name":"Startseite","item":"https:\/\/remstim.com\/pl\/"},{"@type":"ListItem","position":2,"name":"Obszary zastosowania EMDR w coachingu"}]},{"@type":"WebSite","@id":"https:\/\/remstim.com\/pl\/#website","url":"https:\/\/remstim.com\/pl\/","name":"EMDR Ger\u00e4t REMSTIM 3000 gegen Stress","description":"Wie wir schnell Entspannung finden.","publisher":{"@id":"https:\/\/remstim.com\/pl\/#organization"},"potentialAction":[{"@type":"SearchAction","target":{"@type":"EntryPoint","urlTemplate":"https:\/\/remstim.com\/pl\/?s={search_term_string}"},"query-input":{"@type":"PropertyValueSpecification","valueRequired":true,"valueName":"search_term_string"}}],"inLanguage":"pl-PL"},{"@type":"Organization","@id":"https:\/\/remstim.com\/pl\/#organization","name":"EMDR Ger\u00e4t REMSTIM 3000 gegen Stress","url":"https:\/\/remstim.com\/pl\/","logo":{"@type":"ImageObject","inLanguage":"pl-PL","@id":"https:\/\/remstim.com\/pl\/#\/schema\/logo\/image\/","url":"https:\/\/remstim.com\/wp-content\/uploads\/2012\/06\/REMSTIM-Logo-mit-Untertitel_orange-e1340382850185.png","contentUrl":"https:\/\/remstim.com\/wp-content\/uploads\/2012\/06\/REMSTIM-Logo-mit-Untertitel_orange-e1340382850185.png","width":304,"height":80,"caption":"EMDR Ger\u00e4t REMSTIM 3000 gegen Stress"},"image":{"@id":"https:\/\/remstim.com\/pl\/#\/schema\/logo\/image\/"}}]}},"_links":{"self":[{"href":"https:\/\/remstim.com\/pl\/wp-json\/wp\/v2\/pages\/19927","targetHints":{"allow":["GET"]}}],"collection":[{"href":"https:\/\/remstim.com\/pl\/wp-json\/wp\/v2\/pages"}],"about":[{"href":"https:\/\/remstim.com\/pl\/wp-json\/wp\/v2\/types\/page"}],"author":[{"embeddable":true,"href":"https:\/\/remstim.com\/pl\/wp-json\/wp\/v2\/users\/1"}],"replies":[{"embeddable":true,"href":"https:\/\/remstim.com\/pl\/wp-json\/wp\/v2\/comments?post=19927"}],"version-history":[{"count":0,"href":"https:\/\/remstim.com\/pl\/wp-json\/wp\/v2\/pages\/19927\/revisions"}],"wp:featuredmedia":[{"embeddable":true,"href":"https:\/\/remstim.com\/pl\/wp-json\/wp\/v2\/media\/19850"}],"wp:attachment":[{"href":"https:\/\/remstim.com\/pl\/wp-json\/wp\/v2\/media?parent=19927"}],"curies":[{"name":"wp","href":"https:\/\/api.w.org\/{rel}","templated":true}]}}