{"id":19928,"date":"2011-02-16T12:12:40","date_gmt":"2011-02-16T12:12:40","guid":{"rendered":"https:\/\/remstim.de\/warunki-wysylki-i-dostawy\/"},"modified":"2023-11-06T19:15:54","modified_gmt":"2023-11-06T19:15:54","slug":"warunki-wysylki-i-dostawy","status":"publish","type":"page","link":"https:\/\/remstim.com\/pl\/remstim-3000\/warunki-wysylki-i-dostawy\/","title":{"rendered":"Warunki wysy\u0142ki i dostawy"},"content":{"rendered":"<h1 style=\"text-align: left;\">Warunki wysy\u0142ki i dostawy<\/h1>\n<p style=\"text-align: left;\">Zam\u00f3wienie zostanie niezw\u0142ocznie przetworzone i dostarczone po dokonaniu p\u0142atno\u015bci zgodnie z czasem dostawy podanym poni\u017cej.<\/p>\n<p style=\"text-align: left;\">Koszty wysy\u0142ki zostan\u0105 <strong>doliczone<\/strong> do warto\u015bci towar\u00f3w.<\/p>\n<table>\n<tbody>\n<tr>\n<th>Obszar dostawy<\/th>\n<th style=\"text-align: center;\">Koszty wysy\u0142ki*<\/th>\n<th style=\"text-align: center;\">Czas dostawy ok.<\/th>\n<\/tr>\n<tr>\n<td style=\"text-align: center;\">Niemcy<\/td>\n<td style=\"text-align: center;\">  5,50 \u20ac*<\/td>\n<td style=\"text-align: center;\">3 &#8211; 4 dni<\/td>\n<\/tr>\n<tr>\n<td style=\"text-align: center;\">Austria<\/td>\n<td style=\"text-align: center;\">14,00 \u20ac*<\/td>\n<td style=\"text-align: center;\">4 &#8211; 6 dni<\/td>\n<\/tr>\n<tr>\n<td style=\"text-align: center;\">Francja<\/td>\n<td style=\"text-align: center;\">14,00 \u20ac*<\/td>\n<td style=\"text-align: center;\">4 &#8211; 6 dni<\/td>\n<\/tr>\n<tr>\n<td style=\"text-align: center;\">Hiszpania<\/td>\n<td style=\"text-align: center;\">14,00 \u20ac*<\/td>\n<td style=\"text-align: center;\">4 &#8211; 6 dni<\/td>\n<\/tr>\n<tr>\n<td style=\"text-align: center;\">W\u0142ochy<\/td>\n<td style=\"text-align: center;\">14,00 \u20ac*<\/td>\n<td style=\"text-align: center;\">4 &#8211; 6 dni<\/td>\n<\/tr>\n<tr>\n<td style=\"text-align: center;\">Holandia<\/td>\n<td style=\"text-align: center;\">14,00 \u20ac*<\/td>\n<td style=\"text-align: center;\">4 &#8211; 6 dni<\/td>\n<\/tr>\n<tr>\n<td style=\"text-align: center;\">Polska<\/td>\n<td style=\"text-align: center;\">14,00 \u20ac*<\/td>\n<td style=\"text-align: center;\">4 &#8211; 6 dni<\/td>\n<\/tr>\n<tr>\n<td style=\"text-align: center;\">Luksemburg<\/td>\n<td style=\"text-align: center;\">14,00 \u20ac*<\/td>\n<td style=\"text-align: center;\">4 &#8211; 6 dni<\/td>\n<\/tr>\n<tr>\n<td style=\"text-align: center;\">Belgia<\/td>\n<td style=\"text-align: center;\">14,00 \u20ac*<\/td>\n<td style=\"text-align: center;\">4 &#8211; 6 dni<\/td>\n<\/tr>\n<tr>\n<td style=\"text-align: center;\">Szwajcaria<\/td>\n<td style=\"text-align: center;\"><a href=\"https:\/\/remstim.com\/pl\/remstim-3000\/brak-bezposredniej-wysylki-do-szwajcarii\/\">brak bezpo\u015bredniej wysy\u0142ki, ale&#8230;<\/a><\/td>\n<td style=\"text-align: center;\"><a href=\"https:\/\/remstim.com\/pl\/remstim-3000\/brak-bezposredniej-wysylki-do-szwajcarii\/\">wi\u0119cej&#8230;<\/a><\/td>\n<\/tr>\n<\/tbody>\n<\/table>\n<p style=\"text-align: left;\">*Koszty wysy\u0142ki z VAT<\/p>\n<h2 class=\"n\">Metody p\u0142atno\u015bci:<\/h2>\n<ul>\n<li>Karta kredytowa\n<div>P\u0142atno\u015b\u0107 kart\u0105 kredytow\u0105. Dane u\u017cytkownika s\u0105 szyfrowane i przesy\u0142ane w bezpieczny spos\u00f3b. Akceptowane s\u0105 wszystkie g\u0142\u00f3wne karty debetowe i kredytowe. P\u0142atno\u015bci te s\u0105 dokonywane za po\u015brednictwem dostawcy us\u0142ug p\u0142atniczych Stripe.<\/div>\n<\/li>\n<li>PayPal (karta kredytowa, polecenie zap\u0142aty, przelew bankowy)\n<div>P\u0142atno\u015b\u0107 przez PayPal. Po z\u0142o\u017ceniu zam\u00f3wienia zostaniesz przekierowany do serwisu PayPal, gdzie mo\u017cesz \u0142atwo i bezpiecznie zap\u0142aci\u0107 za po\u015brednictwem swojego konta.<\/div>\n<\/li>\n<li>Przeciwko przedp\u0142acie przelewem bankowym\n<div>Nasze dane bankowe b\u0119d\u0105 wy\u015bwietlane podczas procesu zamawiania i zostan\u0105 wys\u0142ane po zako\u0144czeniu zam\u00f3wienia. Zam\u00f3wienie i dostawa zostan\u0105 zrealizowane niezw\u0142ocznie po otrzymaniu p\u0142atno\u015bci. Nale\u017cy pami\u0119ta\u0107, \u017ce zosta\u0142a zawarta wi\u0105\u017c\u0105ca umowa kupna, w zwi\u0105zku z czym u\u017cytkownik jest zobowi\u0105zany do dokonania p\u0142atno\u015bci. Prosimy o przelew bankowy w ci\u0105gu 7 dni, dzi\u0119kujemy!<\/div>\n<\/li>\n<\/ul>\n<h2 style=\"text-align: left;\">Przeniesienie ryzyka: W przypadku konsument\u00f3w zastosowanie maj\u0105 przepisy ustawowe.<\/h2>\n<p style=\"text-align: left;\"><a href=\"https:\/\/remstim.com\/pl\/remstim-3000\/\"><img fetchpriority=\"high\" decoding=\"async\" class=\"alignleft wp-image-22015 size-medium\" src=\"https:\/\/remstim.com\/wp-content\/uploads\/2023\/09\/R3-im-Koffer_white-300x250.jpg\" alt=\"Remstim 3000 model 2023 z futera\u0142em\" width=\"300\" height=\"250\" srcset=\"https:\/\/remstim.com\/wp-content\/uploads\/2023\/09\/R3-im-Koffer_white-300x250.jpg 300w, https:\/\/remstim.com\/wp-content\/uploads\/2023\/09\/R3-im-Koffer_white-600x500.jpg 600w, https:\/\/remstim.com\/wp-content\/uploads\/2023\/09\/R3-im-Koffer_white-1024x853.jpg 1024w, https:\/\/remstim.com\/wp-content\/uploads\/2023\/09\/R3-im-Koffer_white-768x640.jpg 768w, https:\/\/remstim.com\/wp-content\/uploads\/2023\/09\/R3-im-Koffer_white.jpg 1200w\" sizes=\"(max-width: 300px) 100vw, 300px\" \/><\/a>Prosimy o jak najszybsze powiadomienie nas<a title=\"Nadruk\" href=\"https:\/\/remstim.com\/pl\/nadruk\/\">(kontakt<\/a>), je\u015bli przesy\u0142ka jest niekompletna lub uszkodzona. W przypadku widocznych uszkodze\u0144 kartonu zewn\u0119trznego nale\u017cy zg\u0142osi\u0107 reklamacj\u0119 firmie kurierskiej natychmiast po dostarczeniu przesy\u0142ki. Prosimy o pisemne potwierdzenie skargi.<\/p>\n<p style=\"text-align: left;\"><a title=\"REMSTIM 3000\" href=\"https:\/\/remstim.com\/pl\/remstim-3000\/\">REMSTIM 3000<\/a> wysy\u0142amy wy\u0142\u0105cznie w futerale ochronnym, aby w jak najwi\u0119kszym stopniu unikn\u0105\u0107 uszkodze\u0144. Je\u015bli mimo to <a title=\"REMSTIM 3000\" href=\"https:\/\/remstim.com\/pl\/remstim-3000\/\">REMSTIM 3000<\/a> zosta\u0142 uszkodzony podczas transportu, prosimy o niezw\u0142oczne odes\u0142anie go do nas wraz z futera\u0142em, instrukcj\u0105 obs\u0142ugi i oryginalnym opakowaniem zewn\u0119trznym, a tak\u017ce potwierdzeniem reklamacji przez firm\u0119 przewozow\u0105. Otrzymasz nowe towary tak szybko, jak to mo\u017cliwe po ich otrzymaniu.<\/p>\n","protected":false},"excerpt":{"rendered":"<p>Warunki wysy\u0142ki i dostawy Zam\u00f3wienie zostanie niezw\u0142ocznie przetworzone i dostarczone po dokonaniu p\u0142atno\u015bci zgodnie z czasem dostawy podanym poni\u017cej. Koszty wysy\u0142ki zostan\u0105 doliczone do warto\u015bci towar\u00f3w. Obszar dostawy Koszty wysy\u0142ki* Czas dostawy ok. Niemcy 5,50 \u20ac* 3 &#8211; 4 dni Austria 14,00 \u20ac* 4 &#8211; 6 dni Francja 14,00 \u20ac* 4 &#8211; 6 dni Hiszpania [&hellip;]<\/p>\n","protected":false},"author":1,"featured_media":0,"parent":19929,"menu_order":4,"comment_status":"closed","ping_status":"closed","template":"","meta":{"_acf_changed":false,"site-sidebar-layout":"default","site-content-layout":"default","ast-site-content-layout":"default","site-content-style":"default","site-sidebar-style":"default","ast-global-header-display":"","ast-banner-title-visibility":"","ast-main-header-display":"","ast-hfb-above-header-display":"","ast-hfb-below-header-display":"","ast-hfb-mobile-header-display":"","site-post-title":"","ast-breadcrumbs-content":"","ast-featured-img":"","footer-sml-layout":"","ast-disable-related-posts":"","theme-transparent-header-meta":"default","adv-header-id-meta":"","stick-header-meta":"default","header-above-stick-meta":"","header-main-stick-meta":"","header-below-stick-meta":"","astra-migrate-meta-layouts":"default","ast-page-background-enabled":"default","ast-page-background-meta":{"desktop":{"background-color":"var(--ast-global-color-4)","background-image":"","background-repeat":"repeat","background-position":"center center","background-size":"auto","background-attachment":"scroll","background-type":"","background-media":"","overlay-type":"","overlay-color":"","overlay-opacity":"","overlay-gradient":""},"tablet":{"background-color":"","background-image":"","background-repeat":"repeat","background-position":"center center","background-size":"auto","background-attachment":"scroll","background-type":"","background-media":"","overlay-type":"","overlay-color":"","overlay-opacity":"","overlay-gradient":""},"mobile":{"background-color":"","background-image":"","background-repeat":"repeat","background-position":"center center","background-size":"auto","background-attachment":"scroll","background-type":"","background-media":"","overlay-type":"","overlay-color":"","overlay-opacity":"","overlay-gradient":""}},"ast-content-background-meta":{"desktop":{"background-color":"var(--ast-global-color-5)","background-image":"","background-repeat":"repeat","background-position":"center center","background-size":"auto","background-attachment":"scroll","background-type":"","background-media":"","overlay-type":"","overlay-color":"","overlay-opacity":"","overlay-gradient":""},"tablet":{"background-color":"var(--ast-global-color-5)","background-image":"","background-repeat":"repeat","background-position":"center center","background-size":"auto","background-attachment":"scroll","background-type":"","background-media":"","overlay-type":"","overlay-color":"","overlay-opacity":"","overlay-gradient":""},"mobile":{"background-color":"var(--ast-global-color-5)","background-image":"","background-repeat":"repeat","background-position":"center center","background-size":"auto","background-attachment":"scroll","background-type":"","background-media":"","overlay-type":"","overlay-color":"","overlay-opacity":"","overlay-gradient":""}},"footnotes":""},"class_list":["post-19928","page","type-page","status-publish","hentry"],"acf":[],"yoast_head":"<!-- This site is optimized with the Yoast SEO plugin v27.3 - https:\/\/yoast.com\/product\/yoast-seo-wordpress\/ -->\n<title>Warunki wysy\u0142ki i dostawy urz\u0105dzenia EMDR REMSTIM 3000<\/title>\n<meta name=\"description\" content=\"Twoje zam\u00f3wienie zostanie przetworzone natychmiast i dostarczone do Ciebie paczk\u0105 DHL tak szybko, jak to mo\u017cliwe po dokonaniu p\u0142atno\u015bci.\" \/>\n<meta name=\"robots\" content=\"index, follow, max-snippet:-1, max-image-preview:large, max-video-preview:-1\" \/>\n<link rel=\"canonical\" href=\"https:\/\/remstim.com\/pl\/remstim-3000\/warunki-wysylki-i-dostawy\/\" \/>\n<meta property=\"og:locale\" content=\"pl_PL\" \/>\n<meta property=\"og:type\" content=\"article\" \/>\n<meta property=\"og:title\" content=\"Warunki wysy\u0142ki i dostawy urz\u0105dzenia EMDR REMSTIM 3000\" \/>\n<meta property=\"og:description\" content=\"Twoje zam\u00f3wienie zostanie przetworzone natychmiast i dostarczone do Ciebie paczk\u0105 DHL tak szybko, jak to mo\u017cliwe po dokonaniu p\u0142atno\u015bci.\" \/>\n<meta property=\"og:url\" content=\"https:\/\/remstim.com\/pl\/remstim-3000\/warunki-wysylki-i-dostawy\/\" \/>\n<meta property=\"og:site_name\" content=\"EMDR Ger\u00e4t REMSTIM 3000 gegen Stress\" \/>\n<meta property=\"article:modified_time\" content=\"2023-11-06T19:15:54+00:00\" \/>\n<meta property=\"og:image\" content=\"https:\/\/remstim.com\/wp-content\/uploads\/2023\/09\/R3-im-Koffer_white-300x250.jpg\" \/>\n<meta name=\"twitter:label1\" content=\"Szacowany czas czytania\" \/>\n\t<meta name=\"twitter:data1\" content=\"2 minuty\" \/>\n<script type=\"application\/ld+json\" class=\"yoast-schema-graph\">{\"@context\":\"https:\\\/\\\/schema.org\",\"@graph\":[{\"@type\":\"WebPage\",\"@id\":\"https:\\\/\\\/remstim.com\\\/pl\\\/remstim-3000\\\/warunki-wysylki-i-dostawy\\\/\",\"url\":\"https:\\\/\\\/remstim.com\\\/pl\\\/remstim-3000\\\/warunki-wysylki-i-dostawy\\\/\",\"name\":\"Warunki wysy\u0142ki i dostawy urz\u0105dzenia EMDR REMSTIM 3000\",\"isPartOf\":{\"@id\":\"https:\\\/\\\/remstim.com\\\/pl\\\/#website\"},\"primaryImageOfPage\":{\"@id\":\"https:\\\/\\\/remstim.com\\\/pl\\\/remstim-3000\\\/warunki-wysylki-i-dostawy\\\/#primaryimage\"},\"image\":{\"@id\":\"https:\\\/\\\/remstim.com\\\/pl\\\/remstim-3000\\\/warunki-wysylki-i-dostawy\\\/#primaryimage\"},\"thumbnailUrl\":\"https:\\\/\\\/remstim.com\\\/wp-content\\\/uploads\\\/2023\\\/09\\\/R3-im-Koffer_white-300x250.jpg\",\"datePublished\":\"2011-02-16T12:12:40+00:00\",\"dateModified\":\"2023-11-06T19:15:54+00:00\",\"description\":\"Twoje zam\u00f3wienie zostanie przetworzone natychmiast i dostarczone do Ciebie paczk\u0105 DHL tak szybko, jak to mo\u017cliwe po dokonaniu p\u0142atno\u015bci.\",\"breadcrumb\":{\"@id\":\"https:\\\/\\\/remstim.com\\\/pl\\\/remstim-3000\\\/warunki-wysylki-i-dostawy\\\/#breadcrumb\"},\"inLanguage\":\"pl-PL\",\"potentialAction\":[{\"@type\":\"ReadAction\",\"target\":[\"https:\\\/\\\/remstim.com\\\/pl\\\/remstim-3000\\\/warunki-wysylki-i-dostawy\\\/\"]}]},{\"@type\":\"ImageObject\",\"inLanguage\":\"pl-PL\",\"@id\":\"https:\\\/\\\/remstim.com\\\/pl\\\/remstim-3000\\\/warunki-wysylki-i-dostawy\\\/#primaryimage\",\"url\":\"https:\\\/\\\/remstim.com\\\/wp-content\\\/uploads\\\/2023\\\/09\\\/R3-im-Koffer_white-300x250.jpg\",\"contentUrl\":\"https:\\\/\\\/remstim.com\\\/wp-content\\\/uploads\\\/2023\\\/09\\\/R3-im-Koffer_white-300x250.jpg\"},{\"@type\":\"BreadcrumbList\",\"@id\":\"https:\\\/\\\/remstim.com\\\/pl\\\/remstim-3000\\\/warunki-wysylki-i-dostawy\\\/#breadcrumb\",\"itemListElement\":[{\"@type\":\"ListItem\",\"position\":1,\"name\":\"Startseite\",\"item\":\"https:\\\/\\\/remstim.com\\\/pl\\\/\"},{\"@type\":\"ListItem\",\"position\":2,\"name\":\"Gogle EMDR REMSTIM 3000\",\"item\":\"https:\\\/\\\/remstim.com\\\/pl\\\/remstim-3000\\\/\"},{\"@type\":\"ListItem\",\"position\":3,\"name\":\"Warunki wysy\u0142ki i dostawy\"}]},{\"@type\":\"WebSite\",\"@id\":\"https:\\\/\\\/remstim.com\\\/pl\\\/#website\",\"url\":\"https:\\\/\\\/remstim.com\\\/pl\\\/\",\"name\":\"EMDR Ger\u00e4t REMSTIM 3000 gegen Stress\",\"description\":\"Wie wir schnell Entspannung finden.\",\"publisher\":{\"@id\":\"https:\\\/\\\/remstim.com\\\/pl\\\/#organization\"},\"potentialAction\":[{\"@type\":\"SearchAction\",\"target\":{\"@type\":\"EntryPoint\",\"urlTemplate\":\"https:\\\/\\\/remstim.com\\\/pl\\\/?s={search_term_string}\"},\"query-input\":{\"@type\":\"PropertyValueSpecification\",\"valueRequired\":true,\"valueName\":\"search_term_string\"}}],\"inLanguage\":\"pl-PL\"},{\"@type\":\"Organization\",\"@id\":\"https:\\\/\\\/remstim.com\\\/pl\\\/#organization\",\"name\":\"EMDR Ger\u00e4t REMSTIM 3000 gegen Stress\",\"url\":\"https:\\\/\\\/remstim.com\\\/pl\\\/\",\"logo\":{\"@type\":\"ImageObject\",\"inLanguage\":\"pl-PL\",\"@id\":\"https:\\\/\\\/remstim.com\\\/pl\\\/#\\\/schema\\\/logo\\\/image\\\/\",\"url\":\"https:\\\/\\\/remstim.com\\\/wp-content\\\/uploads\\\/2012\\\/06\\\/REMSTIM-Logo-mit-Untertitel_orange-e1340382850185.png\",\"contentUrl\":\"https:\\\/\\\/remstim.com\\\/wp-content\\\/uploads\\\/2012\\\/06\\\/REMSTIM-Logo-mit-Untertitel_orange-e1340382850185.png\",\"width\":304,\"height\":80,\"caption\":\"EMDR Ger\u00e4t REMSTIM 3000 gegen Stress\"},\"image\":{\"@id\":\"https:\\\/\\\/remstim.com\\\/pl\\\/#\\\/schema\\\/logo\\\/image\\\/\"}}]}<\/script>\n<!-- \/ Yoast SEO plugin. -->","yoast_head_json":{"title":"Warunki wysy\u0142ki i dostawy urz\u0105dzenia EMDR REMSTIM 3000","description":"Twoje zam\u00f3wienie zostanie przetworzone natychmiast i dostarczone do Ciebie paczk\u0105 DHL tak szybko, jak to mo\u017cliwe po dokonaniu p\u0142atno\u015bci.","robots":{"index":"index","follow":"follow","max-snippet":"max-snippet:-1","max-image-preview":"max-image-preview:large","max-video-preview":"max-video-preview:-1"},"canonical":"https:\/\/remstim.com\/pl\/remstim-3000\/warunki-wysylki-i-dostawy\/","og_locale":"pl_PL","og_type":"article","og_title":"Warunki wysy\u0142ki i dostawy urz\u0105dzenia EMDR REMSTIM 3000","og_description":"Twoje zam\u00f3wienie zostanie przetworzone natychmiast i dostarczone do Ciebie paczk\u0105 DHL tak szybko, jak to mo\u017cliwe po dokonaniu p\u0142atno\u015bci.","og_url":"https:\/\/remstim.com\/pl\/remstim-3000\/warunki-wysylki-i-dostawy\/","og_site_name":"EMDR Ger\u00e4t REMSTIM 3000 gegen Stress","article_modified_time":"2023-11-06T19:15:54+00:00","og_image":[{"url":"https:\/\/remstim.com\/wp-content\/uploads\/2023\/09\/R3-im-Koffer_white-300x250.jpg","type":"","width":"","height":""}],"twitter_misc":{"Szacowany czas czytania":"2 minuty"},"schema":{"@context":"https:\/\/schema.org","@graph":[{"@type":"WebPage","@id":"https:\/\/remstim.com\/pl\/remstim-3000\/warunki-wysylki-i-dostawy\/","url":"https:\/\/remstim.com\/pl\/remstim-3000\/warunki-wysylki-i-dostawy\/","name":"Warunki wysy\u0142ki i dostawy urz\u0105dzenia EMDR REMSTIM 3000","isPartOf":{"@id":"https:\/\/remstim.com\/pl\/#website"},"primaryImageOfPage":{"@id":"https:\/\/remstim.com\/pl\/remstim-3000\/warunki-wysylki-i-dostawy\/#primaryimage"},"image":{"@id":"https:\/\/remstim.com\/pl\/remstim-3000\/warunki-wysylki-i-dostawy\/#primaryimage"},"thumbnailUrl":"https:\/\/remstim.com\/wp-content\/uploads\/2023\/09\/R3-im-Koffer_white-300x250.jpg","datePublished":"2011-02-16T12:12:40+00:00","dateModified":"2023-11-06T19:15:54+00:00","description":"Twoje zam\u00f3wienie zostanie przetworzone natychmiast i dostarczone do Ciebie paczk\u0105 DHL tak szybko, jak to mo\u017cliwe po dokonaniu p\u0142atno\u015bci.","breadcrumb":{"@id":"https:\/\/remstim.com\/pl\/remstim-3000\/warunki-wysylki-i-dostawy\/#breadcrumb"},"inLanguage":"pl-PL","potentialAction":[{"@type":"ReadAction","target":["https:\/\/remstim.com\/pl\/remstim-3000\/warunki-wysylki-i-dostawy\/"]}]},{"@type":"ImageObject","inLanguage":"pl-PL","@id":"https:\/\/remstim.com\/pl\/remstim-3000\/warunki-wysylki-i-dostawy\/#primaryimage","url":"https:\/\/remstim.com\/wp-content\/uploads\/2023\/09\/R3-im-Koffer_white-300x250.jpg","contentUrl":"https:\/\/remstim.com\/wp-content\/uploads\/2023\/09\/R3-im-Koffer_white-300x250.jpg"},{"@type":"BreadcrumbList","@id":"https:\/\/remstim.com\/pl\/remstim-3000\/warunki-wysylki-i-dostawy\/#breadcrumb","itemListElement":[{"@type":"ListItem","position":1,"name":"Startseite","item":"https:\/\/remstim.com\/pl\/"},{"@type":"ListItem","position":2,"name":"Gogle EMDR REMSTIM 3000","item":"https:\/\/remstim.com\/pl\/remstim-3000\/"},{"@type":"ListItem","position":3,"name":"Warunki wysy\u0142ki i dostawy"}]},{"@type":"WebSite","@id":"https:\/\/remstim.com\/pl\/#website","url":"https:\/\/remstim.com\/pl\/","name":"EMDR Ger\u00e4t REMSTIM 3000 gegen Stress","description":"Wie wir schnell Entspannung finden.","publisher":{"@id":"https:\/\/remstim.com\/pl\/#organization"},"potentialAction":[{"@type":"SearchAction","target":{"@type":"EntryPoint","urlTemplate":"https:\/\/remstim.com\/pl\/?s={search_term_string}"},"query-input":{"@type":"PropertyValueSpecification","valueRequired":true,"valueName":"search_term_string"}}],"inLanguage":"pl-PL"},{"@type":"Organization","@id":"https:\/\/remstim.com\/pl\/#organization","name":"EMDR Ger\u00e4t REMSTIM 3000 gegen Stress","url":"https:\/\/remstim.com\/pl\/","logo":{"@type":"ImageObject","inLanguage":"pl-PL","@id":"https:\/\/remstim.com\/pl\/#\/schema\/logo\/image\/","url":"https:\/\/remstim.com\/wp-content\/uploads\/2012\/06\/REMSTIM-Logo-mit-Untertitel_orange-e1340382850185.png","contentUrl":"https:\/\/remstim.com\/wp-content\/uploads\/2012\/06\/REMSTIM-Logo-mit-Untertitel_orange-e1340382850185.png","width":304,"height":80,"caption":"EMDR Ger\u00e4t REMSTIM 3000 gegen Stress"},"image":{"@id":"https:\/\/remstim.com\/pl\/#\/schema\/logo\/image\/"}}]}},"_links":{"self":[{"href":"https:\/\/remstim.com\/pl\/wp-json\/wp\/v2\/pages\/19928","targetHints":{"allow":["GET"]}}],"collection":[{"href":"https:\/\/remstim.com\/pl\/wp-json\/wp\/v2\/pages"}],"about":[{"href":"https:\/\/remstim.com\/pl\/wp-json\/wp\/v2\/types\/page"}],"author":[{"embeddable":true,"href":"https:\/\/remstim.com\/pl\/wp-json\/wp\/v2\/users\/1"}],"replies":[{"embeddable":true,"href":"https:\/\/remstim.com\/pl\/wp-json\/wp\/v2\/comments?post=19928"}],"version-history":[{"count":2,"href":"https:\/\/remstim.com\/pl\/wp-json\/wp\/v2\/pages\/19928\/revisions"}],"predecessor-version":[{"id":25787,"href":"https:\/\/remstim.com\/pl\/wp-json\/wp\/v2\/pages\/19928\/revisions\/25787"}],"up":[{"embeddable":true,"href":"https:\/\/remstim.com\/pl\/wp-json\/wp\/v2\/pages\/19929"}],"wp:attachment":[{"href":"https:\/\/remstim.com\/pl\/wp-json\/wp\/v2\/media?parent=19928"}],"curies":[{"name":"wp","href":"https:\/\/api.w.org\/{rel}","templated":true}]}}