{"id":19938,"date":"2011-05-02T07:28:25","date_gmt":"2011-05-02T07:28:25","guid":{"rendered":"https:\/\/remstim.de\/obszary-zastosowania-emdr-w-coachingu\/radzenie-sobie-ze-zmartwieniami-i-smutkiem\/"},"modified":"2023-09-15T06:59:23","modified_gmt":"2023-09-15T06:59:23","slug":"radzenie-sobie-ze-zmartwieniami-i-smutkiem","status":"publish","type":"page","link":"https:\/\/remstim.com\/pl\/obszary-zastosowania-emdr-w-coachingu\/radzenie-sobie-ze-zmartwieniami-i-smutkiem\/","title":{"rendered":"Radzenie sobie ze zmartwieniami i smutkiem"},"content":{"rendered":"<h1>Przezwyci\u0119\u017canie zmartwie\u0144 i smutku w autocoachingu z EMDR<\/h1>\n<p style=\"text-align: justify;\">Ci, kt\u00f3rzy postrzegaj\u0105 swoje otoczenie z dalekowzrocznym wsp\u00f3\u0142czuciem, a jednocze\u015bnie przewiduj\u0105 trudno\u015bci, s\u0105 w stanie niepokoju. Jego uczucia, my\u015bli i dzia\u0142ania charakteryzuj\u0105 si\u0119 podejrzliwo\u015bci\u0105. Obawy s\u0105 czasem bardziej, a czasem mniej konkretne. Jak to cz\u0119sto bywa, subiektywna interpretacja otoczenia odgrywa decyduj\u0105c\u0105 rol\u0119 w samym zmartwieniu. Nie boimy si\u0119 samych rzeczy, ale idei ich istnienia.<\/p>\n<p style=\"text-align: justify;\">Indywidualna uwaga skupia si\u0119 na obawach i mo\u017cliwych negatywnych konsekwencjach.<\/p>\n<p style=\"text-align: justify;\">Wraz z rosn\u0105cym niepokojem, zdolno\u015b\u0107 do relaksu jest wyra\u017anie tracona. Niepok\u00f3j charakteryzuje stan psychiczny i emocjonalny osoby martwi\u0105cej si\u0119. Niebezpiecze\u0144stwo uog\u00f3lnienia wzrasta. Troski s\u0105 nast\u0119pnie przenoszone na inne sytuacje.<\/p>\n<p style=\"text-align: justify;\">Najp\u00f3\u017aniej teraz wa\u017cne jest, aby powstrzyma\u0107 rosn\u0105c\u0105 fal\u0119 negatywnych my\u015bli i uczu\u0107.<\/p>\n<p style=\"text-align: justify;\">Z pomoc\u0105 <a href=\"https:\/\/remstim.com\/pl\/podstawy-korzystania-z-emdr-w-coachingu-z-remstim-3000\/stymulacja-szybkich-ruchow-galek-ocznych\/\">stymulacji szybkich ruch\u00f3w<\/a> ga\u0142ek ocznych &#8211; interwencji EMDR &#8211; i <a href=\"https:\/\/remstim.com\/pl\/remstim-3000\/\">REMSTIM<\/a> 3000, \u0142a\u0144cuchy my\u015bli, kt\u00f3re s\u0105 postrzegane jako zagra\u017caj\u0105ce, mog\u0105 zosta\u0107 przerwane w wielu przypadkach.<\/p>\n<p style=\"text-align: justify;\">Nowe poczucie rzeczywisto\u015bci mo\u017ce znale\u017a\u0107 drog\u0119 powrotn\u0105 do w\u0142asnego \u015bwiata my\u015bli, niezale\u017cnie od tego, czy jest to troska o w\u0142asn\u0105 sytuacj\u0119 finansow\u0105, ponura prognoza trze\u017awej przysz\u0142o\u015bci, czy rozproszone &#8220;z\u0142e&#8221; przeczucie.<\/p>\n<p style=\"text-align: justify;\">Indywidualny stan emocjonalny cz\u0119sto ulega widocznej poprawie po zatrzymaniu w\u0142asnych oczekiwa\u0144, kt\u00f3re tworz\u0105 ponur\u0105 przysz\u0142o\u015b\u0107.<\/p>\n<hr class=\"divider-html\" style=\"border-top: 1px solid #bbb;\">\n<p>&nbsp;<\/p>\n<h2>Wi\u0119cej informacji o EMDR<\/h2>\n<p>&nbsp;<\/p>\n\t\t<div data-elementor-type=\"section\" data-elementor-id=\"20409\" class=\"elementor elementor-20409 elementor-9347\" data-elementor-post-type=\"elementor_library\">\n\t\t\t\t\t<section class=\"elementor-section elementor-top-section elementor-element elementor-element-619a94b elementor-section-full_width elementor-section-height-default elementor-section-height-default\" data-id=\"619a94b\" data-element_type=\"section\" data-e-type=\"section\">\n\t\t\t\t\t\t<div class=\"elementor-container elementor-column-gap-no\">\n\t\t\t\t\t<div class=\"elementor-column elementor-col-100 elementor-top-column elementor-element elementor-element-dd78573\" data-id=\"dd78573\" data-element_type=\"column\" data-e-type=\"column\">\n\t\t\t<div class=\"elementor-widget-wrap elementor-element-populated\">\n\t\t\t\t\t\t<section class=\"elementor-section elementor-inner-section elementor-element elementor-element-0209641 elementor-section-full_width elementor-section-height-default elementor-section-height-default\" data-id=\"0209641\" data-element_type=\"section\" data-e-type=\"section\">\n\t\t\t\t\t\t<div class=\"elementor-container elementor-column-gap-default\">\n\t\t\t\t\t<div class=\"elementor-column elementor-col-100 elementor-inner-column elementor-element elementor-element-38da17f\" data-id=\"38da17f\" data-element_type=\"column\" data-e-type=\"column\">\n\t\t\t<div class=\"elementor-widget-wrap elementor-element-populated\">\n\t\t\t\t\t\t\t<\/div>\n\t\t<\/div>\n\t\t\t\t\t<\/div>\n\t\t<\/section>\n\t\t\t\t\t<\/div>\n\t\t<\/div>\n\t\t\t\t\t<\/div>\n\t\t<\/section>\n\t\t\t\t<\/div>\n\t\t\n","protected":false},"excerpt":{"rendered":"<p>Przezwyci\u0119\u017canie zmartwie\u0144 i smutku w autocoachingu z EMDR Ci, kt\u00f3rzy postrzegaj\u0105 swoje otoczenie z dalekowzrocznym wsp\u00f3\u0142czuciem, a jednocze\u015bnie przewiduj\u0105 trudno\u015bci, s\u0105 w stanie niepokoju. Jego uczucia, my\u015bli i dzia\u0142ania charakteryzuj\u0105 si\u0119 podejrzliwo\u015bci\u0105. Obawy s\u0105 czasem bardziej, a czasem mniej konkretne. Jak to cz\u0119sto bywa, subiektywna interpretacja otoczenia odgrywa decyduj\u0105c\u0105 rol\u0119 w samym zmartwieniu. Nie boimy [&hellip;]<\/p>\n","protected":false},"author":1,"featured_media":0,"parent":19927,"menu_order":3,"comment_status":"closed","ping_status":"closed","template":"","meta":{"_acf_changed":false,"site-sidebar-layout":"default","site-content-layout":"default","ast-site-content-layout":"default","site-content-style":"default","site-sidebar-style":"default","ast-global-header-display":"","ast-banner-title-visibility":"","ast-main-header-display":"","ast-hfb-above-header-display":"","ast-hfb-below-header-display":"","ast-hfb-mobile-header-display":"","site-post-title":"","ast-breadcrumbs-content":"","ast-featured-img":"","footer-sml-layout":"","ast-disable-related-posts":"","theme-transparent-header-meta":"default","adv-header-id-meta":"","stick-header-meta":"default","header-above-stick-meta":"","header-main-stick-meta":"","header-below-stick-meta":"","astra-migrate-meta-layouts":"default","ast-page-background-enabled":"default","ast-page-background-meta":{"desktop":{"background-color":"var(--ast-global-color-4)","background-image":"","background-repeat":"repeat","background-position":"center center","background-size":"auto","background-attachment":"scroll","background-type":"","background-media":"","overlay-type":"","overlay-color":"","overlay-opacity":"","overlay-gradient":""},"tablet":{"background-color":"","background-image":"","background-repeat":"repeat","background-position":"center center","background-size":"auto","background-attachment":"scroll","background-type":"","background-media":"","overlay-type":"","overlay-color":"","overlay-opacity":"","overlay-gradient":""},"mobile":{"background-color":"","background-image":"","background-repeat":"repeat","background-position":"center center","background-size":"auto","background-attachment":"scroll","background-type":"","background-media":"","overlay-type":"","overlay-color":"","overlay-opacity":"","overlay-gradient":""}},"ast-content-background-meta":{"desktop":{"background-color":"var(--ast-global-color-5)","background-image":"","background-repeat":"repeat","background-position":"center center","background-size":"auto","background-attachment":"scroll","background-type":"","background-media":"","overlay-type":"","overlay-color":"","overlay-opacity":"","overlay-gradient":""},"tablet":{"background-color":"var(--ast-global-color-5)","background-image":"","background-repeat":"repeat","background-position":"center center","background-size":"auto","background-attachment":"scroll","background-type":"","background-media":"","overlay-type":"","overlay-color":"","overlay-opacity":"","overlay-gradient":""},"mobile":{"background-color":"var(--ast-global-color-5)","background-image":"","background-repeat":"repeat","background-position":"center center","background-size":"auto","background-attachment":"scroll","background-type":"","background-media":"","overlay-type":"","overlay-color":"","overlay-opacity":"","overlay-gradient":""}},"footnotes":""},"class_list":["post-19938","page","type-page","status-publish","hentry"],"acf":[],"yoast_head":"<!-- This site is optimized with the Yoast SEO plugin v27.3 - https:\/\/yoast.com\/product\/yoast-seo-wordpress\/ -->\n<title>Radzenie sobie ze zmartwieniami i smutkiem - EMDR Ger\u00e4t REMSTIM 3000 gegen Stress<\/title>\n<meta name=\"robots\" content=\"index, follow, max-snippet:-1, max-image-preview:large, max-video-preview:-1\" \/>\n<link rel=\"canonical\" href=\"https:\/\/remstim.com\/pl\/obszary-zastosowania-emdr-w-coachingu\/radzenie-sobie-ze-zmartwieniami-i-smutkiem\/\" \/>\n<meta property=\"og:locale\" content=\"pl_PL\" \/>\n<meta property=\"og:type\" content=\"article\" \/>\n<meta property=\"og:title\" content=\"Radzenie sobie ze zmartwieniami i smutkiem - EMDR Ger\u00e4t REMSTIM 3000 gegen Stress\" \/>\n<meta property=\"og:description\" content=\"Przezwyci\u0119\u017canie zmartwie\u0144 i smutku w autocoachingu z EMDR Ci, kt\u00f3rzy postrzegaj\u0105 swoje otoczenie z dalekowzrocznym wsp\u00f3\u0142czuciem, a jednocze\u015bnie przewiduj\u0105 trudno\u015bci, s\u0105 w stanie niepokoju. Jego uczucia, my\u015bli i dzia\u0142ania charakteryzuj\u0105 si\u0119 podejrzliwo\u015bci\u0105. Obawy s\u0105 czasem bardziej, a czasem mniej konkretne. Jak to cz\u0119sto bywa, subiektywna interpretacja otoczenia odgrywa decyduj\u0105c\u0105 rol\u0119 w samym zmartwieniu. Nie boimy [&hellip;]\" \/>\n<meta property=\"og:url\" content=\"https:\/\/remstim.com\/pl\/obszary-zastosowania-emdr-w-coachingu\/radzenie-sobie-ze-zmartwieniami-i-smutkiem\/\" \/>\n<meta property=\"og:site_name\" content=\"EMDR Ger\u00e4t REMSTIM 3000 gegen Stress\" \/>\n<meta property=\"article:modified_time\" content=\"2023-09-15T06:59:23+00:00\" \/>\n<meta name=\"twitter:label1\" content=\"Szacowany czas czytania\" \/>\n\t<meta name=\"twitter:data1\" content=\"2 minuty\" \/>\n<script type=\"application\/ld+json\" class=\"yoast-schema-graph\">{\"@context\":\"https:\\\/\\\/schema.org\",\"@graph\":[{\"@type\":\"WebPage\",\"@id\":\"https:\\\/\\\/remstim.com\\\/pl\\\/obszary-zastosowania-emdr-w-coachingu\\\/radzenie-sobie-ze-zmartwieniami-i-smutkiem\\\/\",\"url\":\"https:\\\/\\\/remstim.com\\\/pl\\\/obszary-zastosowania-emdr-w-coachingu\\\/radzenie-sobie-ze-zmartwieniami-i-smutkiem\\\/\",\"name\":\"Radzenie sobie ze zmartwieniami i smutkiem - EMDR Ger\u00e4t REMSTIM 3000 gegen Stress\",\"isPartOf\":{\"@id\":\"https:\\\/\\\/remstim.com\\\/pl\\\/#website\"},\"datePublished\":\"2011-05-02T07:28:25+00:00\",\"dateModified\":\"2023-09-15T06:59:23+00:00\",\"breadcrumb\":{\"@id\":\"https:\\\/\\\/remstim.com\\\/pl\\\/obszary-zastosowania-emdr-w-coachingu\\\/radzenie-sobie-ze-zmartwieniami-i-smutkiem\\\/#breadcrumb\"},\"inLanguage\":\"pl-PL\",\"potentialAction\":[{\"@type\":\"ReadAction\",\"target\":[\"https:\\\/\\\/remstim.com\\\/pl\\\/obszary-zastosowania-emdr-w-coachingu\\\/radzenie-sobie-ze-zmartwieniami-i-smutkiem\\\/\"]}]},{\"@type\":\"BreadcrumbList\",\"@id\":\"https:\\\/\\\/remstim.com\\\/pl\\\/obszary-zastosowania-emdr-w-coachingu\\\/radzenie-sobie-ze-zmartwieniami-i-smutkiem\\\/#breadcrumb\",\"itemListElement\":[{\"@type\":\"ListItem\",\"position\":1,\"name\":\"Startseite\",\"item\":\"https:\\\/\\\/remstim.com\\\/pl\\\/\"},{\"@type\":\"ListItem\",\"position\":2,\"name\":\"Obszary zastosowania EMDR w coachingu\",\"item\":\"https:\\\/\\\/remstim.com\\\/pl\\\/obszary-zastosowania-emdr-w-coachingu\\\/\"},{\"@type\":\"ListItem\",\"position\":3,\"name\":\"Radzenie sobie ze zmartwieniami i smutkiem\"}]},{\"@type\":\"WebSite\",\"@id\":\"https:\\\/\\\/remstim.com\\\/pl\\\/#website\",\"url\":\"https:\\\/\\\/remstim.com\\\/pl\\\/\",\"name\":\"EMDR Ger\u00e4t REMSTIM 3000 gegen Stress\",\"description\":\"Wie wir schnell Entspannung finden.\",\"publisher\":{\"@id\":\"https:\\\/\\\/remstim.com\\\/pl\\\/#organization\"},\"potentialAction\":[{\"@type\":\"SearchAction\",\"target\":{\"@type\":\"EntryPoint\",\"urlTemplate\":\"https:\\\/\\\/remstim.com\\\/pl\\\/?s={search_term_string}\"},\"query-input\":{\"@type\":\"PropertyValueSpecification\",\"valueRequired\":true,\"valueName\":\"search_term_string\"}}],\"inLanguage\":\"pl-PL\"},{\"@type\":\"Organization\",\"@id\":\"https:\\\/\\\/remstim.com\\\/pl\\\/#organization\",\"name\":\"EMDR Ger\u00e4t REMSTIM 3000 gegen Stress\",\"url\":\"https:\\\/\\\/remstim.com\\\/pl\\\/\",\"logo\":{\"@type\":\"ImageObject\",\"inLanguage\":\"pl-PL\",\"@id\":\"https:\\\/\\\/remstim.com\\\/pl\\\/#\\\/schema\\\/logo\\\/image\\\/\",\"url\":\"https:\\\/\\\/remstim.com\\\/wp-content\\\/uploads\\\/2012\\\/06\\\/REMSTIM-Logo-mit-Untertitel_orange-e1340382850185.png\",\"contentUrl\":\"https:\\\/\\\/remstim.com\\\/wp-content\\\/uploads\\\/2012\\\/06\\\/REMSTIM-Logo-mit-Untertitel_orange-e1340382850185.png\",\"width\":304,\"height\":80,\"caption\":\"EMDR Ger\u00e4t REMSTIM 3000 gegen Stress\"},\"image\":{\"@id\":\"https:\\\/\\\/remstim.com\\\/pl\\\/#\\\/schema\\\/logo\\\/image\\\/\"}}]}<\/script>\n<!-- \/ Yoast SEO plugin. -->","yoast_head_json":{"title":"Radzenie sobie ze zmartwieniami i smutkiem - EMDR Ger\u00e4t REMSTIM 3000 gegen Stress","robots":{"index":"index","follow":"follow","max-snippet":"max-snippet:-1","max-image-preview":"max-image-preview:large","max-video-preview":"max-video-preview:-1"},"canonical":"https:\/\/remstim.com\/pl\/obszary-zastosowania-emdr-w-coachingu\/radzenie-sobie-ze-zmartwieniami-i-smutkiem\/","og_locale":"pl_PL","og_type":"article","og_title":"Radzenie sobie ze zmartwieniami i smutkiem - EMDR Ger\u00e4t REMSTIM 3000 gegen Stress","og_description":"Przezwyci\u0119\u017canie zmartwie\u0144 i smutku w autocoachingu z EMDR Ci, kt\u00f3rzy postrzegaj\u0105 swoje otoczenie z dalekowzrocznym wsp\u00f3\u0142czuciem, a jednocze\u015bnie przewiduj\u0105 trudno\u015bci, s\u0105 w stanie niepokoju. Jego uczucia, my\u015bli i dzia\u0142ania charakteryzuj\u0105 si\u0119 podejrzliwo\u015bci\u0105. Obawy s\u0105 czasem bardziej, a czasem mniej konkretne. Jak to cz\u0119sto bywa, subiektywna interpretacja otoczenia odgrywa decyduj\u0105c\u0105 rol\u0119 w samym zmartwieniu. Nie boimy [&hellip;]","og_url":"https:\/\/remstim.com\/pl\/obszary-zastosowania-emdr-w-coachingu\/radzenie-sobie-ze-zmartwieniami-i-smutkiem\/","og_site_name":"EMDR Ger\u00e4t REMSTIM 3000 gegen Stress","article_modified_time":"2023-09-15T06:59:23+00:00","twitter_misc":{"Szacowany czas czytania":"2 minuty"},"schema":{"@context":"https:\/\/schema.org","@graph":[{"@type":"WebPage","@id":"https:\/\/remstim.com\/pl\/obszary-zastosowania-emdr-w-coachingu\/radzenie-sobie-ze-zmartwieniami-i-smutkiem\/","url":"https:\/\/remstim.com\/pl\/obszary-zastosowania-emdr-w-coachingu\/radzenie-sobie-ze-zmartwieniami-i-smutkiem\/","name":"Radzenie sobie ze zmartwieniami i smutkiem - EMDR Ger\u00e4t REMSTIM 3000 gegen Stress","isPartOf":{"@id":"https:\/\/remstim.com\/pl\/#website"},"datePublished":"2011-05-02T07:28:25+00:00","dateModified":"2023-09-15T06:59:23+00:00","breadcrumb":{"@id":"https:\/\/remstim.com\/pl\/obszary-zastosowania-emdr-w-coachingu\/radzenie-sobie-ze-zmartwieniami-i-smutkiem\/#breadcrumb"},"inLanguage":"pl-PL","potentialAction":[{"@type":"ReadAction","target":["https:\/\/remstim.com\/pl\/obszary-zastosowania-emdr-w-coachingu\/radzenie-sobie-ze-zmartwieniami-i-smutkiem\/"]}]},{"@type":"BreadcrumbList","@id":"https:\/\/remstim.com\/pl\/obszary-zastosowania-emdr-w-coachingu\/radzenie-sobie-ze-zmartwieniami-i-smutkiem\/#breadcrumb","itemListElement":[{"@type":"ListItem","position":1,"name":"Startseite","item":"https:\/\/remstim.com\/pl\/"},{"@type":"ListItem","position":2,"name":"Obszary zastosowania EMDR w coachingu","item":"https:\/\/remstim.com\/pl\/obszary-zastosowania-emdr-w-coachingu\/"},{"@type":"ListItem","position":3,"name":"Radzenie sobie ze zmartwieniami i smutkiem"}]},{"@type":"WebSite","@id":"https:\/\/remstim.com\/pl\/#website","url":"https:\/\/remstim.com\/pl\/","name":"EMDR Ger\u00e4t REMSTIM 3000 gegen Stress","description":"Wie wir schnell Entspannung finden.","publisher":{"@id":"https:\/\/remstim.com\/pl\/#organization"},"potentialAction":[{"@type":"SearchAction","target":{"@type":"EntryPoint","urlTemplate":"https:\/\/remstim.com\/pl\/?s={search_term_string}"},"query-input":{"@type":"PropertyValueSpecification","valueRequired":true,"valueName":"search_term_string"}}],"inLanguage":"pl-PL"},{"@type":"Organization","@id":"https:\/\/remstim.com\/pl\/#organization","name":"EMDR Ger\u00e4t REMSTIM 3000 gegen Stress","url":"https:\/\/remstim.com\/pl\/","logo":{"@type":"ImageObject","inLanguage":"pl-PL","@id":"https:\/\/remstim.com\/pl\/#\/schema\/logo\/image\/","url":"https:\/\/remstim.com\/wp-content\/uploads\/2012\/06\/REMSTIM-Logo-mit-Untertitel_orange-e1340382850185.png","contentUrl":"https:\/\/remstim.com\/wp-content\/uploads\/2012\/06\/REMSTIM-Logo-mit-Untertitel_orange-e1340382850185.png","width":304,"height":80,"caption":"EMDR Ger\u00e4t REMSTIM 3000 gegen Stress"},"image":{"@id":"https:\/\/remstim.com\/pl\/#\/schema\/logo\/image\/"}}]}},"_links":{"self":[{"href":"https:\/\/remstim.com\/pl\/wp-json\/wp\/v2\/pages\/19938","targetHints":{"allow":["GET"]}}],"collection":[{"href":"https:\/\/remstim.com\/pl\/wp-json\/wp\/v2\/pages"}],"about":[{"href":"https:\/\/remstim.com\/pl\/wp-json\/wp\/v2\/types\/page"}],"author":[{"embeddable":true,"href":"https:\/\/remstim.com\/pl\/wp-json\/wp\/v2\/users\/1"}],"replies":[{"embeddable":true,"href":"https:\/\/remstim.com\/pl\/wp-json\/wp\/v2\/comments?post=19938"}],"version-history":[{"count":0,"href":"https:\/\/remstim.com\/pl\/wp-json\/wp\/v2\/pages\/19938\/revisions"}],"up":[{"embeddable":true,"href":"https:\/\/remstim.com\/pl\/wp-json\/wp\/v2\/pages\/19927"}],"wp:attachment":[{"href":"https:\/\/remstim.com\/pl\/wp-json\/wp\/v2\/media?parent=19938"}],"curies":[{"name":"wp","href":"https:\/\/api.w.org\/{rel}","templated":true}]}}