{"id":19939,"date":"2011-03-14T11:12:43","date_gmt":"2011-03-14T11:12:43","guid":{"rendered":"https:\/\/remstim.de\/podstawy-korzystania-z-emdr-w-coachingu-z-remstim-3000\/"},"modified":"2023-09-15T06:58:33","modified_gmt":"2023-09-15T06:58:33","slug":"podstawy-korzystania-z-emdr-w-coachingu-z-remstim-3000","status":"publish","type":"page","link":"https:\/\/remstim.com\/pl\/podstawy-korzystania-z-emdr-w-coachingu-z-remstim-3000\/","title":{"rendered":"Podstawy korzystania z EMDR w coachingu z REMSTIM 3000"},"content":{"rendered":"<p style=\"text-align: justify;\"><img fetchpriority=\"high\" decoding=\"async\" class=\"alignleft wp-image-718\" title=\"EMDR w coachingu z REMSTIM 3000\" src=\"https:\/\/remstim.com\/wp-content\/uploads\/2011\/03\/Nervenbahnen.jpg\" alt=\"EMDR w coachingu z REMSTIM 3000\" width=\"350\" height=\"219\" srcset=\"https:\/\/remstim.com\/wp-content\/uploads\/2011\/03\/Nervenbahnen.jpg 438w, https:\/\/remstim.com\/wp-content\/uploads\/2011\/03\/Nervenbahnen-300x187.jpg 300w\" sizes=\"(max-width: 350px) 100vw, 350px\" \/><a href=\"https:\/\/remstim.com\/pl\/podstawy-korzystania-z-emdr-w-coachingu-z-remstim-3000\/stymulacja-szybkich-ruchow-galek-ocznych\/\">Szybka stymulacja ruch\u00f3w<\/a> ga\u0142ek ocznych za pomoc\u0105 <a href=\"https:\/\/remstim.com\/pl\/remstim-3000\/\">REMSTIM<\/a> 3000 charakteryzuje si\u0119 tym, \u017ce zwykle prowadzi do szybkiego i \u0142atwego uspokojenia. Ani wiedza, ani umiej\u0119tno\u015bci nie s\u0105 konieczne do skutecznego zastosowania. Stymulacja szybkich ruch\u00f3w ga\u0142ek ocznych jest metod\u0105 interwencyjn\u0105 <a title=\"EMDR w self-coachingu\" href=\"https:\/\/remstim.com\/pl\/podstawy-korzystania-z-emdr-w-coachingu-z-remstim-3000\/wykorzystanie-emdr-w-autocoachingu-z-remstim-3000\/\">EMDR<\/a> i symuluje <a title=\"Rapid Eye Movement - \u015bledzenie snu REM\" href=\"https:\/\/remstim.com\/pl\/rapid-eye-movement-sledzenie-snu-rem\/\">sen REM<\/a> z typowymi <a title=\"Rapid Eye Movement - jak sen REM wp\u0142ywa na nasze samopoczucie?\" href=\"https:\/\/remstim.com\/pl\/rapid-eye-movement-jak-sen-rem-wplywa-na-nasze-samopoczucie\/\">szybkimi ruchami ga\u0142ek ocznych<\/a> podczas czuwania.<\/p>\n<p style=\"text-align: justify;\">Sama zmiana <a href=\"https:\/\/remstim.com\/pl\/podstawy-korzystania-z-emdr-w-coachingu-z-remstim-3000\/elastyczne-ruchy-galek-ocznych\/\">elastyczno\u015bci ruch\u00f3w g<\/a> a\u0142ek ocznych mo\u017ce cz\u0119sto dostarczy\u0107 widocznych informacji na temat poprawy osobistej kondycji emocjonalnej i psychicznej. Korzystne <a href=\"https:\/\/remstim.com\/pl\/podstawy-korzystania-z-emdr-w-coachingu-z-remstim-3000\/efekty-stymulacji-emdr\/\">efekty stymulacji<\/a> za pomoc\u0105 <a href=\"https:\/\/remstim.com\/pl\/remstim-3000\/\">REMSTIM<\/a> 3000 s\u0105 zwykle zauwa\u017calne w ci\u0105gu kilku minut.<\/p>\n<p style=\"text-align: justify;\"><strong>Self-coaching<\/strong> jeszcze nigdy nie by\u0142 tak prosty. <a href=\"https:\/\/remstim.com\/pl\/obszary-zastosowania-emdr-w-coachingu\/samodzielne-usuwanie-blokad-psychicznych-za-pomoca-emdr-i-remstim-3000\/\">Blokady psychiczne<\/a>, kt\u00f3re cz\u0119sto maj\u0105 wp\u0142yw na nasze samopoczucie, mo\u017cna skutecznie zredukowa\u0107, a cz\u0119sto nawet rozpu\u015bci\u0107 za pomoc\u0105 <a href=\"https:\/\/remstim.com\/pl\/podstawy-korzystania-z-emdr-w-coachingu-z-remstim-3000\/stymulacja-szybkich-ruchow-galek-ocznych\/\">stymulacji Rapid Eye Movement<\/a>.<\/p>\n\t\t<div data-elementor-type=\"section\" data-elementor-id=\"20399\" class=\"elementor elementor-20399 elementor-9381\" data-elementor-post-type=\"elementor_library\">\n\t\t\t\t\t<section class=\"elementor-section elementor-top-section elementor-element elementor-element-65ee76a4 elementor-section-full_width elementor-section-height-default elementor-section-height-default\" data-id=\"65ee76a4\" data-element_type=\"section\" data-e-type=\"section\">\n\t\t\t\t\t\t<div class=\"elementor-container elementor-column-gap-no\">\n\t\t\t\t\t<div class=\"elementor-column elementor-col-100 elementor-top-column elementor-element elementor-element-15bb9159\" data-id=\"15bb9159\" data-element_type=\"column\" data-e-type=\"column\">\n\t\t\t<div class=\"elementor-widget-wrap elementor-element-populated\">\n\t\t\t\t\t\t<section class=\"elementor-section elementor-inner-section elementor-element elementor-element-3cbd8e42 elementor-section-boxed elementor-section-height-default elementor-section-height-default\" data-id=\"3cbd8e42\" data-element_type=\"section\" data-e-type=\"section\" data-settings=\"{&quot;background_background&quot;:&quot;classic&quot;}\">\n\t\t\t\t\t\t<div class=\"elementor-container elementor-column-gap-default\">\n\t\t\t\t\t<div class=\"elementor-column elementor-col-100 elementor-inner-column elementor-element elementor-element-3aee8a0e\" data-id=\"3aee8a0e\" data-element_type=\"column\" data-e-type=\"column\">\n\t\t\t<div class=\"elementor-widget-wrap elementor-element-populated\">\n\t\t\t\t\t\t<div class=\"elementor-element elementor-element-76af20ab elementor-widget elementor-widget-heading\" data-id=\"76af20ab\" data-element_type=\"widget\" data-e-type=\"widget\" data-widget_type=\"heading.default\">\n\t\t\t\t<div class=\"elementor-widget-container\">\n\t\t\t\t\t<h2 class=\"elementor-heading-title elementor-size-default\">Przeczytaj wszystko o podstawach EMDR - Coaching<\/h2>\t\t\t\t<\/div>\n\t\t\t\t<\/div>\n\t\t\t\t\t<\/div>\n\t\t<\/div>\n\t\t\t\t\t<\/div>\n\t\t<\/section>\n\t\t\t\t<section class=\"elementor-section elementor-inner-section elementor-element elementor-element-55732c58 elementor-section-boxed elementor-section-height-default elementor-section-height-default\" data-id=\"55732c58\" data-element_type=\"section\" data-e-type=\"section\">\n\t\t\t\t\t\t<div class=\"elementor-container elementor-column-gap-default\">\n\t\t\t\t\t<div class=\"elementor-column elementor-col-100 elementor-inner-column elementor-element elementor-element-4565e44d\" data-id=\"4565e44d\" data-element_type=\"column\" data-e-type=\"column\">\n\t\t\t<div class=\"elementor-widget-wrap elementor-element-populated\">\n\t\t\t\t\t\t<div class=\"elementor-element elementor-element-b14b0ad elementor-icon-list--layout-traditional elementor-list-item-link-full_width elementor-widget elementor-widget-icon-list\" data-id=\"b14b0ad\" data-element_type=\"widget\" data-e-type=\"widget\" data-widget_type=\"icon-list.default\">\n\t\t\t\t<div class=\"elementor-widget-container\">\n\t\t\t\t\t\t\t<ul class=\"elementor-icon-list-items\">\n\t\t\t\t\t\t\t<li class=\"elementor-icon-list-item\">\n\t\t\t\t\t\t\t\t\t\t\t<a href=\"https:\/\/remstim.com\/pl\/podstawy-korzystania-z-emdr-w-coachingu-z-remstim-3000\/stymulacja-szybkich-ruchow-galek-ocznych\/\">\n\n\t\t\t\t\t\t\t\t\t\t\t\t<span class=\"elementor-icon-list-icon\">\n\t\t\t\t\t\t\t<i aria-hidden=\"true\" class=\"fas fa-arrow-circle-right\"><\/i>\t\t\t\t\t\t<\/span>\n\t\t\t\t\t\t\t\t\t\t<span class=\"elementor-icon-list-text\">Stymulacja szybkich ruch\u00f3w ga\u0142ek ocznych (obustronna stymulacja p\u00f3\u0142kul m\u00f3zgowych)<\/span>\n\t\t\t\t\t\t\t\t\t\t\t<\/a>\n\t\t\t\t\t\t\t\t\t<\/li>\n\t\t\t\t\t\t\t\t<li class=\"elementor-icon-list-item\">\n\t\t\t\t\t\t\t\t\t\t\t<a href=\"https:\/\/remstim.com\/pl\/rapid-eye-movement-jak-sen-rem-wplywa-na-nasze-samopoczucie\/\">\n\n\t\t\t\t\t\t\t\t\t\t\t\t<span class=\"elementor-icon-list-icon\">\n\t\t\t\t\t\t\t<i aria-hidden=\"true\" class=\"fas fa-arrow-circle-right\"><\/i>\t\t\t\t\t\t<\/span>\n\t\t\t\t\t\t\t\t\t\t<span class=\"elementor-icon-list-text\">Rapid Eye Movement - jak sen REM wp\u0142ywa na nasze samopoczucie?<\/span>\n\t\t\t\t\t\t\t\t\t\t\t<\/a>\n\t\t\t\t\t\t\t\t\t<\/li>\n\t\t\t\t\t\t\t\t<li class=\"elementor-icon-list-item\">\n\t\t\t\t\t\t\t\t\t\t\t<a href=\"https:\/\/remstim.com\/pl\/rapid-eye-movement-sledzenie-snu-rem\/\">\n\n\t\t\t\t\t\t\t\t\t\t\t\t<span class=\"elementor-icon-list-icon\">\n\t\t\t\t\t\t\t<i aria-hidden=\"true\" class=\"fas fa-arrow-circle-right\"><\/i>\t\t\t\t\t\t<\/span>\n\t\t\t\t\t\t\t\t\t\t<span class=\"elementor-icon-list-text\">Rapid Eye Movement - fakty na temat snu REM<\/span>\n\t\t\t\t\t\t\t\t\t\t\t<\/a>\n\t\t\t\t\t\t\t\t\t<\/li>\n\t\t\t\t\t\t\t\t<li class=\"elementor-icon-list-item\">\n\t\t\t\t\t\t\t\t\t\t\t<a href=\"https:\/\/remstim.com\/pl\/podstawy-korzystania-z-emdr-w-coachingu-z-remstim-3000\/elastyczne-ruchy-galek-ocznych\/\">\n\n\t\t\t\t\t\t\t\t\t\t\t\t<span class=\"elementor-icon-list-icon\">\n\t\t\t\t\t\t\t<i aria-hidden=\"true\" class=\"fas fa-arrow-circle-right\"><\/i>\t\t\t\t\t\t<\/span>\n\t\t\t\t\t\t\t\t\t\t<span class=\"elementor-icon-list-text\">Elastyczne ruchy ga\u0142ek ocznych<\/span>\n\t\t\t\t\t\t\t\t\t\t\t<\/a>\n\t\t\t\t\t\t\t\t\t<\/li>\n\t\t\t\t\t\t\t\t<li class=\"elementor-icon-list-item\">\n\t\t\t\t\t\t\t\t\t\t\t<a href=\"https:\/\/remstim.com\/pl\/podstawy-korzystania-z-emdr-w-coachingu-z-remstim-3000\/efekty-stymulacji-emdr\/\">\n\n\t\t\t\t\t\t\t\t\t\t\t\t<span class=\"elementor-icon-list-icon\">\n\t\t\t\t\t\t\t<i aria-hidden=\"true\" class=\"fas fa-arrow-circle-right\"><\/i>\t\t\t\t\t\t<\/span>\n\t\t\t\t\t\t\t\t\t\t<span class=\"elementor-icon-list-text\">Efekty stymulacji EMDR<\/span>\n\t\t\t\t\t\t\t\t\t\t\t<\/a>\n\t\t\t\t\t\t\t\t\t<\/li>\n\t\t\t\t\t\t\t\t<li class=\"elementor-icon-list-item\">\n\t\t\t\t\t\t\t\t\t\t\t<a href=\"https:\/\/remstim.com\/pl\/podstawy-korzystania-z-emdr-w-coachingu-z-remstim-3000\/wykorzystanie-emdr-w-autocoachingu-z-remstim-3000\/\">\n\n\t\t\t\t\t\t\t\t\t\t\t\t<span class=\"elementor-icon-list-icon\">\n\t\t\t\t\t\t\t<i aria-hidden=\"true\" class=\"fas fa-arrow-circle-right\"><\/i>\t\t\t\t\t\t<\/span>\n\t\t\t\t\t\t\t\t\t\t<span class=\"elementor-icon-list-text\">EMDR w self-coachingu<\/span>\n\t\t\t\t\t\t\t\t\t\t\t<\/a>\n\t\t\t\t\t\t\t\t\t<\/li>\n\t\t\t\t\t\t\t\t<li class=\"elementor-icon-list-item\">\n\t\t\t\t\t\t\t\t\t\t\t<a href=\"https:\/\/remstim.com\/pl\/podstawy-korzystania-z-emdr-w-coachingu-z-remstim-3000\/wazne-informacje\/\">\n\n\t\t\t\t\t\t\t\t\t\t\t\t<span class=\"elementor-icon-list-icon\">\n\t\t\t\t\t\t\t<i aria-hidden=\"true\" class=\"fas fa-arrow-circle-right\"><\/i>\t\t\t\t\t\t<\/span>\n\t\t\t\t\t\t\t\t\t\t<span class=\"elementor-icon-list-text\">Wa\u017cne informacje<\/span>\n\t\t\t\t\t\t\t\t\t\t\t<\/a>\n\t\t\t\t\t\t\t\t\t<\/li>\n\t\t\t\t\t\t<\/ul>\n\t\t\t\t\t\t<\/div>\n\t\t\t\t<\/div>\n\t\t\t\t\t<\/div>\n\t\t<\/div>\n\t\t\t\t\t<\/div>\n\t\t<\/section>\n\t\t\t\t\t<\/div>\n\t\t<\/div>\n\t\t\t\t\t<\/div>\n\t\t<\/section>\n\t\t\t\t<\/div>\n\t\t\n<hr class=\"divider-html\" style=\"border-top: 1px solid #bbb; margin-top: 30px; margin-bottom: 30px;\">\n<h2 style=\"text-align: justify;\">Wi\u0119cej o EMDR w coachingu<\/h2>\n\t\t<div data-elementor-type=\"section\" data-elementor-id=\"20402\" class=\"elementor elementor-20402 elementor-9385\" data-elementor-post-type=\"elementor_library\">\n\t\t\t\t\t<section class=\"elementor-section elementor-top-section elementor-element elementor-element-346b0ac8 elementor-section-full_width elementor-section-height-default elementor-section-height-default\" data-id=\"346b0ac8\" data-element_type=\"section\" data-e-type=\"section\">\n\t\t\t\t\t\t<div class=\"elementor-container elementor-column-gap-no\">\n\t\t\t\t\t<div class=\"elementor-column elementor-col-100 elementor-top-column elementor-element elementor-element-748c299b\" data-id=\"748c299b\" data-element_type=\"column\" data-e-type=\"column\">\n\t\t\t<div class=\"elementor-widget-wrap elementor-element-populated\">\n\t\t\t\t\t\t<section class=\"elementor-section elementor-inner-section elementor-element elementor-element-5e6e43b5 elementor-section-full_width elementor-section-height-default elementor-section-height-default\" data-id=\"5e6e43b5\" data-element_type=\"section\" data-e-type=\"section\">\n\t\t\t\t\t\t<div class=\"elementor-container elementor-column-gap-default\">\n\t\t\t\t\t<div class=\"elementor-column elementor-col-100 elementor-inner-column elementor-element elementor-element-54d08484\" data-id=\"54d08484\" data-element_type=\"column\" data-e-type=\"column\">\n\t\t\t<div class=\"elementor-widget-wrap elementor-element-populated\">\n\t\t\t\t\t\t\t<\/div>\n\t\t<\/div>\n\t\t\t\t\t<\/div>\n\t\t<\/section>\n\t\t\t\t\t<\/div>\n\t\t<\/div>\n\t\t\t\t\t<\/div>\n\t\t<\/section>\n\t\t\t\t<\/div>\n\t\t\n","protected":false},"excerpt":{"rendered":"<p>Szybka stymulacja ruch\u00f3w ga\u0142ek ocznych za pomoc\u0105 REMSTIM 3000 charakteryzuje si\u0119 tym, \u017ce zwykle prowadzi do szybkiego i \u0142atwego uspokojenia. Ani wiedza, ani umiej\u0119tno\u015bci nie s\u0105 konieczne do skutecznego zastosowania. Stymulacja szybkich ruch\u00f3w ga\u0142ek ocznych jest metod\u0105 interwencyjn\u0105 EMDR i symuluje sen REM z typowymi szybkimi ruchami ga\u0142ek ocznych podczas czuwania. Sama zmiana elastyczno\u015bci ruch\u00f3w [&hellip;]<\/p>\n","protected":false},"author":1,"featured_media":0,"parent":0,"menu_order":10,"comment_status":"closed","ping_status":"closed","template":"","meta":{"_acf_changed":false,"site-sidebar-layout":"default","site-content-layout":"default","ast-site-content-layout":"default","site-content-style":"default","site-sidebar-style":"default","ast-global-header-display":"","ast-banner-title-visibility":"","ast-main-header-display":"","ast-hfb-above-header-display":"","ast-hfb-below-header-display":"","ast-hfb-mobile-header-display":"","site-post-title":"","ast-breadcrumbs-content":"","ast-featured-img":"","footer-sml-layout":"","ast-disable-related-posts":"","theme-transparent-header-meta":"default","adv-header-id-meta":"","stick-header-meta":"default","header-above-stick-meta":"","header-main-stick-meta":"","header-below-stick-meta":"","astra-migrate-meta-layouts":"default","ast-page-background-enabled":"default","ast-page-background-meta":{"desktop":{"background-color":"var(--ast-global-color-4)","background-image":"","background-repeat":"repeat","background-position":"center center","background-size":"auto","background-attachment":"scroll","background-type":"","background-media":"","overlay-type":"","overlay-color":"","overlay-opacity":"","overlay-gradient":""},"tablet":{"background-color":"","background-image":"","background-repeat":"repeat","background-position":"center center","background-size":"auto","background-attachment":"scroll","background-type":"","background-media":"","overlay-type":"","overlay-color":"","overlay-opacity":"","overlay-gradient":""},"mobile":{"background-color":"","background-image":"","background-repeat":"repeat","background-position":"center center","background-size":"auto","background-attachment":"scroll","background-type":"","background-media":"","overlay-type":"","overlay-color":"","overlay-opacity":"","overlay-gradient":""}},"ast-content-background-meta":{"desktop":{"background-color":"var(--ast-global-color-5)","background-image":"","background-repeat":"repeat","background-position":"center center","background-size":"auto","background-attachment":"scroll","background-type":"","background-media":"","overlay-type":"","overlay-color":"","overlay-opacity":"","overlay-gradient":""},"tablet":{"background-color":"var(--ast-global-color-5)","background-image":"","background-repeat":"repeat","background-position":"center center","background-size":"auto","background-attachment":"scroll","background-type":"","background-media":"","overlay-type":"","overlay-color":"","overlay-opacity":"","overlay-gradient":""},"mobile":{"background-color":"var(--ast-global-color-5)","background-image":"","background-repeat":"repeat","background-position":"center center","background-size":"auto","background-attachment":"scroll","background-type":"","background-media":"","overlay-type":"","overlay-color":"","overlay-opacity":"","overlay-gradient":""}},"footnotes":""},"class_list":["post-19939","page","type-page","status-publish","hentry"],"acf":[],"yoast_head":"<!-- This site is optimized with the Yoast SEO plugin v27.3 - https:\/\/yoast.com\/product\/yoast-seo-wordpress\/ -->\n<title>Podstawy stosowania EMDR z REMSTIM 3000<\/title>\n<meta name=\"description\" content=\"Szybka stymulacja ruch\u00f3w ga\u0142ek ocznych jest g\u0142\u00f3wn\u0105 metod\u0105 interwencji EMDR. REMSTIM 3000 jest sprawdzonym urz\u0105dzeniem EMDR.\" \/>\n<meta name=\"robots\" content=\"index, follow, max-snippet:-1, max-image-preview:large, max-video-preview:-1\" \/>\n<link rel=\"canonical\" href=\"https:\/\/remstim.com\/pl\/podstawy-korzystania-z-emdr-w-coachingu-z-remstim-3000\/\" \/>\n<meta property=\"og:locale\" content=\"pl_PL\" \/>\n<meta property=\"og:type\" content=\"article\" \/>\n<meta property=\"og:title\" content=\"Podstawy stosowania EMDR z REMSTIM 3000\" \/>\n<meta property=\"og:description\" content=\"Szybka stymulacja ruch\u00f3w ga\u0142ek ocznych jest g\u0142\u00f3wn\u0105 metod\u0105 interwencji EMDR. REMSTIM 3000 jest sprawdzonym urz\u0105dzeniem EMDR.\" \/>\n<meta property=\"og:url\" content=\"https:\/\/remstim.com\/pl\/podstawy-korzystania-z-emdr-w-coachingu-z-remstim-3000\/\" \/>\n<meta property=\"og:site_name\" content=\"EMDR Ger\u00e4t REMSTIM 3000 gegen Stress\" \/>\n<meta property=\"article:modified_time\" content=\"2023-09-15T06:58:33+00:00\" \/>\n<meta property=\"og:image\" content=\"https:\/\/remstim.com\/wp-content\/uploads\/2011\/03\/Nervenbahnen.jpg\" \/>\n<meta name=\"twitter:label1\" content=\"Szacowany czas czytania\" \/>\n\t<meta name=\"twitter:data1\" content=\"1 minuta\" \/>\n<script type=\"application\/ld+json\" class=\"yoast-schema-graph\">{\"@context\":\"https:\\\/\\\/schema.org\",\"@graph\":[{\"@type\":\"WebPage\",\"@id\":\"https:\\\/\\\/remstim.com\\\/pl\\\/podstawy-korzystania-z-emdr-w-coachingu-z-remstim-3000\\\/\",\"url\":\"https:\\\/\\\/remstim.com\\\/pl\\\/podstawy-korzystania-z-emdr-w-coachingu-z-remstim-3000\\\/\",\"name\":\"Podstawy stosowania EMDR z REMSTIM 3000\",\"isPartOf\":{\"@id\":\"https:\\\/\\\/remstim.com\\\/pl\\\/#website\"},\"primaryImageOfPage\":{\"@id\":\"https:\\\/\\\/remstim.com\\\/pl\\\/podstawy-korzystania-z-emdr-w-coachingu-z-remstim-3000\\\/#primaryimage\"},\"image\":{\"@id\":\"https:\\\/\\\/remstim.com\\\/pl\\\/podstawy-korzystania-z-emdr-w-coachingu-z-remstim-3000\\\/#primaryimage\"},\"thumbnailUrl\":\"https:\\\/\\\/remstim.com\\\/wp-content\\\/uploads\\\/2011\\\/03\\\/Nervenbahnen.jpg\",\"datePublished\":\"2011-03-14T11:12:43+00:00\",\"dateModified\":\"2023-09-15T06:58:33+00:00\",\"description\":\"Szybka stymulacja ruch\u00f3w ga\u0142ek ocznych jest g\u0142\u00f3wn\u0105 metod\u0105 interwencji EMDR. REMSTIM 3000 jest sprawdzonym urz\u0105dzeniem EMDR.\",\"breadcrumb\":{\"@id\":\"https:\\\/\\\/remstim.com\\\/pl\\\/podstawy-korzystania-z-emdr-w-coachingu-z-remstim-3000\\\/#breadcrumb\"},\"inLanguage\":\"pl-PL\",\"potentialAction\":[{\"@type\":\"ReadAction\",\"target\":[\"https:\\\/\\\/remstim.com\\\/pl\\\/podstawy-korzystania-z-emdr-w-coachingu-z-remstim-3000\\\/\"]}]},{\"@type\":\"ImageObject\",\"inLanguage\":\"pl-PL\",\"@id\":\"https:\\\/\\\/remstim.com\\\/pl\\\/podstawy-korzystania-z-emdr-w-coachingu-z-remstim-3000\\\/#primaryimage\",\"url\":\"https:\\\/\\\/remstim.com\\\/wp-content\\\/uploads\\\/2011\\\/03\\\/Nervenbahnen.jpg\",\"contentUrl\":\"https:\\\/\\\/remstim.com\\\/wp-content\\\/uploads\\\/2011\\\/03\\\/Nervenbahnen.jpg\"},{\"@type\":\"BreadcrumbList\",\"@id\":\"https:\\\/\\\/remstim.com\\\/pl\\\/podstawy-korzystania-z-emdr-w-coachingu-z-remstim-3000\\\/#breadcrumb\",\"itemListElement\":[{\"@type\":\"ListItem\",\"position\":1,\"name\":\"Startseite\",\"item\":\"https:\\\/\\\/remstim.com\\\/pl\\\/\"},{\"@type\":\"ListItem\",\"position\":2,\"name\":\"Podstawy korzystania z EMDR w coachingu z REMSTIM 3000\"}]},{\"@type\":\"WebSite\",\"@id\":\"https:\\\/\\\/remstim.com\\\/pl\\\/#website\",\"url\":\"https:\\\/\\\/remstim.com\\\/pl\\\/\",\"name\":\"EMDR Ger\u00e4t REMSTIM 3000 gegen Stress\",\"description\":\"Wie wir schnell Entspannung finden.\",\"publisher\":{\"@id\":\"https:\\\/\\\/remstim.com\\\/pl\\\/#organization\"},\"potentialAction\":[{\"@type\":\"SearchAction\",\"target\":{\"@type\":\"EntryPoint\",\"urlTemplate\":\"https:\\\/\\\/remstim.com\\\/pl\\\/?s={search_term_string}\"},\"query-input\":{\"@type\":\"PropertyValueSpecification\",\"valueRequired\":true,\"valueName\":\"search_term_string\"}}],\"inLanguage\":\"pl-PL\"},{\"@type\":\"Organization\",\"@id\":\"https:\\\/\\\/remstim.com\\\/pl\\\/#organization\",\"name\":\"EMDR Ger\u00e4t REMSTIM 3000 gegen Stress\",\"url\":\"https:\\\/\\\/remstim.com\\\/pl\\\/\",\"logo\":{\"@type\":\"ImageObject\",\"inLanguage\":\"pl-PL\",\"@id\":\"https:\\\/\\\/remstim.com\\\/pl\\\/#\\\/schema\\\/logo\\\/image\\\/\",\"url\":\"https:\\\/\\\/remstim.com\\\/wp-content\\\/uploads\\\/2012\\\/06\\\/REMSTIM-Logo-mit-Untertitel_orange-e1340382850185.png\",\"contentUrl\":\"https:\\\/\\\/remstim.com\\\/wp-content\\\/uploads\\\/2012\\\/06\\\/REMSTIM-Logo-mit-Untertitel_orange-e1340382850185.png\",\"width\":304,\"height\":80,\"caption\":\"EMDR Ger\u00e4t REMSTIM 3000 gegen Stress\"},\"image\":{\"@id\":\"https:\\\/\\\/remstim.com\\\/pl\\\/#\\\/schema\\\/logo\\\/image\\\/\"}}]}<\/script>\n<!-- \/ Yoast SEO plugin. -->","yoast_head_json":{"title":"Podstawy stosowania EMDR z REMSTIM 3000","description":"Szybka stymulacja ruch\u00f3w ga\u0142ek ocznych jest g\u0142\u00f3wn\u0105 metod\u0105 interwencji EMDR. REMSTIM 3000 jest sprawdzonym urz\u0105dzeniem EMDR.","robots":{"index":"index","follow":"follow","max-snippet":"max-snippet:-1","max-image-preview":"max-image-preview:large","max-video-preview":"max-video-preview:-1"},"canonical":"https:\/\/remstim.com\/pl\/podstawy-korzystania-z-emdr-w-coachingu-z-remstim-3000\/","og_locale":"pl_PL","og_type":"article","og_title":"Podstawy stosowania EMDR z REMSTIM 3000","og_description":"Szybka stymulacja ruch\u00f3w ga\u0142ek ocznych jest g\u0142\u00f3wn\u0105 metod\u0105 interwencji EMDR. REMSTIM 3000 jest sprawdzonym urz\u0105dzeniem EMDR.","og_url":"https:\/\/remstim.com\/pl\/podstawy-korzystania-z-emdr-w-coachingu-z-remstim-3000\/","og_site_name":"EMDR Ger\u00e4t REMSTIM 3000 gegen Stress","article_modified_time":"2023-09-15T06:58:33+00:00","og_image":[{"url":"https:\/\/remstim.com\/wp-content\/uploads\/2011\/03\/Nervenbahnen.jpg","type":"","width":"","height":""}],"twitter_misc":{"Szacowany czas czytania":"1 minuta"},"schema":{"@context":"https:\/\/schema.org","@graph":[{"@type":"WebPage","@id":"https:\/\/remstim.com\/pl\/podstawy-korzystania-z-emdr-w-coachingu-z-remstim-3000\/","url":"https:\/\/remstim.com\/pl\/podstawy-korzystania-z-emdr-w-coachingu-z-remstim-3000\/","name":"Podstawy stosowania EMDR z REMSTIM 3000","isPartOf":{"@id":"https:\/\/remstim.com\/pl\/#website"},"primaryImageOfPage":{"@id":"https:\/\/remstim.com\/pl\/podstawy-korzystania-z-emdr-w-coachingu-z-remstim-3000\/#primaryimage"},"image":{"@id":"https:\/\/remstim.com\/pl\/podstawy-korzystania-z-emdr-w-coachingu-z-remstim-3000\/#primaryimage"},"thumbnailUrl":"https:\/\/remstim.com\/wp-content\/uploads\/2011\/03\/Nervenbahnen.jpg","datePublished":"2011-03-14T11:12:43+00:00","dateModified":"2023-09-15T06:58:33+00:00","description":"Szybka stymulacja ruch\u00f3w ga\u0142ek ocznych jest g\u0142\u00f3wn\u0105 metod\u0105 interwencji EMDR. REMSTIM 3000 jest sprawdzonym urz\u0105dzeniem EMDR.","breadcrumb":{"@id":"https:\/\/remstim.com\/pl\/podstawy-korzystania-z-emdr-w-coachingu-z-remstim-3000\/#breadcrumb"},"inLanguage":"pl-PL","potentialAction":[{"@type":"ReadAction","target":["https:\/\/remstim.com\/pl\/podstawy-korzystania-z-emdr-w-coachingu-z-remstim-3000\/"]}]},{"@type":"ImageObject","inLanguage":"pl-PL","@id":"https:\/\/remstim.com\/pl\/podstawy-korzystania-z-emdr-w-coachingu-z-remstim-3000\/#primaryimage","url":"https:\/\/remstim.com\/wp-content\/uploads\/2011\/03\/Nervenbahnen.jpg","contentUrl":"https:\/\/remstim.com\/wp-content\/uploads\/2011\/03\/Nervenbahnen.jpg"},{"@type":"BreadcrumbList","@id":"https:\/\/remstim.com\/pl\/podstawy-korzystania-z-emdr-w-coachingu-z-remstim-3000\/#breadcrumb","itemListElement":[{"@type":"ListItem","position":1,"name":"Startseite","item":"https:\/\/remstim.com\/pl\/"},{"@type":"ListItem","position":2,"name":"Podstawy korzystania z EMDR w coachingu z REMSTIM 3000"}]},{"@type":"WebSite","@id":"https:\/\/remstim.com\/pl\/#website","url":"https:\/\/remstim.com\/pl\/","name":"EMDR Ger\u00e4t REMSTIM 3000 gegen Stress","description":"Wie wir schnell Entspannung finden.","publisher":{"@id":"https:\/\/remstim.com\/pl\/#organization"},"potentialAction":[{"@type":"SearchAction","target":{"@type":"EntryPoint","urlTemplate":"https:\/\/remstim.com\/pl\/?s={search_term_string}"},"query-input":{"@type":"PropertyValueSpecification","valueRequired":true,"valueName":"search_term_string"}}],"inLanguage":"pl-PL"},{"@type":"Organization","@id":"https:\/\/remstim.com\/pl\/#organization","name":"EMDR Ger\u00e4t REMSTIM 3000 gegen Stress","url":"https:\/\/remstim.com\/pl\/","logo":{"@type":"ImageObject","inLanguage":"pl-PL","@id":"https:\/\/remstim.com\/pl\/#\/schema\/logo\/image\/","url":"https:\/\/remstim.com\/wp-content\/uploads\/2012\/06\/REMSTIM-Logo-mit-Untertitel_orange-e1340382850185.png","contentUrl":"https:\/\/remstim.com\/wp-content\/uploads\/2012\/06\/REMSTIM-Logo-mit-Untertitel_orange-e1340382850185.png","width":304,"height":80,"caption":"EMDR Ger\u00e4t REMSTIM 3000 gegen Stress"},"image":{"@id":"https:\/\/remstim.com\/pl\/#\/schema\/logo\/image\/"}}]}},"_links":{"self":[{"href":"https:\/\/remstim.com\/pl\/wp-json\/wp\/v2\/pages\/19939","targetHints":{"allow":["GET"]}}],"collection":[{"href":"https:\/\/remstim.com\/pl\/wp-json\/wp\/v2\/pages"}],"about":[{"href":"https:\/\/remstim.com\/pl\/wp-json\/wp\/v2\/types\/page"}],"author":[{"embeddable":true,"href":"https:\/\/remstim.com\/pl\/wp-json\/wp\/v2\/users\/1"}],"replies":[{"embeddable":true,"href":"https:\/\/remstim.com\/pl\/wp-json\/wp\/v2\/comments?post=19939"}],"version-history":[{"count":0,"href":"https:\/\/remstim.com\/pl\/wp-json\/wp\/v2\/pages\/19939\/revisions"}],"wp:attachment":[{"href":"https:\/\/remstim.com\/pl\/wp-json\/wp\/v2\/media?parent=19939"}],"curies":[{"name":"wp","href":"https:\/\/api.w.org\/{rel}","templated":true}]}}