{"id":19940,"date":"2011-03-18T17:12:28","date_gmt":"2011-03-18T17:12:28","guid":{"rendered":"https:\/\/remstim.de\/wazne-informacje\/"},"modified":"2023-09-15T06:59:04","modified_gmt":"2023-09-15T06:59:04","slug":"wazne-informacje","status":"publish","type":"page","link":"https:\/\/remstim.com\/pl\/podstawy-korzystania-z-emdr-w-coachingu-z-remstim-3000\/wazne-informacje\/","title":{"rendered":"Wa\u017cne informacje"},"content":{"rendered":"<h1 style=\"text-align: justify;\">Wa\u017cne informacje<\/h1>\n<p style=\"text-align: justify;\">REMSTIM 3000 to urz\u0105dzenie do stymulacji ruch\u00f3w ga\u0142ek ocznych. Wykorzystanie REMSTIM 3000 do stymulacji ruch\u00f3w ga\u0142ek ocznych jest rozumiane jako trening mentalny zwi\u0119kszaj\u0105cy wydajno\u015b\u0107. Nie jest to procedura diagnostyczna, urz\u0105dzenie medyczne, terapia medyczna ani \u017cadna inna forma leczenia, nie leczy chor\u00f3b ani objaw\u00f3w chor\u00f3b. Nie sk\u0142ada si\u0119 obietnic wyleczenia, wi\u0119c u\u017cytkownik ma fa\u0142szywe nadzieje.<\/p>\n<p style=\"text-align: justify;\">Stosowanie REMSTIM 3000 nie ma na celu zast\u0105pienia pracy psychoterapeuty, lekarza lub alternatywnego praktyka. W zwi\u0105zku z tym nie nale\u017cy przerywa\u0107 ani przerywa\u0107 trwaj\u0105cego leczenia, a przysz\u0142e niezb\u0119dne leczenie nie powinno by\u0107 odk\u0142adane ani ca\u0142kowicie pomijane.<\/p>\n<p style=\"text-align: justify;\">3. korzystanie z REMSTIM 3000 w \u017cadnym wypadku nie anuluje zlece\u0144 medycznych. Odpowiedzialno\u015b\u0107 spoczywa wy\u0142\u0105cznie na u\u017cytkowniku.<\/p>\n<p style=\"text-align: justify;\">4. opis stan\u00f3w fizycznych, emocjonalnych i umys\u0142owych &#8211; w szczeg\u00f3lno\u015bci poprzez u\u017cycie s\u0142\u00f3w takich jak stres, obci\u0105\u017cenie, zmartwienie, smutek, niepok\u00f3j, l\u0119k, napi\u0119cie i podobnych termin\u00f3w &#8211; jest tutaj wy\u0142\u0105cznie opisem stanu zdrowia zdrowych ludzi w naturalnym zakresie zmienno\u015bci. W \u017cadnym wypadku nie nale\u017cy odnosi\u0107 wra\u017cenia, \u017ce przedstawione wra\u017cliwo\u015bci wykraczaj\u0105 poza pewien stopie\u0144 upo\u015bledzenia i pr\u00f3buj\u0105 opisywa\u0107 lub nawet reprezentowa\u0107 choroby, cierpienie, urazy cia\u0142a lub dolegliwo\u015bci patologiczne.<\/p>\n<p style=\"text-align: justify;\">5. Warunkiem wst\u0119pnym dla u\u017cytkownika jest &#8211; jak to zwykle bywa w przypadku coachingu &#8211; normalna odporno\u015b\u0107 psychiczna i fizyczna.<\/p>\n<p style=\"text-align: justify;\">6. Korzystanie z REMSTIM 3000 nie jest odpowiednie dla os\u00f3b, kt\u00f3re cierpi\u0105 lub cierpia\u0142y na nast\u0119puj\u0105ce choroby:<\/p>\n<ul style=\"text-align: justify;\">\n<li>Padaczka<\/li>\n<li>Choroby oczu<\/li>\n<li>Choroby organiczne m\u00f3zgu<\/li>\n<li>Zaburzenia zwi\u0105zane z uzale\u017cnieniami<\/li>\n<li>Zaburzenia dysocjacyjne<\/li>\n<li>Zaburzenia ego<\/li>\n<\/ul>\n<p style=\"text-align: justify;\">Decyzja o rozpocz\u0119ciu, kontynuowaniu lub zaprzestaniu korzystania z REMSTIM 3000 nale\u017cy do u\u017cytkownika.<\/p>\n<p style=\"text-align: justify;\">8. Korzystanie z REMSTIM 3000 mo\u017ce powodowa\u0107 przej\u015bciowe intensywne emocje.<\/p>\n<p style=\"text-align: justify;\">9. u\u017cywa\u0107 REMSTIM 3000 wy\u0142\u0105cznie do cel\u00f3w, dla kt\u00f3rych zosta\u0142 stworzony. Nale\u017cy pami\u0119ta\u0107, \u017ce gdy REMSTIM 3000 jest na miejscu, ca\u0142kowicie wype\u0142nia pole widzenia i ca\u0142kowicie blokuje widok otoczenia.<\/p>\n<p style=\"text-align: justify;\">REMSTIM 3000 jest przeznaczony do samodzielnego u\u017cytku w pozycji siedz\u0105cej lub le\u017c\u0105cej. REMSTIM 3000 nie jest przeznaczony do u\u017cytku komercyjnego. Zaleca si\u0119 do 3 kolejnych aplikacji po 30 sekund ka\u017cda.<\/p>\n<p style=\"text-align: justify;\">Je\u015bli ruchy ga\u0142ek ocznych s\u0105 postrzegane jako niewygodne, zw\u0142aszcza podczas pierwszych zastosowa\u0144, konieczne jest zoptymalizowanie (w mniejszym stopniu) ustawie\u0144 odchylenia i\/lub pr\u0119dko\u015bci i\/lub jasno\u015bci urz\u0105dzenia osobistego. W rzadkich przypadkach zawrot\u00f3w g\u0142owy, nudno\u015bci lub b\u00f3lu oczu nale\u017cy przerwa\u0107 stosowanie leku REMSTIM 3000 i dostosowa\u0107 ustawienia.<\/p>\n<p style=\"text-align: justify;\">12. Skupienie (dzia\u0142aj\u0105cych) punkt\u00f3w \u015bwietlnych jest prawie niemo\u017cliwe i nie jest ani zamierzonym, ani wymaganym warunkiem udanej aplikacji.<\/p>\n<p style=\"text-align: justify;\">Urz\u0105dzenie REMSTIM 3000 nie jest przeznaczone do u\u017cytku przez dzieci i powinno by\u0107 przechowywane w miejscu niedost\u0119pnym dla dzieci.<\/p>\n<p style=\"text-align: justify;\">14. Materia\u0142y u\u017cyte do produkcji REMSTIM 3000 mog\u0105 powodowa\u0107 reakcj\u0119 alergiczn\u0105 sk\u00f3ry u wra\u017cliwych u\u017cytkownik\u00f3w. W takim przypadku nale\u017cy natychmiast skonsultowa\u0107 si\u0119 z lekarzem.<\/p>\n<p style=\"text-align: justify;\">Je\u015bli instrukcje producenta s\u0105 przestrzegane podczas u\u017cywania i obchodzenia si\u0119 ze szczelnie zamkni\u0119tymi litowymi ogniwami guzikowymi, s\u0105 one nieszkodliwe lub nie stwarzaj\u0105 zagro\u017cenia. Je\u015bli nie wyst\u0119puje nadwra\u017cliwo\u015b\u0107 na niekt\u00f3re substancje (reakcje alergiczne), kontakt sk\u00f3ry z ogniwami litowymi jest nieszkodliwy.<\/p>\n<p style=\"text-align: justify;\">Nie wystawia\u0107 REMSTIM 3000 na dzia\u0142anie ekstremalnych warunk\u00f3w pogodowych (deszcz, \u015bnieg, \u015bwiat\u0142o s\u0142oneczne, wiatr).<\/p>\n<p style=\"text-align: justify;\">Chroni\u0107 REMSTIM 3000 przed wod\u0105.<\/p>\n","protected":false},"excerpt":{"rendered":"<p>Wa\u017cne informacje REMSTIM 3000 to urz\u0105dzenie do stymulacji ruch\u00f3w ga\u0142ek ocznych. Wykorzystanie REMSTIM 3000 do stymulacji ruch\u00f3w ga\u0142ek ocznych jest rozumiane jako trening mentalny zwi\u0119kszaj\u0105cy wydajno\u015b\u0107. Nie jest to procedura diagnostyczna, urz\u0105dzenie medyczne, terapia medyczna ani \u017cadna inna forma leczenia, nie leczy chor\u00f3b ani objaw\u00f3w chor\u00f3b. Nie sk\u0142ada si\u0119 obietnic wyleczenia, wi\u0119c u\u017cytkownik ma fa\u0142szywe [&hellip;]<\/p>\n","protected":false},"author":1,"featured_media":0,"parent":19939,"menu_order":5,"comment_status":"closed","ping_status":"closed","template":"","meta":{"_acf_changed":false,"site-sidebar-layout":"default","site-content-layout":"default","ast-site-content-layout":"default","site-content-style":"default","site-sidebar-style":"default","ast-global-header-display":"","ast-banner-title-visibility":"","ast-main-header-display":"","ast-hfb-above-header-display":"","ast-hfb-below-header-display":"","ast-hfb-mobile-header-display":"","site-post-title":"","ast-breadcrumbs-content":"","ast-featured-img":"","footer-sml-layout":"","ast-disable-related-posts":"","theme-transparent-header-meta":"default","adv-header-id-meta":"","stick-header-meta":"default","header-above-stick-meta":"","header-main-stick-meta":"","header-below-stick-meta":"","astra-migrate-meta-layouts":"default","ast-page-background-enabled":"default","ast-page-background-meta":{"desktop":{"background-color":"var(--ast-global-color-4)","background-image":"","background-repeat":"repeat","background-position":"center center","background-size":"auto","background-attachment":"scroll","background-type":"","background-media":"","overlay-type":"","overlay-color":"","overlay-opacity":"","overlay-gradient":""},"tablet":{"background-color":"","background-image":"","background-repeat":"repeat","background-position":"center center","background-size":"auto","background-attachment":"scroll","background-type":"","background-media":"","overlay-type":"","overlay-color":"","overlay-opacity":"","overlay-gradient":""},"mobile":{"background-color":"","background-image":"","background-repeat":"repeat","background-position":"center center","background-size":"auto","background-attachment":"scroll","background-type":"","background-media":"","overlay-type":"","overlay-color":"","overlay-opacity":"","overlay-gradient":""}},"ast-content-background-meta":{"desktop":{"background-color":"var(--ast-global-color-5)","background-image":"","background-repeat":"repeat","background-position":"center center","background-size":"auto","background-attachment":"scroll","background-type":"","background-media":"","overlay-type":"","overlay-color":"","overlay-opacity":"","overlay-gradient":""},"tablet":{"background-color":"var(--ast-global-color-5)","background-image":"","background-repeat":"repeat","background-position":"center center","background-size":"auto","background-attachment":"scroll","background-type":"","background-media":"","overlay-type":"","overlay-color":"","overlay-opacity":"","overlay-gradient":""},"mobile":{"background-color":"var(--ast-global-color-5)","background-image":"","background-repeat":"repeat","background-position":"center center","background-size":"auto","background-attachment":"scroll","background-type":"","background-media":"","overlay-type":"","overlay-color":"","overlay-opacity":"","overlay-gradient":""}},"footnotes":""},"class_list":["post-19940","page","type-page","status-publish","hentry"],"acf":[],"yoast_head":"<!-- This site is optimized with the Yoast SEO plugin v27.3 - https:\/\/yoast.com\/product\/yoast-seo-wordpress\/ -->\n<title>Wa\u017cne informacje - EMDR Ger\u00e4t REMSTIM 3000 gegen Stress<\/title>\n<meta name=\"robots\" content=\"index, follow, max-snippet:-1, max-image-preview:large, max-video-preview:-1\" \/>\n<link rel=\"canonical\" href=\"https:\/\/remstim.com\/pl\/podstawy-korzystania-z-emdr-w-coachingu-z-remstim-3000\/wazne-informacje\/\" \/>\n<meta property=\"og:locale\" content=\"pl_PL\" \/>\n<meta property=\"og:type\" content=\"article\" \/>\n<meta property=\"og:title\" content=\"Wa\u017cne informacje - EMDR Ger\u00e4t REMSTIM 3000 gegen Stress\" \/>\n<meta property=\"og:description\" content=\"Wa\u017cne informacje REMSTIM 3000 to urz\u0105dzenie do stymulacji ruch\u00f3w ga\u0142ek ocznych. Wykorzystanie REMSTIM 3000 do stymulacji ruch\u00f3w ga\u0142ek ocznych jest rozumiane jako trening mentalny zwi\u0119kszaj\u0105cy wydajno\u015b\u0107. Nie jest to procedura diagnostyczna, urz\u0105dzenie medyczne, terapia medyczna ani \u017cadna inna forma leczenia, nie leczy chor\u00f3b ani objaw\u00f3w chor\u00f3b. Nie sk\u0142ada si\u0119 obietnic wyleczenia, wi\u0119c u\u017cytkownik ma fa\u0142szywe [&hellip;]\" \/>\n<meta property=\"og:url\" content=\"https:\/\/remstim.com\/pl\/podstawy-korzystania-z-emdr-w-coachingu-z-remstim-3000\/wazne-informacje\/\" \/>\n<meta property=\"og:site_name\" content=\"EMDR Ger\u00e4t REMSTIM 3000 gegen Stress\" \/>\n<meta property=\"article:modified_time\" content=\"2023-09-15T06:59:04+00:00\" \/>\n<meta name=\"twitter:label1\" content=\"Szacowany czas czytania\" \/>\n\t<meta name=\"twitter:data1\" content=\"3 minuty\" \/>\n<script type=\"application\/ld+json\" class=\"yoast-schema-graph\">{\"@context\":\"https:\\\/\\\/schema.org\",\"@graph\":[{\"@type\":\"WebPage\",\"@id\":\"https:\\\/\\\/remstim.com\\\/pl\\\/podstawy-korzystania-z-emdr-w-coachingu-z-remstim-3000\\\/wazne-informacje\\\/\",\"url\":\"https:\\\/\\\/remstim.com\\\/pl\\\/podstawy-korzystania-z-emdr-w-coachingu-z-remstim-3000\\\/wazne-informacje\\\/\",\"name\":\"Wa\u017cne informacje - EMDR Ger\u00e4t REMSTIM 3000 gegen Stress\",\"isPartOf\":{\"@id\":\"https:\\\/\\\/remstim.com\\\/pl\\\/#website\"},\"datePublished\":\"2011-03-18T17:12:28+00:00\",\"dateModified\":\"2023-09-15T06:59:04+00:00\",\"breadcrumb\":{\"@id\":\"https:\\\/\\\/remstim.com\\\/pl\\\/podstawy-korzystania-z-emdr-w-coachingu-z-remstim-3000\\\/wazne-informacje\\\/#breadcrumb\"},\"inLanguage\":\"pl-PL\",\"potentialAction\":[{\"@type\":\"ReadAction\",\"target\":[\"https:\\\/\\\/remstim.com\\\/pl\\\/podstawy-korzystania-z-emdr-w-coachingu-z-remstim-3000\\\/wazne-informacje\\\/\"]}]},{\"@type\":\"BreadcrumbList\",\"@id\":\"https:\\\/\\\/remstim.com\\\/pl\\\/podstawy-korzystania-z-emdr-w-coachingu-z-remstim-3000\\\/wazne-informacje\\\/#breadcrumb\",\"itemListElement\":[{\"@type\":\"ListItem\",\"position\":1,\"name\":\"Startseite\",\"item\":\"https:\\\/\\\/remstim.com\\\/pl\\\/\"},{\"@type\":\"ListItem\",\"position\":2,\"name\":\"Podstawy korzystania z EMDR w coachingu z REMSTIM 3000\",\"item\":\"https:\\\/\\\/remstim.com\\\/pl\\\/podstawy-korzystania-z-emdr-w-coachingu-z-remstim-3000\\\/\"},{\"@type\":\"ListItem\",\"position\":3,\"name\":\"Wa\u017cne informacje\"}]},{\"@type\":\"WebSite\",\"@id\":\"https:\\\/\\\/remstim.com\\\/pl\\\/#website\",\"url\":\"https:\\\/\\\/remstim.com\\\/pl\\\/\",\"name\":\"EMDR Ger\u00e4t REMSTIM 3000 gegen Stress\",\"description\":\"Wie wir schnell Entspannung finden.\",\"publisher\":{\"@id\":\"https:\\\/\\\/remstim.com\\\/pl\\\/#organization\"},\"potentialAction\":[{\"@type\":\"SearchAction\",\"target\":{\"@type\":\"EntryPoint\",\"urlTemplate\":\"https:\\\/\\\/remstim.com\\\/pl\\\/?s={search_term_string}\"},\"query-input\":{\"@type\":\"PropertyValueSpecification\",\"valueRequired\":true,\"valueName\":\"search_term_string\"}}],\"inLanguage\":\"pl-PL\"},{\"@type\":\"Organization\",\"@id\":\"https:\\\/\\\/remstim.com\\\/pl\\\/#organization\",\"name\":\"EMDR Ger\u00e4t REMSTIM 3000 gegen Stress\",\"url\":\"https:\\\/\\\/remstim.com\\\/pl\\\/\",\"logo\":{\"@type\":\"ImageObject\",\"inLanguage\":\"pl-PL\",\"@id\":\"https:\\\/\\\/remstim.com\\\/pl\\\/#\\\/schema\\\/logo\\\/image\\\/\",\"url\":\"https:\\\/\\\/remstim.com\\\/wp-content\\\/uploads\\\/2012\\\/06\\\/REMSTIM-Logo-mit-Untertitel_orange-e1340382850185.png\",\"contentUrl\":\"https:\\\/\\\/remstim.com\\\/wp-content\\\/uploads\\\/2012\\\/06\\\/REMSTIM-Logo-mit-Untertitel_orange-e1340382850185.png\",\"width\":304,\"height\":80,\"caption\":\"EMDR Ger\u00e4t REMSTIM 3000 gegen Stress\"},\"image\":{\"@id\":\"https:\\\/\\\/remstim.com\\\/pl\\\/#\\\/schema\\\/logo\\\/image\\\/\"}}]}<\/script>\n<!-- \/ Yoast SEO plugin. -->","yoast_head_json":{"title":"Wa\u017cne informacje - EMDR Ger\u00e4t REMSTIM 3000 gegen Stress","robots":{"index":"index","follow":"follow","max-snippet":"max-snippet:-1","max-image-preview":"max-image-preview:large","max-video-preview":"max-video-preview:-1"},"canonical":"https:\/\/remstim.com\/pl\/podstawy-korzystania-z-emdr-w-coachingu-z-remstim-3000\/wazne-informacje\/","og_locale":"pl_PL","og_type":"article","og_title":"Wa\u017cne informacje - EMDR Ger\u00e4t REMSTIM 3000 gegen Stress","og_description":"Wa\u017cne informacje REMSTIM 3000 to urz\u0105dzenie do stymulacji ruch\u00f3w ga\u0142ek ocznych. Wykorzystanie REMSTIM 3000 do stymulacji ruch\u00f3w ga\u0142ek ocznych jest rozumiane jako trening mentalny zwi\u0119kszaj\u0105cy wydajno\u015b\u0107. Nie jest to procedura diagnostyczna, urz\u0105dzenie medyczne, terapia medyczna ani \u017cadna inna forma leczenia, nie leczy chor\u00f3b ani objaw\u00f3w chor\u00f3b. Nie sk\u0142ada si\u0119 obietnic wyleczenia, wi\u0119c u\u017cytkownik ma fa\u0142szywe [&hellip;]","og_url":"https:\/\/remstim.com\/pl\/podstawy-korzystania-z-emdr-w-coachingu-z-remstim-3000\/wazne-informacje\/","og_site_name":"EMDR Ger\u00e4t REMSTIM 3000 gegen Stress","article_modified_time":"2023-09-15T06:59:04+00:00","twitter_misc":{"Szacowany czas czytania":"3 minuty"},"schema":{"@context":"https:\/\/schema.org","@graph":[{"@type":"WebPage","@id":"https:\/\/remstim.com\/pl\/podstawy-korzystania-z-emdr-w-coachingu-z-remstim-3000\/wazne-informacje\/","url":"https:\/\/remstim.com\/pl\/podstawy-korzystania-z-emdr-w-coachingu-z-remstim-3000\/wazne-informacje\/","name":"Wa\u017cne informacje - EMDR Ger\u00e4t REMSTIM 3000 gegen Stress","isPartOf":{"@id":"https:\/\/remstim.com\/pl\/#website"},"datePublished":"2011-03-18T17:12:28+00:00","dateModified":"2023-09-15T06:59:04+00:00","breadcrumb":{"@id":"https:\/\/remstim.com\/pl\/podstawy-korzystania-z-emdr-w-coachingu-z-remstim-3000\/wazne-informacje\/#breadcrumb"},"inLanguage":"pl-PL","potentialAction":[{"@type":"ReadAction","target":["https:\/\/remstim.com\/pl\/podstawy-korzystania-z-emdr-w-coachingu-z-remstim-3000\/wazne-informacje\/"]}]},{"@type":"BreadcrumbList","@id":"https:\/\/remstim.com\/pl\/podstawy-korzystania-z-emdr-w-coachingu-z-remstim-3000\/wazne-informacje\/#breadcrumb","itemListElement":[{"@type":"ListItem","position":1,"name":"Startseite","item":"https:\/\/remstim.com\/pl\/"},{"@type":"ListItem","position":2,"name":"Podstawy korzystania z EMDR w coachingu z REMSTIM 3000","item":"https:\/\/remstim.com\/pl\/podstawy-korzystania-z-emdr-w-coachingu-z-remstim-3000\/"},{"@type":"ListItem","position":3,"name":"Wa\u017cne informacje"}]},{"@type":"WebSite","@id":"https:\/\/remstim.com\/pl\/#website","url":"https:\/\/remstim.com\/pl\/","name":"EMDR Ger\u00e4t REMSTIM 3000 gegen Stress","description":"Wie wir schnell Entspannung finden.","publisher":{"@id":"https:\/\/remstim.com\/pl\/#organization"},"potentialAction":[{"@type":"SearchAction","target":{"@type":"EntryPoint","urlTemplate":"https:\/\/remstim.com\/pl\/?s={search_term_string}"},"query-input":{"@type":"PropertyValueSpecification","valueRequired":true,"valueName":"search_term_string"}}],"inLanguage":"pl-PL"},{"@type":"Organization","@id":"https:\/\/remstim.com\/pl\/#organization","name":"EMDR Ger\u00e4t REMSTIM 3000 gegen Stress","url":"https:\/\/remstim.com\/pl\/","logo":{"@type":"ImageObject","inLanguage":"pl-PL","@id":"https:\/\/remstim.com\/pl\/#\/schema\/logo\/image\/","url":"https:\/\/remstim.com\/wp-content\/uploads\/2012\/06\/REMSTIM-Logo-mit-Untertitel_orange-e1340382850185.png","contentUrl":"https:\/\/remstim.com\/wp-content\/uploads\/2012\/06\/REMSTIM-Logo-mit-Untertitel_orange-e1340382850185.png","width":304,"height":80,"caption":"EMDR Ger\u00e4t REMSTIM 3000 gegen Stress"},"image":{"@id":"https:\/\/remstim.com\/pl\/#\/schema\/logo\/image\/"}}]}},"_links":{"self":[{"href":"https:\/\/remstim.com\/pl\/wp-json\/wp\/v2\/pages\/19940","targetHints":{"allow":["GET"]}}],"collection":[{"href":"https:\/\/remstim.com\/pl\/wp-json\/wp\/v2\/pages"}],"about":[{"href":"https:\/\/remstim.com\/pl\/wp-json\/wp\/v2\/types\/page"}],"author":[{"embeddable":true,"href":"https:\/\/remstim.com\/pl\/wp-json\/wp\/v2\/users\/1"}],"replies":[{"embeddable":true,"href":"https:\/\/remstim.com\/pl\/wp-json\/wp\/v2\/comments?post=19940"}],"version-history":[{"count":0,"href":"https:\/\/remstim.com\/pl\/wp-json\/wp\/v2\/pages\/19940\/revisions"}],"up":[{"embeddable":true,"href":"https:\/\/remstim.com\/pl\/wp-json\/wp\/v2\/pages\/19939"}],"wp:attachment":[{"href":"https:\/\/remstim.com\/pl\/wp-json\/wp\/v2\/media?parent=19940"}],"curies":[{"name":"wp","href":"https:\/\/api.w.org\/{rel}","templated":true}]}}