{"id":19942,"date":"2011-06-08T14:25:45","date_gmt":"2011-06-08T14:25:45","guid":{"rendered":"https:\/\/remstim.de\/remstim-3000\/uwaga-zgodnie-z-ustawa-o-bateriach-battg\/"},"modified":"2023-09-15T07:30:48","modified_gmt":"2023-09-15T07:30:48","slug":"uwaga-zgodnie-z-ustawa-o-bateriach-battg","status":"publish","type":"page","link":"https:\/\/remstim.com\/pl\/remstim-3000\/uwaga-zgodnie-z-ustawa-o-bateriach-battg\/","title":{"rendered":"Uwaga zgodnie z ustaw\u0105 o bateriach (BattG)"},"content":{"rendered":"<h1>Uwaga zgodnie z ustaw\u0105 o bateriach (BattG)<\/h1>\n<p style=\"text-align: justify;\"><img decoding=\"async\" class=\"alignleft size-full wp-image-1143\" style=\"margin: 5px; border: 3px solid white;\" title=\"pojemnik na baterie\" src=\"https:\/\/remstim.com\/wp-content\/uploads\/2011\/06\/batteriegesetz-muelltonne.jpg\" alt=\"\" width=\"170\" height=\"175\"><a title=\"REMSTIM 3000\" href=\"https:\/\/remstim.com\/pl\/remstim-3000\/\">REMSTIM 3000<\/a> jest zasilany <a title=\"Informacje na temat baterii guzikowej REMSTIM 3000\" href=\"https:\/\/remstim.com\/pl\/remstim-3000\/informacje-na-temat-baterii-guzikowej-remstim-3000\/\">bateri\u0105<\/a>, kt\u00f3ra jest do\u0142\u0105czona do zestawu. W zwi\u0105zku z tym, zgodnie z ustaw\u0105 o bateriach (BattG), jeste\u015bmy zobowi\u0105zani do poinformowania u\u017cytkownika o nast\u0119puj\u0105cych kwestiach:<\/p>\n<p style=\"text-align: justify;\"><strong>Baterie i akumulatory nie mog\u0105 by\u0107 wyrzucane do odpad\u00f3w domowych. U\u017cytkownik jest prawnie zobowi\u0105zany do zwrotu zu\u017cytych baterii i akumulator\u00f3w!<\/strong><\/p>\n<p style=\"text-align: justify;\">Zu\u017cyte baterie mog\u0105 zawiera\u0107 szkodliwe substancje, kt\u00f3re mog\u0105 zaszkodzi\u0107 \u015brodowisku lub zdrowiu, je\u015bli nie s\u0105 prawid\u0142owo przechowywane lub utylizowane. Jednak baterie zawieraj\u0105 r\u00f3wnie\u017c wa\u017cne surowce, takie jak \u017celazo, cynk, mangan lub nikiel i s\u0105 poddawane recyklingowi.<\/p>\n<p style=\"text-align: justify;\">Po u\u017cyciu mo\u017cna wymieni\u0107 baterie<\/p>\n<ul style=\"text-align: justify;\">\n<li>zwrot do nas (Thomas P.H. Buhl Coaching Instrumente, Am Dachsbau 59, 13503 Berlin)<\/li>\n<li>lub w bezpo\u015brednim s\u0105siedztwie (np. w sklepach lub punktach zbi\u00f3rki odpad\u00f3w komunalnych) bezp\u0142atnie.<\/li>\n<\/ul>\n<p style=\"text-align: justify;\">Dystrybucja w punktach sprzeda\u017cy jest ograniczona do ilo\u015bci zwyczajowo utylizowanych przez u\u017cytkownik\u00f3w ko\u0144cowych oraz do tych zu\u017cytych baterii, kt\u00f3re dystrybutor posiada lub posiada\u0142 jako nowe baterie w swoim asortymencie.<\/p>\n<p style=\"text-align: justify;\">Przekre\u015blony kosz na \u015bmieci oznacza, \u017ce nie wolno wyrzuca\u0107 baterii i akumulator\u00f3w do odpad\u00f3w domowych.<\/p>\n<p style=\"text-align: justify;\"><strong>Znaki pod koszem na baterie i akumulatory oznaczaj\u0105:<\/strong><\/p>\n<ul style=\"text-align: justify;\">\n<li>Pb: Bateria zawiera o\u0142\u00f3w<\/li>\n<li>Cd: Bateria zawiera kadm<\/li>\n<li>Hg: Bateria zawiera rt\u0119\u0107<\/li>\n<\/ul>\n<p style=\"text-align: justify;\">Informacje te znajduj\u0105 si\u0119 r\u00f3wnie\u017c w dokumentacji towarzysz\u0105cej<a title=\"Instrukcja obs\u0142ugi REMSTIM 3000\" href=\"https:\/\/remstim.com\/pl\/remstim-3000\/instrukcja-obslugi-remstim-3000\/\">(instrukcji obs\u0142ugi<\/a>) <a title=\"REMSTIM 3000\" href=\"https:\/\/remstim.com\/pl\/remstim-3000\/\">REMSTIM 3000<\/a>.<\/p>\n","protected":false},"excerpt":{"rendered":"<p>Uwaga zgodnie z ustaw\u0105 o bateriach (BattG) REMSTIM 3000 jest zasilany bateri\u0105, kt\u00f3ra jest do\u0142\u0105czona do zestawu. W zwi\u0105zku z tym, zgodnie z ustaw\u0105 o bateriach (BattG), jeste\u015bmy zobowi\u0105zani do poinformowania u\u017cytkownika o nast\u0119puj\u0105cych kwestiach: Baterie i akumulatory nie mog\u0105 by\u0107 wyrzucane do odpad\u00f3w domowych. U\u017cytkownik jest prawnie zobowi\u0105zany do zwrotu zu\u017cytych baterii i akumulator\u00f3w! [&hellip;]<\/p>\n","protected":false},"author":1,"featured_media":0,"parent":19929,"menu_order":10,"comment_status":"closed","ping_status":"closed","template":"","meta":{"_acf_changed":false,"site-sidebar-layout":"default","site-content-layout":"default","ast-site-content-layout":"default","site-content-style":"default","site-sidebar-style":"default","ast-global-header-display":"","ast-banner-title-visibility":"","ast-main-header-display":"","ast-hfb-above-header-display":"","ast-hfb-below-header-display":"","ast-hfb-mobile-header-display":"","site-post-title":"","ast-breadcrumbs-content":"","ast-featured-img":"","footer-sml-layout":"","ast-disable-related-posts":"","theme-transparent-header-meta":"default","adv-header-id-meta":"","stick-header-meta":"default","header-above-stick-meta":"","header-main-stick-meta":"","header-below-stick-meta":"","astra-migrate-meta-layouts":"default","ast-page-background-enabled":"default","ast-page-background-meta":{"desktop":{"background-color":"var(--ast-global-color-4)","background-image":"","background-repeat":"repeat","background-position":"center center","background-size":"auto","background-attachment":"scroll","background-type":"","background-media":"","overlay-type":"","overlay-color":"","overlay-opacity":"","overlay-gradient":""},"tablet":{"background-color":"","background-image":"","background-repeat":"repeat","background-position":"center center","background-size":"auto","background-attachment":"scroll","background-type":"","background-media":"","overlay-type":"","overlay-color":"","overlay-opacity":"","overlay-gradient":""},"mobile":{"background-color":"","background-image":"","background-repeat":"repeat","background-position":"center center","background-size":"auto","background-attachment":"scroll","background-type":"","background-media":"","overlay-type":"","overlay-color":"","overlay-opacity":"","overlay-gradient":""}},"ast-content-background-meta":{"desktop":{"background-color":"var(--ast-global-color-5)","background-image":"","background-repeat":"repeat","background-position":"center center","background-size":"auto","background-attachment":"scroll","background-type":"","background-media":"","overlay-type":"","overlay-color":"","overlay-opacity":"","overlay-gradient":""},"tablet":{"background-color":"var(--ast-global-color-5)","background-image":"","background-repeat":"repeat","background-position":"center center","background-size":"auto","background-attachment":"scroll","background-type":"","background-media":"","overlay-type":"","overlay-color":"","overlay-opacity":"","overlay-gradient":""},"mobile":{"background-color":"var(--ast-global-color-5)","background-image":"","background-repeat":"repeat","background-position":"center center","background-size":"auto","background-attachment":"scroll","background-type":"","background-media":"","overlay-type":"","overlay-color":"","overlay-opacity":"","overlay-gradient":""}},"footnotes":""},"class_list":["post-19942","page","type-page","status-publish","hentry"],"acf":[],"yoast_head":"<!-- This site is optimized with the Yoast SEO plugin v27.4 - https:\/\/yoast.com\/product\/yoast-seo-wordpress\/ -->\n<title>Uwaga zgodnie z ustaw\u0105 o bateriach (BattG) - EMDR Ger\u00e4t REMSTIM 3000 gegen Stress<\/title>\n<meta name=\"robots\" content=\"noindex, nofollow\" \/>\n<meta property=\"og:locale\" content=\"pl_PL\" \/>\n<meta property=\"og:type\" content=\"article\" \/>\n<meta property=\"og:title\" content=\"Uwaga zgodnie z ustaw\u0105 o bateriach (BattG) - EMDR Ger\u00e4t REMSTIM 3000 gegen Stress\" \/>\n<meta property=\"og:description\" content=\"Uwaga zgodnie z ustaw\u0105 o bateriach (BattG) REMSTIM 3000 jest zasilany bateri\u0105, kt\u00f3ra jest do\u0142\u0105czona do zestawu. W zwi\u0105zku z tym, zgodnie z ustaw\u0105 o bateriach (BattG), jeste\u015bmy zobowi\u0105zani do poinformowania u\u017cytkownika o nast\u0119puj\u0105cych kwestiach: Baterie i akumulatory nie mog\u0105 by\u0107 wyrzucane do odpad\u00f3w domowych. U\u017cytkownik jest prawnie zobowi\u0105zany do zwrotu zu\u017cytych baterii i akumulator\u00f3w! [&hellip;]\" \/>\n<meta property=\"og:url\" content=\"https:\/\/remstim.com\/pl\/remstim-3000\/uwaga-zgodnie-z-ustawa-o-bateriach-battg\/\" \/>\n<meta property=\"og:site_name\" content=\"EMDR Ger\u00e4t REMSTIM 3000 gegen Stress\" \/>\n<meta property=\"article:modified_time\" content=\"2023-09-15T07:30:48+00:00\" \/>\n<meta property=\"og:image\" content=\"https:\/\/remstim.com\/wp-content\/uploads\/2011\/06\/batteriegesetz-muelltonne.jpg\" \/>\n<meta name=\"twitter:label1\" content=\"Szacowany czas czytania\" \/>\n\t<meta name=\"twitter:data1\" content=\"2 minuty\" \/>\n<script type=\"application\/ld+json\" class=\"yoast-schema-graph\">{\"@context\":\"https:\\\/\\\/schema.org\",\"@graph\":[{\"@type\":\"WebPage\",\"@id\":\"https:\\\/\\\/remstim.com\\\/pl\\\/remstim-3000\\\/uwaga-zgodnie-z-ustawa-o-bateriach-battg\\\/\",\"url\":\"https:\\\/\\\/remstim.com\\\/pl\\\/remstim-3000\\\/uwaga-zgodnie-z-ustawa-o-bateriach-battg\\\/\",\"name\":\"Uwaga zgodnie z ustaw\u0105 o bateriach (BattG) - EMDR Ger\u00e4t REMSTIM 3000 gegen Stress\",\"isPartOf\":{\"@id\":\"https:\\\/\\\/remstim.com\\\/pl\\\/#website\"},\"primaryImageOfPage\":{\"@id\":\"https:\\\/\\\/remstim.com\\\/pl\\\/remstim-3000\\\/uwaga-zgodnie-z-ustawa-o-bateriach-battg\\\/#primaryimage\"},\"image\":{\"@id\":\"https:\\\/\\\/remstim.com\\\/pl\\\/remstim-3000\\\/uwaga-zgodnie-z-ustawa-o-bateriach-battg\\\/#primaryimage\"},\"thumbnailUrl\":\"https:\\\/\\\/remstim.com\\\/wp-content\\\/uploads\\\/2011\\\/06\\\/batteriegesetz-muelltonne.jpg\",\"datePublished\":\"2011-06-08T14:25:45+00:00\",\"dateModified\":\"2023-09-15T07:30:48+00:00\",\"breadcrumb\":{\"@id\":\"https:\\\/\\\/remstim.com\\\/pl\\\/remstim-3000\\\/uwaga-zgodnie-z-ustawa-o-bateriach-battg\\\/#breadcrumb\"},\"inLanguage\":\"pl-PL\",\"potentialAction\":[{\"@type\":\"ReadAction\",\"target\":[\"https:\\\/\\\/remstim.com\\\/pl\\\/remstim-3000\\\/uwaga-zgodnie-z-ustawa-o-bateriach-battg\\\/\"]}]},{\"@type\":\"ImageObject\",\"inLanguage\":\"pl-PL\",\"@id\":\"https:\\\/\\\/remstim.com\\\/pl\\\/remstim-3000\\\/uwaga-zgodnie-z-ustawa-o-bateriach-battg\\\/#primaryimage\",\"url\":\"https:\\\/\\\/remstim.com\\\/wp-content\\\/uploads\\\/2011\\\/06\\\/batteriegesetz-muelltonne.jpg\",\"contentUrl\":\"https:\\\/\\\/remstim.com\\\/wp-content\\\/uploads\\\/2011\\\/06\\\/batteriegesetz-muelltonne.jpg\"},{\"@type\":\"BreadcrumbList\",\"@id\":\"https:\\\/\\\/remstim.com\\\/pl\\\/remstim-3000\\\/uwaga-zgodnie-z-ustawa-o-bateriach-battg\\\/#breadcrumb\",\"itemListElement\":[{\"@type\":\"ListItem\",\"position\":1,\"name\":\"Startseite\",\"item\":\"https:\\\/\\\/remstim.com\\\/pl\\\/\"},{\"@type\":\"ListItem\",\"position\":2,\"name\":\"Gogle EMDR REMSTIM 3000\",\"item\":\"https:\\\/\\\/remstim.com\\\/pl\\\/remstim-3000\\\/\"},{\"@type\":\"ListItem\",\"position\":3,\"name\":\"Uwaga zgodnie z ustaw\u0105 o bateriach (BattG)\"}]},{\"@type\":\"WebSite\",\"@id\":\"https:\\\/\\\/remstim.com\\\/pl\\\/#website\",\"url\":\"https:\\\/\\\/remstim.com\\\/pl\\\/\",\"name\":\"EMDR Ger\u00e4t REMSTIM 3000 gegen Stress\",\"description\":\"Wie wir schnell Entspannung finden.\",\"publisher\":{\"@id\":\"https:\\\/\\\/remstim.com\\\/pl\\\/#organization\"},\"potentialAction\":[{\"@type\":\"SearchAction\",\"target\":{\"@type\":\"EntryPoint\",\"urlTemplate\":\"https:\\\/\\\/remstim.com\\\/pl\\\/?s={search_term_string}\"},\"query-input\":{\"@type\":\"PropertyValueSpecification\",\"valueRequired\":true,\"valueName\":\"search_term_string\"}}],\"inLanguage\":\"pl-PL\"},{\"@type\":\"Organization\",\"@id\":\"https:\\\/\\\/remstim.com\\\/pl\\\/#organization\",\"name\":\"EMDR Ger\u00e4t REMSTIM 3000 gegen Stress\",\"url\":\"https:\\\/\\\/remstim.com\\\/pl\\\/\",\"logo\":{\"@type\":\"ImageObject\",\"inLanguage\":\"pl-PL\",\"@id\":\"https:\\\/\\\/remstim.com\\\/pl\\\/#\\\/schema\\\/logo\\\/image\\\/\",\"url\":\"https:\\\/\\\/remstim.com\\\/wp-content\\\/uploads\\\/2012\\\/06\\\/REMSTIM-Logo-mit-Untertitel_orange-e1340382850185.png\",\"contentUrl\":\"https:\\\/\\\/remstim.com\\\/wp-content\\\/uploads\\\/2012\\\/06\\\/REMSTIM-Logo-mit-Untertitel_orange-e1340382850185.png\",\"width\":304,\"height\":80,\"caption\":\"EMDR Ger\u00e4t REMSTIM 3000 gegen Stress\"},\"image\":{\"@id\":\"https:\\\/\\\/remstim.com\\\/pl\\\/#\\\/schema\\\/logo\\\/image\\\/\"}}]}<\/script>\n<!-- \/ Yoast SEO plugin. -->","yoast_head_json":{"title":"Uwaga zgodnie z ustaw\u0105 o bateriach (BattG) - EMDR Ger\u00e4t REMSTIM 3000 gegen Stress","robots":{"index":"noindex","follow":"nofollow"},"og_locale":"pl_PL","og_type":"article","og_title":"Uwaga zgodnie z ustaw\u0105 o bateriach (BattG) - EMDR Ger\u00e4t REMSTIM 3000 gegen Stress","og_description":"Uwaga zgodnie z ustaw\u0105 o bateriach (BattG) REMSTIM 3000 jest zasilany bateri\u0105, kt\u00f3ra jest do\u0142\u0105czona do zestawu. W zwi\u0105zku z tym, zgodnie z ustaw\u0105 o bateriach (BattG), jeste\u015bmy zobowi\u0105zani do poinformowania u\u017cytkownika o nast\u0119puj\u0105cych kwestiach: Baterie i akumulatory nie mog\u0105 by\u0107 wyrzucane do odpad\u00f3w domowych. U\u017cytkownik jest prawnie zobowi\u0105zany do zwrotu zu\u017cytych baterii i akumulator\u00f3w! [&hellip;]","og_url":"https:\/\/remstim.com\/pl\/remstim-3000\/uwaga-zgodnie-z-ustawa-o-bateriach-battg\/","og_site_name":"EMDR Ger\u00e4t REMSTIM 3000 gegen Stress","article_modified_time":"2023-09-15T07:30:48+00:00","og_image":[{"url":"https:\/\/remstim.com\/wp-content\/uploads\/2011\/06\/batteriegesetz-muelltonne.jpg","type":"","width":"","height":""}],"twitter_misc":{"Szacowany czas czytania":"2 minuty"},"schema":{"@context":"https:\/\/schema.org","@graph":[{"@type":"WebPage","@id":"https:\/\/remstim.com\/pl\/remstim-3000\/uwaga-zgodnie-z-ustawa-o-bateriach-battg\/","url":"https:\/\/remstim.com\/pl\/remstim-3000\/uwaga-zgodnie-z-ustawa-o-bateriach-battg\/","name":"Uwaga zgodnie z ustaw\u0105 o bateriach (BattG) - EMDR Ger\u00e4t REMSTIM 3000 gegen Stress","isPartOf":{"@id":"https:\/\/remstim.com\/pl\/#website"},"primaryImageOfPage":{"@id":"https:\/\/remstim.com\/pl\/remstim-3000\/uwaga-zgodnie-z-ustawa-o-bateriach-battg\/#primaryimage"},"image":{"@id":"https:\/\/remstim.com\/pl\/remstim-3000\/uwaga-zgodnie-z-ustawa-o-bateriach-battg\/#primaryimage"},"thumbnailUrl":"https:\/\/remstim.com\/wp-content\/uploads\/2011\/06\/batteriegesetz-muelltonne.jpg","datePublished":"2011-06-08T14:25:45+00:00","dateModified":"2023-09-15T07:30:48+00:00","breadcrumb":{"@id":"https:\/\/remstim.com\/pl\/remstim-3000\/uwaga-zgodnie-z-ustawa-o-bateriach-battg\/#breadcrumb"},"inLanguage":"pl-PL","potentialAction":[{"@type":"ReadAction","target":["https:\/\/remstim.com\/pl\/remstim-3000\/uwaga-zgodnie-z-ustawa-o-bateriach-battg\/"]}]},{"@type":"ImageObject","inLanguage":"pl-PL","@id":"https:\/\/remstim.com\/pl\/remstim-3000\/uwaga-zgodnie-z-ustawa-o-bateriach-battg\/#primaryimage","url":"https:\/\/remstim.com\/wp-content\/uploads\/2011\/06\/batteriegesetz-muelltonne.jpg","contentUrl":"https:\/\/remstim.com\/wp-content\/uploads\/2011\/06\/batteriegesetz-muelltonne.jpg"},{"@type":"BreadcrumbList","@id":"https:\/\/remstim.com\/pl\/remstim-3000\/uwaga-zgodnie-z-ustawa-o-bateriach-battg\/#breadcrumb","itemListElement":[{"@type":"ListItem","position":1,"name":"Startseite","item":"https:\/\/remstim.com\/pl\/"},{"@type":"ListItem","position":2,"name":"Gogle EMDR REMSTIM 3000","item":"https:\/\/remstim.com\/pl\/remstim-3000\/"},{"@type":"ListItem","position":3,"name":"Uwaga zgodnie z ustaw\u0105 o bateriach (BattG)"}]},{"@type":"WebSite","@id":"https:\/\/remstim.com\/pl\/#website","url":"https:\/\/remstim.com\/pl\/","name":"EMDR Ger\u00e4t REMSTIM 3000 gegen Stress","description":"Wie wir schnell Entspannung finden.","publisher":{"@id":"https:\/\/remstim.com\/pl\/#organization"},"potentialAction":[{"@type":"SearchAction","target":{"@type":"EntryPoint","urlTemplate":"https:\/\/remstim.com\/pl\/?s={search_term_string}"},"query-input":{"@type":"PropertyValueSpecification","valueRequired":true,"valueName":"search_term_string"}}],"inLanguage":"pl-PL"},{"@type":"Organization","@id":"https:\/\/remstim.com\/pl\/#organization","name":"EMDR Ger\u00e4t REMSTIM 3000 gegen Stress","url":"https:\/\/remstim.com\/pl\/","logo":{"@type":"ImageObject","inLanguage":"pl-PL","@id":"https:\/\/remstim.com\/pl\/#\/schema\/logo\/image\/","url":"https:\/\/remstim.com\/wp-content\/uploads\/2012\/06\/REMSTIM-Logo-mit-Untertitel_orange-e1340382850185.png","contentUrl":"https:\/\/remstim.com\/wp-content\/uploads\/2012\/06\/REMSTIM-Logo-mit-Untertitel_orange-e1340382850185.png","width":304,"height":80,"caption":"EMDR Ger\u00e4t REMSTIM 3000 gegen Stress"},"image":{"@id":"https:\/\/remstim.com\/pl\/#\/schema\/logo\/image\/"}}]}},"_links":{"self":[{"href":"https:\/\/remstim.com\/pl\/wp-json\/wp\/v2\/pages\/19942","targetHints":{"allow":["GET"]}}],"collection":[{"href":"https:\/\/remstim.com\/pl\/wp-json\/wp\/v2\/pages"}],"about":[{"href":"https:\/\/remstim.com\/pl\/wp-json\/wp\/v2\/types\/page"}],"author":[{"embeddable":true,"href":"https:\/\/remstim.com\/pl\/wp-json\/wp\/v2\/users\/1"}],"replies":[{"embeddable":true,"href":"https:\/\/remstim.com\/pl\/wp-json\/wp\/v2\/comments?post=19942"}],"version-history":[{"count":0,"href":"https:\/\/remstim.com\/pl\/wp-json\/wp\/v2\/pages\/19942\/revisions"}],"up":[{"embeddable":true,"href":"https:\/\/remstim.com\/pl\/wp-json\/wp\/v2\/pages\/19929"}],"wp:attachment":[{"href":"https:\/\/remstim.com\/pl\/wp-json\/wp\/v2\/media?parent=19942"}],"curies":[{"name":"wp","href":"https:\/\/api.w.org\/{rel}","templated":true}]}}