{"id":19945,"date":"2011-11-05T15:33:08","date_gmt":"2011-11-05T15:33:08","guid":{"rendered":"https:\/\/remstim.de\/krok-6-autocoachingu-emdr-zakotwiczenie-do-konkluzji\/"},"modified":"2023-09-15T07:40:05","modified_gmt":"2023-09-15T07:40:05","slug":"krok-6-autocoachingu-emdr-zakotwiczenie-do-konkluzji","status":"publish","type":"page","link":"https:\/\/remstim.com\/pl\/self-coach-w-6-krokach-z-emdr-dzieki-remstim-3000\/krok-6-autocoachingu-emdr-zakotwiczenie-do-konkluzji\/","title":{"rendered":"Krok 6 autocoachingu EMDR: Zakotwiczenie do konkluzji"},"content":{"rendered":"<p>Powr\u00f3t do <a title=\"Krok 5 autocoachingu: Ujawnianie i przetwarzanie szcz\u0105tkowych uczu\u0107\" href=\"https:\/\/remstim.com\/pl\/self-coach-w-6-krokach-z-emdr-dzieki-remstim-3000\/krok-5-autocoachingu-emdr-ujawnianie-i-przetwarzanie-pozostalych-doznan\/\">pi\u0105tego kroku autocoachingu: przetwarzanie szcz\u0105tkowych uczu\u0107<\/a>&#8230;<\/p>\n\t\t<div data-elementor-type=\"section\" data-elementor-id=\"20316\" class=\"elementor elementor-20316 elementor-9827\" data-elementor-post-type=\"elementor_library\">\n\t\t\t\t\t<section class=\"elementor-section elementor-top-section elementor-element elementor-element-6f1aa144 elementor-section-full_width elementor-section-height-default elementor-section-height-default\" data-id=\"6f1aa144\" data-element_type=\"section\" data-e-type=\"section\">\n\t\t\t\t\t\t<div class=\"elementor-container elementor-column-gap-default\">\n\t\t\t\t\t<div class=\"elementor-column elementor-col-100 elementor-top-column elementor-element elementor-element-6306df32\" data-id=\"6306df32\" data-element_type=\"column\" data-e-type=\"column\">\n\t\t\t<div class=\"elementor-widget-wrap elementor-element-populated\">\n\t\t\t\t\t\t<section class=\"elementor-section elementor-inner-section elementor-element elementor-element-13cb2856 elementor-section-full_width elementor-section-height-default elementor-section-height-default\" data-id=\"13cb2856\" data-element_type=\"section\" data-e-type=\"section\">\n\t\t\t\t\t\t<div class=\"elementor-container elementor-column-gap-default\">\n\t\t\t\t\t<div class=\"elementor-column elementor-col-100 elementor-inner-column elementor-element elementor-element-47402917\" data-id=\"47402917\" data-element_type=\"column\" data-e-type=\"column\">\n\t\t\t<div class=\"elementor-widget-wrap elementor-element-populated\">\n\t\t\t\t\t\t<div class=\"elementor-element elementor-element-250da3f9 elementor-widget elementor-widget-heading\" data-id=\"250da3f9\" data-element_type=\"widget\" data-e-type=\"widget\" data-widget_type=\"heading.default\">\n\t\t\t\t<div class=\"elementor-widget-container\">\n\t\t\t\t\t<h2 class=\"elementor-heading-title elementor-size-default\">Krok 6 samodzielnego coachingu EMDR z REMSTIM 3000:\nZakotwiczenie na ko\u0144cu<\/h2>\t\t\t\t<\/div>\n\t\t\t\t<\/div>\n\t\t\t\t<div class=\"elementor-element elementor-element-66301eb8 elementor-icon-list--layout-traditional elementor-list-item-link-full_width elementor-widget elementor-widget-icon-list\" data-id=\"66301eb8\" data-element_type=\"widget\" data-e-type=\"widget\" data-widget_type=\"icon-list.default\">\n\t\t\t\t<div class=\"elementor-widget-container\">\n\t\t\t\t\t\t\t<ul class=\"elementor-icon-list-items\">\n\t\t\t\t\t\t\t<li class=\"elementor-icon-list-item\">\n\t\t\t\t\t\t\t\t\t\t\t<span class=\"elementor-icon-list-icon\">\n\t\t\t\t\t\t\t<i aria-hidden=\"true\" class=\"fas fa-arrow-right\"><\/i>\t\t\t\t\t\t<\/span>\n\t\t\t\t\t\t\t\t\t\t<span class=\"elementor-icon-list-text\">Teraz pomy\u015bl o swoim temacie i zwr\u00f3\u0107 uwag\u0119 na pierwsz\u0105 pozytywn\u0105 my\u015bl, kt\u00f3ra przychodzi ci do g\u0142owy.<\/span>\n\t\t\t\t\t\t\t\t\t<\/li>\n\t\t\t\t\t\t\t\t<li class=\"elementor-icon-list-item\">\n\t\t\t\t\t\t\t\t\t\t\t<span class=\"elementor-icon-list-icon\">\n\t\t\t\t\t\t\t<i aria-hidden=\"true\" class=\"fas fa-arrow-right\"><\/i>\t\t\t\t\t\t<\/span>\n\t\t\t\t\t\t\t\t\t\t<span class=\"elementor-icon-list-text\">Powtarzaj t\u0119 przyjemn\u0105 my\u015bl w swoim umy\u015ble raz za razem. Interweniuj teraz za pomoc\u0105 REMSTIM 3000 - wybierz nisk\u0105 <a href=\"https:\/\/remstim.com\/glossary\/geschwindigkeit\/\">pr\u0119dko\u015b\u0107<\/a> \u015bwiat\u0142a.<\/span>\n\t\t\t\t\t\t\t\t\t<\/li>\n\t\t\t\t\t\t\t\t<li class=\"elementor-icon-list-item\">\n\t\t\t\t\t\t\t\t\t\t\t<span class=\"elementor-icon-list-icon\">\n\t\t\t\t\t\t\t<i aria-hidden=\"true\" class=\"fas fa-arrow-right\"><\/i>\t\t\t\t\t\t<\/span>\n\t\t\t\t\t\t\t\t\t\t<span class=\"elementor-icon-list-text\">Oddychaj spokojnie i regularnie i powtarzaj swoj\u0105 przyjemn\u0105 my\u015bl.<\/span>\n\t\t\t\t\t\t\t\t\t<\/li>\n\t\t\t\t\t\t<\/ul>\n\t\t\t\t\t\t<\/div>\n\t\t\t\t<\/div>\n\t\t\t\t<div class=\"elementor-element elementor-element-10f0835f elementor-widget elementor-widget-text-editor\" data-id=\"10f0835f\" data-element_type=\"widget\" data-e-type=\"widget\" data-widget_type=\"text-editor.default\">\n\t\t\t\t<div class=\"elementor-widget-container\">\n\t\t\t\t\t\t\t\t\t<p>Po zastosowaniu REMSTIM 3000 nale\u017cy wykona\u0107 g\u0142\u0119boki wdech i wydech.<\/p>\n\t\t\t\t\t\t\t\t<\/div>\n\t\t\t\t<\/div>\n\t\t\t\t<div class=\"elementor-element elementor-element-7150702a elementor-widget elementor-widget-text-editor\" data-id=\"7150702a\" data-element_type=\"widget\" data-e-type=\"widget\" data-widget_type=\"text-editor.default\">\n\t\t\t\t<div class=\"elementor-widget-container\">\n\t\t\t\t\t\t\t\t\t<p>Teraz ponownie oce\u0144 zakres swojego subiektywnego dotyku. kiedy my\u015blisz o swoim temacie:<\/p>\n\t\t\t\t\t\t\t\t<\/div>\n\t\t\t\t<\/div>\n\t\t\t\t<div class=\"elementor-element elementor-element-3bfce16c elementor-widget elementor-widget-image\" data-id=\"3bfce16c\" data-element_type=\"widget\" data-e-type=\"widget\" data-widget_type=\"image.default\">\n\t\t\t\t<div class=\"elementor-widget-container\">\n\t\t\t\t\t\t\t\t\t\t\t\t\t\t\t<img decoding=\"async\" width=\"411\" height=\"74\" src=\"https:\/\/remstim.com\/wp-content\/uploads\/2016\/04\/Smiley.jpg\" class=\"attachment-large size-large wp-image-19746\" alt=\"\" srcset=\"https:\/\/remstim.com\/wp-content\/uploads\/2016\/04\/Smiley.jpg 411w, https:\/\/remstim.com\/wp-content\/uploads\/2016\/04\/Smiley-300x54.jpg 300w\" sizes=\"(max-width: 411px) 100vw, 411px\" \/>\t\t\t\t\t\t\t\t\t\t\t\t\t\t\t<\/div>\n\t\t\t\t<\/div>\n\t\t\t\t\t<\/div>\n\t\t<\/div>\n\t\t\t\t\t<\/div>\n\t\t<\/section>\n\t\t\t\t\t<\/div>\n\t\t<\/div>\n\t\t\t\t\t<\/div>\n\t\t<\/section>\n\t\t\t\t<\/div>\n\t\t\n<p>Kontynuuj, aby <a title=\"Pobierz przewodnik EMDR Self-Coaching w 6 krokach\" href=\"https:\/\/remstim.com\/pl\/self-coach-w-6-krokach-z-emdr-dzieki-remstim-3000\/pobierz-przewodnik-emdr-self-coaching-w-6-krokach\/\">pobra\u0107 przewodnik EMDR Self-Coaching w 6 krokach<\/a><\/p>\n","protected":false},"excerpt":{"rendered":"<p>Powr\u00f3t do pi\u0105tego kroku autocoachingu: przetwarzanie szcz\u0105tkowych uczu\u0107&#8230; Kontynuuj, aby pobra\u0107 przewodnik EMDR Self-Coaching w 6 krokach<\/p>\n","protected":false},"author":1,"featured_media":0,"parent":19976,"menu_order":6,"comment_status":"closed","ping_status":"closed","template":"","meta":{"_acf_changed":false,"site-sidebar-layout":"default","site-content-layout":"default","ast-site-content-layout":"default","site-content-style":"default","site-sidebar-style":"default","ast-global-header-display":"","ast-banner-title-visibility":"","ast-main-header-display":"","ast-hfb-above-header-display":"","ast-hfb-below-header-display":"","ast-hfb-mobile-header-display":"","site-post-title":"","ast-breadcrumbs-content":"","ast-featured-img":"","footer-sml-layout":"","ast-disable-related-posts":"","theme-transparent-header-meta":"default","adv-header-id-meta":"","stick-header-meta":"default","header-above-stick-meta":"","header-main-stick-meta":"","header-below-stick-meta":"","astra-migrate-meta-layouts":"default","ast-page-background-enabled":"default","ast-page-background-meta":{"desktop":{"background-color":"var(--ast-global-color-4)","background-image":"","background-repeat":"repeat","background-position":"center center","background-size":"auto","background-attachment":"scroll","background-type":"","background-media":"","overlay-type":"","overlay-color":"","overlay-opacity":"","overlay-gradient":""},"tablet":{"background-color":"","background-image":"","background-repeat":"repeat","background-position":"center center","background-size":"auto","background-attachment":"scroll","background-type":"","background-media":"","overlay-type":"","overlay-color":"","overlay-opacity":"","overlay-gradient":""},"mobile":{"background-color":"","background-image":"","background-repeat":"repeat","background-position":"center center","background-size":"auto","background-attachment":"scroll","background-type":"","background-media":"","overlay-type":"","overlay-color":"","overlay-opacity":"","overlay-gradient":""}},"ast-content-background-meta":{"desktop":{"background-color":"var(--ast-global-color-5)","background-image":"","background-repeat":"repeat","background-position":"center center","background-size":"auto","background-attachment":"scroll","background-type":"","background-media":"","overlay-type":"","overlay-color":"","overlay-opacity":"","overlay-gradient":""},"tablet":{"background-color":"var(--ast-global-color-5)","background-image":"","background-repeat":"repeat","background-position":"center center","background-size":"auto","background-attachment":"scroll","background-type":"","background-media":"","overlay-type":"","overlay-color":"","overlay-opacity":"","overlay-gradient":""},"mobile":{"background-color":"var(--ast-global-color-5)","background-image":"","background-repeat":"repeat","background-position":"center center","background-size":"auto","background-attachment":"scroll","background-type":"","background-media":"","overlay-type":"","overlay-color":"","overlay-opacity":"","overlay-gradient":""}},"footnotes":""},"class_list":["post-19945","page","type-page","status-publish","hentry"],"acf":[],"yoast_head":"<!-- This site is optimized with the Yoast SEO plugin v27.3 - https:\/\/yoast.com\/product\/yoast-seo-wordpress\/ -->\n<title>Krok 6 autocoachingu EMDR: Zakotwiczenie do konkluzji<\/title>\n<meta name=\"description\" content=\"Wreszcie, w sz\u00f3stym kroku autocoachingu EMDR z REMSTIM 3000, pozytywne my\u015bli s\u0105 zakotwiczone wok\u00f3\u0142 tematu.\" \/>\n<meta name=\"robots\" content=\"index, follow, max-snippet:-1, max-image-preview:large, max-video-preview:-1\" \/>\n<link rel=\"canonical\" href=\"https:\/\/remstim.com\/pl\/self-coach-w-6-krokach-z-emdr-dzieki-remstim-3000\/krok-6-autocoachingu-emdr-zakotwiczenie-do-konkluzji\/\" \/>\n<meta property=\"og:locale\" content=\"pl_PL\" \/>\n<meta property=\"og:type\" content=\"article\" \/>\n<meta property=\"og:title\" content=\"Krok 6 autocoachingu EMDR: Zakotwiczenie do konkluzji\" \/>\n<meta property=\"og:description\" content=\"Wreszcie, w sz\u00f3stym kroku autocoachingu EMDR z REMSTIM 3000, pozytywne my\u015bli s\u0105 zakotwiczone wok\u00f3\u0142 tematu.\" \/>\n<meta property=\"og:url\" content=\"https:\/\/remstim.com\/pl\/self-coach-w-6-krokach-z-emdr-dzieki-remstim-3000\/krok-6-autocoachingu-emdr-zakotwiczenie-do-konkluzji\/\" \/>\n<meta property=\"og:site_name\" content=\"EMDR Ger\u00e4t REMSTIM 3000 gegen Stress\" \/>\n<meta property=\"article:modified_time\" content=\"2023-09-15T07:40:05+00:00\" \/>\n<meta name=\"twitter:label1\" content=\"Szacowany czas czytania\" \/>\n\t<meta name=\"twitter:data1\" content=\"1 minuta\" \/>\n<script type=\"application\/ld+json\" class=\"yoast-schema-graph\">{\"@context\":\"https:\\\/\\\/schema.org\",\"@graph\":[{\"@type\":\"WebPage\",\"@id\":\"https:\\\/\\\/remstim.com\\\/pl\\\/self-coach-w-6-krokach-z-emdr-dzieki-remstim-3000\\\/krok-6-autocoachingu-emdr-zakotwiczenie-do-konkluzji\\\/\",\"url\":\"https:\\\/\\\/remstim.com\\\/pl\\\/self-coach-w-6-krokach-z-emdr-dzieki-remstim-3000\\\/krok-6-autocoachingu-emdr-zakotwiczenie-do-konkluzji\\\/\",\"name\":\"Krok 6 autocoachingu EMDR: Zakotwiczenie do konkluzji\",\"isPartOf\":{\"@id\":\"https:\\\/\\\/remstim.com\\\/pl\\\/#website\"},\"datePublished\":\"2011-11-05T15:33:08+00:00\",\"dateModified\":\"2023-09-15T07:40:05+00:00\",\"description\":\"Wreszcie, w sz\u00f3stym kroku autocoachingu EMDR z REMSTIM 3000, pozytywne my\u015bli s\u0105 zakotwiczone wok\u00f3\u0142 tematu.\",\"breadcrumb\":{\"@id\":\"https:\\\/\\\/remstim.com\\\/pl\\\/self-coach-w-6-krokach-z-emdr-dzieki-remstim-3000\\\/krok-6-autocoachingu-emdr-zakotwiczenie-do-konkluzji\\\/#breadcrumb\"},\"inLanguage\":\"pl-PL\",\"potentialAction\":[{\"@type\":\"ReadAction\",\"target\":[\"https:\\\/\\\/remstim.com\\\/pl\\\/self-coach-w-6-krokach-z-emdr-dzieki-remstim-3000\\\/krok-6-autocoachingu-emdr-zakotwiczenie-do-konkluzji\\\/\"]}]},{\"@type\":\"BreadcrumbList\",\"@id\":\"https:\\\/\\\/remstim.com\\\/pl\\\/self-coach-w-6-krokach-z-emdr-dzieki-remstim-3000\\\/krok-6-autocoachingu-emdr-zakotwiczenie-do-konkluzji\\\/#breadcrumb\",\"itemListElement\":[{\"@type\":\"ListItem\",\"position\":1,\"name\":\"Startseite\",\"item\":\"https:\\\/\\\/remstim.com\\\/pl\\\/\"},{\"@type\":\"ListItem\",\"position\":2,\"name\":\"Self-coach w 6 krokach z EMDR dzi\u0119ki REMSTIM 3000\",\"item\":\"https:\\\/\\\/remstim.com\\\/pl\\\/self-coach-w-6-krokach-z-emdr-dzieki-remstim-3000\\\/\"},{\"@type\":\"ListItem\",\"position\":3,\"name\":\"Krok 6 autocoachingu EMDR: Zakotwiczenie do konkluzji\"}]},{\"@type\":\"WebSite\",\"@id\":\"https:\\\/\\\/remstim.com\\\/pl\\\/#website\",\"url\":\"https:\\\/\\\/remstim.com\\\/pl\\\/\",\"name\":\"EMDR Ger\u00e4t REMSTIM 3000 gegen Stress\",\"description\":\"Wie wir schnell Entspannung finden.\",\"publisher\":{\"@id\":\"https:\\\/\\\/remstim.com\\\/pl\\\/#organization\"},\"potentialAction\":[{\"@type\":\"SearchAction\",\"target\":{\"@type\":\"EntryPoint\",\"urlTemplate\":\"https:\\\/\\\/remstim.com\\\/pl\\\/?s={search_term_string}\"},\"query-input\":{\"@type\":\"PropertyValueSpecification\",\"valueRequired\":true,\"valueName\":\"search_term_string\"}}],\"inLanguage\":\"pl-PL\"},{\"@type\":\"Organization\",\"@id\":\"https:\\\/\\\/remstim.com\\\/pl\\\/#organization\",\"name\":\"EMDR Ger\u00e4t REMSTIM 3000 gegen Stress\",\"url\":\"https:\\\/\\\/remstim.com\\\/pl\\\/\",\"logo\":{\"@type\":\"ImageObject\",\"inLanguage\":\"pl-PL\",\"@id\":\"https:\\\/\\\/remstim.com\\\/pl\\\/#\\\/schema\\\/logo\\\/image\\\/\",\"url\":\"https:\\\/\\\/remstim.com\\\/wp-content\\\/uploads\\\/2012\\\/06\\\/REMSTIM-Logo-mit-Untertitel_orange-e1340382850185.png\",\"contentUrl\":\"https:\\\/\\\/remstim.com\\\/wp-content\\\/uploads\\\/2012\\\/06\\\/REMSTIM-Logo-mit-Untertitel_orange-e1340382850185.png\",\"width\":304,\"height\":80,\"caption\":\"EMDR Ger\u00e4t REMSTIM 3000 gegen Stress\"},\"image\":{\"@id\":\"https:\\\/\\\/remstim.com\\\/pl\\\/#\\\/schema\\\/logo\\\/image\\\/\"}}]}<\/script>\n<!-- \/ Yoast SEO plugin. -->","yoast_head_json":{"title":"Krok 6 autocoachingu EMDR: Zakotwiczenie do konkluzji","description":"Wreszcie, w sz\u00f3stym kroku autocoachingu EMDR z REMSTIM 3000, pozytywne my\u015bli s\u0105 zakotwiczone wok\u00f3\u0142 tematu.","robots":{"index":"index","follow":"follow","max-snippet":"max-snippet:-1","max-image-preview":"max-image-preview:large","max-video-preview":"max-video-preview:-1"},"canonical":"https:\/\/remstim.com\/pl\/self-coach-w-6-krokach-z-emdr-dzieki-remstim-3000\/krok-6-autocoachingu-emdr-zakotwiczenie-do-konkluzji\/","og_locale":"pl_PL","og_type":"article","og_title":"Krok 6 autocoachingu EMDR: Zakotwiczenie do konkluzji","og_description":"Wreszcie, w sz\u00f3stym kroku autocoachingu EMDR z REMSTIM 3000, pozytywne my\u015bli s\u0105 zakotwiczone wok\u00f3\u0142 tematu.","og_url":"https:\/\/remstim.com\/pl\/self-coach-w-6-krokach-z-emdr-dzieki-remstim-3000\/krok-6-autocoachingu-emdr-zakotwiczenie-do-konkluzji\/","og_site_name":"EMDR Ger\u00e4t REMSTIM 3000 gegen Stress","article_modified_time":"2023-09-15T07:40:05+00:00","twitter_misc":{"Szacowany czas czytania":"1 minuta"},"schema":{"@context":"https:\/\/schema.org","@graph":[{"@type":"WebPage","@id":"https:\/\/remstim.com\/pl\/self-coach-w-6-krokach-z-emdr-dzieki-remstim-3000\/krok-6-autocoachingu-emdr-zakotwiczenie-do-konkluzji\/","url":"https:\/\/remstim.com\/pl\/self-coach-w-6-krokach-z-emdr-dzieki-remstim-3000\/krok-6-autocoachingu-emdr-zakotwiczenie-do-konkluzji\/","name":"Krok 6 autocoachingu EMDR: Zakotwiczenie do konkluzji","isPartOf":{"@id":"https:\/\/remstim.com\/pl\/#website"},"datePublished":"2011-11-05T15:33:08+00:00","dateModified":"2023-09-15T07:40:05+00:00","description":"Wreszcie, w sz\u00f3stym kroku autocoachingu EMDR z REMSTIM 3000, pozytywne my\u015bli s\u0105 zakotwiczone wok\u00f3\u0142 tematu.","breadcrumb":{"@id":"https:\/\/remstim.com\/pl\/self-coach-w-6-krokach-z-emdr-dzieki-remstim-3000\/krok-6-autocoachingu-emdr-zakotwiczenie-do-konkluzji\/#breadcrumb"},"inLanguage":"pl-PL","potentialAction":[{"@type":"ReadAction","target":["https:\/\/remstim.com\/pl\/self-coach-w-6-krokach-z-emdr-dzieki-remstim-3000\/krok-6-autocoachingu-emdr-zakotwiczenie-do-konkluzji\/"]}]},{"@type":"BreadcrumbList","@id":"https:\/\/remstim.com\/pl\/self-coach-w-6-krokach-z-emdr-dzieki-remstim-3000\/krok-6-autocoachingu-emdr-zakotwiczenie-do-konkluzji\/#breadcrumb","itemListElement":[{"@type":"ListItem","position":1,"name":"Startseite","item":"https:\/\/remstim.com\/pl\/"},{"@type":"ListItem","position":2,"name":"Self-coach w 6 krokach z EMDR dzi\u0119ki REMSTIM 3000","item":"https:\/\/remstim.com\/pl\/self-coach-w-6-krokach-z-emdr-dzieki-remstim-3000\/"},{"@type":"ListItem","position":3,"name":"Krok 6 autocoachingu EMDR: Zakotwiczenie do konkluzji"}]},{"@type":"WebSite","@id":"https:\/\/remstim.com\/pl\/#website","url":"https:\/\/remstim.com\/pl\/","name":"EMDR Ger\u00e4t REMSTIM 3000 gegen Stress","description":"Wie wir schnell Entspannung finden.","publisher":{"@id":"https:\/\/remstim.com\/pl\/#organization"},"potentialAction":[{"@type":"SearchAction","target":{"@type":"EntryPoint","urlTemplate":"https:\/\/remstim.com\/pl\/?s={search_term_string}"},"query-input":{"@type":"PropertyValueSpecification","valueRequired":true,"valueName":"search_term_string"}}],"inLanguage":"pl-PL"},{"@type":"Organization","@id":"https:\/\/remstim.com\/pl\/#organization","name":"EMDR Ger\u00e4t REMSTIM 3000 gegen Stress","url":"https:\/\/remstim.com\/pl\/","logo":{"@type":"ImageObject","inLanguage":"pl-PL","@id":"https:\/\/remstim.com\/pl\/#\/schema\/logo\/image\/","url":"https:\/\/remstim.com\/wp-content\/uploads\/2012\/06\/REMSTIM-Logo-mit-Untertitel_orange-e1340382850185.png","contentUrl":"https:\/\/remstim.com\/wp-content\/uploads\/2012\/06\/REMSTIM-Logo-mit-Untertitel_orange-e1340382850185.png","width":304,"height":80,"caption":"EMDR Ger\u00e4t REMSTIM 3000 gegen Stress"},"image":{"@id":"https:\/\/remstim.com\/pl\/#\/schema\/logo\/image\/"}}]}},"_links":{"self":[{"href":"https:\/\/remstim.com\/pl\/wp-json\/wp\/v2\/pages\/19945","targetHints":{"allow":["GET"]}}],"collection":[{"href":"https:\/\/remstim.com\/pl\/wp-json\/wp\/v2\/pages"}],"about":[{"href":"https:\/\/remstim.com\/pl\/wp-json\/wp\/v2\/types\/page"}],"author":[{"embeddable":true,"href":"https:\/\/remstim.com\/pl\/wp-json\/wp\/v2\/users\/1"}],"replies":[{"embeddable":true,"href":"https:\/\/remstim.com\/pl\/wp-json\/wp\/v2\/comments?post=19945"}],"version-history":[{"count":0,"href":"https:\/\/remstim.com\/pl\/wp-json\/wp\/v2\/pages\/19945\/revisions"}],"up":[{"embeddable":true,"href":"https:\/\/remstim.com\/pl\/wp-json\/wp\/v2\/pages\/19976"}],"wp:attachment":[{"href":"https:\/\/remstim.com\/pl\/wp-json\/wp\/v2\/media?parent=19945"}],"curies":[{"name":"wp","href":"https:\/\/api.w.org\/{rel}","templated":true}]}}