{"id":19946,"date":"2011-11-11T11:19:11","date_gmt":"2011-11-11T11:19:11","guid":{"rendered":"https:\/\/remstim.de\/pobierz-przewodnik-emdr-self-coaching-w-6-krokach\/"},"modified":"2023-10-26T16:52:48","modified_gmt":"2023-10-26T16:52:48","slug":"pobierz-przewodnik-emdr-self-coaching-w-6-krokach","status":"publish","type":"page","link":"https:\/\/remstim.com\/pl\/self-coach-w-6-krokach-z-emdr-dzieki-remstim-3000\/pobierz-przewodnik-emdr-self-coaching-w-6-krokach\/","title":{"rendered":"Pobierz przewodnik EMDR Self-Coaching w 6 krokach"},"content":{"rendered":"<h1><img decoding=\"async\" class=\"alignright wp-image-8492\" src=\"https:\/\/remstim.com\/wp-content\/uploads\/2023\/06\/Cover_3D_Manual_pl_v594.png\" alt=\"\" width=\"117\" height=\"150\">Pobierz bezp\u0142atnie obszerny &#8220;Przewodnik po autocoachingu EMDR w 6 krokach&#8221;.<\/h1>\n<p>Oto skuteczny przewodnik po tym, jak w pe\u0142ni wykorzysta\u0107 autocoaching EMDR za pomoc\u0105 REMSTIM 3000.<\/p>\n<hr class=\"divider-html\" style=\"border-top: 1px solid #bbb; margin-top: 30px; margin-bottom: 30px;\">\n\t\t<div data-elementor-type=\"section\" data-elementor-id=\"20274\" class=\"elementor elementor-20274 elementor-9899\" data-elementor-post-type=\"elementor_library\">\n\t\t\t\t\t<section class=\"elementor-section elementor-top-section elementor-element elementor-element-b425b elementor-section-full_width elementor-section-height-default elementor-section-height-default\" data-id=\"b425b\" data-element_type=\"section\" data-e-type=\"section\">\n\t\t\t\t\t\t<div class=\"elementor-container elementor-column-gap-default\">\n\t\t\t\t\t<div class=\"elementor-column elementor-col-100 elementor-top-column elementor-element elementor-element-6bf644d5\" data-id=\"6bf644d5\" data-element_type=\"column\" data-e-type=\"column\">\n\t\t\t<div class=\"elementor-widget-wrap elementor-element-populated\">\n\t\t\t\t\t\t<section class=\"elementor-section elementor-inner-section elementor-element elementor-element-66477634 elementor-section-full_width elementor-section-height-default elementor-section-height-default\" data-id=\"66477634\" data-element_type=\"section\" data-e-type=\"section\">\n\t\t\t\t\t\t<div class=\"elementor-container elementor-column-gap-default\">\n\t\t\t\t\t<div class=\"elementor-column elementor-col-100 elementor-inner-column elementor-element elementor-element-26dcd0b3\" data-id=\"26dcd0b3\" data-element_type=\"column\" data-e-type=\"column\">\n\t\t\t<div class=\"elementor-widget-wrap elementor-element-populated\">\n\t\t\t\t\t\t<div class=\"elementor-element elementor-element-210bf749 elementor-icon-list--layout-traditional elementor-list-item-link-full_width elementor-widget elementor-widget-icon-list\" data-id=\"210bf749\" data-element_type=\"widget\" data-e-type=\"widget\" data-widget_type=\"icon-list.default\">\n\t\t\t\t<div class=\"elementor-widget-container\">\n\t\t\t\t\t\t\t<ul class=\"elementor-icon-list-items\">\n\t\t\t\t\t\t\t<li class=\"elementor-icon-list-item\">\n\t\t\t\t\t\t\t\t\t\t\t<span class=\"elementor-icon-list-icon\">\n\t\t\t\t\t\t\t<i aria-hidden=\"true\" class=\"fas fa-cloud-download-alt\"><\/i>\t\t\t\t\t\t<\/span>\n\t\t\t\t\t\t\t\t\t\t<span class=\"elementor-icon-list-text\">Pobierz teraz: <a href=\"https:\/\/remstim.com\/download\/20639\/\">EMDR Self-Coaching Guide w 6 krokach<\/a><\/span>\n\t\t\t\t\t\t\t\t\t<\/li>\n\t\t\t\t\t\t<\/ul>\n\t\t\t\t\t\t<\/div>\n\t\t\t\t<\/div>\n\t\t\t\t\t<\/div>\n\t\t<\/div>\n\t\t\t\t\t<\/div>\n\t\t<\/section>\n\t\t\t\t\t<\/div>\n\t\t<\/div>\n\t\t\t\t\t<\/div>\n\t\t<\/section>\n\t\t\t\t<\/div>\n\t\t\n<h3>Jak mo\u017cemy wykorzysta\u0107 autocoaching EMDR, aby uwolni\u0107 si\u0119 od obci\u0105\u017ce\u0144 emocjonalnych i stresu oraz \u0142atwiej osi\u0105ga\u0107 nasze cele.<\/h3>\n<p><a href=\"https:\/\/remstim.com\/download\/8454\/\"><img fetchpriority=\"high\" decoding=\"async\" class=\"alignright wp-image-8492\" src=\"https:\/\/remstim.com\/wp-content\/uploads\/2023\/06\/Cover_3D_Manual_pl_v594.png\" alt=\"\" width=\"300\" height=\"385\"><\/a>Zastosowanie EMDR w autocoachingu w 6 krokach z pomoc\u0105 <a href=\"https:\/\/remstim.com\/pl\/remstim-3000\/\">gogli EMDR REMSTIM<\/a> 3000 umo\u017cliwia coaching w\u0142asnych problem\u00f3w i temat\u00f3w, kt\u00f3re obci\u0105\u017caj\u0105 ci\u0119 emocjonalnie i psychicznie w szczeg\u00f3lnie uwa\u017cny spos\u00f3b.<\/p>\n<p>Pami\u0119taj, \u017ce w przypadku niekt\u00f3rych kwestii i spraw, kt\u00f3re dotycz\u0105 Ci\u0119 w szczeg\u00f3lny spos\u00f3b, mo\u017ce by\u0107 wskazane skonsultowanie si\u0119 z trenerem lub terapeut\u0105, kt\u00f3remu ufasz w tym zakresie. Prosimy r\u00f3wnie\u017c o zapoznanie si\u0119 z <a title=\"Wa\u017cne informacje\" href=\"https:\/\/remstim.com\/pl\/podstawy-korzystania-z-emdr-w-coachingu-z-remstim-3000\/wazne-informacje\/\">wa\u017cnymi informacjami<\/a>.<\/p>\n<p>Zanim rozpoczniesz swoj\u0105 pierwsz\u0105 sesj\u0119 autocoachingu, b\u0119dziesz mia\u0142 mo\u017cliwo\u015b\u0107 szczeg\u00f3\u0142owego zapoznania si\u0119 z ka\u017cdym z sze\u015bciu krok\u00f3w autocoachingu.<\/p>\n<p>Bardzo \u0142atwo b\u0119dzie ci si\u0119 uziemi\u0107 i zrelaksowa\u0107 dzi\u0119ki sze\u015bciu krokom autocoachingu, gdy pojawi\u0105 si\u0119 szczeg\u00f3lne stresy.<\/p>\n<p>Kiedy tylko zechcesz, po prostu we\u017a do r\u0119ki ten poradnik i przeprowad\u017a sesj\u0119 z wykorzystaniem metody autocoachingu EMDR. Opr\u00f3cz pomocnych informacji i wskaz\u00f3wek, znajdziesz <strong>arkusz roboczy do samodzielnej sesji coachingowej<\/strong>, kt\u00f3ry mo\u017cesz powiela\u0107 do woli i u\u017cywa\u0107 do jednej sesji na raz.<\/p>\n<hr class=\"divider-html\" style=\"border-top: 1px solid #bbb; margin-top: 30px; margin-bottom: 30px;\">\n<p><iframe title=\"Odtwarzacz wideo YouTube\" src=\"https:\/\/www.youtube.com\/embed\/URKDYZiN6ek\" width=\"560\" height=\"430\" frameborder=\"0\" allowfullscreen=\"allowfullscreen\"><\/iframe><\/p>\n\t\t<div data-elementor-type=\"section\" data-elementor-id=\"20274\" class=\"elementor elementor-20274 elementor-9899\" data-elementor-post-type=\"elementor_library\">\n\t\t\t\t\t<section class=\"elementor-section elementor-top-section elementor-element elementor-element-b425b elementor-section-full_width elementor-section-height-default elementor-section-height-default\" data-id=\"b425b\" data-element_type=\"section\" data-e-type=\"section\">\n\t\t\t\t\t\t<div class=\"elementor-container elementor-column-gap-default\">\n\t\t\t\t\t<div class=\"elementor-column elementor-col-100 elementor-top-column elementor-element elementor-element-6bf644d5\" data-id=\"6bf644d5\" data-element_type=\"column\" data-e-type=\"column\">\n\t\t\t<div class=\"elementor-widget-wrap elementor-element-populated\">\n\t\t\t\t\t\t<section class=\"elementor-section elementor-inner-section elementor-element elementor-element-66477634 elementor-section-full_width elementor-section-height-default elementor-section-height-default\" data-id=\"66477634\" data-element_type=\"section\" data-e-type=\"section\">\n\t\t\t\t\t\t<div class=\"elementor-container elementor-column-gap-default\">\n\t\t\t\t\t<div class=\"elementor-column elementor-col-100 elementor-inner-column elementor-element elementor-element-26dcd0b3\" data-id=\"26dcd0b3\" data-element_type=\"column\" data-e-type=\"column\">\n\t\t\t<div class=\"elementor-widget-wrap elementor-element-populated\">\n\t\t\t\t\t\t<div class=\"elementor-element elementor-element-210bf749 elementor-icon-list--layout-traditional elementor-list-item-link-full_width elementor-widget elementor-widget-icon-list\" data-id=\"210bf749\" data-element_type=\"widget\" data-e-type=\"widget\" data-widget_type=\"icon-list.default\">\n\t\t\t\t<div class=\"elementor-widget-container\">\n\t\t\t\t\t\t\t<ul class=\"elementor-icon-list-items\">\n\t\t\t\t\t\t\t<li class=\"elementor-icon-list-item\">\n\t\t\t\t\t\t\t\t\t\t\t<span class=\"elementor-icon-list-icon\">\n\t\t\t\t\t\t\t<i aria-hidden=\"true\" class=\"fas fa-cloud-download-alt\"><\/i>\t\t\t\t\t\t<\/span>\n\t\t\t\t\t\t\t\t\t\t<span class=\"elementor-icon-list-text\">Pobierz teraz: <a href=\"https:\/\/remstim.com\/download\/20639\/\">EMDR Self-Coaching Guide w 6 krokach<\/a><\/span>\n\t\t\t\t\t\t\t\t\t<\/li>\n\t\t\t\t\t\t<\/ul>\n\t\t\t\t\t\t<\/div>\n\t\t\t\t<\/div>\n\t\t\t\t\t<\/div>\n\t\t<\/div>\n\t\t\t\t\t<\/div>\n\t\t<\/section>\n\t\t\t\t\t<\/div>\n\t\t<\/div>\n\t\t\t\t\t<\/div>\n\t\t<\/section>\n\t\t\t\t<\/div>\n\t\t\n<hr class=\"divider-html\" style=\"border-top: 1px solid #bbb; margin-top: 30px; margin-bottom: 30px;\">\n","protected":false},"excerpt":{"rendered":"<p>Pobierz bezp\u0142atnie obszerny &#8220;Przewodnik po autocoachingu EMDR w 6 krokach&#8221;. Oto skuteczny przewodnik po tym, jak w pe\u0142ni wykorzysta\u0107 autocoaching EMDR za pomoc\u0105 REMSTIM 3000. Jak mo\u017cemy wykorzysta\u0107 autocoaching EMDR, aby uwolni\u0107 si\u0119 od obci\u0105\u017ce\u0144 emocjonalnych i stresu oraz \u0142atwiej osi\u0105ga\u0107 nasze cele. Zastosowanie EMDR w autocoachingu w 6 krokach z pomoc\u0105 gogli EMDR REMSTIM [&hellip;]<\/p>\n","protected":false},"author":1,"featured_media":0,"parent":19976,"menu_order":7,"comment_status":"closed","ping_status":"closed","template":"","meta":{"_acf_changed":false,"site-sidebar-layout":"default","site-content-layout":"default","ast-site-content-layout":"default","site-content-style":"default","site-sidebar-style":"default","ast-global-header-display":"","ast-banner-title-visibility":"","ast-main-header-display":"","ast-hfb-above-header-display":"","ast-hfb-below-header-display":"","ast-hfb-mobile-header-display":"","site-post-title":"","ast-breadcrumbs-content":"","ast-featured-img":"","footer-sml-layout":"","ast-disable-related-posts":"","theme-transparent-header-meta":"default","adv-header-id-meta":"","stick-header-meta":"default","header-above-stick-meta":"","header-main-stick-meta":"","header-below-stick-meta":"","astra-migrate-meta-layouts":"default","ast-page-background-enabled":"default","ast-page-background-meta":{"desktop":{"background-color":"var(--ast-global-color-4)","background-image":"","background-repeat":"repeat","background-position":"center center","background-size":"auto","background-attachment":"scroll","background-type":"","background-media":"","overlay-type":"","overlay-color":"","overlay-opacity":"","overlay-gradient":""},"tablet":{"background-color":"","background-image":"","background-repeat":"repeat","background-position":"center center","background-size":"auto","background-attachment":"scroll","background-type":"","background-media":"","overlay-type":"","overlay-color":"","overlay-opacity":"","overlay-gradient":""},"mobile":{"background-color":"","background-image":"","background-repeat":"repeat","background-position":"center center","background-size":"auto","background-attachment":"scroll","background-type":"","background-media":"","overlay-type":"","overlay-color":"","overlay-opacity":"","overlay-gradient":""}},"ast-content-background-meta":{"desktop":{"background-color":"var(--ast-global-color-5)","background-image":"","background-repeat":"repeat","background-position":"center center","background-size":"auto","background-attachment":"scroll","background-type":"","background-media":"","overlay-type":"","overlay-color":"","overlay-opacity":"","overlay-gradient":""},"tablet":{"background-color":"var(--ast-global-color-5)","background-image":"","background-repeat":"repeat","background-position":"center center","background-size":"auto","background-attachment":"scroll","background-type":"","background-media":"","overlay-type":"","overlay-color":"","overlay-opacity":"","overlay-gradient":""},"mobile":{"background-color":"var(--ast-global-color-5)","background-image":"","background-repeat":"repeat","background-position":"center center","background-size":"auto","background-attachment":"scroll","background-type":"","background-media":"","overlay-type":"","overlay-color":"","overlay-opacity":"","overlay-gradient":""}},"footnotes":""},"class_list":["post-19946","page","type-page","status-publish","hentry"],"acf":[],"yoast_head":"<!-- This site is optimized with the Yoast SEO plugin v27.3 - https:\/\/yoast.com\/product\/yoast-seo-wordpress\/ -->\n<title>Pobierz przewodnik EMDR Self-Coaching w 6 krokach<\/title>\n<meta name=\"description\" content=\"Pobierz instrukcje do samodzielnego treningu EMDR za pomoc\u0105 REMSTIM 3000. Prosty i pomocny przewodnik do samodzielnego stosowania EMDR w coachingu.\" \/>\n<meta name=\"robots\" content=\"index, follow, max-snippet:-1, max-image-preview:large, max-video-preview:-1\" \/>\n<link rel=\"canonical\" href=\"https:\/\/remstim.com\/pl\/self-coach-w-6-krokach-z-emdr-dzieki-remstim-3000\/pobierz-przewodnik-emdr-self-coaching-w-6-krokach\/\" \/>\n<meta property=\"og:locale\" content=\"pl_PL\" \/>\n<meta property=\"og:type\" content=\"article\" \/>\n<meta property=\"og:title\" content=\"Pobierz przewodnik EMDR Self-Coaching w 6 krokach\" \/>\n<meta property=\"og:description\" content=\"Pobierz instrukcje do samodzielnego treningu EMDR za pomoc\u0105 REMSTIM 3000. Prosty i pomocny przewodnik do samodzielnego stosowania EMDR w coachingu.\" \/>\n<meta property=\"og:url\" content=\"https:\/\/remstim.com\/pl\/self-coach-w-6-krokach-z-emdr-dzieki-remstim-3000\/pobierz-przewodnik-emdr-self-coaching-w-6-krokach\/\" \/>\n<meta property=\"og:site_name\" content=\"EMDR Ger\u00e4t REMSTIM 3000 gegen Stress\" \/>\n<meta property=\"article:modified_time\" content=\"2023-10-26T16:52:48+00:00\" \/>\n<meta property=\"og:image\" content=\"https:\/\/remstim.com\/wp-content\/uploads\/2023\/06\/Cover_3D_Manual_pl_v594.png\" \/>\n<meta name=\"twitter:label1\" content=\"Szacowany czas czytania\" \/>\n\t<meta name=\"twitter:data1\" content=\"2 minuty\" \/>\n<script type=\"application\/ld+json\" class=\"yoast-schema-graph\">{\"@context\":\"https:\\\/\\\/schema.org\",\"@graph\":[{\"@type\":\"WebPage\",\"@id\":\"https:\\\/\\\/remstim.com\\\/pl\\\/self-coach-w-6-krokach-z-emdr-dzieki-remstim-3000\\\/pobierz-przewodnik-emdr-self-coaching-w-6-krokach\\\/\",\"url\":\"https:\\\/\\\/remstim.com\\\/pl\\\/self-coach-w-6-krokach-z-emdr-dzieki-remstim-3000\\\/pobierz-przewodnik-emdr-self-coaching-w-6-krokach\\\/\",\"name\":\"Pobierz przewodnik EMDR Self-Coaching w 6 krokach\",\"isPartOf\":{\"@id\":\"https:\\\/\\\/remstim.com\\\/pl\\\/#website\"},\"primaryImageOfPage\":{\"@id\":\"https:\\\/\\\/remstim.com\\\/pl\\\/self-coach-w-6-krokach-z-emdr-dzieki-remstim-3000\\\/pobierz-przewodnik-emdr-self-coaching-w-6-krokach\\\/#primaryimage\"},\"image\":{\"@id\":\"https:\\\/\\\/remstim.com\\\/pl\\\/self-coach-w-6-krokach-z-emdr-dzieki-remstim-3000\\\/pobierz-przewodnik-emdr-self-coaching-w-6-krokach\\\/#primaryimage\"},\"thumbnailUrl\":\"https:\\\/\\\/remstim.com\\\/wp-content\\\/uploads\\\/2023\\\/06\\\/Cover_3D_Manual_pl_v594.png\",\"datePublished\":\"2011-11-11T11:19:11+00:00\",\"dateModified\":\"2023-10-26T16:52:48+00:00\",\"description\":\"Pobierz instrukcje do samodzielnego treningu EMDR za pomoc\u0105 REMSTIM 3000. Prosty i pomocny przewodnik do samodzielnego stosowania EMDR w coachingu.\",\"breadcrumb\":{\"@id\":\"https:\\\/\\\/remstim.com\\\/pl\\\/self-coach-w-6-krokach-z-emdr-dzieki-remstim-3000\\\/pobierz-przewodnik-emdr-self-coaching-w-6-krokach\\\/#breadcrumb\"},\"inLanguage\":\"pl-PL\",\"potentialAction\":[{\"@type\":\"ReadAction\",\"target\":[\"https:\\\/\\\/remstim.com\\\/pl\\\/self-coach-w-6-krokach-z-emdr-dzieki-remstim-3000\\\/pobierz-przewodnik-emdr-self-coaching-w-6-krokach\\\/\"]}]},{\"@type\":\"ImageObject\",\"inLanguage\":\"pl-PL\",\"@id\":\"https:\\\/\\\/remstim.com\\\/pl\\\/self-coach-w-6-krokach-z-emdr-dzieki-remstim-3000\\\/pobierz-przewodnik-emdr-self-coaching-w-6-krokach\\\/#primaryimage\",\"url\":\"https:\\\/\\\/remstim.com\\\/wp-content\\\/uploads\\\/2023\\\/06\\\/Cover_3D_Manual_pl_v594.png\",\"contentUrl\":\"https:\\\/\\\/remstim.com\\\/wp-content\\\/uploads\\\/2023\\\/06\\\/Cover_3D_Manual_pl_v594.png\"},{\"@type\":\"BreadcrumbList\",\"@id\":\"https:\\\/\\\/remstim.com\\\/pl\\\/self-coach-w-6-krokach-z-emdr-dzieki-remstim-3000\\\/pobierz-przewodnik-emdr-self-coaching-w-6-krokach\\\/#breadcrumb\",\"itemListElement\":[{\"@type\":\"ListItem\",\"position\":1,\"name\":\"Startseite\",\"item\":\"https:\\\/\\\/remstim.com\\\/pl\\\/\"},{\"@type\":\"ListItem\",\"position\":2,\"name\":\"Self-coach w 6 krokach z EMDR dzi\u0119ki REMSTIM 3000\",\"item\":\"https:\\\/\\\/remstim.com\\\/pl\\\/self-coach-w-6-krokach-z-emdr-dzieki-remstim-3000\\\/\"},{\"@type\":\"ListItem\",\"position\":3,\"name\":\"Pobierz przewodnik EMDR Self-Coaching w 6 krokach\"}]},{\"@type\":\"WebSite\",\"@id\":\"https:\\\/\\\/remstim.com\\\/pl\\\/#website\",\"url\":\"https:\\\/\\\/remstim.com\\\/pl\\\/\",\"name\":\"EMDR Ger\u00e4t REMSTIM 3000 gegen Stress\",\"description\":\"Wie wir schnell Entspannung finden.\",\"publisher\":{\"@id\":\"https:\\\/\\\/remstim.com\\\/pl\\\/#organization\"},\"potentialAction\":[{\"@type\":\"SearchAction\",\"target\":{\"@type\":\"EntryPoint\",\"urlTemplate\":\"https:\\\/\\\/remstim.com\\\/pl\\\/?s={search_term_string}\"},\"query-input\":{\"@type\":\"PropertyValueSpecification\",\"valueRequired\":true,\"valueName\":\"search_term_string\"}}],\"inLanguage\":\"pl-PL\"},{\"@type\":\"Organization\",\"@id\":\"https:\\\/\\\/remstim.com\\\/pl\\\/#organization\",\"name\":\"EMDR Ger\u00e4t REMSTIM 3000 gegen Stress\",\"url\":\"https:\\\/\\\/remstim.com\\\/pl\\\/\",\"logo\":{\"@type\":\"ImageObject\",\"inLanguage\":\"pl-PL\",\"@id\":\"https:\\\/\\\/remstim.com\\\/pl\\\/#\\\/schema\\\/logo\\\/image\\\/\",\"url\":\"https:\\\/\\\/remstim.com\\\/wp-content\\\/uploads\\\/2012\\\/06\\\/REMSTIM-Logo-mit-Untertitel_orange-e1340382850185.png\",\"contentUrl\":\"https:\\\/\\\/remstim.com\\\/wp-content\\\/uploads\\\/2012\\\/06\\\/REMSTIM-Logo-mit-Untertitel_orange-e1340382850185.png\",\"width\":304,\"height\":80,\"caption\":\"EMDR Ger\u00e4t REMSTIM 3000 gegen Stress\"},\"image\":{\"@id\":\"https:\\\/\\\/remstim.com\\\/pl\\\/#\\\/schema\\\/logo\\\/image\\\/\"}}]}<\/script>\n<!-- \/ Yoast SEO plugin. -->","yoast_head_json":{"title":"Pobierz przewodnik EMDR Self-Coaching w 6 krokach","description":"Pobierz instrukcje do samodzielnego treningu EMDR za pomoc\u0105 REMSTIM 3000. Prosty i pomocny przewodnik do samodzielnego stosowania EMDR w coachingu.","robots":{"index":"index","follow":"follow","max-snippet":"max-snippet:-1","max-image-preview":"max-image-preview:large","max-video-preview":"max-video-preview:-1"},"canonical":"https:\/\/remstim.com\/pl\/self-coach-w-6-krokach-z-emdr-dzieki-remstim-3000\/pobierz-przewodnik-emdr-self-coaching-w-6-krokach\/","og_locale":"pl_PL","og_type":"article","og_title":"Pobierz przewodnik EMDR Self-Coaching w 6 krokach","og_description":"Pobierz instrukcje do samodzielnego treningu EMDR za pomoc\u0105 REMSTIM 3000. Prosty i pomocny przewodnik do samodzielnego stosowania EMDR w coachingu.","og_url":"https:\/\/remstim.com\/pl\/self-coach-w-6-krokach-z-emdr-dzieki-remstim-3000\/pobierz-przewodnik-emdr-self-coaching-w-6-krokach\/","og_site_name":"EMDR Ger\u00e4t REMSTIM 3000 gegen Stress","article_modified_time":"2023-10-26T16:52:48+00:00","og_image":[{"url":"https:\/\/remstim.com\/wp-content\/uploads\/2023\/06\/Cover_3D_Manual_pl_v594.png","type":"","width":"","height":""}],"twitter_misc":{"Szacowany czas czytania":"2 minuty"},"schema":{"@context":"https:\/\/schema.org","@graph":[{"@type":"WebPage","@id":"https:\/\/remstim.com\/pl\/self-coach-w-6-krokach-z-emdr-dzieki-remstim-3000\/pobierz-przewodnik-emdr-self-coaching-w-6-krokach\/","url":"https:\/\/remstim.com\/pl\/self-coach-w-6-krokach-z-emdr-dzieki-remstim-3000\/pobierz-przewodnik-emdr-self-coaching-w-6-krokach\/","name":"Pobierz przewodnik EMDR Self-Coaching w 6 krokach","isPartOf":{"@id":"https:\/\/remstim.com\/pl\/#website"},"primaryImageOfPage":{"@id":"https:\/\/remstim.com\/pl\/self-coach-w-6-krokach-z-emdr-dzieki-remstim-3000\/pobierz-przewodnik-emdr-self-coaching-w-6-krokach\/#primaryimage"},"image":{"@id":"https:\/\/remstim.com\/pl\/self-coach-w-6-krokach-z-emdr-dzieki-remstim-3000\/pobierz-przewodnik-emdr-self-coaching-w-6-krokach\/#primaryimage"},"thumbnailUrl":"https:\/\/remstim.com\/wp-content\/uploads\/2023\/06\/Cover_3D_Manual_pl_v594.png","datePublished":"2011-11-11T11:19:11+00:00","dateModified":"2023-10-26T16:52:48+00:00","description":"Pobierz instrukcje do samodzielnego treningu EMDR za pomoc\u0105 REMSTIM 3000. Prosty i pomocny przewodnik do samodzielnego stosowania EMDR w coachingu.","breadcrumb":{"@id":"https:\/\/remstim.com\/pl\/self-coach-w-6-krokach-z-emdr-dzieki-remstim-3000\/pobierz-przewodnik-emdr-self-coaching-w-6-krokach\/#breadcrumb"},"inLanguage":"pl-PL","potentialAction":[{"@type":"ReadAction","target":["https:\/\/remstim.com\/pl\/self-coach-w-6-krokach-z-emdr-dzieki-remstim-3000\/pobierz-przewodnik-emdr-self-coaching-w-6-krokach\/"]}]},{"@type":"ImageObject","inLanguage":"pl-PL","@id":"https:\/\/remstim.com\/pl\/self-coach-w-6-krokach-z-emdr-dzieki-remstim-3000\/pobierz-przewodnik-emdr-self-coaching-w-6-krokach\/#primaryimage","url":"https:\/\/remstim.com\/wp-content\/uploads\/2023\/06\/Cover_3D_Manual_pl_v594.png","contentUrl":"https:\/\/remstim.com\/wp-content\/uploads\/2023\/06\/Cover_3D_Manual_pl_v594.png"},{"@type":"BreadcrumbList","@id":"https:\/\/remstim.com\/pl\/self-coach-w-6-krokach-z-emdr-dzieki-remstim-3000\/pobierz-przewodnik-emdr-self-coaching-w-6-krokach\/#breadcrumb","itemListElement":[{"@type":"ListItem","position":1,"name":"Startseite","item":"https:\/\/remstim.com\/pl\/"},{"@type":"ListItem","position":2,"name":"Self-coach w 6 krokach z EMDR dzi\u0119ki REMSTIM 3000","item":"https:\/\/remstim.com\/pl\/self-coach-w-6-krokach-z-emdr-dzieki-remstim-3000\/"},{"@type":"ListItem","position":3,"name":"Pobierz przewodnik EMDR Self-Coaching w 6 krokach"}]},{"@type":"WebSite","@id":"https:\/\/remstim.com\/pl\/#website","url":"https:\/\/remstim.com\/pl\/","name":"EMDR Ger\u00e4t REMSTIM 3000 gegen Stress","description":"Wie wir schnell Entspannung finden.","publisher":{"@id":"https:\/\/remstim.com\/pl\/#organization"},"potentialAction":[{"@type":"SearchAction","target":{"@type":"EntryPoint","urlTemplate":"https:\/\/remstim.com\/pl\/?s={search_term_string}"},"query-input":{"@type":"PropertyValueSpecification","valueRequired":true,"valueName":"search_term_string"}}],"inLanguage":"pl-PL"},{"@type":"Organization","@id":"https:\/\/remstim.com\/pl\/#organization","name":"EMDR Ger\u00e4t REMSTIM 3000 gegen Stress","url":"https:\/\/remstim.com\/pl\/","logo":{"@type":"ImageObject","inLanguage":"pl-PL","@id":"https:\/\/remstim.com\/pl\/#\/schema\/logo\/image\/","url":"https:\/\/remstim.com\/wp-content\/uploads\/2012\/06\/REMSTIM-Logo-mit-Untertitel_orange-e1340382850185.png","contentUrl":"https:\/\/remstim.com\/wp-content\/uploads\/2012\/06\/REMSTIM-Logo-mit-Untertitel_orange-e1340382850185.png","width":304,"height":80,"caption":"EMDR Ger\u00e4t REMSTIM 3000 gegen Stress"},"image":{"@id":"https:\/\/remstim.com\/pl\/#\/schema\/logo\/image\/"}}]}},"_links":{"self":[{"href":"https:\/\/remstim.com\/pl\/wp-json\/wp\/v2\/pages\/19946","targetHints":{"allow":["GET"]}}],"collection":[{"href":"https:\/\/remstim.com\/pl\/wp-json\/wp\/v2\/pages"}],"about":[{"href":"https:\/\/remstim.com\/pl\/wp-json\/wp\/v2\/types\/page"}],"author":[{"embeddable":true,"href":"https:\/\/remstim.com\/pl\/wp-json\/wp\/v2\/users\/1"}],"replies":[{"embeddable":true,"href":"https:\/\/remstim.com\/pl\/wp-json\/wp\/v2\/comments?post=19946"}],"version-history":[{"count":1,"href":"https:\/\/remstim.com\/pl\/wp-json\/wp\/v2\/pages\/19946\/revisions"}],"predecessor-version":[{"id":25765,"href":"https:\/\/remstim.com\/pl\/wp-json\/wp\/v2\/pages\/19946\/revisions\/25765"}],"up":[{"embeddable":true,"href":"https:\/\/remstim.com\/pl\/wp-json\/wp\/v2\/pages\/19976"}],"wp:attachment":[{"href":"https:\/\/remstim.com\/pl\/wp-json\/wp\/v2\/media?parent=19946"}],"curies":[{"name":"wp","href":"https:\/\/api.w.org\/{rel}","templated":true}]}}