{"id":19950,"date":"2011-11-05T15:31:48","date_gmt":"2011-11-05T15:31:48","guid":{"rendered":"https:\/\/remstim.de\/krok-5-autocoachingu-emdr-ujawnianie-i-przetwarzanie-pozostalych-doznan\/"},"modified":"2023-09-15T07:40:04","modified_gmt":"2023-09-15T07:40:04","slug":"krok-5-autocoachingu-emdr-ujawnianie-i-przetwarzanie-pozostalych-doznan","status":"publish","type":"page","link":"https:\/\/remstim.com\/pl\/self-coach-w-6-krokach-z-emdr-dzieki-remstim-3000\/krok-5-autocoachingu-emdr-ujawnianie-i-przetwarzanie-pozostalych-doznan\/","title":{"rendered":"Krok 5 autocoachingu EMDR: Ujawnianie i przetwarzanie pozosta\u0142ych dozna\u0144"},"content":{"rendered":"<p>Powr\u00f3t do <a title=\"Krok 4 autocoachingu: Interwencja za pomoc\u0105 REMSTIM 3000 (przetwarzanie)\" href=\"https:\/\/remstim.com\/pl\/self-coach-w-6-krokach-z-emdr-dzieki-remstim-3000\/krok-4-samodzielnego-treningu-emdr-interwencja-z-remstim-3000-przetwarzanie\/\">czwartego kroku autocoachingu: Interwencja (przetwarzanie)<\/a>&#8230;<br \/>\n&nbsp;<br \/>\n\t\t<div data-elementor-type=\"section\" data-elementor-id=\"20330\" class=\"elementor elementor-20330 elementor-9822\" data-elementor-post-type=\"elementor_library\">\n\t\t\t\t\t<section class=\"elementor-section elementor-top-section elementor-element elementor-element-6bb400c3 elementor-section-full_width elementor-section-height-default elementor-section-height-default\" data-id=\"6bb400c3\" data-element_type=\"section\" data-e-type=\"section\">\n\t\t\t\t\t\t<div class=\"elementor-container elementor-column-gap-default\">\n\t\t\t\t\t<div class=\"elementor-column elementor-col-100 elementor-top-column elementor-element elementor-element-5fbd5884\" data-id=\"5fbd5884\" data-element_type=\"column\" data-e-type=\"column\">\n\t\t\t<div class=\"elementor-widget-wrap elementor-element-populated\">\n\t\t\t\t\t\t<section class=\"elementor-section elementor-inner-section elementor-element elementor-element-476ac96d elementor-section-full_width elementor-section-height-default elementor-section-height-default\" data-id=\"476ac96d\" data-element_type=\"section\" data-e-type=\"section\">\n\t\t\t\t\t\t<div class=\"elementor-container elementor-column-gap-default\">\n\t\t\t\t\t<div class=\"elementor-column elementor-col-100 elementor-inner-column elementor-element elementor-element-66068955\" data-id=\"66068955\" data-element_type=\"column\" data-e-type=\"column\">\n\t\t\t<div class=\"elementor-widget-wrap elementor-element-populated\">\n\t\t\t\t\t\t<div class=\"elementor-element elementor-element-6864d3f2 elementor-widget elementor-widget-heading\" data-id=\"6864d3f2\" data-element_type=\"widget\" data-e-type=\"widget\" data-widget_type=\"heading.default\">\n\t\t\t\t<div class=\"elementor-widget-container\">\n\t\t\t\t\t<h2 class=\"elementor-heading-title elementor-size-default\">Pi\u0105ty krok autocoachingu EMDR z REMSTIM 3000:\nOdkrywanie i przetwarzanie szcz\u0105tkowych uczu\u0107<\/h2>\t\t\t\t<\/div>\n\t\t\t\t<\/div>\n\t\t\t\t<div class=\"elementor-element elementor-element-7e04f4b2 elementor-icon-list--layout-traditional elementor-list-item-link-full_width elementor-widget elementor-widget-icon-list\" data-id=\"7e04f4b2\" data-element_type=\"widget\" data-e-type=\"widget\" data-widget_type=\"icon-list.default\">\n\t\t\t\t<div class=\"elementor-widget-container\">\n\t\t\t\t\t\t\t<ul class=\"elementor-icon-list-items\">\n\t\t\t\t\t\t\t<li class=\"elementor-icon-list-item\">\n\t\t\t\t\t\t\t\t\t\t\t<span class=\"elementor-icon-list-icon\">\n\t\t\t\t\t\t\t<i aria-hidden=\"true\" class=\"fas fa-arrow-right\"><\/i>\t\t\t\t\t\t<\/span>\n\t\t\t\t\t\t\t\t\t\t<span class=\"elementor-icon-list-text\">Zastan\u00f3w si\u0119 nad motywem przewodnim. Szukaj i wyczuwaj drobne, szcz\u0105tkowe doznania. Je\u015bli znajdziesz to, czego szukasz, interweniuj ponownie za pomoc\u0105 REMSTIM 3000, jak opisano w kroku 4, a\u017c do osi\u0105gni\u0119cia najlepszego mo\u017cliwego rezultatu.<\/span>\n\t\t\t\t\t\t\t\t\t<\/li>\n\t\t\t\t\t\t<\/ul>\n\t\t\t\t\t\t<\/div>\n\t\t\t\t<\/div>\n\t\t\t\t\t<\/div>\n\t\t<\/div>\n\t\t\t\t\t<\/div>\n\t\t<\/section>\n\t\t\t\t\t<\/div>\n\t\t<\/div>\n\t\t\t\t\t<\/div>\n\t\t<\/section>\n\t\t\t\t<\/div>\n\t\t\n&nbsp;<br \/>\nPrzejd\u017a do <a title=\"Krok 6 autocoachingu: zakotwiczenie do konkluzji\" href=\"https:\/\/remstim.com\/pl\/self-coach-w-6-krokach-z-emdr-dzieki-remstim-3000\/krok-6-autocoachingu-emdr-zakotwiczenie-do-konkluzji\/\">sz\u00f3stego kroku autocoachingu: zakotwiczenie si\u0119 w konkluzji<\/a>&#8230;<\/p>\n<p><span style=\"text-decoration: underline;\"><strong>Pomocne wskaz\u00f3wki:<\/strong><\/span><\/p>\n<h2>Body-Scan II: Ponowne okre\u015blenie swoich fizycznych odczu\u0107 w autocoachingu z EMDR<\/h2>\n<p>Pi\u0105ty krok (skanowanie cia\u0142a II) powtarza <a title=\"Krok 3 autocoachingu EMDR: Okre\u015blenie odczu\u0107 cia\u0142a\" href=\"https:\/\/remstim.com\/pl\/self-coach-w-6-krokach-z-emdr-dzieki-remstim-3000\/krok-3-autocoachingu-emdr-okreslenie-odczuc-z-ciala\/\">krok trzeci (skanowanie cia\u0142a I)<\/a>, poniewa\u017c po interwencji z wizualn\u0105 dwustronn\u0105 stymulacj\u0105 metody EMDR konieczne jest pe\u0142ne wdro\u017cenie procesu autocoachingu w celu wyszukania pozosta\u0142ych wra\u017ce\u0144 za pomoc\u0105 kolejnego skanowania cia\u0142a. Te szcz\u0105tkowe doznania musz\u0105 nast\u0119pnie zosta\u0107 rozpuszczone poprzez powtarzanie <a title=\"Krok 4 samodzielnego treningu EMDR: Interwencja za pomoc\u0105 REMSTIM 3000 (przetwarzanie)\" href=\"https:\/\/remstim.com\/pl\/self-coach-w-6-krokach-z-emdr-dzieki-remstim-3000\/krok-4-samodzielnego-treningu-emdr-interwencja-z-remstim-3000-przetwarzanie\/\">czwartego kroku, interwencji<\/a>, i zdrowo zintegrowane z naszym bogactwem do\u015bwiadcze\u0144.<\/p>\n<p>Nale\u017cy pami\u0119ta\u0107, \u017ce proces interwencji mo\u017cna przeprowadzi\u0107 kilka razy z rz\u0119du, aby stopniowo zmniejszy\u0107 pozosta\u0142e uczucia. Zr\u00f3b przerw\u0119 po ka\u017cdej z 3 <a title=\"Stymulacja szybkich ruch\u00f3w ga\u0142ek ocznych\" href=\"https:\/\/remstim.com\/pl\/podstawy-korzystania-z-emdr-w-coachingu-z-remstim-3000\/stymulacja-szybkich-ruchow-galek-ocznych\/\">stymulacji Rapid Eye Movement<\/a>.<\/p>\n<p>Je\u015bli szcz\u0105tkowe odczucia nie znikn\u0105 ca\u0142kowicie podczas tej sesji autocoachingu EMDR lub nie zmieni\u0105 si\u0119 w przyjemn\u0105 percepcj\u0119, pomocne mo\u017ce by\u0107 przej\u015bcie do <a title=\"Krok 6 autocoachingu EMDR: Zakotwiczenie do konkluzji\" href=\"https:\/\/remstim.com\/pl\/self-coach-w-6-krokach-z-emdr-dzieki-remstim-3000\/krok-6-autocoachingu-emdr-zakotwiczenie-do-konkluzji\/\">kroku 6<\/a>; pod warunkiem, \u017ce szcz\u0105tkowe odczucia mieszcz\u0105 si\u0119 w tolerowanym zakresie. <a title=\"Krok 6 autocoachingu EMDR: Zakotwiczenie do konkluzji\" href=\"https:\/\/remstim.com\/pl\/self-coach-w-6-krokach-z-emdr-dzieki-remstim-3000\/krok-6-autocoachingu-emdr-zakotwiczenie-do-konkluzji\/\">Ostatni krok &#8211; krok 6<\/a> &#8211; ko\u0144czy t\u0119 sesj\u0119. <a title=\"Krok 4 samodzielnego treningu EMDR: Interwencja za pomoc\u0105 REMSTIM 3000 (przetwarzanie)\" href=\"https:\/\/remstim.com\/pl\/self-coach-w-6-krokach-z-emdr-dzieki-remstim-3000\/krok-4-samodzielnego-treningu-emdr-interwencja-z-remstim-3000-przetwarzanie\/\">Interwencja EMDR<\/a> wyzwala, toruje drog\u0119 do normalnego przetwarzania naszego cia\u0142a. P\u00f3\u017aniejszy czas, zw\u0142aszcza nocny odpoczynek z fazami snu REM, w wielu przypadkach jest w stanie ca\u0142kowicie rozpu\u015bci\u0107 pozosta\u0142e emocjonalne markery zwi\u0105zane z dan\u0105 kwesti\u0105 osobist\u0105.<\/p>\n<p>Je\u015bli nast\u0119pnego dnia temat jest nadal tak samo obecny, mo\u017cesz przeprowadzi\u0107 kolejn\u0105 sesj\u0119 coachingow\u0105.<\/p>\n","protected":false},"excerpt":{"rendered":"<p>Powr\u00f3t do czwartego kroku autocoachingu: Interwencja (przetwarzanie)&#8230; &nbsp; &nbsp; Przejd\u017a do sz\u00f3stego kroku autocoachingu: zakotwiczenie si\u0119 w konkluzji&#8230; Pomocne wskaz\u00f3wki: Body-Scan II: Ponowne okre\u015blenie swoich fizycznych odczu\u0107 w autocoachingu z EMDR Pi\u0105ty krok (skanowanie cia\u0142a II) powtarza krok trzeci (skanowanie cia\u0142a I), poniewa\u017c po interwencji z wizualn\u0105 dwustronn\u0105 stymulacj\u0105 metody EMDR konieczne jest pe\u0142ne wdro\u017cenie [&hellip;]<\/p>\n","protected":false},"author":1,"featured_media":0,"parent":19976,"menu_order":5,"comment_status":"closed","ping_status":"closed","template":"","meta":{"_acf_changed":false,"site-sidebar-layout":"default","site-content-layout":"default","ast-site-content-layout":"default","site-content-style":"default","site-sidebar-style":"default","ast-global-header-display":"","ast-banner-title-visibility":"","ast-main-header-display":"","ast-hfb-above-header-display":"","ast-hfb-below-header-display":"","ast-hfb-mobile-header-display":"","site-post-title":"","ast-breadcrumbs-content":"","ast-featured-img":"","footer-sml-layout":"","ast-disable-related-posts":"","theme-transparent-header-meta":"default","adv-header-id-meta":"","stick-header-meta":"default","header-above-stick-meta":"","header-main-stick-meta":"","header-below-stick-meta":"","astra-migrate-meta-layouts":"default","ast-page-background-enabled":"default","ast-page-background-meta":{"desktop":{"background-color":"var(--ast-global-color-4)","background-image":"","background-repeat":"repeat","background-position":"center center","background-size":"auto","background-attachment":"scroll","background-type":"","background-media":"","overlay-type":"","overlay-color":"","overlay-opacity":"","overlay-gradient":""},"tablet":{"background-color":"","background-image":"","background-repeat":"repeat","background-position":"center center","background-size":"auto","background-attachment":"scroll","background-type":"","background-media":"","overlay-type":"","overlay-color":"","overlay-opacity":"","overlay-gradient":""},"mobile":{"background-color":"","background-image":"","background-repeat":"repeat","background-position":"center center","background-size":"auto","background-attachment":"scroll","background-type":"","background-media":"","overlay-type":"","overlay-color":"","overlay-opacity":"","overlay-gradient":""}},"ast-content-background-meta":{"desktop":{"background-color":"var(--ast-global-color-5)","background-image":"","background-repeat":"repeat","background-position":"center center","background-size":"auto","background-attachment":"scroll","background-type":"","background-media":"","overlay-type":"","overlay-color":"","overlay-opacity":"","overlay-gradient":""},"tablet":{"background-color":"var(--ast-global-color-5)","background-image":"","background-repeat":"repeat","background-position":"center center","background-size":"auto","background-attachment":"scroll","background-type":"","background-media":"","overlay-type":"","overlay-color":"","overlay-opacity":"","overlay-gradient":""},"mobile":{"background-color":"var(--ast-global-color-5)","background-image":"","background-repeat":"repeat","background-position":"center center","background-size":"auto","background-attachment":"scroll","background-type":"","background-media":"","overlay-type":"","overlay-color":"","overlay-opacity":"","overlay-gradient":""}},"footnotes":""},"class_list":["post-19950","page","type-page","status-publish","hentry"],"acf":[],"yoast_head":"<!-- This site is optimized with the Yoast SEO plugin v27.3 - https:\/\/yoast.com\/product\/yoast-seo-wordpress\/ -->\n<title>Krok 5 autocoachingu EMDR: Przetwarzanie pozosta\u0142ych wra\u017ce\u0144<\/title>\n<meta name=\"description\" content=\"W pi\u0105tym kroku autocoachingu EMDR z REMSTIM 3000, pozosta\u0142e uczucia s\u0105 odkrywane i przetwarzane a\u017c do osi\u0105gni\u0119cia najlepszego rezultatu.\" \/>\n<meta name=\"robots\" content=\"index, follow, max-snippet:-1, max-image-preview:large, max-video-preview:-1\" \/>\n<link rel=\"canonical\" href=\"https:\/\/remstim.com\/pl\/self-coach-w-6-krokach-z-emdr-dzieki-remstim-3000\/krok-5-autocoachingu-emdr-ujawnianie-i-przetwarzanie-pozostalych-doznan\/\" \/>\n<meta property=\"og:locale\" content=\"pl_PL\" \/>\n<meta property=\"og:type\" content=\"article\" \/>\n<meta property=\"og:title\" content=\"Krok 5 autocoachingu EMDR: Przetwarzanie pozosta\u0142ych wra\u017ce\u0144\" \/>\n<meta property=\"og:description\" content=\"W pi\u0105tym kroku autocoachingu EMDR z REMSTIM 3000, pozosta\u0142e uczucia s\u0105 odkrywane i przetwarzane a\u017c do osi\u0105gni\u0119cia najlepszego rezultatu.\" \/>\n<meta property=\"og:url\" content=\"https:\/\/remstim.com\/pl\/self-coach-w-6-krokach-z-emdr-dzieki-remstim-3000\/krok-5-autocoachingu-emdr-ujawnianie-i-przetwarzanie-pozostalych-doznan\/\" \/>\n<meta property=\"og:site_name\" content=\"EMDR Ger\u00e4t REMSTIM 3000 gegen Stress\" \/>\n<meta property=\"article:modified_time\" content=\"2023-09-15T07:40:04+00:00\" \/>\n<meta name=\"twitter:label1\" content=\"Szacowany czas czytania\" \/>\n\t<meta name=\"twitter:data1\" content=\"2 minuty\" \/>\n<script type=\"application\/ld+json\" class=\"yoast-schema-graph\">{\"@context\":\"https:\\\/\\\/schema.org\",\"@graph\":[{\"@type\":\"WebPage\",\"@id\":\"https:\\\/\\\/remstim.com\\\/pl\\\/self-coach-w-6-krokach-z-emdr-dzieki-remstim-3000\\\/krok-5-autocoachingu-emdr-ujawnianie-i-przetwarzanie-pozostalych-doznan\\\/\",\"url\":\"https:\\\/\\\/remstim.com\\\/pl\\\/self-coach-w-6-krokach-z-emdr-dzieki-remstim-3000\\\/krok-5-autocoachingu-emdr-ujawnianie-i-przetwarzanie-pozostalych-doznan\\\/\",\"name\":\"Krok 5 autocoachingu EMDR: Przetwarzanie pozosta\u0142ych wra\u017ce\u0144\",\"isPartOf\":{\"@id\":\"https:\\\/\\\/remstim.com\\\/pl\\\/#website\"},\"datePublished\":\"2011-11-05T15:31:48+00:00\",\"dateModified\":\"2023-09-15T07:40:04+00:00\",\"description\":\"W pi\u0105tym kroku autocoachingu EMDR z REMSTIM 3000, pozosta\u0142e uczucia s\u0105 odkrywane i przetwarzane a\u017c do osi\u0105gni\u0119cia najlepszego rezultatu.\",\"breadcrumb\":{\"@id\":\"https:\\\/\\\/remstim.com\\\/pl\\\/self-coach-w-6-krokach-z-emdr-dzieki-remstim-3000\\\/krok-5-autocoachingu-emdr-ujawnianie-i-przetwarzanie-pozostalych-doznan\\\/#breadcrumb\"},\"inLanguage\":\"pl-PL\",\"potentialAction\":[{\"@type\":\"ReadAction\",\"target\":[\"https:\\\/\\\/remstim.com\\\/pl\\\/self-coach-w-6-krokach-z-emdr-dzieki-remstim-3000\\\/krok-5-autocoachingu-emdr-ujawnianie-i-przetwarzanie-pozostalych-doznan\\\/\"]}]},{\"@type\":\"BreadcrumbList\",\"@id\":\"https:\\\/\\\/remstim.com\\\/pl\\\/self-coach-w-6-krokach-z-emdr-dzieki-remstim-3000\\\/krok-5-autocoachingu-emdr-ujawnianie-i-przetwarzanie-pozostalych-doznan\\\/#breadcrumb\",\"itemListElement\":[{\"@type\":\"ListItem\",\"position\":1,\"name\":\"Startseite\",\"item\":\"https:\\\/\\\/remstim.com\\\/pl\\\/\"},{\"@type\":\"ListItem\",\"position\":2,\"name\":\"Self-coach w 6 krokach z EMDR dzi\u0119ki REMSTIM 3000\",\"item\":\"https:\\\/\\\/remstim.com\\\/pl\\\/self-coach-w-6-krokach-z-emdr-dzieki-remstim-3000\\\/\"},{\"@type\":\"ListItem\",\"position\":3,\"name\":\"Krok 5 autocoachingu EMDR: Ujawnianie i przetwarzanie pozosta\u0142ych dozna\u0144\"}]},{\"@type\":\"WebSite\",\"@id\":\"https:\\\/\\\/remstim.com\\\/pl\\\/#website\",\"url\":\"https:\\\/\\\/remstim.com\\\/pl\\\/\",\"name\":\"EMDR Ger\u00e4t REMSTIM 3000 gegen Stress\",\"description\":\"Wie wir schnell Entspannung finden.\",\"publisher\":{\"@id\":\"https:\\\/\\\/remstim.com\\\/pl\\\/#organization\"},\"potentialAction\":[{\"@type\":\"SearchAction\",\"target\":{\"@type\":\"EntryPoint\",\"urlTemplate\":\"https:\\\/\\\/remstim.com\\\/pl\\\/?s={search_term_string}\"},\"query-input\":{\"@type\":\"PropertyValueSpecification\",\"valueRequired\":true,\"valueName\":\"search_term_string\"}}],\"inLanguage\":\"pl-PL\"},{\"@type\":\"Organization\",\"@id\":\"https:\\\/\\\/remstim.com\\\/pl\\\/#organization\",\"name\":\"EMDR Ger\u00e4t REMSTIM 3000 gegen Stress\",\"url\":\"https:\\\/\\\/remstim.com\\\/pl\\\/\",\"logo\":{\"@type\":\"ImageObject\",\"inLanguage\":\"pl-PL\",\"@id\":\"https:\\\/\\\/remstim.com\\\/pl\\\/#\\\/schema\\\/logo\\\/image\\\/\",\"url\":\"https:\\\/\\\/remstim.com\\\/wp-content\\\/uploads\\\/2012\\\/06\\\/REMSTIM-Logo-mit-Untertitel_orange-e1340382850185.png\",\"contentUrl\":\"https:\\\/\\\/remstim.com\\\/wp-content\\\/uploads\\\/2012\\\/06\\\/REMSTIM-Logo-mit-Untertitel_orange-e1340382850185.png\",\"width\":304,\"height\":80,\"caption\":\"EMDR Ger\u00e4t REMSTIM 3000 gegen Stress\"},\"image\":{\"@id\":\"https:\\\/\\\/remstim.com\\\/pl\\\/#\\\/schema\\\/logo\\\/image\\\/\"}}]}<\/script>\n<!-- \/ Yoast SEO plugin. -->","yoast_head_json":{"title":"Krok 5 autocoachingu EMDR: Przetwarzanie pozosta\u0142ych wra\u017ce\u0144","description":"W pi\u0105tym kroku autocoachingu EMDR z REMSTIM 3000, pozosta\u0142e uczucia s\u0105 odkrywane i przetwarzane a\u017c do osi\u0105gni\u0119cia najlepszego rezultatu.","robots":{"index":"index","follow":"follow","max-snippet":"max-snippet:-1","max-image-preview":"max-image-preview:large","max-video-preview":"max-video-preview:-1"},"canonical":"https:\/\/remstim.com\/pl\/self-coach-w-6-krokach-z-emdr-dzieki-remstim-3000\/krok-5-autocoachingu-emdr-ujawnianie-i-przetwarzanie-pozostalych-doznan\/","og_locale":"pl_PL","og_type":"article","og_title":"Krok 5 autocoachingu EMDR: Przetwarzanie pozosta\u0142ych wra\u017ce\u0144","og_description":"W pi\u0105tym kroku autocoachingu EMDR z REMSTIM 3000, pozosta\u0142e uczucia s\u0105 odkrywane i przetwarzane a\u017c do osi\u0105gni\u0119cia najlepszego rezultatu.","og_url":"https:\/\/remstim.com\/pl\/self-coach-w-6-krokach-z-emdr-dzieki-remstim-3000\/krok-5-autocoachingu-emdr-ujawnianie-i-przetwarzanie-pozostalych-doznan\/","og_site_name":"EMDR Ger\u00e4t REMSTIM 3000 gegen Stress","article_modified_time":"2023-09-15T07:40:04+00:00","twitter_misc":{"Szacowany czas czytania":"2 minuty"},"schema":{"@context":"https:\/\/schema.org","@graph":[{"@type":"WebPage","@id":"https:\/\/remstim.com\/pl\/self-coach-w-6-krokach-z-emdr-dzieki-remstim-3000\/krok-5-autocoachingu-emdr-ujawnianie-i-przetwarzanie-pozostalych-doznan\/","url":"https:\/\/remstim.com\/pl\/self-coach-w-6-krokach-z-emdr-dzieki-remstim-3000\/krok-5-autocoachingu-emdr-ujawnianie-i-przetwarzanie-pozostalych-doznan\/","name":"Krok 5 autocoachingu EMDR: Przetwarzanie pozosta\u0142ych wra\u017ce\u0144","isPartOf":{"@id":"https:\/\/remstim.com\/pl\/#website"},"datePublished":"2011-11-05T15:31:48+00:00","dateModified":"2023-09-15T07:40:04+00:00","description":"W pi\u0105tym kroku autocoachingu EMDR z REMSTIM 3000, pozosta\u0142e uczucia s\u0105 odkrywane i przetwarzane a\u017c do osi\u0105gni\u0119cia najlepszego rezultatu.","breadcrumb":{"@id":"https:\/\/remstim.com\/pl\/self-coach-w-6-krokach-z-emdr-dzieki-remstim-3000\/krok-5-autocoachingu-emdr-ujawnianie-i-przetwarzanie-pozostalych-doznan\/#breadcrumb"},"inLanguage":"pl-PL","potentialAction":[{"@type":"ReadAction","target":["https:\/\/remstim.com\/pl\/self-coach-w-6-krokach-z-emdr-dzieki-remstim-3000\/krok-5-autocoachingu-emdr-ujawnianie-i-przetwarzanie-pozostalych-doznan\/"]}]},{"@type":"BreadcrumbList","@id":"https:\/\/remstim.com\/pl\/self-coach-w-6-krokach-z-emdr-dzieki-remstim-3000\/krok-5-autocoachingu-emdr-ujawnianie-i-przetwarzanie-pozostalych-doznan\/#breadcrumb","itemListElement":[{"@type":"ListItem","position":1,"name":"Startseite","item":"https:\/\/remstim.com\/pl\/"},{"@type":"ListItem","position":2,"name":"Self-coach w 6 krokach z EMDR dzi\u0119ki REMSTIM 3000","item":"https:\/\/remstim.com\/pl\/self-coach-w-6-krokach-z-emdr-dzieki-remstim-3000\/"},{"@type":"ListItem","position":3,"name":"Krok 5 autocoachingu EMDR: Ujawnianie i przetwarzanie pozosta\u0142ych dozna\u0144"}]},{"@type":"WebSite","@id":"https:\/\/remstim.com\/pl\/#website","url":"https:\/\/remstim.com\/pl\/","name":"EMDR Ger\u00e4t REMSTIM 3000 gegen Stress","description":"Wie wir schnell Entspannung finden.","publisher":{"@id":"https:\/\/remstim.com\/pl\/#organization"},"potentialAction":[{"@type":"SearchAction","target":{"@type":"EntryPoint","urlTemplate":"https:\/\/remstim.com\/pl\/?s={search_term_string}"},"query-input":{"@type":"PropertyValueSpecification","valueRequired":true,"valueName":"search_term_string"}}],"inLanguage":"pl-PL"},{"@type":"Organization","@id":"https:\/\/remstim.com\/pl\/#organization","name":"EMDR Ger\u00e4t REMSTIM 3000 gegen Stress","url":"https:\/\/remstim.com\/pl\/","logo":{"@type":"ImageObject","inLanguage":"pl-PL","@id":"https:\/\/remstim.com\/pl\/#\/schema\/logo\/image\/","url":"https:\/\/remstim.com\/wp-content\/uploads\/2012\/06\/REMSTIM-Logo-mit-Untertitel_orange-e1340382850185.png","contentUrl":"https:\/\/remstim.com\/wp-content\/uploads\/2012\/06\/REMSTIM-Logo-mit-Untertitel_orange-e1340382850185.png","width":304,"height":80,"caption":"EMDR Ger\u00e4t REMSTIM 3000 gegen Stress"},"image":{"@id":"https:\/\/remstim.com\/pl\/#\/schema\/logo\/image\/"}}]}},"_links":{"self":[{"href":"https:\/\/remstim.com\/pl\/wp-json\/wp\/v2\/pages\/19950","targetHints":{"allow":["GET"]}}],"collection":[{"href":"https:\/\/remstim.com\/pl\/wp-json\/wp\/v2\/pages"}],"about":[{"href":"https:\/\/remstim.com\/pl\/wp-json\/wp\/v2\/types\/page"}],"author":[{"embeddable":true,"href":"https:\/\/remstim.com\/pl\/wp-json\/wp\/v2\/users\/1"}],"replies":[{"embeddable":true,"href":"https:\/\/remstim.com\/pl\/wp-json\/wp\/v2\/comments?post=19950"}],"version-history":[{"count":0,"href":"https:\/\/remstim.com\/pl\/wp-json\/wp\/v2\/pages\/19950\/revisions"}],"up":[{"embeddable":true,"href":"https:\/\/remstim.com\/pl\/wp-json\/wp\/v2\/pages\/19976"}],"wp:attachment":[{"href":"https:\/\/remstim.com\/pl\/wp-json\/wp\/v2\/media?parent=19950"}],"curies":[{"name":"wp","href":"https:\/\/api.w.org\/{rel}","templated":true}]}}