{"id":19952,"date":"2011-11-28T10:51:04","date_gmt":"2011-11-28T10:51:04","guid":{"rendered":"https:\/\/remstim.de\/remstim-3000\/szczegoly-techniczne-remstim-3000\/"},"modified":"2023-09-15T07:28:43","modified_gmt":"2023-09-15T07:28:43","slug":"szczegoly-techniczne-remstim-3000","status":"publish","type":"page","link":"https:\/\/remstim.com\/pl\/remstim-3000\/szczegoly-techniczne-remstim-3000\/","title":{"rendered":"Szczeg\u00f3\u0142y techniczne REMSTIM 3000"},"content":{"rendered":"<h1 style=\"text-align: left;\">Szczeg\u00f3\u0142y techniczne REMSTIM 3000<\/h1>\n<p style=\"text-align: left;\"><a title=\"REMSTIM 3000\" href=\"https:\/\/remstim.com\/pl\/remstim-3000\/\">REMSTIM 3000<\/a> zosta\u0142 opracowany specjalnie do zastosowania <a title=\"Wykorzystanie EMDR w autocoachingu z REMSTIM 3000\" href=\"https:\/\/remstim.com\/pl\/podstawy-korzystania-z-emdr-w-coachingu-z-remstim-3000\/wykorzystanie-emdr-w-autocoachingu-z-remstim-3000\/\">EMDR w autocoachingu<\/a> i zwi\u0105zanej z nim <a href=\"https:\/\/remstim.com\/pl\/podstawy-korzystania-z-emdr-w-coachingu-z-remstim-3000\/stymulacja-szybkich-ruchow-galek-ocznych\/\">stymulacji ruch\u00f3w ga\u0142ek ocznych<\/a>. Okulary do samodzielnego treningu s\u0105 produkowane r\u0119cznie w Niemczech. Koordynacja jego funkcji, indywidualne opcje ustawie\u0144 i ich \u0142atwa <strong>obs\u0142uga<\/strong> sprawiaj\u0105, \u017ce <a href=\"https:\/\/remstim.com\/pl\/remstim-3000\/\">REMSTIM<\/a> 3000 jest skutecznym i sprawdzonym urz\u0105dzeniem do samodzielnego treningu.<\/p>\n<p style=\"text-align: left;\"><img fetchpriority=\"high\" decoding=\"async\" class=\"alignleft wp-image-8668\" title=\"Urz\u0105dzenie trenerskie REMSTIM 3000 EMDR\" src=\"https:\/\/remstim.com\/wp-content\/uploads\/2019\/08\/R3_FB_KofferManual-final-20190627-987x1024.jpg\" alt=\"Gogle EMDR REMSTIM 3000 model 2020 z etui\" width=\"280\" height=\"290\" srcset=\"https:\/\/remstim.com\/wp-content\/uploads\/2019\/08\/R3_FB_KofferManual-final-20190627-987x1024.jpg 987w, https:\/\/remstim.com\/wp-content\/uploads\/2019\/08\/R3_FB_KofferManual-final-20190627-600x622.jpg 600w, https:\/\/remstim.com\/wp-content\/uploads\/2019\/08\/R3_FB_KofferManual-final-20190627-289x300.jpg 289w, https:\/\/remstim.com\/wp-content\/uploads\/2019\/08\/R3_FB_KofferManual-final-20190627-768x797.jpg 768w, https:\/\/remstim.com\/wp-content\/uploads\/2019\/08\/R3_FB_KofferManual-final-20190627-740x768.jpg 740w\" sizes=\"(max-width: 280px) 100vw, 280px\" \/>Jego niewielka, kompaktowa i lekka konstrukcja sprawia, \u017ce idealnie nadaje si\u0119 do u\u017cytku w podr\u00f3\u017cy. To niewielkie, profesjonalne urz\u0105dzenie do samodzielnego treningu z wykorzystaniem <a href=\"https:\/\/remstim.com\/pl\/podstawy-korzystania-z-emdr-w-coachingu-z-remstim-3000\/stymulacja-szybkich-ruchow-galek-ocznych\/\">stymulacji ruch\u00f3w ga\u0142ek ocznych<\/a> wa\u017cy mniej ni\u017c 100 g, \u0142\u0105cznie z <a title=\"Informacje na temat baterii guzikowej REMSTIM 3000\" href=\"https:\/\/remstim.com\/pl\/remstim-3000\/informacje-na-temat-baterii-guzikowej-remstim-3000\/\">bateri\u0105<\/a>.<\/p>\n<p style=\"text-align: left;\">Sterowana chipowo elektronika <a href=\"https:\/\/remstim.com\/pl\/remstim-3000\/\">REMSTIM<\/a> 3000 jest ca\u0142kowicie umieszczona w eleganckiej, formowanej obudowie, dzi\u0119ki czemu mo\u017cna zrezygnowa\u0107 z kabli i dodatkowych element\u00f3w obs\u0142ugi.<\/p>\n<p style=\"text-align: left;\">Poniewa\u017c <strong>elastyczno\u015b\u0107<\/strong><strong>ruch\u00f3w<\/strong> <strong>ga\u0142ek ocznych<\/strong> u\u017cytkownika jest r\u00f3\u017cna, <span style=\"text-decoration: underline;\">parametry stymulacji<\/span> mo\u017cna dostosowa\u0107 indywidualnie. Ostatnio u\u017cywane ustawienie <span style=\"text-decoration: underline;\">parametr\u00f3w stymulacji<\/span> jest zawsze automatycznie zapisywane przez chip dla nast\u0119pnej aplikacji.<\/p>\n<p style=\"text-align: left;\">Diody Micro-LED generuj\u0105 delikatny impuls \u015bwietlny, kt\u00f3ry kieruje ruchem ka\u017cdego oka indywidualnie, ale w skoordynowany spos\u00f3b podczas aplikacji. 2 x 3 pionowo u\u0142o\u017cone diody LED sygnalizuj\u0105 pocz\u0105tek i koniec 30-sekundowej aplikacji. Wi\u0119cej informacji na ten temat mo\u017cna znale\u017a\u0107 w sekcji <a title=\"Obs\u0142uga REMSTIM 3000\" href=\"https:\/\/remstim.com\/pl\/remstim-3000\/instrukcja-obslugi-remstim-3000\/#Bedienung\">Obs\u0142uga REMSTIM 3000<\/a>.<\/p>\n<p style=\"text-align: left;\"><img decoding=\"async\" class=\"alignright wp-image-8446\" src=\"https:\/\/remstim.com\/wp-content\/uploads\/2018\/12\/REMSTIM_3000-Leiterplatte5_de-1024x587.jpg\" alt=\"\" width=\"360\" height=\"206\" srcset=\"https:\/\/remstim.com\/wp-content\/uploads\/2018\/12\/REMSTIM_3000-Leiterplatte5_de-1024x587.jpg 1024w, https:\/\/remstim.com\/wp-content\/uploads\/2018\/12\/REMSTIM_3000-Leiterplatte5_de-600x344.jpg 600w, https:\/\/remstim.com\/wp-content\/uploads\/2018\/12\/REMSTIM_3000-Leiterplatte5_de-300x172.jpg 300w, https:\/\/remstim.com\/wp-content\/uploads\/2018\/12\/REMSTIM_3000-Leiterplatte5_de-768x440.jpg 768w, https:\/\/remstim.com\/wp-content\/uploads\/2018\/12\/REMSTIM_3000-Leiterplatte5_de.jpg 2014w\" sizes=\"(max-width: 360px) 100vw, 360px\" \/>Poziomo biegn\u0105cy sygna\u0142 \u015bwietlny, kt\u00f3ry delikatnie stymuluje ruchy ga\u0142ek ocznych, mo\u017cna \u0142atwo i szybko regulowa\u0107 pod wzgl\u0119dem <span style=\"text-decoration: underline;\">odchylenia ga\u0142ek ocznych<\/span> i <span style=\"text-decoration: underline;\">szybko\u015bci<\/span> stymulacji za pomoc\u0105 dw\u00f3ch przycisk\u00f3w dotykowych podczas aplikacji w celu zapewnienia dobrego samopoczucia i optymalnej skuteczno\u015bci <a href=\"https:\/\/remstim.com\/pl\/podstawy-korzystania-z-emdr-w-coachingu-z-remstim-3000\/efekty-stymulacji-emdr\/\">efekt\u00f3w stymulacji<\/a>. Szczeg\u00f3ln\u0105 uwag\u0119 zwr\u00f3cono na wyb\u00f3r koloru i <span style=\"text-decoration: underline;\">jasno\u015bci<\/span> \u015bwiat\u0142a, aby bodziec wizualny by\u0142 jak najbardziej sprzyjaj\u0105cy i przyjemny.<\/p>\n<p style=\"text-align: left;\">Prosimy r\u00f3wnie\u017c o zapoznanie si\u0119 z <a href=\"https:\/\/remstim.com\/pl\/podstawy-korzystania-z-emdr-w-coachingu-z-remstim-3000\/wazne-informacje\/\">wa\u017cnymi informacjami<\/a>.<\/p>\n\t\t<div data-elementor-type=\"section\" data-elementor-id=\"20287\" class=\"elementor elementor-20287 elementor-9961\" data-elementor-post-type=\"elementor_library\">\n\t\t\t\t\t<section class=\"elementor-section elementor-top-section elementor-element elementor-element-7831db3f elementor-section-full_width elementor-section-height-default elementor-section-height-default\" data-id=\"7831db3f\" data-element_type=\"section\" data-e-type=\"section\">\n\t\t\t\t\t\t<div class=\"elementor-container elementor-column-gap-no\">\n\t\t\t\t\t<div class=\"elementor-column elementor-col-100 elementor-top-column elementor-element elementor-element-67d956e3\" data-id=\"67d956e3\" data-element_type=\"column\" data-e-type=\"column\">\n\t\t\t<div class=\"elementor-widget-wrap elementor-element-populated\">\n\t\t\t\t\t\t<section class=\"elementor-section elementor-inner-section elementor-element elementor-element-2aa1ea3b elementor-section-boxed elementor-section-height-default elementor-section-height-default\" data-id=\"2aa1ea3b\" data-element_type=\"section\" data-e-type=\"section\" data-settings=\"{&quot;background_background&quot;:&quot;classic&quot;}\">\n\t\t\t\t\t\t<div class=\"elementor-container elementor-column-gap-default\">\n\t\t\t\t\t<div class=\"elementor-column elementor-col-100 elementor-inner-column elementor-element elementor-element-c252630\" data-id=\"c252630\" data-element_type=\"column\" data-e-type=\"column\">\n\t\t\t<div class=\"elementor-widget-wrap elementor-element-populated\">\n\t\t\t\t\t\t<div class=\"elementor-element elementor-element-61fde7f4 elementor-widget elementor-widget-heading\" data-id=\"61fde7f4\" data-element_type=\"widget\" data-e-type=\"widget\" data-widget_type=\"heading.default\">\n\t\t\t\t<div class=\"elementor-widget-container\">\n\t\t\t\t\t<h2 class=\"elementor-heading-title elementor-size-default\">Prawa w\u0142asno\u015bci i rejestracja<\/h2>\t\t\t\t<\/div>\n\t\t\t\t<\/div>\n\t\t\t\t\t<\/div>\n\t\t<\/div>\n\t\t\t\t\t<\/div>\n\t\t<\/section>\n\t\t\t\t<section class=\"elementor-section elementor-inner-section elementor-element elementor-element-32badd39 elementor-section-content-top elementor-section-boxed elementor-section-height-default elementor-section-height-default\" data-id=\"32badd39\" data-element_type=\"section\" data-e-type=\"section\">\n\t\t\t\t\t\t<div class=\"elementor-container elementor-column-gap-default\">\n\t\t\t\t\t<div class=\"elementor-column elementor-col-100 elementor-inner-column elementor-element elementor-element-323ea1d5\" data-id=\"323ea1d5\" data-element_type=\"column\" data-e-type=\"column\">\n\t\t\t<div class=\"elementor-widget-wrap elementor-element-populated\">\n\t\t\t\t\t\t<div class=\"elementor-element elementor-element-1e66d79a elementor-icon-list--layout-traditional elementor-list-item-link-full_width elementor-widget elementor-widget-icon-list\" data-id=\"1e66d79a\" data-element_type=\"widget\" data-e-type=\"widget\" data-widget_type=\"icon-list.default\">\n\t\t\t\t<div class=\"elementor-widget-container\">\n\t\t\t\t\t\t\t<ul class=\"elementor-icon-list-items\">\n\t\t\t\t\t\t\t<li class=\"elementor-icon-list-item\">\n\t\t\t\t\t\t\t\t\t\t\t<span class=\"elementor-icon-list-icon\">\n\t\t\t\t\t\t\t<i aria-hidden=\"true\" class=\"far fa-star\"><\/i>\t\t\t\t\t\t<\/span>\n\t\t\t\t\t\t\t\t\t\t<span class=\"elementor-icon-list-text\">remstim\u00ae jest prawnie chronionym i zarejestrowanym znakiem towarowym<\/span>\n\t\t\t\t\t\t\t\t\t<\/li>\n\t\t\t\t\t\t\t\t<li class=\"elementor-icon-list-item\">\n\t\t\t\t\t\t\t\t\t\t\t<span class=\"elementor-icon-list-icon\">\n\t\t\t\t\t\t\t<i aria-hidden=\"true\" class=\"far fa-star\"><\/i>\t\t\t\t\t\t<\/span>\n\t\t\t\t\t\t\t\t\t\t<span class=\"elementor-icon-list-text\">Technologia REMSTIM 3000 jest prawnie chroniona i zarejestrowana pod numerem DE 202010014816.2.<\/span>\n\t\t\t\t\t\t\t\t\t<\/li>\n\t\t\t\t\t\t\t\t<li class=\"elementor-icon-list-item\">\n\t\t\t\t\t\t\t\t\t\t\t<span class=\"elementor-icon-list-icon\">\n\t\t\t\t\t\t\t<i aria-hidden=\"true\" class=\"far fa-star\"><\/i>\t\t\t\t\t\t<\/span>\n\t\t\t\t\t\t\t\t\t\t<span class=\"elementor-icon-list-text\">Nr WEEE-Reg. DE 83662464<\/span>\n\t\t\t\t\t\t\t\t\t<\/li>\n\t\t\t\t\t\t<\/ul>\n\t\t\t\t\t\t<\/div>\n\t\t\t\t<\/div>\n\t\t\t\t\t<\/div>\n\t\t<\/div>\n\t\t\t\t\t<\/div>\n\t\t<\/section>\n\t\t\t\t\t<\/div>\n\t\t<\/div>\n\t\t\t\t\t<\/div>\n\t\t<\/section>\n\t\t\t\t<\/div>\n\t\t\n","protected":false},"excerpt":{"rendered":"<p>Szczeg\u00f3\u0142y techniczne REMSTIM 3000 REMSTIM 3000 zosta\u0142 opracowany specjalnie do zastosowania EMDR w autocoachingu i zwi\u0105zanej z nim stymulacji ruch\u00f3w ga\u0142ek ocznych. Okulary do samodzielnego treningu s\u0105 produkowane r\u0119cznie w Niemczech. Koordynacja jego funkcji, indywidualne opcje ustawie\u0144 i ich \u0142atwa obs\u0142uga sprawiaj\u0105, \u017ce REMSTIM 3000 jest skutecznym i sprawdzonym urz\u0105dzeniem do samodzielnego treningu. Jego niewielka, [&hellip;]<\/p>\n","protected":false},"author":1,"featured_media":0,"parent":19929,"menu_order":8,"comment_status":"closed","ping_status":"closed","template":"","meta":{"_acf_changed":false,"site-sidebar-layout":"default","site-content-layout":"default","ast-site-content-layout":"default","site-content-style":"default","site-sidebar-style":"default","ast-global-header-display":"","ast-banner-title-visibility":"","ast-main-header-display":"","ast-hfb-above-header-display":"","ast-hfb-below-header-display":"","ast-hfb-mobile-header-display":"","site-post-title":"","ast-breadcrumbs-content":"","ast-featured-img":"","footer-sml-layout":"","ast-disable-related-posts":"","theme-transparent-header-meta":"default","adv-header-id-meta":"","stick-header-meta":"default","header-above-stick-meta":"","header-main-stick-meta":"","header-below-stick-meta":"","astra-migrate-meta-layouts":"default","ast-page-background-enabled":"default","ast-page-background-meta":{"desktop":{"background-color":"var(--ast-global-color-4)","background-image":"","background-repeat":"repeat","background-position":"center center","background-size":"auto","background-attachment":"scroll","background-type":"","background-media":"","overlay-type":"","overlay-color":"","overlay-opacity":"","overlay-gradient":""},"tablet":{"background-color":"","background-image":"","background-repeat":"repeat","background-position":"center center","background-size":"auto","background-attachment":"scroll","background-type":"","background-media":"","overlay-type":"","overlay-color":"","overlay-opacity":"","overlay-gradient":""},"mobile":{"background-color":"","background-image":"","background-repeat":"repeat","background-position":"center center","background-size":"auto","background-attachment":"scroll","background-type":"","background-media":"","overlay-type":"","overlay-color":"","overlay-opacity":"","overlay-gradient":""}},"ast-content-background-meta":{"desktop":{"background-color":"var(--ast-global-color-5)","background-image":"","background-repeat":"repeat","background-position":"center center","background-size":"auto","background-attachment":"scroll","background-type":"","background-media":"","overlay-type":"","overlay-color":"","overlay-opacity":"","overlay-gradient":""},"tablet":{"background-color":"var(--ast-global-color-5)","background-image":"","background-repeat":"repeat","background-position":"center center","background-size":"auto","background-attachment":"scroll","background-type":"","background-media":"","overlay-type":"","overlay-color":"","overlay-opacity":"","overlay-gradient":""},"mobile":{"background-color":"var(--ast-global-color-5)","background-image":"","background-repeat":"repeat","background-position":"center center","background-size":"auto","background-attachment":"scroll","background-type":"","background-media":"","overlay-type":"","overlay-color":"","overlay-opacity":"","overlay-gradient":""}},"footnotes":""},"class_list":["post-19952","page","type-page","status-publish","hentry"],"acf":[],"yoast_head":"<!-- This site is optimized with the Yoast SEO plugin v27.3 - https:\/\/yoast.com\/product\/yoast-seo-wordpress\/ -->\n<title>Szczeg\u00f3\u0142y techniczne REMSTIM 3000 - zaprojektowanego do szybkiego relaksu<\/title>\n<meta name=\"description\" content=\"REMSTIM 3000 zosta\u0142 opracowany specjalnie do stosowania szybkiej stymulacji ruch\u00f3w ga\u0142ek ocznych. Funkcje te sprawiaj\u0105, \u017ce jest to skuteczne urz\u0105dzenie do samodzielnego treningu.\" \/>\n<meta name=\"robots\" content=\"index, follow, max-snippet:-1, max-image-preview:large, max-video-preview:-1\" \/>\n<link rel=\"canonical\" href=\"https:\/\/remstim.com\/pl\/remstim-3000\/szczegoly-techniczne-remstim-3000\/\" \/>\n<meta property=\"og:locale\" content=\"pl_PL\" \/>\n<meta property=\"og:type\" content=\"article\" \/>\n<meta property=\"og:title\" content=\"Szczeg\u00f3\u0142y techniczne REMSTIM 3000 - zaprojektowanego do szybkiego relaksu\" \/>\n<meta property=\"og:description\" content=\"REMSTIM 3000 zosta\u0142 opracowany specjalnie do stosowania szybkiej stymulacji ruch\u00f3w ga\u0142ek ocznych. Funkcje te sprawiaj\u0105, \u017ce jest to skuteczne urz\u0105dzenie do samodzielnego treningu.\" \/>\n<meta property=\"og:url\" content=\"https:\/\/remstim.com\/pl\/remstim-3000\/szczegoly-techniczne-remstim-3000\/\" \/>\n<meta property=\"og:site_name\" content=\"EMDR Ger\u00e4t REMSTIM 3000 gegen Stress\" \/>\n<meta property=\"article:modified_time\" content=\"2023-09-15T07:28:43+00:00\" \/>\n<meta property=\"og:image\" content=\"https:\/\/remstim.com\/wp-content\/uploads\/2019\/08\/R3_FB_KofferManual-final-20190627-987x1024.jpg\" \/>\n<meta name=\"twitter:label1\" content=\"Szacowany czas czytania\" \/>\n\t<meta name=\"twitter:data1\" content=\"2 minuty\" \/>\n<script type=\"application\/ld+json\" class=\"yoast-schema-graph\">{\"@context\":\"https:\\\/\\\/schema.org\",\"@graph\":[{\"@type\":\"WebPage\",\"@id\":\"https:\\\/\\\/remstim.com\\\/pl\\\/remstim-3000\\\/szczegoly-techniczne-remstim-3000\\\/\",\"url\":\"https:\\\/\\\/remstim.com\\\/pl\\\/remstim-3000\\\/szczegoly-techniczne-remstim-3000\\\/\",\"name\":\"Szczeg\u00f3\u0142y techniczne REMSTIM 3000 - zaprojektowanego do szybkiego relaksu\",\"isPartOf\":{\"@id\":\"https:\\\/\\\/remstim.com\\\/pl\\\/#website\"},\"primaryImageOfPage\":{\"@id\":\"https:\\\/\\\/remstim.com\\\/pl\\\/remstim-3000\\\/szczegoly-techniczne-remstim-3000\\\/#primaryimage\"},\"image\":{\"@id\":\"https:\\\/\\\/remstim.com\\\/pl\\\/remstim-3000\\\/szczegoly-techniczne-remstim-3000\\\/#primaryimage\"},\"thumbnailUrl\":\"https:\\\/\\\/remstim.com\\\/wp-content\\\/uploads\\\/2019\\\/08\\\/R3_FB_KofferManual-final-20190627-987x1024.jpg\",\"datePublished\":\"2011-11-28T10:51:04+00:00\",\"dateModified\":\"2023-09-15T07:28:43+00:00\",\"description\":\"REMSTIM 3000 zosta\u0142 opracowany specjalnie do stosowania szybkiej stymulacji ruch\u00f3w ga\u0142ek ocznych. Funkcje te sprawiaj\u0105, \u017ce jest to skuteczne urz\u0105dzenie do samodzielnego treningu.\",\"breadcrumb\":{\"@id\":\"https:\\\/\\\/remstim.com\\\/pl\\\/remstim-3000\\\/szczegoly-techniczne-remstim-3000\\\/#breadcrumb\"},\"inLanguage\":\"pl-PL\",\"potentialAction\":[{\"@type\":\"ReadAction\",\"target\":[\"https:\\\/\\\/remstim.com\\\/pl\\\/remstim-3000\\\/szczegoly-techniczne-remstim-3000\\\/\"]}]},{\"@type\":\"ImageObject\",\"inLanguage\":\"pl-PL\",\"@id\":\"https:\\\/\\\/remstim.com\\\/pl\\\/remstim-3000\\\/szczegoly-techniczne-remstim-3000\\\/#primaryimage\",\"url\":\"https:\\\/\\\/remstim.com\\\/wp-content\\\/uploads\\\/2019\\\/08\\\/R3_FB_KofferManual-final-20190627-987x1024.jpg\",\"contentUrl\":\"https:\\\/\\\/remstim.com\\\/wp-content\\\/uploads\\\/2019\\\/08\\\/R3_FB_KofferManual-final-20190627-987x1024.jpg\"},{\"@type\":\"BreadcrumbList\",\"@id\":\"https:\\\/\\\/remstim.com\\\/pl\\\/remstim-3000\\\/szczegoly-techniczne-remstim-3000\\\/#breadcrumb\",\"itemListElement\":[{\"@type\":\"ListItem\",\"position\":1,\"name\":\"Startseite\",\"item\":\"https:\\\/\\\/remstim.com\\\/pl\\\/\"},{\"@type\":\"ListItem\",\"position\":2,\"name\":\"Gogle EMDR REMSTIM 3000\",\"item\":\"https:\\\/\\\/remstim.com\\\/pl\\\/remstim-3000\\\/\"},{\"@type\":\"ListItem\",\"position\":3,\"name\":\"Szczeg\u00f3\u0142y techniczne REMSTIM 3000\"}]},{\"@type\":\"WebSite\",\"@id\":\"https:\\\/\\\/remstim.com\\\/pl\\\/#website\",\"url\":\"https:\\\/\\\/remstim.com\\\/pl\\\/\",\"name\":\"EMDR Ger\u00e4t REMSTIM 3000 gegen Stress\",\"description\":\"Wie wir schnell Entspannung finden.\",\"publisher\":{\"@id\":\"https:\\\/\\\/remstim.com\\\/pl\\\/#organization\"},\"potentialAction\":[{\"@type\":\"SearchAction\",\"target\":{\"@type\":\"EntryPoint\",\"urlTemplate\":\"https:\\\/\\\/remstim.com\\\/pl\\\/?s={search_term_string}\"},\"query-input\":{\"@type\":\"PropertyValueSpecification\",\"valueRequired\":true,\"valueName\":\"search_term_string\"}}],\"inLanguage\":\"pl-PL\"},{\"@type\":\"Organization\",\"@id\":\"https:\\\/\\\/remstim.com\\\/pl\\\/#organization\",\"name\":\"EMDR Ger\u00e4t REMSTIM 3000 gegen Stress\",\"url\":\"https:\\\/\\\/remstim.com\\\/pl\\\/\",\"logo\":{\"@type\":\"ImageObject\",\"inLanguage\":\"pl-PL\",\"@id\":\"https:\\\/\\\/remstim.com\\\/pl\\\/#\\\/schema\\\/logo\\\/image\\\/\",\"url\":\"https:\\\/\\\/remstim.com\\\/wp-content\\\/uploads\\\/2012\\\/06\\\/REMSTIM-Logo-mit-Untertitel_orange-e1340382850185.png\",\"contentUrl\":\"https:\\\/\\\/remstim.com\\\/wp-content\\\/uploads\\\/2012\\\/06\\\/REMSTIM-Logo-mit-Untertitel_orange-e1340382850185.png\",\"width\":304,\"height\":80,\"caption\":\"EMDR Ger\u00e4t REMSTIM 3000 gegen Stress\"},\"image\":{\"@id\":\"https:\\\/\\\/remstim.com\\\/pl\\\/#\\\/schema\\\/logo\\\/image\\\/\"}}]}<\/script>\n<!-- \/ Yoast SEO plugin. -->","yoast_head_json":{"title":"Szczeg\u00f3\u0142y techniczne REMSTIM 3000 - zaprojektowanego do szybkiego relaksu","description":"REMSTIM 3000 zosta\u0142 opracowany specjalnie do stosowania szybkiej stymulacji ruch\u00f3w ga\u0142ek ocznych. Funkcje te sprawiaj\u0105, \u017ce jest to skuteczne urz\u0105dzenie do samodzielnego treningu.","robots":{"index":"index","follow":"follow","max-snippet":"max-snippet:-1","max-image-preview":"max-image-preview:large","max-video-preview":"max-video-preview:-1"},"canonical":"https:\/\/remstim.com\/pl\/remstim-3000\/szczegoly-techniczne-remstim-3000\/","og_locale":"pl_PL","og_type":"article","og_title":"Szczeg\u00f3\u0142y techniczne REMSTIM 3000 - zaprojektowanego do szybkiego relaksu","og_description":"REMSTIM 3000 zosta\u0142 opracowany specjalnie do stosowania szybkiej stymulacji ruch\u00f3w ga\u0142ek ocznych. Funkcje te sprawiaj\u0105, \u017ce jest to skuteczne urz\u0105dzenie do samodzielnego treningu.","og_url":"https:\/\/remstim.com\/pl\/remstim-3000\/szczegoly-techniczne-remstim-3000\/","og_site_name":"EMDR Ger\u00e4t REMSTIM 3000 gegen Stress","article_modified_time":"2023-09-15T07:28:43+00:00","og_image":[{"url":"https:\/\/remstim.com\/wp-content\/uploads\/2019\/08\/R3_FB_KofferManual-final-20190627-987x1024.jpg","type":"","width":"","height":""}],"twitter_misc":{"Szacowany czas czytania":"2 minuty"},"schema":{"@context":"https:\/\/schema.org","@graph":[{"@type":"WebPage","@id":"https:\/\/remstim.com\/pl\/remstim-3000\/szczegoly-techniczne-remstim-3000\/","url":"https:\/\/remstim.com\/pl\/remstim-3000\/szczegoly-techniczne-remstim-3000\/","name":"Szczeg\u00f3\u0142y techniczne REMSTIM 3000 - zaprojektowanego do szybkiego relaksu","isPartOf":{"@id":"https:\/\/remstim.com\/pl\/#website"},"primaryImageOfPage":{"@id":"https:\/\/remstim.com\/pl\/remstim-3000\/szczegoly-techniczne-remstim-3000\/#primaryimage"},"image":{"@id":"https:\/\/remstim.com\/pl\/remstim-3000\/szczegoly-techniczne-remstim-3000\/#primaryimage"},"thumbnailUrl":"https:\/\/remstim.com\/wp-content\/uploads\/2019\/08\/R3_FB_KofferManual-final-20190627-987x1024.jpg","datePublished":"2011-11-28T10:51:04+00:00","dateModified":"2023-09-15T07:28:43+00:00","description":"REMSTIM 3000 zosta\u0142 opracowany specjalnie do stosowania szybkiej stymulacji ruch\u00f3w ga\u0142ek ocznych. Funkcje te sprawiaj\u0105, \u017ce jest to skuteczne urz\u0105dzenie do samodzielnego treningu.","breadcrumb":{"@id":"https:\/\/remstim.com\/pl\/remstim-3000\/szczegoly-techniczne-remstim-3000\/#breadcrumb"},"inLanguage":"pl-PL","potentialAction":[{"@type":"ReadAction","target":["https:\/\/remstim.com\/pl\/remstim-3000\/szczegoly-techniczne-remstim-3000\/"]}]},{"@type":"ImageObject","inLanguage":"pl-PL","@id":"https:\/\/remstim.com\/pl\/remstim-3000\/szczegoly-techniczne-remstim-3000\/#primaryimage","url":"https:\/\/remstim.com\/wp-content\/uploads\/2019\/08\/R3_FB_KofferManual-final-20190627-987x1024.jpg","contentUrl":"https:\/\/remstim.com\/wp-content\/uploads\/2019\/08\/R3_FB_KofferManual-final-20190627-987x1024.jpg"},{"@type":"BreadcrumbList","@id":"https:\/\/remstim.com\/pl\/remstim-3000\/szczegoly-techniczne-remstim-3000\/#breadcrumb","itemListElement":[{"@type":"ListItem","position":1,"name":"Startseite","item":"https:\/\/remstim.com\/pl\/"},{"@type":"ListItem","position":2,"name":"Gogle EMDR REMSTIM 3000","item":"https:\/\/remstim.com\/pl\/remstim-3000\/"},{"@type":"ListItem","position":3,"name":"Szczeg\u00f3\u0142y techniczne REMSTIM 3000"}]},{"@type":"WebSite","@id":"https:\/\/remstim.com\/pl\/#website","url":"https:\/\/remstim.com\/pl\/","name":"EMDR Ger\u00e4t REMSTIM 3000 gegen Stress","description":"Wie wir schnell Entspannung finden.","publisher":{"@id":"https:\/\/remstim.com\/pl\/#organization"},"potentialAction":[{"@type":"SearchAction","target":{"@type":"EntryPoint","urlTemplate":"https:\/\/remstim.com\/pl\/?s={search_term_string}"},"query-input":{"@type":"PropertyValueSpecification","valueRequired":true,"valueName":"search_term_string"}}],"inLanguage":"pl-PL"},{"@type":"Organization","@id":"https:\/\/remstim.com\/pl\/#organization","name":"EMDR Ger\u00e4t REMSTIM 3000 gegen Stress","url":"https:\/\/remstim.com\/pl\/","logo":{"@type":"ImageObject","inLanguage":"pl-PL","@id":"https:\/\/remstim.com\/pl\/#\/schema\/logo\/image\/","url":"https:\/\/remstim.com\/wp-content\/uploads\/2012\/06\/REMSTIM-Logo-mit-Untertitel_orange-e1340382850185.png","contentUrl":"https:\/\/remstim.com\/wp-content\/uploads\/2012\/06\/REMSTIM-Logo-mit-Untertitel_orange-e1340382850185.png","width":304,"height":80,"caption":"EMDR Ger\u00e4t REMSTIM 3000 gegen Stress"},"image":{"@id":"https:\/\/remstim.com\/pl\/#\/schema\/logo\/image\/"}}]}},"_links":{"self":[{"href":"https:\/\/remstim.com\/pl\/wp-json\/wp\/v2\/pages\/19952","targetHints":{"allow":["GET"]}}],"collection":[{"href":"https:\/\/remstim.com\/pl\/wp-json\/wp\/v2\/pages"}],"about":[{"href":"https:\/\/remstim.com\/pl\/wp-json\/wp\/v2\/types\/page"}],"author":[{"embeddable":true,"href":"https:\/\/remstim.com\/pl\/wp-json\/wp\/v2\/users\/1"}],"replies":[{"embeddable":true,"href":"https:\/\/remstim.com\/pl\/wp-json\/wp\/v2\/comments?post=19952"}],"version-history":[{"count":0,"href":"https:\/\/remstim.com\/pl\/wp-json\/wp\/v2\/pages\/19952\/revisions"}],"up":[{"embeddable":true,"href":"https:\/\/remstim.com\/pl\/wp-json\/wp\/v2\/pages\/19929"}],"wp:attachment":[{"href":"https:\/\/remstim.com\/pl\/wp-json\/wp\/v2\/media?parent=19952"}],"curies":[{"name":"wp","href":"https:\/\/api.w.org\/{rel}","templated":true}]}}