{"id":19954,"date":"2017-03-01T08:40:39","date_gmt":"2017-03-01T08:40:39","guid":{"rendered":"https:\/\/remstim.de\/raporty-terenowe-dotyczace-gogli-emdr-remstim-3000\/"},"modified":"2023-09-15T07:52:21","modified_gmt":"2023-09-15T07:52:21","slug":"raporty-terenowe-dotyczace-gogli-emdr-remstim-3000","status":"publish","type":"page","link":"https:\/\/remstim.com\/pl\/raporty-terenowe-dotyczace-gogli-emdr-remstim-3000\/","title":{"rendered":"Raporty terenowe dotycz\u0105ce gogli EMDR REMSTIM 3000"},"content":{"rendered":"<h1>Raporty z do\u015bwiadcze\u0144 i zalecenia dotycz\u0105ce stosowania gogli EMDR REMSTIM 3000 w autocoachingu EMDR:<\/h1>\n<p>Przeczytaj <a href=\"#empfehlungen\">*Uwagi dotycz\u0105ce opinii i rekomendacji<\/a> na dole tej strony.<\/p>\n<hr class=\"divider-html\" style=\"border-top: 1px solid #bbb; margin-top: 30px; margin-bottom: 30px;\">\n\t\t<div data-elementor-type=\"section\" data-elementor-id=\"20259\" class=\"elementor elementor-20259 elementor-10013\" data-elementor-post-type=\"elementor_library\">\n\t\t\t\t\t<section class=\"elementor-section elementor-top-section elementor-element elementor-element-10a3b7b4 elementor-section-boxed elementor-section-height-default elementor-section-height-default\" data-id=\"10a3b7b4\" data-element_type=\"section\" data-e-type=\"section\">\n\t\t\t\t\t\t<div class=\"elementor-container elementor-column-gap-default\">\n\t\t\t\t\t<div class=\"elementor-column elementor-col-100 elementor-top-column elementor-element elementor-element-1e16abdb\" data-id=\"1e16abdb\" data-element_type=\"column\" data-e-type=\"column\">\n\t\t\t<div class=\"elementor-widget-wrap elementor-element-populated\">\n\t\t\t\t\t\t<section class=\"elementor-section elementor-inner-section elementor-element elementor-element-6371cf2 elementor-section-boxed elementor-section-height-default elementor-section-height-default\" data-id=\"6371cf2\" data-element_type=\"section\" data-e-type=\"section\">\n\t\t\t\t\t\t<div class=\"elementor-container elementor-column-gap-no\">\n\t\t\t\t\t<div class=\"elementor-column elementor-col-100 elementor-inner-column elementor-element elementor-element-39e5c0cc\" data-id=\"39e5c0cc\" data-element_type=\"column\" data-e-type=\"column\">\n\t\t\t<div class=\"elementor-widget-wrap elementor-element-populated\">\n\t\t\t\t\t\t\t<\/div>\n\t\t<\/div>\n\t\t\t\t\t<\/div>\n\t\t<\/section>\n\t\t\t\t\t<\/div>\n\t\t<\/div>\n\t\t\t\t\t<\/div>\n\t\t<\/section>\n\t\t\t\t<\/div>\n\t\t\n<a id=\"empfehlungen\"><\/a><\/p>\n<hr class=\"divider-html\" style=\"border-top: 1px solid #bbb; margin-top: 30px; margin-bottom: 30px;\">\n*Uwagi dotycz\u0105ce referencji i rekomendacji:<\/p>\n<ul>\n<li>Zalecenia coach\u00f3w i terapeut\u00f3w odnosz\u0105 si\u0119 do samodzielnego stosowania EMDR w coachingu za pomoc\u0105 gogli EMDR REMSTIM 3000 w stanach niechorobowych. Prosimy r\u00f3wnie\u017c o zapoznanie si\u0119 z <a href=\"https:\/\/remstim.com\/pl\/podstawy-korzystania-z-emdr-w-coachingu-z-remstim-3000\/wazne-informacje\/\">wa\u017cnymi informacjami<\/a>.<\/li>\n<li>Je\u015bli chcesz samodzielnie przes\u0142a\u0107 raport terenowy (z profilem osobistym, je\u015bli chcesz), napisz na adres <a href=\"mailto:info@remstim.com\">info@remstim.com<\/a>.<\/li>\n<\/ul>\n","protected":false},"excerpt":{"rendered":"<p>Raporty z do\u015bwiadcze\u0144 i zalecenia dotycz\u0105ce stosowania gogli EMDR REMSTIM 3000 w autocoachingu EMDR: Przeczytaj *Uwagi dotycz\u0105ce opinii i rekomendacji na dole tej strony. *Uwagi dotycz\u0105ce referencji i rekomendacji: Zalecenia coach\u00f3w i terapeut\u00f3w odnosz\u0105 si\u0119 do samodzielnego stosowania EMDR w coachingu za pomoc\u0105 gogli EMDR REMSTIM 3000 w stanach niechorobowych. Prosimy r\u00f3wnie\u017c o zapoznanie si\u0119 [&hellip;]<\/p>\n","protected":false},"author":1,"featured_media":0,"parent":0,"menu_order":22,"comment_status":"closed","ping_status":"closed","template":"","meta":{"_acf_changed":false,"site-sidebar-layout":"default","site-content-layout":"default","ast-site-content-layout":"default","site-content-style":"default","site-sidebar-style":"default","ast-global-header-display":"","ast-banner-title-visibility":"","ast-main-header-display":"","ast-hfb-above-header-display":"","ast-hfb-below-header-display":"","ast-hfb-mobile-header-display":"","site-post-title":"","ast-breadcrumbs-content":"","ast-featured-img":"","footer-sml-layout":"","ast-disable-related-posts":"","theme-transparent-header-meta":"default","adv-header-id-meta":"","stick-header-meta":"default","header-above-stick-meta":"","header-main-stick-meta":"","header-below-stick-meta":"","astra-migrate-meta-layouts":"default","ast-page-background-enabled":"default","ast-page-background-meta":{"desktop":{"background-color":"var(--ast-global-color-4)","background-image":"","background-repeat":"repeat","background-position":"center center","background-size":"auto","background-attachment":"scroll","background-type":"","background-media":"","overlay-type":"","overlay-color":"","overlay-opacity":"","overlay-gradient":""},"tablet":{"background-color":"","background-image":"","background-repeat":"repeat","background-position":"center center","background-size":"auto","background-attachment":"scroll","background-type":"","background-media":"","overlay-type":"","overlay-color":"","overlay-opacity":"","overlay-gradient":""},"mobile":{"background-color":"","background-image":"","background-repeat":"repeat","background-position":"center center","background-size":"auto","background-attachment":"scroll","background-type":"","background-media":"","overlay-type":"","overlay-color":"","overlay-opacity":"","overlay-gradient":""}},"ast-content-background-meta":{"desktop":{"background-color":"var(--ast-global-color-5)","background-image":"","background-repeat":"repeat","background-position":"center center","background-size":"auto","background-attachment":"scroll","background-type":"","background-media":"","overlay-type":"","overlay-color":"","overlay-opacity":"","overlay-gradient":""},"tablet":{"background-color":"var(--ast-global-color-5)","background-image":"","background-repeat":"repeat","background-position":"center center","background-size":"auto","background-attachment":"scroll","background-type":"","background-media":"","overlay-type":"","overlay-color":"","overlay-opacity":"","overlay-gradient":""},"mobile":{"background-color":"var(--ast-global-color-5)","background-image":"","background-repeat":"repeat","background-position":"center center","background-size":"auto","background-attachment":"scroll","background-type":"","background-media":"","overlay-type":"","overlay-color":"","overlay-opacity":"","overlay-gradient":""}},"footnotes":""},"class_list":["post-19954","page","type-page","status-publish","hentry"],"acf":[],"yoast_head":"<!-- This site is optimized with the Yoast SEO plugin v27.4 - https:\/\/yoast.com\/product\/yoast-seo-wordpress\/ -->\n<title>Raporty terenowe dotycz\u0105ce stosowania gogli EMDR REMSTIM 3000:<\/title>\n<meta name=\"description\" content=\"Gogle EMDR REMSTIM 3000 mog\u0105 by\u0107 u\u017cywane w wielu obszarach. Przeczytaj, co m\u00f3wi\u0105 (sami) u\u017cytkownicy, trenerzy i terapeuci.\" \/>\n<meta name=\"robots\" content=\"index, follow, max-snippet:-1, max-image-preview:large, max-video-preview:-1\" \/>\n<link rel=\"canonical\" href=\"https:\/\/remstim.com\/pl\/raporty-terenowe-dotyczace-gogli-emdr-remstim-3000\/\" \/>\n<meta property=\"og:locale\" content=\"pl_PL\" \/>\n<meta property=\"og:type\" content=\"article\" \/>\n<meta property=\"og:title\" content=\"Raporty terenowe dotycz\u0105ce stosowania gogli EMDR REMSTIM 3000:\" \/>\n<meta property=\"og:description\" content=\"Gogle EMDR REMSTIM 3000 mog\u0105 by\u0107 u\u017cywane w wielu obszarach. Przeczytaj, co m\u00f3wi\u0105 (sami) u\u017cytkownicy, trenerzy i terapeuci.\" \/>\n<meta property=\"og:url\" content=\"https:\/\/remstim.com\/pl\/raporty-terenowe-dotyczace-gogli-emdr-remstim-3000\/\" \/>\n<meta property=\"og:site_name\" content=\"EMDR Ger\u00e4t REMSTIM 3000 gegen Stress\" \/>\n<meta property=\"article:modified_time\" content=\"2023-09-15T07:52:21+00:00\" \/>\n<meta name=\"twitter:label1\" content=\"Szacowany czas czytania\" \/>\n\t<meta name=\"twitter:data1\" content=\"1 minuta\" \/>\n<script type=\"application\/ld+json\" class=\"yoast-schema-graph\">{\"@context\":\"https:\\\/\\\/schema.org\",\"@graph\":[{\"@type\":\"WebPage\",\"@id\":\"https:\\\/\\\/remstim.com\\\/pl\\\/raporty-terenowe-dotyczace-gogli-emdr-remstim-3000\\\/\",\"url\":\"https:\\\/\\\/remstim.com\\\/pl\\\/raporty-terenowe-dotyczace-gogli-emdr-remstim-3000\\\/\",\"name\":\"Raporty terenowe dotycz\u0105ce stosowania gogli EMDR REMSTIM 3000:\",\"isPartOf\":{\"@id\":\"https:\\\/\\\/remstim.com\\\/pl\\\/#website\"},\"datePublished\":\"2017-03-01T08:40:39+00:00\",\"dateModified\":\"2023-09-15T07:52:21+00:00\",\"description\":\"Gogle EMDR REMSTIM 3000 mog\u0105 by\u0107 u\u017cywane w wielu obszarach. Przeczytaj, co m\u00f3wi\u0105 (sami) u\u017cytkownicy, trenerzy i terapeuci.\",\"breadcrumb\":{\"@id\":\"https:\\\/\\\/remstim.com\\\/pl\\\/raporty-terenowe-dotyczace-gogli-emdr-remstim-3000\\\/#breadcrumb\"},\"inLanguage\":\"pl-PL\",\"potentialAction\":[{\"@type\":\"ReadAction\",\"target\":[\"https:\\\/\\\/remstim.com\\\/pl\\\/raporty-terenowe-dotyczace-gogli-emdr-remstim-3000\\\/\"]}]},{\"@type\":\"BreadcrumbList\",\"@id\":\"https:\\\/\\\/remstim.com\\\/pl\\\/raporty-terenowe-dotyczace-gogli-emdr-remstim-3000\\\/#breadcrumb\",\"itemListElement\":[{\"@type\":\"ListItem\",\"position\":1,\"name\":\"Startseite\",\"item\":\"https:\\\/\\\/remstim.com\\\/pl\\\/\"},{\"@type\":\"ListItem\",\"position\":2,\"name\":\"Raporty terenowe dotycz\u0105ce gogli EMDR REMSTIM 3000\"}]},{\"@type\":\"WebSite\",\"@id\":\"https:\\\/\\\/remstim.com\\\/pl\\\/#website\",\"url\":\"https:\\\/\\\/remstim.com\\\/pl\\\/\",\"name\":\"EMDR Ger\u00e4t REMSTIM 3000 gegen Stress\",\"description\":\"Wie wir schnell Entspannung finden.\",\"publisher\":{\"@id\":\"https:\\\/\\\/remstim.com\\\/pl\\\/#organization\"},\"potentialAction\":[{\"@type\":\"SearchAction\",\"target\":{\"@type\":\"EntryPoint\",\"urlTemplate\":\"https:\\\/\\\/remstim.com\\\/pl\\\/?s={search_term_string}\"},\"query-input\":{\"@type\":\"PropertyValueSpecification\",\"valueRequired\":true,\"valueName\":\"search_term_string\"}}],\"inLanguage\":\"pl-PL\"},{\"@type\":\"Organization\",\"@id\":\"https:\\\/\\\/remstim.com\\\/pl\\\/#organization\",\"name\":\"EMDR Ger\u00e4t REMSTIM 3000 gegen Stress\",\"url\":\"https:\\\/\\\/remstim.com\\\/pl\\\/\",\"logo\":{\"@type\":\"ImageObject\",\"inLanguage\":\"pl-PL\",\"@id\":\"https:\\\/\\\/remstim.com\\\/pl\\\/#\\\/schema\\\/logo\\\/image\\\/\",\"url\":\"https:\\\/\\\/remstim.com\\\/wp-content\\\/uploads\\\/2012\\\/06\\\/REMSTIM-Logo-mit-Untertitel_orange-e1340382850185.png\",\"contentUrl\":\"https:\\\/\\\/remstim.com\\\/wp-content\\\/uploads\\\/2012\\\/06\\\/REMSTIM-Logo-mit-Untertitel_orange-e1340382850185.png\",\"width\":304,\"height\":80,\"caption\":\"EMDR Ger\u00e4t REMSTIM 3000 gegen Stress\"},\"image\":{\"@id\":\"https:\\\/\\\/remstim.com\\\/pl\\\/#\\\/schema\\\/logo\\\/image\\\/\"}}]}<\/script>\n<!-- \/ Yoast SEO plugin. -->","yoast_head_json":{"title":"Raporty terenowe dotycz\u0105ce stosowania gogli EMDR REMSTIM 3000:","description":"Gogle EMDR REMSTIM 3000 mog\u0105 by\u0107 u\u017cywane w wielu obszarach. Przeczytaj, co m\u00f3wi\u0105 (sami) u\u017cytkownicy, trenerzy i terapeuci.","robots":{"index":"index","follow":"follow","max-snippet":"max-snippet:-1","max-image-preview":"max-image-preview:large","max-video-preview":"max-video-preview:-1"},"canonical":"https:\/\/remstim.com\/pl\/raporty-terenowe-dotyczace-gogli-emdr-remstim-3000\/","og_locale":"pl_PL","og_type":"article","og_title":"Raporty terenowe dotycz\u0105ce stosowania gogli EMDR REMSTIM 3000:","og_description":"Gogle EMDR REMSTIM 3000 mog\u0105 by\u0107 u\u017cywane w wielu obszarach. Przeczytaj, co m\u00f3wi\u0105 (sami) u\u017cytkownicy, trenerzy i terapeuci.","og_url":"https:\/\/remstim.com\/pl\/raporty-terenowe-dotyczace-gogli-emdr-remstim-3000\/","og_site_name":"EMDR Ger\u00e4t REMSTIM 3000 gegen Stress","article_modified_time":"2023-09-15T07:52:21+00:00","twitter_misc":{"Szacowany czas czytania":"1 minuta"},"schema":{"@context":"https:\/\/schema.org","@graph":[{"@type":"WebPage","@id":"https:\/\/remstim.com\/pl\/raporty-terenowe-dotyczace-gogli-emdr-remstim-3000\/","url":"https:\/\/remstim.com\/pl\/raporty-terenowe-dotyczace-gogli-emdr-remstim-3000\/","name":"Raporty terenowe dotycz\u0105ce stosowania gogli EMDR REMSTIM 3000:","isPartOf":{"@id":"https:\/\/remstim.com\/pl\/#website"},"datePublished":"2017-03-01T08:40:39+00:00","dateModified":"2023-09-15T07:52:21+00:00","description":"Gogle EMDR REMSTIM 3000 mog\u0105 by\u0107 u\u017cywane w wielu obszarach. Przeczytaj, co m\u00f3wi\u0105 (sami) u\u017cytkownicy, trenerzy i terapeuci.","breadcrumb":{"@id":"https:\/\/remstim.com\/pl\/raporty-terenowe-dotyczace-gogli-emdr-remstim-3000\/#breadcrumb"},"inLanguage":"pl-PL","potentialAction":[{"@type":"ReadAction","target":["https:\/\/remstim.com\/pl\/raporty-terenowe-dotyczace-gogli-emdr-remstim-3000\/"]}]},{"@type":"BreadcrumbList","@id":"https:\/\/remstim.com\/pl\/raporty-terenowe-dotyczace-gogli-emdr-remstim-3000\/#breadcrumb","itemListElement":[{"@type":"ListItem","position":1,"name":"Startseite","item":"https:\/\/remstim.com\/pl\/"},{"@type":"ListItem","position":2,"name":"Raporty terenowe dotycz\u0105ce gogli EMDR REMSTIM 3000"}]},{"@type":"WebSite","@id":"https:\/\/remstim.com\/pl\/#website","url":"https:\/\/remstim.com\/pl\/","name":"EMDR Ger\u00e4t REMSTIM 3000 gegen Stress","description":"Wie wir schnell Entspannung finden.","publisher":{"@id":"https:\/\/remstim.com\/pl\/#organization"},"potentialAction":[{"@type":"SearchAction","target":{"@type":"EntryPoint","urlTemplate":"https:\/\/remstim.com\/pl\/?s={search_term_string}"},"query-input":{"@type":"PropertyValueSpecification","valueRequired":true,"valueName":"search_term_string"}}],"inLanguage":"pl-PL"},{"@type":"Organization","@id":"https:\/\/remstim.com\/pl\/#organization","name":"EMDR Ger\u00e4t REMSTIM 3000 gegen Stress","url":"https:\/\/remstim.com\/pl\/","logo":{"@type":"ImageObject","inLanguage":"pl-PL","@id":"https:\/\/remstim.com\/pl\/#\/schema\/logo\/image\/","url":"https:\/\/remstim.com\/wp-content\/uploads\/2012\/06\/REMSTIM-Logo-mit-Untertitel_orange-e1340382850185.png","contentUrl":"https:\/\/remstim.com\/wp-content\/uploads\/2012\/06\/REMSTIM-Logo-mit-Untertitel_orange-e1340382850185.png","width":304,"height":80,"caption":"EMDR Ger\u00e4t REMSTIM 3000 gegen Stress"},"image":{"@id":"https:\/\/remstim.com\/pl\/#\/schema\/logo\/image\/"}}]}},"_links":{"self":[{"href":"https:\/\/remstim.com\/pl\/wp-json\/wp\/v2\/pages\/19954","targetHints":{"allow":["GET"]}}],"collection":[{"href":"https:\/\/remstim.com\/pl\/wp-json\/wp\/v2\/pages"}],"about":[{"href":"https:\/\/remstim.com\/pl\/wp-json\/wp\/v2\/types\/page"}],"author":[{"embeddable":true,"href":"https:\/\/remstim.com\/pl\/wp-json\/wp\/v2\/users\/1"}],"replies":[{"embeddable":true,"href":"https:\/\/remstim.com\/pl\/wp-json\/wp\/v2\/comments?post=19954"}],"version-history":[{"count":0,"href":"https:\/\/remstim.com\/pl\/wp-json\/wp\/v2\/pages\/19954\/revisions"}],"wp:attachment":[{"href":"https:\/\/remstim.com\/pl\/wp-json\/wp\/v2\/media?parent=19954"}],"curies":[{"name":"wp","href":"https:\/\/api.w.org\/{rel}","templated":true}]}}