{"id":19955,"date":"2013-09-21T17:54:12","date_gmt":"2013-09-21T17:54:12","guid":{"rendered":"https:\/\/remstim.de\/remstim-3000\/informacje-na-temat-baterii-guzikowej-remstim-3000\/"},"modified":"2023-09-15T07:40:06","modified_gmt":"2023-09-15T07:40:06","slug":"informacje-na-temat-baterii-guzikowej-remstim-3000","status":"publish","type":"page","link":"https:\/\/remstim.com\/pl\/remstim-3000\/informacje-na-temat-baterii-guzikowej-remstim-3000\/","title":{"rendered":"Informacje na temat baterii guzikowej REMSTIM 3000"},"content":{"rendered":"<h1>Informacje na temat baterii guzikowej REMSTIM 3000<\/h1>\n<p><img decoding=\"async\" class=\"alignleft wp-image-3868\" src=\"https:\/\/remstim.com\/wp-content\/uploads\/2013\/09\/Varta-CR1620.jpg\" alt=\"Bateria guzikowa do urz\u0105dzenia EMDR REMSTIM 3000\" width=\"252\" height=\"188\" srcset=\"https:\/\/remstim.com\/wp-content\/uploads\/2013\/09\/Varta-CR1620.jpg 600w, https:\/\/remstim.com\/wp-content\/uploads\/2013\/09\/Varta-CR1620-300x224.jpg 300w\" sizes=\"(max-width: 252px) 100vw, 252px\" \/>Dzi\u0119ki swojej konstrukcji (elektronika, chip, diody LED itp.), gogle <a title=\"REMSTIM 3000\" href=\"https:\/\/remstim.com\/pl\/remstim-3000\/\">REMSTIM 3000<\/a> EMDR wymagaj\u0105 bardzo ma\u0142o energii podczas pracy, dzi\u0119ki czemu wystarczy niewielka standardowa bateria guzikowa.<\/p>\n<p>Moc zastosowanej baterii guzikowej jest wielokrotnie ni\u017csza ni\u017c moc zwyk\u0142ego akumulatora telefonu kom\u00f3rkowego. REMSTIM 3000 nie wytwarza \u017cadnej mocy nadawczej ani odbiorczej, jak telefon kom\u00f3rkowy.<\/p>\n<p>Ogniwa guzikowe tego typu s\u0105 regularnie stosowane m.in. w zegarkach na r\u0119k\u0119.<\/p>\n<p>Jednostka EMDR <a title=\"REMSTIM 3000\" href=\"https:\/\/remstim.com\/pl\/remstim-3000\/\">REMSTIM<\/a> 3000 jest zasilana <strong>pojedyncz\u0105 bateri\u0105 guzikow\u0105 3 V<\/strong>.<\/p>\n<p>Uchwyt ogniwa guzikowego i bateria guzikowa s\u0105 \u0142atwo dost\u0119pne, co umo\u017cliwia szybk\u0105 wymian\u0119 baterii guzikowej.<\/p>\n<p><img fetchpriority=\"high\" decoding=\"async\" class=\" wp-image-3869 alignright\" src=\"https:\/\/remstim.com\/wp-content\/uploads\/2013\/09\/Varta-CR1620-Finger.jpg\" alt=\"Bateria guzikowa do gogli EMDR REMSTIM 3000 bezpieczna do trzymania palcami\" width=\"259\" height=\"194\" srcset=\"https:\/\/remstim.com\/wp-content\/uploads\/2013\/09\/Varta-CR1620-Finger.jpg 600w, https:\/\/remstim.com\/wp-content\/uploads\/2013\/09\/Varta-CR1620-Finger-300x225.jpg 300w\" sizes=\"(max-width: 259px) 100vw, 259px\" \/>Pod warunkiem przestrzegania instrukcji producenta podczas u\u017cywania i obs\u0142ugi szczelnie zamkni\u0119tego ogniwa litowego, jest ono nieszkodliwe i bezpieczne. Je\u015bli nie wyst\u0119puje nadwra\u017cliwo\u015b\u0107 na niekt\u00f3re substancje (reakcje alergiczne), kontakt sk\u00f3ry z ogniwem litowym jest nieszkodliwy.<\/p>\n<p>Podczas <a title=\"Instrukcja obs\u0142ugi: Wymiana baterii guzikowej REMSTIM 3000\" href=\"https:\/\/remstim.com\/pl\/remstim-3000\/instrukcja-obslugi-remstim-3000\/#Auswechseln%20der%20Batterie\">wymiany ogniwa guzikowego<\/a> kontakt sk\u00f3ry z obydwoma biegunami jednocze\u015bnie jest niezauwa\u017calny i nie jest niebezpieczny. Je\u015bli bateria zosta\u0142a prawid\u0142owo umieszczona w uchwycie ogniwa guzikowego, jednoczesny kontakt sk\u00f3ry z obydwoma biegunami r\u00f3wnie\u017c nie jest mo\u017cliwy.<\/p>\n<p><strong>Wa\u017cne: Baterie guzikowe nale\u017cy trzyma\u0107 z dala od dzieci, kt\u00f3re mog\u0105 je \u0142atwo po\u0142kn\u0105\u0107.<\/strong><\/p>\n<p>Nale\u017cy zwr\u00f3ci\u0107 uwag\u0119 na <a title=\"Uwaga zgodnie z ustaw\u0105 o bateriach (BattG)\" href=\"https:\/\/remstim.com\/pl\/remstim-3000\/uwaga-zgodnie-z-ustawa-o-bateriach-battg\/\">informacje zgodnie z ustaw\u0105 o bateriach (BattG)<\/a>.<\/p>\n","protected":false},"excerpt":{"rendered":"<p>Informacje na temat baterii guzikowej REMSTIM 3000 Dzi\u0119ki swojej konstrukcji (elektronika, chip, diody LED itp.), gogle REMSTIM 3000 EMDR wymagaj\u0105 bardzo ma\u0142o energii podczas pracy, dzi\u0119ki czemu wystarczy niewielka standardowa bateria guzikowa. Moc zastosowanej baterii guzikowej jest wielokrotnie ni\u017csza ni\u017c moc zwyk\u0142ego akumulatora telefonu kom\u00f3rkowego. REMSTIM 3000 nie wytwarza \u017cadnej mocy nadawczej ani odbiorczej, jak [&hellip;]<\/p>\n","protected":false},"author":1,"featured_media":0,"parent":19929,"menu_order":9,"comment_status":"closed","ping_status":"closed","template":"","meta":{"_acf_changed":false,"site-sidebar-layout":"default","site-content-layout":"default","ast-site-content-layout":"default","site-content-style":"default","site-sidebar-style":"default","ast-global-header-display":"","ast-banner-title-visibility":"","ast-main-header-display":"","ast-hfb-above-header-display":"","ast-hfb-below-header-display":"","ast-hfb-mobile-header-display":"","site-post-title":"","ast-breadcrumbs-content":"","ast-featured-img":"","footer-sml-layout":"","ast-disable-related-posts":"","theme-transparent-header-meta":"default","adv-header-id-meta":"","stick-header-meta":"default","header-above-stick-meta":"","header-main-stick-meta":"","header-below-stick-meta":"","astra-migrate-meta-layouts":"default","ast-page-background-enabled":"default","ast-page-background-meta":{"desktop":{"background-color":"var(--ast-global-color-4)","background-image":"","background-repeat":"repeat","background-position":"center center","background-size":"auto","background-attachment":"scroll","background-type":"","background-media":"","overlay-type":"","overlay-color":"","overlay-opacity":"","overlay-gradient":""},"tablet":{"background-color":"","background-image":"","background-repeat":"repeat","background-position":"center center","background-size":"auto","background-attachment":"scroll","background-type":"","background-media":"","overlay-type":"","overlay-color":"","overlay-opacity":"","overlay-gradient":""},"mobile":{"background-color":"","background-image":"","background-repeat":"repeat","background-position":"center center","background-size":"auto","background-attachment":"scroll","background-type":"","background-media":"","overlay-type":"","overlay-color":"","overlay-opacity":"","overlay-gradient":""}},"ast-content-background-meta":{"desktop":{"background-color":"var(--ast-global-color-5)","background-image":"","background-repeat":"repeat","background-position":"center center","background-size":"auto","background-attachment":"scroll","background-type":"","background-media":"","overlay-type":"","overlay-color":"","overlay-opacity":"","overlay-gradient":""},"tablet":{"background-color":"var(--ast-global-color-5)","background-image":"","background-repeat":"repeat","background-position":"center center","background-size":"auto","background-attachment":"scroll","background-type":"","background-media":"","overlay-type":"","overlay-color":"","overlay-opacity":"","overlay-gradient":""},"mobile":{"background-color":"var(--ast-global-color-5)","background-image":"","background-repeat":"repeat","background-position":"center center","background-size":"auto","background-attachment":"scroll","background-type":"","background-media":"","overlay-type":"","overlay-color":"","overlay-opacity":"","overlay-gradient":""}},"footnotes":""},"class_list":["post-19955","page","type-page","status-publish","hentry"],"acf":[],"yoast_head":"<!-- This site is optimized with the Yoast SEO plugin v27.3 - https:\/\/yoast.com\/product\/yoast-seo-wordpress\/ -->\n<title>Kontakt sk\u00f3ry z bateri\u0105 guzikow\u0105 REMSTIM 3000 jest nieszkodliwy.<\/title>\n<meta name=\"description\" content=\"Dzi\u0119ki swojej konstrukcji, REMSTIM 3000 wymaga bardzo ma\u0142o energii podczas pracy, wi\u0119c wystarczy ma\u0142a bateria guzikowa.\" \/>\n<meta name=\"robots\" content=\"index, follow, max-snippet:-1, max-image-preview:large, max-video-preview:-1\" \/>\n<link rel=\"canonical\" href=\"https:\/\/remstim.com\/pl\/remstim-3000\/informacje-na-temat-baterii-guzikowej-remstim-3000\/\" \/>\n<meta property=\"og:locale\" content=\"pl_PL\" \/>\n<meta property=\"og:type\" content=\"article\" \/>\n<meta property=\"og:title\" content=\"Kontakt sk\u00f3ry z bateri\u0105 guzikow\u0105 REMSTIM 3000 jest nieszkodliwy.\" \/>\n<meta property=\"og:description\" content=\"Dzi\u0119ki swojej konstrukcji, REMSTIM 3000 wymaga bardzo ma\u0142o energii podczas pracy, wi\u0119c wystarczy ma\u0142a bateria guzikowa.\" \/>\n<meta property=\"og:url\" content=\"https:\/\/remstim.com\/pl\/remstim-3000\/informacje-na-temat-baterii-guzikowej-remstim-3000\/\" \/>\n<meta property=\"og:site_name\" content=\"EMDR Ger\u00e4t REMSTIM 3000 gegen Stress\" \/>\n<meta property=\"article:modified_time\" content=\"2023-09-15T07:40:06+00:00\" \/>\n<meta property=\"og:image\" content=\"https:\/\/remstim.com\/wp-content\/uploads\/2013\/09\/Varta-CR1620.jpg\" \/>\n<meta name=\"twitter:label1\" content=\"Szacowany czas czytania\" \/>\n\t<meta name=\"twitter:data1\" content=\"2 minuty\" \/>\n<script type=\"application\/ld+json\" class=\"yoast-schema-graph\">{\"@context\":\"https:\\\/\\\/schema.org\",\"@graph\":[{\"@type\":\"WebPage\",\"@id\":\"https:\\\/\\\/remstim.com\\\/pl\\\/remstim-3000\\\/informacje-na-temat-baterii-guzikowej-remstim-3000\\\/\",\"url\":\"https:\\\/\\\/remstim.com\\\/pl\\\/remstim-3000\\\/informacje-na-temat-baterii-guzikowej-remstim-3000\\\/\",\"name\":\"Kontakt sk\u00f3ry z bateri\u0105 guzikow\u0105 REMSTIM 3000 jest nieszkodliwy.\",\"isPartOf\":{\"@id\":\"https:\\\/\\\/remstim.com\\\/pl\\\/#website\"},\"primaryImageOfPage\":{\"@id\":\"https:\\\/\\\/remstim.com\\\/pl\\\/remstim-3000\\\/informacje-na-temat-baterii-guzikowej-remstim-3000\\\/#primaryimage\"},\"image\":{\"@id\":\"https:\\\/\\\/remstim.com\\\/pl\\\/remstim-3000\\\/informacje-na-temat-baterii-guzikowej-remstim-3000\\\/#primaryimage\"},\"thumbnailUrl\":\"https:\\\/\\\/remstim.com\\\/wp-content\\\/uploads\\\/2013\\\/09\\\/Varta-CR1620.jpg\",\"datePublished\":\"2013-09-21T17:54:12+00:00\",\"dateModified\":\"2023-09-15T07:40:06+00:00\",\"description\":\"Dzi\u0119ki swojej konstrukcji, REMSTIM 3000 wymaga bardzo ma\u0142o energii podczas pracy, wi\u0119c wystarczy ma\u0142a bateria guzikowa.\",\"breadcrumb\":{\"@id\":\"https:\\\/\\\/remstim.com\\\/pl\\\/remstim-3000\\\/informacje-na-temat-baterii-guzikowej-remstim-3000\\\/#breadcrumb\"},\"inLanguage\":\"pl-PL\",\"potentialAction\":[{\"@type\":\"ReadAction\",\"target\":[\"https:\\\/\\\/remstim.com\\\/pl\\\/remstim-3000\\\/informacje-na-temat-baterii-guzikowej-remstim-3000\\\/\"]}]},{\"@type\":\"ImageObject\",\"inLanguage\":\"pl-PL\",\"@id\":\"https:\\\/\\\/remstim.com\\\/pl\\\/remstim-3000\\\/informacje-na-temat-baterii-guzikowej-remstim-3000\\\/#primaryimage\",\"url\":\"https:\\\/\\\/remstim.com\\\/wp-content\\\/uploads\\\/2013\\\/09\\\/Varta-CR1620.jpg\",\"contentUrl\":\"https:\\\/\\\/remstim.com\\\/wp-content\\\/uploads\\\/2013\\\/09\\\/Varta-CR1620.jpg\"},{\"@type\":\"BreadcrumbList\",\"@id\":\"https:\\\/\\\/remstim.com\\\/pl\\\/remstim-3000\\\/informacje-na-temat-baterii-guzikowej-remstim-3000\\\/#breadcrumb\",\"itemListElement\":[{\"@type\":\"ListItem\",\"position\":1,\"name\":\"Startseite\",\"item\":\"https:\\\/\\\/remstim.com\\\/pl\\\/\"},{\"@type\":\"ListItem\",\"position\":2,\"name\":\"Gogle EMDR REMSTIM 3000\",\"item\":\"https:\\\/\\\/remstim.com\\\/pl\\\/remstim-3000\\\/\"},{\"@type\":\"ListItem\",\"position\":3,\"name\":\"Informacje na temat baterii guzikowej REMSTIM 3000\"}]},{\"@type\":\"WebSite\",\"@id\":\"https:\\\/\\\/remstim.com\\\/pl\\\/#website\",\"url\":\"https:\\\/\\\/remstim.com\\\/pl\\\/\",\"name\":\"EMDR Ger\u00e4t REMSTIM 3000 gegen Stress\",\"description\":\"Wie wir schnell Entspannung finden.\",\"publisher\":{\"@id\":\"https:\\\/\\\/remstim.com\\\/pl\\\/#organization\"},\"potentialAction\":[{\"@type\":\"SearchAction\",\"target\":{\"@type\":\"EntryPoint\",\"urlTemplate\":\"https:\\\/\\\/remstim.com\\\/pl\\\/?s={search_term_string}\"},\"query-input\":{\"@type\":\"PropertyValueSpecification\",\"valueRequired\":true,\"valueName\":\"search_term_string\"}}],\"inLanguage\":\"pl-PL\"},{\"@type\":\"Organization\",\"@id\":\"https:\\\/\\\/remstim.com\\\/pl\\\/#organization\",\"name\":\"EMDR Ger\u00e4t REMSTIM 3000 gegen Stress\",\"url\":\"https:\\\/\\\/remstim.com\\\/pl\\\/\",\"logo\":{\"@type\":\"ImageObject\",\"inLanguage\":\"pl-PL\",\"@id\":\"https:\\\/\\\/remstim.com\\\/pl\\\/#\\\/schema\\\/logo\\\/image\\\/\",\"url\":\"https:\\\/\\\/remstim.com\\\/wp-content\\\/uploads\\\/2012\\\/06\\\/REMSTIM-Logo-mit-Untertitel_orange-e1340382850185.png\",\"contentUrl\":\"https:\\\/\\\/remstim.com\\\/wp-content\\\/uploads\\\/2012\\\/06\\\/REMSTIM-Logo-mit-Untertitel_orange-e1340382850185.png\",\"width\":304,\"height\":80,\"caption\":\"EMDR Ger\u00e4t REMSTIM 3000 gegen Stress\"},\"image\":{\"@id\":\"https:\\\/\\\/remstim.com\\\/pl\\\/#\\\/schema\\\/logo\\\/image\\\/\"}}]}<\/script>\n<!-- \/ Yoast SEO plugin. -->","yoast_head_json":{"title":"Kontakt sk\u00f3ry z bateri\u0105 guzikow\u0105 REMSTIM 3000 jest nieszkodliwy.","description":"Dzi\u0119ki swojej konstrukcji, REMSTIM 3000 wymaga bardzo ma\u0142o energii podczas pracy, wi\u0119c wystarczy ma\u0142a bateria guzikowa.","robots":{"index":"index","follow":"follow","max-snippet":"max-snippet:-1","max-image-preview":"max-image-preview:large","max-video-preview":"max-video-preview:-1"},"canonical":"https:\/\/remstim.com\/pl\/remstim-3000\/informacje-na-temat-baterii-guzikowej-remstim-3000\/","og_locale":"pl_PL","og_type":"article","og_title":"Kontakt sk\u00f3ry z bateri\u0105 guzikow\u0105 REMSTIM 3000 jest nieszkodliwy.","og_description":"Dzi\u0119ki swojej konstrukcji, REMSTIM 3000 wymaga bardzo ma\u0142o energii podczas pracy, wi\u0119c wystarczy ma\u0142a bateria guzikowa.","og_url":"https:\/\/remstim.com\/pl\/remstim-3000\/informacje-na-temat-baterii-guzikowej-remstim-3000\/","og_site_name":"EMDR Ger\u00e4t REMSTIM 3000 gegen Stress","article_modified_time":"2023-09-15T07:40:06+00:00","og_image":[{"url":"https:\/\/remstim.com\/wp-content\/uploads\/2013\/09\/Varta-CR1620.jpg","type":"","width":"","height":""}],"twitter_misc":{"Szacowany czas czytania":"2 minuty"},"schema":{"@context":"https:\/\/schema.org","@graph":[{"@type":"WebPage","@id":"https:\/\/remstim.com\/pl\/remstim-3000\/informacje-na-temat-baterii-guzikowej-remstim-3000\/","url":"https:\/\/remstim.com\/pl\/remstim-3000\/informacje-na-temat-baterii-guzikowej-remstim-3000\/","name":"Kontakt sk\u00f3ry z bateri\u0105 guzikow\u0105 REMSTIM 3000 jest nieszkodliwy.","isPartOf":{"@id":"https:\/\/remstim.com\/pl\/#website"},"primaryImageOfPage":{"@id":"https:\/\/remstim.com\/pl\/remstim-3000\/informacje-na-temat-baterii-guzikowej-remstim-3000\/#primaryimage"},"image":{"@id":"https:\/\/remstim.com\/pl\/remstim-3000\/informacje-na-temat-baterii-guzikowej-remstim-3000\/#primaryimage"},"thumbnailUrl":"https:\/\/remstim.com\/wp-content\/uploads\/2013\/09\/Varta-CR1620.jpg","datePublished":"2013-09-21T17:54:12+00:00","dateModified":"2023-09-15T07:40:06+00:00","description":"Dzi\u0119ki swojej konstrukcji, REMSTIM 3000 wymaga bardzo ma\u0142o energii podczas pracy, wi\u0119c wystarczy ma\u0142a bateria guzikowa.","breadcrumb":{"@id":"https:\/\/remstim.com\/pl\/remstim-3000\/informacje-na-temat-baterii-guzikowej-remstim-3000\/#breadcrumb"},"inLanguage":"pl-PL","potentialAction":[{"@type":"ReadAction","target":["https:\/\/remstim.com\/pl\/remstim-3000\/informacje-na-temat-baterii-guzikowej-remstim-3000\/"]}]},{"@type":"ImageObject","inLanguage":"pl-PL","@id":"https:\/\/remstim.com\/pl\/remstim-3000\/informacje-na-temat-baterii-guzikowej-remstim-3000\/#primaryimage","url":"https:\/\/remstim.com\/wp-content\/uploads\/2013\/09\/Varta-CR1620.jpg","contentUrl":"https:\/\/remstim.com\/wp-content\/uploads\/2013\/09\/Varta-CR1620.jpg"},{"@type":"BreadcrumbList","@id":"https:\/\/remstim.com\/pl\/remstim-3000\/informacje-na-temat-baterii-guzikowej-remstim-3000\/#breadcrumb","itemListElement":[{"@type":"ListItem","position":1,"name":"Startseite","item":"https:\/\/remstim.com\/pl\/"},{"@type":"ListItem","position":2,"name":"Gogle EMDR REMSTIM 3000","item":"https:\/\/remstim.com\/pl\/remstim-3000\/"},{"@type":"ListItem","position":3,"name":"Informacje na temat baterii guzikowej REMSTIM 3000"}]},{"@type":"WebSite","@id":"https:\/\/remstim.com\/pl\/#website","url":"https:\/\/remstim.com\/pl\/","name":"EMDR Ger\u00e4t REMSTIM 3000 gegen Stress","description":"Wie wir schnell Entspannung finden.","publisher":{"@id":"https:\/\/remstim.com\/pl\/#organization"},"potentialAction":[{"@type":"SearchAction","target":{"@type":"EntryPoint","urlTemplate":"https:\/\/remstim.com\/pl\/?s={search_term_string}"},"query-input":{"@type":"PropertyValueSpecification","valueRequired":true,"valueName":"search_term_string"}}],"inLanguage":"pl-PL"},{"@type":"Organization","@id":"https:\/\/remstim.com\/pl\/#organization","name":"EMDR Ger\u00e4t REMSTIM 3000 gegen Stress","url":"https:\/\/remstim.com\/pl\/","logo":{"@type":"ImageObject","inLanguage":"pl-PL","@id":"https:\/\/remstim.com\/pl\/#\/schema\/logo\/image\/","url":"https:\/\/remstim.com\/wp-content\/uploads\/2012\/06\/REMSTIM-Logo-mit-Untertitel_orange-e1340382850185.png","contentUrl":"https:\/\/remstim.com\/wp-content\/uploads\/2012\/06\/REMSTIM-Logo-mit-Untertitel_orange-e1340382850185.png","width":304,"height":80,"caption":"EMDR Ger\u00e4t REMSTIM 3000 gegen Stress"},"image":{"@id":"https:\/\/remstim.com\/pl\/#\/schema\/logo\/image\/"}}]}},"_links":{"self":[{"href":"https:\/\/remstim.com\/pl\/wp-json\/wp\/v2\/pages\/19955","targetHints":{"allow":["GET"]}}],"collection":[{"href":"https:\/\/remstim.com\/pl\/wp-json\/wp\/v2\/pages"}],"about":[{"href":"https:\/\/remstim.com\/pl\/wp-json\/wp\/v2\/types\/page"}],"author":[{"embeddable":true,"href":"https:\/\/remstim.com\/pl\/wp-json\/wp\/v2\/users\/1"}],"replies":[{"embeddable":true,"href":"https:\/\/remstim.com\/pl\/wp-json\/wp\/v2\/comments?post=19955"}],"version-history":[{"count":0,"href":"https:\/\/remstim.com\/pl\/wp-json\/wp\/v2\/pages\/19955\/revisions"}],"up":[{"embeddable":true,"href":"https:\/\/remstim.com\/pl\/wp-json\/wp\/v2\/pages\/19929"}],"wp:attachment":[{"href":"https:\/\/remstim.com\/pl\/wp-json\/wp\/v2\/media?parent=19955"}],"curies":[{"name":"wp","href":"https:\/\/api.w.org\/{rel}","templated":true}]}}