{"id":19959,"date":"2015-12-01T08:12:38","date_gmt":"2015-12-01T08:12:38","guid":{"rendered":"https:\/\/remstim.de\/remstim-3000\/informacje-na-temat-utylizacji-starych-urzadzen-i-odpadow-elektronicznych-elektrog\/"},"modified":"2023-09-15T07:40:06","modified_gmt":"2023-09-15T07:40:06","slug":"informacje-na-temat-utylizacji-starych-urzadzen-i-odpadow-elektronicznych-elektrog","status":"publish","type":"page","link":"https:\/\/remstim.com\/pl\/remstim-3000\/informacje-na-temat-utylizacji-starych-urzadzen-i-odpadow-elektronicznych-elektrog\/","title":{"rendered":"Informacje na temat utylizacji starych urz\u0105dze\u0144 i odpad\u00f3w elektronicznych (ElektroG)"},"content":{"rendered":"<h1>Informacje na temat utylizacji starych urz\u0105dze\u0144 i odpad\u00f3w elektronicznych (ElektroG)<\/h1>\n<p style=\"text-align: justify;\"><img decoding=\"async\" class=\"alignleft wp-image-5946 \" style=\"margin: 5px; border: 3px solid white;\" title=\"pojemnik na baterie\" src=\"https:\/\/remstim.com\/wp-content\/uploads\/2015\/12\/Mu%CC%88lltonne-ElektroG-210x300.jpg\" alt=\"\" width=\"161\" height=\"230\">Od marca 2006 r., zgodnie z ustaw\u0105 o sprz\u0119cie elektrycznym i elektronicznym (ElektroG), starych urz\u0105dze\u0144 nie mo\u017cna ju\u017c wyrzuca\u0107 do odpad\u00f3w domowych. Dotyczy to nie tylko typowych urz\u0105dze\u0144 elektrycznych, takich jak telewizory, pralki czy lod\u00f3wki, ale tak\u017ce np. gier wideo, g\u0142o\u015bnik\u00f3w, komputer\u00f3w, notebook\u00f3w, odtwarzaczy MP3, urz\u0105dze\u0144 peryferyjnych, drukarek, telefon\u00f3w, elektrycznych zabawek dla dzieci lub innych starych urz\u0105dze\u0144 elektrycznych. Urz\u0105dzenia te mo\u017cna rozpozna\u0107 po symbolu &#8220;przekre\u015blonego kosza na \u015bmieci&#8221;. Symbol znajduje si\u0119 na jednostkach lub opakowaniu. Odpady elektroniczne mo\u017cna bezp\u0142atnie odda\u0107 na przyk\u0142ad w miejskich punktach zbi\u00f3rki. Informacje na temat dok\u0142adnej lokalizacji takich punkt\u00f3w zbi\u00f3rki mo\u017cna uzyska\u0107 w punkcie doradztwa ds. odpad\u00f3w komunalnych lub w centrach konsumenckich.<\/p>\n<p style=\"text-align: justify;\">Informacje te znajduj\u0105 si\u0119 r\u00f3wnie\u017c w dokumentacji towarzysz\u0105cej<a title=\"Instrukcja obs\u0142ugi REMSTIM 3000\" href=\"https:\/\/remstim.com\/pl\/remstim-3000\/instrukcja-obslugi-remstim-3000\/\">(instrukcji obs\u0142ugi<\/a>) <a title=\"REMSTIM 3000\" href=\"https:\/\/remstim.com\/pl\/remstim-3000\/\">REMSTIM 3000<\/a>.<\/p>\n","protected":false},"excerpt":{"rendered":"<p>Informacje na temat utylizacji starych urz\u0105dze\u0144 i odpad\u00f3w elektronicznych (ElektroG) Od marca 2006 r., zgodnie z ustaw\u0105 o sprz\u0119cie elektrycznym i elektronicznym (ElektroG), starych urz\u0105dze\u0144 nie mo\u017cna ju\u017c wyrzuca\u0107 do odpad\u00f3w domowych. Dotyczy to nie tylko typowych urz\u0105dze\u0144 elektrycznych, takich jak telewizory, pralki czy lod\u00f3wki, ale tak\u017ce np. gier wideo, g\u0142o\u015bnik\u00f3w, komputer\u00f3w, notebook\u00f3w, odtwarzaczy MP3, [&hellip;]<\/p>\n","protected":false},"author":1,"featured_media":0,"parent":19929,"menu_order":11,"comment_status":"closed","ping_status":"closed","template":"","meta":{"_acf_changed":false,"site-sidebar-layout":"default","site-content-layout":"default","ast-site-content-layout":"default","site-content-style":"default","site-sidebar-style":"default","ast-global-header-display":"","ast-banner-title-visibility":"","ast-main-header-display":"","ast-hfb-above-header-display":"","ast-hfb-below-header-display":"","ast-hfb-mobile-header-display":"","site-post-title":"","ast-breadcrumbs-content":"","ast-featured-img":"","footer-sml-layout":"","ast-disable-related-posts":"","theme-transparent-header-meta":"default","adv-header-id-meta":"","stick-header-meta":"default","header-above-stick-meta":"","header-main-stick-meta":"","header-below-stick-meta":"","astra-migrate-meta-layouts":"default","ast-page-background-enabled":"default","ast-page-background-meta":{"desktop":{"background-color":"var(--ast-global-color-4)","background-image":"","background-repeat":"repeat","background-position":"center center","background-size":"auto","background-attachment":"scroll","background-type":"","background-media":"","overlay-type":"","overlay-color":"","overlay-opacity":"","overlay-gradient":""},"tablet":{"background-color":"","background-image":"","background-repeat":"repeat","background-position":"center center","background-size":"auto","background-attachment":"scroll","background-type":"","background-media":"","overlay-type":"","overlay-color":"","overlay-opacity":"","overlay-gradient":""},"mobile":{"background-color":"","background-image":"","background-repeat":"repeat","background-position":"center center","background-size":"auto","background-attachment":"scroll","background-type":"","background-media":"","overlay-type":"","overlay-color":"","overlay-opacity":"","overlay-gradient":""}},"ast-content-background-meta":{"desktop":{"background-color":"var(--ast-global-color-5)","background-image":"","background-repeat":"repeat","background-position":"center center","background-size":"auto","background-attachment":"scroll","background-type":"","background-media":"","overlay-type":"","overlay-color":"","overlay-opacity":"","overlay-gradient":""},"tablet":{"background-color":"var(--ast-global-color-5)","background-image":"","background-repeat":"repeat","background-position":"center center","background-size":"auto","background-attachment":"scroll","background-type":"","background-media":"","overlay-type":"","overlay-color":"","overlay-opacity":"","overlay-gradient":""},"mobile":{"background-color":"var(--ast-global-color-5)","background-image":"","background-repeat":"repeat","background-position":"center center","background-size":"auto","background-attachment":"scroll","background-type":"","background-media":"","overlay-type":"","overlay-color":"","overlay-opacity":"","overlay-gradient":""}},"footnotes":""},"class_list":["post-19959","page","type-page","status-publish","hentry"],"acf":[],"yoast_head":"<!-- This site is optimized with the Yoast SEO plugin v27.4 - https:\/\/yoast.com\/product\/yoast-seo-wordpress\/ -->\n<title>Informacje na temat utylizacji starych urz\u0105dze\u0144 i odpad\u00f3w elektronicznych (ElektroG) - EMDR Ger\u00e4t REMSTIM 3000 gegen Stress<\/title>\n<meta name=\"robots\" content=\"noindex, nofollow\" \/>\n<meta property=\"og:locale\" content=\"pl_PL\" \/>\n<meta property=\"og:type\" content=\"article\" \/>\n<meta property=\"og:title\" content=\"Informacje na temat utylizacji starych urz\u0105dze\u0144 i odpad\u00f3w elektronicznych (ElektroG) - EMDR Ger\u00e4t REMSTIM 3000 gegen Stress\" \/>\n<meta property=\"og:description\" content=\"Informacje na temat utylizacji starych urz\u0105dze\u0144 i odpad\u00f3w elektronicznych (ElektroG) Od marca 2006 r., zgodnie z ustaw\u0105 o sprz\u0119cie elektrycznym i elektronicznym (ElektroG), starych urz\u0105dze\u0144 nie mo\u017cna ju\u017c wyrzuca\u0107 do odpad\u00f3w domowych. Dotyczy to nie tylko typowych urz\u0105dze\u0144 elektrycznych, takich jak telewizory, pralki czy lod\u00f3wki, ale tak\u017ce np. gier wideo, g\u0142o\u015bnik\u00f3w, komputer\u00f3w, notebook\u00f3w, odtwarzaczy MP3, [&hellip;]\" \/>\n<meta property=\"og:url\" content=\"https:\/\/remstim.com\/pl\/remstim-3000\/informacje-na-temat-utylizacji-starych-urzadzen-i-odpadow-elektronicznych-elektrog\/\" \/>\n<meta property=\"og:site_name\" content=\"EMDR Ger\u00e4t REMSTIM 3000 gegen Stress\" \/>\n<meta property=\"article:modified_time\" content=\"2023-09-15T07:40:06+00:00\" \/>\n<meta property=\"og:image\" content=\"https:\/\/remstim.com\/wp-content\/uploads\/2015\/12\/Mu%CC%88lltonne-ElektroG-210x300.jpg\" \/>\n<meta name=\"twitter:label1\" content=\"Szacowany czas czytania\" \/>\n\t<meta name=\"twitter:data1\" content=\"1 minuta\" \/>\n<script type=\"application\/ld+json\" class=\"yoast-schema-graph\">{\"@context\":\"https:\\\/\\\/schema.org\",\"@graph\":[{\"@type\":\"WebPage\",\"@id\":\"https:\\\/\\\/remstim.com\\\/pl\\\/remstim-3000\\\/informacje-na-temat-utylizacji-starych-urzadzen-i-odpadow-elektronicznych-elektrog\\\/\",\"url\":\"https:\\\/\\\/remstim.com\\\/pl\\\/remstim-3000\\\/informacje-na-temat-utylizacji-starych-urzadzen-i-odpadow-elektronicznych-elektrog\\\/\",\"name\":\"Informacje na temat utylizacji starych urz\u0105dze\u0144 i odpad\u00f3w elektronicznych (ElektroG) - EMDR Ger\u00e4t REMSTIM 3000 gegen Stress\",\"isPartOf\":{\"@id\":\"https:\\\/\\\/remstim.com\\\/pl\\\/#website\"},\"primaryImageOfPage\":{\"@id\":\"https:\\\/\\\/remstim.com\\\/pl\\\/remstim-3000\\\/informacje-na-temat-utylizacji-starych-urzadzen-i-odpadow-elektronicznych-elektrog\\\/#primaryimage\"},\"image\":{\"@id\":\"https:\\\/\\\/remstim.com\\\/pl\\\/remstim-3000\\\/informacje-na-temat-utylizacji-starych-urzadzen-i-odpadow-elektronicznych-elektrog\\\/#primaryimage\"},\"thumbnailUrl\":\"https:\\\/\\\/remstim.com\\\/wp-content\\\/uploads\\\/2015\\\/12\\\/Mu%CC%88lltonne-ElektroG-210x300.jpg\",\"datePublished\":\"2015-12-01T08:12:38+00:00\",\"dateModified\":\"2023-09-15T07:40:06+00:00\",\"breadcrumb\":{\"@id\":\"https:\\\/\\\/remstim.com\\\/pl\\\/remstim-3000\\\/informacje-na-temat-utylizacji-starych-urzadzen-i-odpadow-elektronicznych-elektrog\\\/#breadcrumb\"},\"inLanguage\":\"pl-PL\",\"potentialAction\":[{\"@type\":\"ReadAction\",\"target\":[\"https:\\\/\\\/remstim.com\\\/pl\\\/remstim-3000\\\/informacje-na-temat-utylizacji-starych-urzadzen-i-odpadow-elektronicznych-elektrog\\\/\"]}]},{\"@type\":\"ImageObject\",\"inLanguage\":\"pl-PL\",\"@id\":\"https:\\\/\\\/remstim.com\\\/pl\\\/remstim-3000\\\/informacje-na-temat-utylizacji-starych-urzadzen-i-odpadow-elektronicznych-elektrog\\\/#primaryimage\",\"url\":\"https:\\\/\\\/remstim.com\\\/wp-content\\\/uploads\\\/2015\\\/12\\\/Mu%CC%88lltonne-ElektroG-210x300.jpg\",\"contentUrl\":\"https:\\\/\\\/remstim.com\\\/wp-content\\\/uploads\\\/2015\\\/12\\\/Mu%CC%88lltonne-ElektroG-210x300.jpg\"},{\"@type\":\"BreadcrumbList\",\"@id\":\"https:\\\/\\\/remstim.com\\\/pl\\\/remstim-3000\\\/informacje-na-temat-utylizacji-starych-urzadzen-i-odpadow-elektronicznych-elektrog\\\/#breadcrumb\",\"itemListElement\":[{\"@type\":\"ListItem\",\"position\":1,\"name\":\"Startseite\",\"item\":\"https:\\\/\\\/remstim.com\\\/pl\\\/\"},{\"@type\":\"ListItem\",\"position\":2,\"name\":\"Gogle EMDR REMSTIM 3000\",\"item\":\"https:\\\/\\\/remstim.com\\\/pl\\\/remstim-3000\\\/\"},{\"@type\":\"ListItem\",\"position\":3,\"name\":\"Informacje na temat utylizacji starych urz\u0105dze\u0144 i odpad\u00f3w elektronicznych (ElektroG)\"}]},{\"@type\":\"WebSite\",\"@id\":\"https:\\\/\\\/remstim.com\\\/pl\\\/#website\",\"url\":\"https:\\\/\\\/remstim.com\\\/pl\\\/\",\"name\":\"EMDR Ger\u00e4t REMSTIM 3000 gegen Stress\",\"description\":\"Wie wir schnell Entspannung finden.\",\"publisher\":{\"@id\":\"https:\\\/\\\/remstim.com\\\/pl\\\/#organization\"},\"potentialAction\":[{\"@type\":\"SearchAction\",\"target\":{\"@type\":\"EntryPoint\",\"urlTemplate\":\"https:\\\/\\\/remstim.com\\\/pl\\\/?s={search_term_string}\"},\"query-input\":{\"@type\":\"PropertyValueSpecification\",\"valueRequired\":true,\"valueName\":\"search_term_string\"}}],\"inLanguage\":\"pl-PL\"},{\"@type\":\"Organization\",\"@id\":\"https:\\\/\\\/remstim.com\\\/pl\\\/#organization\",\"name\":\"EMDR Ger\u00e4t REMSTIM 3000 gegen Stress\",\"url\":\"https:\\\/\\\/remstim.com\\\/pl\\\/\",\"logo\":{\"@type\":\"ImageObject\",\"inLanguage\":\"pl-PL\",\"@id\":\"https:\\\/\\\/remstim.com\\\/pl\\\/#\\\/schema\\\/logo\\\/image\\\/\",\"url\":\"https:\\\/\\\/remstim.com\\\/wp-content\\\/uploads\\\/2012\\\/06\\\/REMSTIM-Logo-mit-Untertitel_orange-e1340382850185.png\",\"contentUrl\":\"https:\\\/\\\/remstim.com\\\/wp-content\\\/uploads\\\/2012\\\/06\\\/REMSTIM-Logo-mit-Untertitel_orange-e1340382850185.png\",\"width\":304,\"height\":80,\"caption\":\"EMDR Ger\u00e4t REMSTIM 3000 gegen Stress\"},\"image\":{\"@id\":\"https:\\\/\\\/remstim.com\\\/pl\\\/#\\\/schema\\\/logo\\\/image\\\/\"}}]}<\/script>\n<!-- \/ Yoast SEO plugin. -->","yoast_head_json":{"title":"Informacje na temat utylizacji starych urz\u0105dze\u0144 i odpad\u00f3w elektronicznych (ElektroG) - EMDR Ger\u00e4t REMSTIM 3000 gegen Stress","robots":{"index":"noindex","follow":"nofollow"},"og_locale":"pl_PL","og_type":"article","og_title":"Informacje na temat utylizacji starych urz\u0105dze\u0144 i odpad\u00f3w elektronicznych (ElektroG) - EMDR Ger\u00e4t REMSTIM 3000 gegen Stress","og_description":"Informacje na temat utylizacji starych urz\u0105dze\u0144 i odpad\u00f3w elektronicznych (ElektroG) Od marca 2006 r., zgodnie z ustaw\u0105 o sprz\u0119cie elektrycznym i elektronicznym (ElektroG), starych urz\u0105dze\u0144 nie mo\u017cna ju\u017c wyrzuca\u0107 do odpad\u00f3w domowych. Dotyczy to nie tylko typowych urz\u0105dze\u0144 elektrycznych, takich jak telewizory, pralki czy lod\u00f3wki, ale tak\u017ce np. gier wideo, g\u0142o\u015bnik\u00f3w, komputer\u00f3w, notebook\u00f3w, odtwarzaczy MP3, [&hellip;]","og_url":"https:\/\/remstim.com\/pl\/remstim-3000\/informacje-na-temat-utylizacji-starych-urzadzen-i-odpadow-elektronicznych-elektrog\/","og_site_name":"EMDR Ger\u00e4t REMSTIM 3000 gegen Stress","article_modified_time":"2023-09-15T07:40:06+00:00","og_image":[{"url":"https:\/\/remstim.com\/wp-content\/uploads\/2015\/12\/Mu%CC%88lltonne-ElektroG-210x300.jpg","type":"","width":"","height":""}],"twitter_misc":{"Szacowany czas czytania":"1 minuta"},"schema":{"@context":"https:\/\/schema.org","@graph":[{"@type":"WebPage","@id":"https:\/\/remstim.com\/pl\/remstim-3000\/informacje-na-temat-utylizacji-starych-urzadzen-i-odpadow-elektronicznych-elektrog\/","url":"https:\/\/remstim.com\/pl\/remstim-3000\/informacje-na-temat-utylizacji-starych-urzadzen-i-odpadow-elektronicznych-elektrog\/","name":"Informacje na temat utylizacji starych urz\u0105dze\u0144 i odpad\u00f3w elektronicznych (ElektroG) - EMDR Ger\u00e4t REMSTIM 3000 gegen Stress","isPartOf":{"@id":"https:\/\/remstim.com\/pl\/#website"},"primaryImageOfPage":{"@id":"https:\/\/remstim.com\/pl\/remstim-3000\/informacje-na-temat-utylizacji-starych-urzadzen-i-odpadow-elektronicznych-elektrog\/#primaryimage"},"image":{"@id":"https:\/\/remstim.com\/pl\/remstim-3000\/informacje-na-temat-utylizacji-starych-urzadzen-i-odpadow-elektronicznych-elektrog\/#primaryimage"},"thumbnailUrl":"https:\/\/remstim.com\/wp-content\/uploads\/2015\/12\/Mu%CC%88lltonne-ElektroG-210x300.jpg","datePublished":"2015-12-01T08:12:38+00:00","dateModified":"2023-09-15T07:40:06+00:00","breadcrumb":{"@id":"https:\/\/remstim.com\/pl\/remstim-3000\/informacje-na-temat-utylizacji-starych-urzadzen-i-odpadow-elektronicznych-elektrog\/#breadcrumb"},"inLanguage":"pl-PL","potentialAction":[{"@type":"ReadAction","target":["https:\/\/remstim.com\/pl\/remstim-3000\/informacje-na-temat-utylizacji-starych-urzadzen-i-odpadow-elektronicznych-elektrog\/"]}]},{"@type":"ImageObject","inLanguage":"pl-PL","@id":"https:\/\/remstim.com\/pl\/remstim-3000\/informacje-na-temat-utylizacji-starych-urzadzen-i-odpadow-elektronicznych-elektrog\/#primaryimage","url":"https:\/\/remstim.com\/wp-content\/uploads\/2015\/12\/Mu%CC%88lltonne-ElektroG-210x300.jpg","contentUrl":"https:\/\/remstim.com\/wp-content\/uploads\/2015\/12\/Mu%CC%88lltonne-ElektroG-210x300.jpg"},{"@type":"BreadcrumbList","@id":"https:\/\/remstim.com\/pl\/remstim-3000\/informacje-na-temat-utylizacji-starych-urzadzen-i-odpadow-elektronicznych-elektrog\/#breadcrumb","itemListElement":[{"@type":"ListItem","position":1,"name":"Startseite","item":"https:\/\/remstim.com\/pl\/"},{"@type":"ListItem","position":2,"name":"Gogle EMDR REMSTIM 3000","item":"https:\/\/remstim.com\/pl\/remstim-3000\/"},{"@type":"ListItem","position":3,"name":"Informacje na temat utylizacji starych urz\u0105dze\u0144 i odpad\u00f3w elektronicznych (ElektroG)"}]},{"@type":"WebSite","@id":"https:\/\/remstim.com\/pl\/#website","url":"https:\/\/remstim.com\/pl\/","name":"EMDR Ger\u00e4t REMSTIM 3000 gegen Stress","description":"Wie wir schnell Entspannung finden.","publisher":{"@id":"https:\/\/remstim.com\/pl\/#organization"},"potentialAction":[{"@type":"SearchAction","target":{"@type":"EntryPoint","urlTemplate":"https:\/\/remstim.com\/pl\/?s={search_term_string}"},"query-input":{"@type":"PropertyValueSpecification","valueRequired":true,"valueName":"search_term_string"}}],"inLanguage":"pl-PL"},{"@type":"Organization","@id":"https:\/\/remstim.com\/pl\/#organization","name":"EMDR Ger\u00e4t REMSTIM 3000 gegen Stress","url":"https:\/\/remstim.com\/pl\/","logo":{"@type":"ImageObject","inLanguage":"pl-PL","@id":"https:\/\/remstim.com\/pl\/#\/schema\/logo\/image\/","url":"https:\/\/remstim.com\/wp-content\/uploads\/2012\/06\/REMSTIM-Logo-mit-Untertitel_orange-e1340382850185.png","contentUrl":"https:\/\/remstim.com\/wp-content\/uploads\/2012\/06\/REMSTIM-Logo-mit-Untertitel_orange-e1340382850185.png","width":304,"height":80,"caption":"EMDR Ger\u00e4t REMSTIM 3000 gegen Stress"},"image":{"@id":"https:\/\/remstim.com\/pl\/#\/schema\/logo\/image\/"}}]}},"_links":{"self":[{"href":"https:\/\/remstim.com\/pl\/wp-json\/wp\/v2\/pages\/19959","targetHints":{"allow":["GET"]}}],"collection":[{"href":"https:\/\/remstim.com\/pl\/wp-json\/wp\/v2\/pages"}],"about":[{"href":"https:\/\/remstim.com\/pl\/wp-json\/wp\/v2\/types\/page"}],"author":[{"embeddable":true,"href":"https:\/\/remstim.com\/pl\/wp-json\/wp\/v2\/users\/1"}],"replies":[{"embeddable":true,"href":"https:\/\/remstim.com\/pl\/wp-json\/wp\/v2\/comments?post=19959"}],"version-history":[{"count":0,"href":"https:\/\/remstim.com\/pl\/wp-json\/wp\/v2\/pages\/19959\/revisions"}],"up":[{"embeddable":true,"href":"https:\/\/remstim.com\/pl\/wp-json\/wp\/v2\/pages\/19929"}],"wp:attachment":[{"href":"https:\/\/remstim.com\/pl\/wp-json\/wp\/v2\/media?parent=19959"}],"curies":[{"name":"wp","href":"https:\/\/api.w.org\/{rel}","templated":true}]}}