{"id":19965,"date":"2018-10-26T08:37:12","date_gmt":"2018-10-26T08:37:12","guid":{"rendered":"https:\/\/remstim.de\/wskazowki-dotyczace-samodzielnego-coachingu-emdr\/"},"modified":"2024-09-22T12:30:26","modified_gmt":"2024-09-22T12:30:26","slug":"wskazowki-dotyczace-samodzielnego-coachingu-emdr","status":"publish","type":"page","link":"https:\/\/remstim.com\/pl\/wskazowki-dotyczace-samodzielnego-coachingu-emdr\/","title":{"rendered":"Wskaz\u00f3wki i filmy dotycz\u0105ce samodzielnego coachingu EMDR"},"content":{"rendered":"<h1>Cenne wskaz\u00f3wki, niekt\u00f3re z filmami na temat autocoachingu EMDR<\/h1>\n<p>  Wa\u017cna uwaga: Filmy s\u0105 w j\u0119zyku niemieckim, ale maj\u0105 napisy w j\u0119zyku niemieckim, angielskim, francuskim, hiszpa\u0144skim, w\u0142oskim, holenderskim i polskim.<br \/>\nWybierz preferowany j\u0119zyk w filmie, klikaj\u0105c ikon\u0119 ko\u0142a z\u0119batego u do\u0142u filmu.<br \/>\nMo\u017cesz r\u00f3wnie\u017c odwiedzi\u0107 nasz <a href=\"https:\/\/www.youtube.com\/@remstim\" target=\"_blank\" rel=\"noopener\">kana\u0142 YOUTUBE<\/a>.    \t\t<div data-elementor-type=\"section\" data-elementor-id=\"20388\" class=\"elementor elementor-20388 elementor-9583\" data-elementor-post-type=\"elementor_library\">\n\t\t\t\t\t<section class=\"elementor-section elementor-top-section elementor-element elementor-element-682900dc elementor-section-full_width elementor-section-height-default elementor-section-height-default\" data-id=\"682900dc\" data-element_type=\"section\" data-e-type=\"section\">\n\t\t\t\t\t\t<div class=\"elementor-container elementor-column-gap-default\">\n\t\t\t\t\t<div class=\"elementor-column elementor-col-100 elementor-top-column elementor-element elementor-element-4d398746\" data-id=\"4d398746\" data-element_type=\"column\" data-e-type=\"column\">\n\t\t\t<div class=\"elementor-widget-wrap elementor-element-populated\">\n\t\t\t\t\t\t\t<\/div>\n\t\t<\/div>\n\t\t\t\t\t<\/div>\n\t\t<\/section>\n\t\t\t\t<\/div>\n\t\t\n<p>&nbsp;<\/p>\n","protected":false},"excerpt":{"rendered":"<p>Cenne wskaz\u00f3wki, niekt\u00f3re z filmami na temat autocoachingu EMDR Wa\u017cna uwaga: Filmy s\u0105 w j\u0119zyku niemieckim, ale maj\u0105 napisy w j\u0119zyku niemieckim, angielskim, francuskim, hiszpa\u0144skim, w\u0142oskim, holenderskim i polskim. Wybierz preferowany j\u0119zyk w filmie, klikaj\u0105c ikon\u0119 ko\u0142a z\u0119batego u do\u0142u filmu. Mo\u017cesz r\u00f3wnie\u017c odwiedzi\u0107 nasz kana\u0142 YOUTUBE. &nbsp;<\/p>\n","protected":false},"author":1,"featured_media":0,"parent":0,"menu_order":2,"comment_status":"closed","ping_status":"closed","template":"","meta":{"_acf_changed":false,"site-sidebar-layout":"default","site-content-layout":"default","ast-site-content-layout":"default","site-content-style":"default","site-sidebar-style":"default","ast-global-header-display":"","ast-banner-title-visibility":"","ast-main-header-display":"","ast-hfb-above-header-display":"","ast-hfb-below-header-display":"","ast-hfb-mobile-header-display":"","site-post-title":"","ast-breadcrumbs-content":"","ast-featured-img":"","footer-sml-layout":"","ast-disable-related-posts":"","theme-transparent-header-meta":"default","adv-header-id-meta":"","stick-header-meta":"default","header-above-stick-meta":"","header-main-stick-meta":"","header-below-stick-meta":"","astra-migrate-meta-layouts":"default","ast-page-background-enabled":"default","ast-page-background-meta":{"desktop":{"background-color":"var(--ast-global-color-4)","background-image":"","background-repeat":"repeat","background-position":"center center","background-size":"auto","background-attachment":"scroll","background-type":"","background-media":"","overlay-type":"","overlay-color":"","overlay-opacity":"","overlay-gradient":""},"tablet":{"background-color":"","background-image":"","background-repeat":"repeat","background-position":"center center","background-size":"auto","background-attachment":"scroll","background-type":"","background-media":"","overlay-type":"","overlay-color":"","overlay-opacity":"","overlay-gradient":""},"mobile":{"background-color":"","background-image":"","background-repeat":"repeat","background-position":"center center","background-size":"auto","background-attachment":"scroll","background-type":"","background-media":"","overlay-type":"","overlay-color":"","overlay-opacity":"","overlay-gradient":""}},"ast-content-background-meta":{"desktop":{"background-color":"var(--ast-global-color-5)","background-image":"","background-repeat":"repeat","background-position":"center center","background-size":"auto","background-attachment":"scroll","background-type":"","background-media":"","overlay-type":"","overlay-color":"","overlay-opacity":"","overlay-gradient":""},"tablet":{"background-color":"var(--ast-global-color-5)","background-image":"","background-repeat":"repeat","background-position":"center center","background-size":"auto","background-attachment":"scroll","background-type":"","background-media":"","overlay-type":"","overlay-color":"","overlay-opacity":"","overlay-gradient":""},"mobile":{"background-color":"var(--ast-global-color-5)","background-image":"","background-repeat":"repeat","background-position":"center center","background-size":"auto","background-attachment":"scroll","background-type":"","background-media":"","overlay-type":"","overlay-color":"","overlay-opacity":"","overlay-gradient":""}},"footnotes":""},"class_list":["post-19965","page","type-page","status-publish","hentry"],"acf":[],"yoast_head":"<!-- This site is optimized with the Yoast SEO plugin v27.4 - https:\/\/yoast.com\/product\/yoast-seo-wordpress\/ -->\n<title>Wskaz\u00f3wki i filmy dotycz\u0105ce samodzielnego coachingu EMDR - EMDR Ger\u00e4t REMSTIM 3000 gegen Stress<\/title>\n<meta name=\"robots\" content=\"index, follow, max-snippet:-1, max-image-preview:large, max-video-preview:-1\" \/>\n<link rel=\"canonical\" href=\"https:\/\/remstim.com\/pl\/wskazowki-dotyczace-samodzielnego-coachingu-emdr\/\" \/>\n<meta property=\"og:locale\" content=\"pl_PL\" \/>\n<meta property=\"og:type\" content=\"article\" \/>\n<meta property=\"og:title\" content=\"Wskaz\u00f3wki i filmy dotycz\u0105ce samodzielnego coachingu EMDR - EMDR Ger\u00e4t REMSTIM 3000 gegen Stress\" \/>\n<meta property=\"og:description\" content=\"Cenne wskaz\u00f3wki, niekt\u00f3re z filmami na temat autocoachingu EMDR Wa\u017cna uwaga: Filmy s\u0105 w j\u0119zyku niemieckim, ale maj\u0105 napisy w j\u0119zyku niemieckim, angielskim, francuskim, hiszpa\u0144skim, w\u0142oskim, holenderskim i polskim. Wybierz preferowany j\u0119zyk w filmie, klikaj\u0105c ikon\u0119 ko\u0142a z\u0119batego u do\u0142u filmu. Mo\u017cesz r\u00f3wnie\u017c odwiedzi\u0107 nasz kana\u0142 YOUTUBE. &nbsp;\" \/>\n<meta property=\"og:url\" content=\"https:\/\/remstim.com\/pl\/wskazowki-dotyczace-samodzielnego-coachingu-emdr\/\" \/>\n<meta property=\"og:site_name\" content=\"EMDR Ger\u00e4t REMSTIM 3000 gegen Stress\" \/>\n<meta property=\"article:modified_time\" content=\"2024-09-22T12:30:26+00:00\" \/>\n<meta name=\"twitter:label1\" content=\"Szacowany czas czytania\" \/>\n\t<meta name=\"twitter:data1\" content=\"1 minuta\" \/>\n<script type=\"application\/ld+json\" class=\"yoast-schema-graph\">{\"@context\":\"https:\\\/\\\/schema.org\",\"@graph\":[{\"@type\":\"WebPage\",\"@id\":\"https:\\\/\\\/remstim.com\\\/pl\\\/wskazowki-dotyczace-samodzielnego-coachingu-emdr\\\/\",\"url\":\"https:\\\/\\\/remstim.com\\\/pl\\\/wskazowki-dotyczace-samodzielnego-coachingu-emdr\\\/\",\"name\":\"Wskaz\u00f3wki i filmy dotycz\u0105ce samodzielnego coachingu EMDR - EMDR Ger\u00e4t REMSTIM 3000 gegen Stress\",\"isPartOf\":{\"@id\":\"https:\\\/\\\/remstim.com\\\/pl\\\/#website\"},\"datePublished\":\"2018-10-26T08:37:12+00:00\",\"dateModified\":\"2024-09-22T12:30:26+00:00\",\"breadcrumb\":{\"@id\":\"https:\\\/\\\/remstim.com\\\/pl\\\/wskazowki-dotyczace-samodzielnego-coachingu-emdr\\\/#breadcrumb\"},\"inLanguage\":\"pl-PL\",\"potentialAction\":[{\"@type\":\"ReadAction\",\"target\":[\"https:\\\/\\\/remstim.com\\\/pl\\\/wskazowki-dotyczace-samodzielnego-coachingu-emdr\\\/\"]}]},{\"@type\":\"BreadcrumbList\",\"@id\":\"https:\\\/\\\/remstim.com\\\/pl\\\/wskazowki-dotyczace-samodzielnego-coachingu-emdr\\\/#breadcrumb\",\"itemListElement\":[{\"@type\":\"ListItem\",\"position\":1,\"name\":\"Startseite\",\"item\":\"https:\\\/\\\/remstim.com\\\/pl\\\/\"},{\"@type\":\"ListItem\",\"position\":2,\"name\":\"Wskaz\u00f3wki i filmy dotycz\u0105ce samodzielnego coachingu EMDR\"}]},{\"@type\":\"WebSite\",\"@id\":\"https:\\\/\\\/remstim.com\\\/pl\\\/#website\",\"url\":\"https:\\\/\\\/remstim.com\\\/pl\\\/\",\"name\":\"EMDR Ger\u00e4t REMSTIM 3000 gegen Stress\",\"description\":\"Wie wir schnell Entspannung finden.\",\"publisher\":{\"@id\":\"https:\\\/\\\/remstim.com\\\/pl\\\/#organization\"},\"potentialAction\":[{\"@type\":\"SearchAction\",\"target\":{\"@type\":\"EntryPoint\",\"urlTemplate\":\"https:\\\/\\\/remstim.com\\\/pl\\\/?s={search_term_string}\"},\"query-input\":{\"@type\":\"PropertyValueSpecification\",\"valueRequired\":true,\"valueName\":\"search_term_string\"}}],\"inLanguage\":\"pl-PL\"},{\"@type\":\"Organization\",\"@id\":\"https:\\\/\\\/remstim.com\\\/pl\\\/#organization\",\"name\":\"EMDR Ger\u00e4t REMSTIM 3000 gegen Stress\",\"url\":\"https:\\\/\\\/remstim.com\\\/pl\\\/\",\"logo\":{\"@type\":\"ImageObject\",\"inLanguage\":\"pl-PL\",\"@id\":\"https:\\\/\\\/remstim.com\\\/pl\\\/#\\\/schema\\\/logo\\\/image\\\/\",\"url\":\"https:\\\/\\\/remstim.com\\\/wp-content\\\/uploads\\\/2012\\\/06\\\/REMSTIM-Logo-mit-Untertitel_orange-e1340382850185.png\",\"contentUrl\":\"https:\\\/\\\/remstim.com\\\/wp-content\\\/uploads\\\/2012\\\/06\\\/REMSTIM-Logo-mit-Untertitel_orange-e1340382850185.png\",\"width\":304,\"height\":80,\"caption\":\"EMDR Ger\u00e4t REMSTIM 3000 gegen Stress\"},\"image\":{\"@id\":\"https:\\\/\\\/remstim.com\\\/pl\\\/#\\\/schema\\\/logo\\\/image\\\/\"}}]}<\/script>\n<!-- \/ Yoast SEO plugin. -->","yoast_head_json":{"title":"Wskaz\u00f3wki i filmy dotycz\u0105ce samodzielnego coachingu EMDR - EMDR Ger\u00e4t REMSTIM 3000 gegen Stress","robots":{"index":"index","follow":"follow","max-snippet":"max-snippet:-1","max-image-preview":"max-image-preview:large","max-video-preview":"max-video-preview:-1"},"canonical":"https:\/\/remstim.com\/pl\/wskazowki-dotyczace-samodzielnego-coachingu-emdr\/","og_locale":"pl_PL","og_type":"article","og_title":"Wskaz\u00f3wki i filmy dotycz\u0105ce samodzielnego coachingu EMDR - EMDR Ger\u00e4t REMSTIM 3000 gegen Stress","og_description":"Cenne wskaz\u00f3wki, niekt\u00f3re z filmami na temat autocoachingu EMDR Wa\u017cna uwaga: Filmy s\u0105 w j\u0119zyku niemieckim, ale maj\u0105 napisy w j\u0119zyku niemieckim, angielskim, francuskim, hiszpa\u0144skim, w\u0142oskim, holenderskim i polskim. Wybierz preferowany j\u0119zyk w filmie, klikaj\u0105c ikon\u0119 ko\u0142a z\u0119batego u do\u0142u filmu. Mo\u017cesz r\u00f3wnie\u017c odwiedzi\u0107 nasz kana\u0142 YOUTUBE. &nbsp;","og_url":"https:\/\/remstim.com\/pl\/wskazowki-dotyczace-samodzielnego-coachingu-emdr\/","og_site_name":"EMDR Ger\u00e4t REMSTIM 3000 gegen Stress","article_modified_time":"2024-09-22T12:30:26+00:00","twitter_misc":{"Szacowany czas czytania":"1 minuta"},"schema":{"@context":"https:\/\/schema.org","@graph":[{"@type":"WebPage","@id":"https:\/\/remstim.com\/pl\/wskazowki-dotyczace-samodzielnego-coachingu-emdr\/","url":"https:\/\/remstim.com\/pl\/wskazowki-dotyczace-samodzielnego-coachingu-emdr\/","name":"Wskaz\u00f3wki i filmy dotycz\u0105ce samodzielnego coachingu EMDR - EMDR Ger\u00e4t REMSTIM 3000 gegen Stress","isPartOf":{"@id":"https:\/\/remstim.com\/pl\/#website"},"datePublished":"2018-10-26T08:37:12+00:00","dateModified":"2024-09-22T12:30:26+00:00","breadcrumb":{"@id":"https:\/\/remstim.com\/pl\/wskazowki-dotyczace-samodzielnego-coachingu-emdr\/#breadcrumb"},"inLanguage":"pl-PL","potentialAction":[{"@type":"ReadAction","target":["https:\/\/remstim.com\/pl\/wskazowki-dotyczace-samodzielnego-coachingu-emdr\/"]}]},{"@type":"BreadcrumbList","@id":"https:\/\/remstim.com\/pl\/wskazowki-dotyczace-samodzielnego-coachingu-emdr\/#breadcrumb","itemListElement":[{"@type":"ListItem","position":1,"name":"Startseite","item":"https:\/\/remstim.com\/pl\/"},{"@type":"ListItem","position":2,"name":"Wskaz\u00f3wki i filmy dotycz\u0105ce samodzielnego coachingu EMDR"}]},{"@type":"WebSite","@id":"https:\/\/remstim.com\/pl\/#website","url":"https:\/\/remstim.com\/pl\/","name":"EMDR Ger\u00e4t REMSTIM 3000 gegen Stress","description":"Wie wir schnell Entspannung finden.","publisher":{"@id":"https:\/\/remstim.com\/pl\/#organization"},"potentialAction":[{"@type":"SearchAction","target":{"@type":"EntryPoint","urlTemplate":"https:\/\/remstim.com\/pl\/?s={search_term_string}"},"query-input":{"@type":"PropertyValueSpecification","valueRequired":true,"valueName":"search_term_string"}}],"inLanguage":"pl-PL"},{"@type":"Organization","@id":"https:\/\/remstim.com\/pl\/#organization","name":"EMDR Ger\u00e4t REMSTIM 3000 gegen Stress","url":"https:\/\/remstim.com\/pl\/","logo":{"@type":"ImageObject","inLanguage":"pl-PL","@id":"https:\/\/remstim.com\/pl\/#\/schema\/logo\/image\/","url":"https:\/\/remstim.com\/wp-content\/uploads\/2012\/06\/REMSTIM-Logo-mit-Untertitel_orange-e1340382850185.png","contentUrl":"https:\/\/remstim.com\/wp-content\/uploads\/2012\/06\/REMSTIM-Logo-mit-Untertitel_orange-e1340382850185.png","width":304,"height":80,"caption":"EMDR Ger\u00e4t REMSTIM 3000 gegen Stress"},"image":{"@id":"https:\/\/remstim.com\/pl\/#\/schema\/logo\/image\/"}}]}},"_links":{"self":[{"href":"https:\/\/remstim.com\/pl\/wp-json\/wp\/v2\/pages\/19965","targetHints":{"allow":["GET"]}}],"collection":[{"href":"https:\/\/remstim.com\/pl\/wp-json\/wp\/v2\/pages"}],"about":[{"href":"https:\/\/remstim.com\/pl\/wp-json\/wp\/v2\/types\/page"}],"author":[{"embeddable":true,"href":"https:\/\/remstim.com\/pl\/wp-json\/wp\/v2\/users\/1"}],"replies":[{"embeddable":true,"href":"https:\/\/remstim.com\/pl\/wp-json\/wp\/v2\/comments?post=19965"}],"version-history":[{"count":2,"href":"https:\/\/remstim.com\/pl\/wp-json\/wp\/v2\/pages\/19965\/revisions"}],"predecessor-version":[{"id":26480,"href":"https:\/\/remstim.com\/pl\/wp-json\/wp\/v2\/pages\/19965\/revisions\/26480"}],"wp:attachment":[{"href":"https:\/\/remstim.com\/pl\/wp-json\/wp\/v2\/media?parent=19965"}],"curies":[{"name":"wp","href":"https:\/\/api.w.org\/{rel}","templated":true}]}}