{"id":19968,"date":"2016-08-16T08:09:15","date_gmt":"2016-08-16T08:09:15","guid":{"rendered":"https:\/\/remstim.de\/europejskie-towarzystwo-terapii-traumy-i-emdr-e-v\/"},"modified":"2025-08-21T21:52:35","modified_gmt":"2025-08-21T21:52:35","slug":"europejskie-towarzystwo-terapii-traumy-i-emdr-e-v","status":"publish","type":"page","link":"https:\/\/remstim.com\/pl\/europejskie-towarzystwo-terapii-traumy-i-emdr-e-v\/","title":{"rendered":"Europejskie Towarzystwo Terapii Traumy i EMDR e.V."},"content":{"rendered":"<p><img fetchpriority=\"high\" decoding=\"async\" class=\"alignleft wp-image-6805\" src=\"https:\/\/remstim.com\/wp-content\/uploads\/2016\/09\/Logo-Europaeischen-Gesellschaft-fuer-Traumatherapie-und-EMDR-e.V.png\" alt=\"Europejskie Towarzystwo Terapii Traumy i EMDR e.V.\" width=\"300\" height=\"300\" srcset=\"https:\/\/remstim.com\/wp-content\/uploads\/2016\/09\/Logo-Europaeischen-Gesellschaft-fuer-Traumatherapie-und-EMDR-e.V.png 650w, https:\/\/remstim.com\/wp-content\/uploads\/2016\/09\/Logo-Europaeischen-Gesellschaft-fuer-Traumatherapie-und-EMDR-e.V-300x300.png 300w, https:\/\/remstim.com\/wp-content\/uploads\/2016\/09\/Logo-Europaeischen-Gesellschaft-fuer-Traumatherapie-und-EMDR-e.V-100x100.png 100w, https:\/\/remstim.com\/wp-content\/uploads\/2016\/09\/Logo-Europaeischen-Gesellschaft-fuer-Traumatherapie-und-EMDR-e.V-600x600.png 600w, https:\/\/remstim.com\/wp-content\/uploads\/2016\/09\/Logo-Europaeischen-Gesellschaft-fuer-Traumatherapie-und-EMDR-e.V-150x150.png 150w\" sizes=\"(max-width: 300px) 100vw, 300px\" \/><a href=\"https:\/\/remstim.com\/coach-trainer-erfinder-emdr-brille-remstim-3000-selbstcoaching-methode\/\">Thomas Buhl<\/a> jest cz\u0142onkiem <strong>Europejskiego Towarzystwa Terapii Traumy i EMDR<\/strong>.<\/p>\n<p>Jednym z cel\u00f3w <strong>Europejskiego Towarzystwa Terapii Traumy i EMDR e.V<\/strong>. jest umo\u017cliwienie osobom poszukuj\u0105cym pomocy znalezienia wykwalifikowanych i przeszkolonych terapeut\u00f3w EMDR i traumy za pomoc\u0105 funkcji wyszukiwania oraz u\u0142atwienie kontaktu.<\/p>\n<p>Ponadto terapeuci maj\u0105 by\u0107 po\u0142\u0105czeni w sie\u0107 w r\u00f3\u017cnych krajach w celu promowania wymiany wiedzy.<\/p>\n<p>Ponadto stowarzyszenie zapewnia og\u00f3lne informacje na temat <strong>EMDR &#8211; Eye Movement Desensitization and Reprocessing<\/strong>.<\/p>\n<p>Wi\u0119cej informacji mo\u017cna znale\u017a\u0107 na stronie internetowej <a href=\"http:\/\/traumatherapie-emdr.eu\/\" target=\"_blank\" rel=\"noopener\">European Society for Trauma Therapy and EMDR e.V.<\/a>. <a href=\"http:\/\/traumatherapie-emdr.eu\/\" target=\"_blank\" rel=\"noopener\">(czytaj wi\u0119cej<\/a>)<\/p>\n","protected":false},"excerpt":{"rendered":"<p>Thomas Buhl jest cz\u0142onkiem Europejskiego Towarzystwa Terapii Traumy i EMDR. Jednym z cel\u00f3w Europejskiego Towarzystwa Terapii Traumy i EMDR e.V. jest umo\u017cliwienie osobom poszukuj\u0105cym pomocy znalezienia wykwalifikowanych i przeszkolonych terapeut\u00f3w EMDR i traumy za pomoc\u0105 funkcji wyszukiwania oraz u\u0142atwienie kontaktu. Ponadto terapeuci maj\u0105 by\u0107 po\u0142\u0105czeni w sie\u0107 w r\u00f3\u017cnych krajach w celu promowania wymiany wiedzy. [&hellip;]<\/p>\n","protected":false},"author":1,"featured_media":0,"parent":0,"menu_order":27,"comment_status":"closed","ping_status":"closed","template":"","meta":{"_acf_changed":false,"site-sidebar-layout":"default","site-content-layout":"default","ast-site-content-layout":"default","site-content-style":"default","site-sidebar-style":"default","ast-global-header-display":"","ast-banner-title-visibility":"","ast-main-header-display":"","ast-hfb-above-header-display":"","ast-hfb-below-header-display":"","ast-hfb-mobile-header-display":"","site-post-title":"","ast-breadcrumbs-content":"","ast-featured-img":"","footer-sml-layout":"","ast-disable-related-posts":"","theme-transparent-header-meta":"default","adv-header-id-meta":"","stick-header-meta":"default","header-above-stick-meta":"","header-main-stick-meta":"","header-below-stick-meta":"","astra-migrate-meta-layouts":"default","ast-page-background-enabled":"default","ast-page-background-meta":{"desktop":{"background-color":"var(--ast-global-color-4)","background-image":"","background-repeat":"repeat","background-position":"center center","background-size":"auto","background-attachment":"scroll","background-type":"","background-media":"","overlay-type":"","overlay-color":"","overlay-opacity":"","overlay-gradient":""},"tablet":{"background-color":"","background-image":"","background-repeat":"repeat","background-position":"center center","background-size":"auto","background-attachment":"scroll","background-type":"","background-media":"","overlay-type":"","overlay-color":"","overlay-opacity":"","overlay-gradient":""},"mobile":{"background-color":"","background-image":"","background-repeat":"repeat","background-position":"center center","background-size":"auto","background-attachment":"scroll","background-type":"","background-media":"","overlay-type":"","overlay-color":"","overlay-opacity":"","overlay-gradient":""}},"ast-content-background-meta":{"desktop":{"background-color":"var(--ast-global-color-5)","background-image":"","background-repeat":"repeat","background-position":"center center","background-size":"auto","background-attachment":"scroll","background-type":"","background-media":"","overlay-type":"","overlay-color":"","overlay-opacity":"","overlay-gradient":""},"tablet":{"background-color":"var(--ast-global-color-5)","background-image":"","background-repeat":"repeat","background-position":"center center","background-size":"auto","background-attachment":"scroll","background-type":"","background-media":"","overlay-type":"","overlay-color":"","overlay-opacity":"","overlay-gradient":""},"mobile":{"background-color":"var(--ast-global-color-5)","background-image":"","background-repeat":"repeat","background-position":"center center","background-size":"auto","background-attachment":"scroll","background-type":"","background-media":"","overlay-type":"","overlay-color":"","overlay-opacity":"","overlay-gradient":""}},"footnotes":""},"class_list":["post-19968","page","type-page","status-publish","hentry"],"acf":[],"yoast_head":"<!-- This site is optimized with the Yoast SEO plugin v27.3 - https:\/\/yoast.com\/product\/yoast-seo-wordpress\/ -->\n<title>Europejskie Towarzystwo Terapii Traumy i EMDR e.V.<\/title>\n<meta name=\"description\" content=\"Celem jest mi\u0119dzy innymi umo\u017cliwienie osobom poszukuj\u0105cym pomocy znalezienia wykwalifikowanych i przeszkolonych terapeut\u00f3w EMDR i traumy za pomoc\u0105 funkcji wyszukiwania....\" \/>\n<meta name=\"robots\" content=\"index, follow, max-snippet:-1, max-image-preview:large, max-video-preview:-1\" \/>\n<link rel=\"canonical\" href=\"https:\/\/remstim.com\/pl\/europejskie-towarzystwo-terapii-traumy-i-emdr-e-v\/\" \/>\n<meta property=\"og:locale\" content=\"pl_PL\" \/>\n<meta property=\"og:type\" content=\"article\" \/>\n<meta property=\"og:title\" content=\"Europejskie Towarzystwo Terapii Traumy i EMDR e.V.\" \/>\n<meta property=\"og:description\" content=\"Celem jest mi\u0119dzy innymi umo\u017cliwienie osobom poszukuj\u0105cym pomocy znalezienia wykwalifikowanych i przeszkolonych terapeut\u00f3w EMDR i traumy za pomoc\u0105 funkcji wyszukiwania....\" \/>\n<meta property=\"og:url\" content=\"https:\/\/remstim.com\/pl\/europejskie-towarzystwo-terapii-traumy-i-emdr-e-v\/\" \/>\n<meta property=\"og:site_name\" content=\"EMDR Ger\u00e4t REMSTIM 3000 gegen Stress\" \/>\n<meta property=\"article:modified_time\" content=\"2025-08-21T21:52:35+00:00\" \/>\n<meta property=\"og:image\" content=\"https:\/\/remstim.com\/wp-content\/uploads\/2016\/09\/Logo-Europaeischen-Gesellschaft-fuer-Traumatherapie-und-EMDR-e.V.png\" \/>\n\t<meta property=\"og:image:width\" content=\"650\" \/>\n\t<meta property=\"og:image:height\" content=\"650\" \/>\n\t<meta property=\"og:image:type\" content=\"image\/png\" \/>\n<meta name=\"twitter:label1\" content=\"Szacowany czas czytania\" \/>\n\t<meta name=\"twitter:data1\" content=\"1 minuta\" \/>\n<script type=\"application\/ld+json\" class=\"yoast-schema-graph\">{\"@context\":\"https:\\\/\\\/schema.org\",\"@graph\":[{\"@type\":\"WebPage\",\"@id\":\"https:\\\/\\\/remstim.com\\\/pl\\\/europejskie-towarzystwo-terapii-traumy-i-emdr-e-v\\\/\",\"url\":\"https:\\\/\\\/remstim.com\\\/pl\\\/europejskie-towarzystwo-terapii-traumy-i-emdr-e-v\\\/\",\"name\":\"Europejskie Towarzystwo Terapii Traumy i EMDR e.V.\",\"isPartOf\":{\"@id\":\"https:\\\/\\\/remstim.com\\\/pl\\\/#website\"},\"primaryImageOfPage\":{\"@id\":\"https:\\\/\\\/remstim.com\\\/pl\\\/europejskie-towarzystwo-terapii-traumy-i-emdr-e-v\\\/#primaryimage\"},\"image\":{\"@id\":\"https:\\\/\\\/remstim.com\\\/pl\\\/europejskie-towarzystwo-terapii-traumy-i-emdr-e-v\\\/#primaryimage\"},\"thumbnailUrl\":\"https:\\\/\\\/remstim.com\\\/wp-content\\\/uploads\\\/2016\\\/09\\\/Logo-Europaeischen-Gesellschaft-fuer-Traumatherapie-und-EMDR-e.V.png\",\"datePublished\":\"2016-08-16T08:09:15+00:00\",\"dateModified\":\"2025-08-21T21:52:35+00:00\",\"description\":\"Celem jest mi\u0119dzy innymi umo\u017cliwienie osobom poszukuj\u0105cym pomocy znalezienia wykwalifikowanych i przeszkolonych terapeut\u00f3w EMDR i traumy za pomoc\u0105 funkcji wyszukiwania....\",\"breadcrumb\":{\"@id\":\"https:\\\/\\\/remstim.com\\\/pl\\\/europejskie-towarzystwo-terapii-traumy-i-emdr-e-v\\\/#breadcrumb\"},\"inLanguage\":\"pl-PL\",\"potentialAction\":[{\"@type\":\"ReadAction\",\"target\":[\"https:\\\/\\\/remstim.com\\\/pl\\\/europejskie-towarzystwo-terapii-traumy-i-emdr-e-v\\\/\"]}]},{\"@type\":\"ImageObject\",\"inLanguage\":\"pl-PL\",\"@id\":\"https:\\\/\\\/remstim.com\\\/pl\\\/europejskie-towarzystwo-terapii-traumy-i-emdr-e-v\\\/#primaryimage\",\"url\":\"https:\\\/\\\/remstim.com\\\/wp-content\\\/uploads\\\/2016\\\/09\\\/Logo-Europaeischen-Gesellschaft-fuer-Traumatherapie-und-EMDR-e.V.png\",\"contentUrl\":\"https:\\\/\\\/remstim.com\\\/wp-content\\\/uploads\\\/2016\\\/09\\\/Logo-Europaeischen-Gesellschaft-fuer-Traumatherapie-und-EMDR-e.V.png\"},{\"@type\":\"BreadcrumbList\",\"@id\":\"https:\\\/\\\/remstim.com\\\/pl\\\/europejskie-towarzystwo-terapii-traumy-i-emdr-e-v\\\/#breadcrumb\",\"itemListElement\":[{\"@type\":\"ListItem\",\"position\":1,\"name\":\"Startseite\",\"item\":\"https:\\\/\\\/remstim.com\\\/pl\\\/\"},{\"@type\":\"ListItem\",\"position\":2,\"name\":\"Europejskie Towarzystwo Terapii Traumy i EMDR e.V.\"}]},{\"@type\":\"WebSite\",\"@id\":\"https:\\\/\\\/remstim.com\\\/pl\\\/#website\",\"url\":\"https:\\\/\\\/remstim.com\\\/pl\\\/\",\"name\":\"EMDR Ger\u00e4t REMSTIM 3000 gegen Stress\",\"description\":\"Wie wir schnell Entspannung finden.\",\"publisher\":{\"@id\":\"https:\\\/\\\/remstim.com\\\/pl\\\/#organization\"},\"potentialAction\":[{\"@type\":\"SearchAction\",\"target\":{\"@type\":\"EntryPoint\",\"urlTemplate\":\"https:\\\/\\\/remstim.com\\\/pl\\\/?s={search_term_string}\"},\"query-input\":{\"@type\":\"PropertyValueSpecification\",\"valueRequired\":true,\"valueName\":\"search_term_string\"}}],\"inLanguage\":\"pl-PL\"},{\"@type\":\"Organization\",\"@id\":\"https:\\\/\\\/remstim.com\\\/pl\\\/#organization\",\"name\":\"EMDR Ger\u00e4t REMSTIM 3000 gegen Stress\",\"url\":\"https:\\\/\\\/remstim.com\\\/pl\\\/\",\"logo\":{\"@type\":\"ImageObject\",\"inLanguage\":\"pl-PL\",\"@id\":\"https:\\\/\\\/remstim.com\\\/pl\\\/#\\\/schema\\\/logo\\\/image\\\/\",\"url\":\"https:\\\/\\\/remstim.com\\\/wp-content\\\/uploads\\\/2012\\\/06\\\/REMSTIM-Logo-mit-Untertitel_orange-e1340382850185.png\",\"contentUrl\":\"https:\\\/\\\/remstim.com\\\/wp-content\\\/uploads\\\/2012\\\/06\\\/REMSTIM-Logo-mit-Untertitel_orange-e1340382850185.png\",\"width\":304,\"height\":80,\"caption\":\"EMDR Ger\u00e4t REMSTIM 3000 gegen Stress\"},\"image\":{\"@id\":\"https:\\\/\\\/remstim.com\\\/pl\\\/#\\\/schema\\\/logo\\\/image\\\/\"}}]}<\/script>\n<!-- \/ Yoast SEO plugin. -->","yoast_head_json":{"title":"Europejskie Towarzystwo Terapii Traumy i EMDR e.V.","description":"Celem jest mi\u0119dzy innymi umo\u017cliwienie osobom poszukuj\u0105cym pomocy znalezienia wykwalifikowanych i przeszkolonych terapeut\u00f3w EMDR i traumy za pomoc\u0105 funkcji wyszukiwania....","robots":{"index":"index","follow":"follow","max-snippet":"max-snippet:-1","max-image-preview":"max-image-preview:large","max-video-preview":"max-video-preview:-1"},"canonical":"https:\/\/remstim.com\/pl\/europejskie-towarzystwo-terapii-traumy-i-emdr-e-v\/","og_locale":"pl_PL","og_type":"article","og_title":"Europejskie Towarzystwo Terapii Traumy i EMDR e.V.","og_description":"Celem jest mi\u0119dzy innymi umo\u017cliwienie osobom poszukuj\u0105cym pomocy znalezienia wykwalifikowanych i przeszkolonych terapeut\u00f3w EMDR i traumy za pomoc\u0105 funkcji wyszukiwania....","og_url":"https:\/\/remstim.com\/pl\/europejskie-towarzystwo-terapii-traumy-i-emdr-e-v\/","og_site_name":"EMDR Ger\u00e4t REMSTIM 3000 gegen Stress","article_modified_time":"2025-08-21T21:52:35+00:00","og_image":[{"width":650,"height":650,"url":"https:\/\/remstim.com\/wp-content\/uploads\/2016\/09\/Logo-Europaeischen-Gesellschaft-fuer-Traumatherapie-und-EMDR-e.V.png","type":"image\/png"}],"twitter_misc":{"Szacowany czas czytania":"1 minuta"},"schema":{"@context":"https:\/\/schema.org","@graph":[{"@type":"WebPage","@id":"https:\/\/remstim.com\/pl\/europejskie-towarzystwo-terapii-traumy-i-emdr-e-v\/","url":"https:\/\/remstim.com\/pl\/europejskie-towarzystwo-terapii-traumy-i-emdr-e-v\/","name":"Europejskie Towarzystwo Terapii Traumy i EMDR e.V.","isPartOf":{"@id":"https:\/\/remstim.com\/pl\/#website"},"primaryImageOfPage":{"@id":"https:\/\/remstim.com\/pl\/europejskie-towarzystwo-terapii-traumy-i-emdr-e-v\/#primaryimage"},"image":{"@id":"https:\/\/remstim.com\/pl\/europejskie-towarzystwo-terapii-traumy-i-emdr-e-v\/#primaryimage"},"thumbnailUrl":"https:\/\/remstim.com\/wp-content\/uploads\/2016\/09\/Logo-Europaeischen-Gesellschaft-fuer-Traumatherapie-und-EMDR-e.V.png","datePublished":"2016-08-16T08:09:15+00:00","dateModified":"2025-08-21T21:52:35+00:00","description":"Celem jest mi\u0119dzy innymi umo\u017cliwienie osobom poszukuj\u0105cym pomocy znalezienia wykwalifikowanych i przeszkolonych terapeut\u00f3w EMDR i traumy za pomoc\u0105 funkcji wyszukiwania....","breadcrumb":{"@id":"https:\/\/remstim.com\/pl\/europejskie-towarzystwo-terapii-traumy-i-emdr-e-v\/#breadcrumb"},"inLanguage":"pl-PL","potentialAction":[{"@type":"ReadAction","target":["https:\/\/remstim.com\/pl\/europejskie-towarzystwo-terapii-traumy-i-emdr-e-v\/"]}]},{"@type":"ImageObject","inLanguage":"pl-PL","@id":"https:\/\/remstim.com\/pl\/europejskie-towarzystwo-terapii-traumy-i-emdr-e-v\/#primaryimage","url":"https:\/\/remstim.com\/wp-content\/uploads\/2016\/09\/Logo-Europaeischen-Gesellschaft-fuer-Traumatherapie-und-EMDR-e.V.png","contentUrl":"https:\/\/remstim.com\/wp-content\/uploads\/2016\/09\/Logo-Europaeischen-Gesellschaft-fuer-Traumatherapie-und-EMDR-e.V.png"},{"@type":"BreadcrumbList","@id":"https:\/\/remstim.com\/pl\/europejskie-towarzystwo-terapii-traumy-i-emdr-e-v\/#breadcrumb","itemListElement":[{"@type":"ListItem","position":1,"name":"Startseite","item":"https:\/\/remstim.com\/pl\/"},{"@type":"ListItem","position":2,"name":"Europejskie Towarzystwo Terapii Traumy i EMDR e.V."}]},{"@type":"WebSite","@id":"https:\/\/remstim.com\/pl\/#website","url":"https:\/\/remstim.com\/pl\/","name":"EMDR Ger\u00e4t REMSTIM 3000 gegen Stress","description":"Wie wir schnell Entspannung finden.","publisher":{"@id":"https:\/\/remstim.com\/pl\/#organization"},"potentialAction":[{"@type":"SearchAction","target":{"@type":"EntryPoint","urlTemplate":"https:\/\/remstim.com\/pl\/?s={search_term_string}"},"query-input":{"@type":"PropertyValueSpecification","valueRequired":true,"valueName":"search_term_string"}}],"inLanguage":"pl-PL"},{"@type":"Organization","@id":"https:\/\/remstim.com\/pl\/#organization","name":"EMDR Ger\u00e4t REMSTIM 3000 gegen Stress","url":"https:\/\/remstim.com\/pl\/","logo":{"@type":"ImageObject","inLanguage":"pl-PL","@id":"https:\/\/remstim.com\/pl\/#\/schema\/logo\/image\/","url":"https:\/\/remstim.com\/wp-content\/uploads\/2012\/06\/REMSTIM-Logo-mit-Untertitel_orange-e1340382850185.png","contentUrl":"https:\/\/remstim.com\/wp-content\/uploads\/2012\/06\/REMSTIM-Logo-mit-Untertitel_orange-e1340382850185.png","width":304,"height":80,"caption":"EMDR Ger\u00e4t REMSTIM 3000 gegen Stress"},"image":{"@id":"https:\/\/remstim.com\/pl\/#\/schema\/logo\/image\/"}}]}},"_links":{"self":[{"href":"https:\/\/remstim.com\/pl\/wp-json\/wp\/v2\/pages\/19968","targetHints":{"allow":["GET"]}}],"collection":[{"href":"https:\/\/remstim.com\/pl\/wp-json\/wp\/v2\/pages"}],"about":[{"href":"https:\/\/remstim.com\/pl\/wp-json\/wp\/v2\/types\/page"}],"author":[{"embeddable":true,"href":"https:\/\/remstim.com\/pl\/wp-json\/wp\/v2\/users\/1"}],"replies":[{"embeddable":true,"href":"https:\/\/remstim.com\/pl\/wp-json\/wp\/v2\/comments?post=19968"}],"version-history":[{"count":2,"href":"https:\/\/remstim.com\/pl\/wp-json\/wp\/v2\/pages\/19968\/revisions"}],"predecessor-version":[{"id":27491,"href":"https:\/\/remstim.com\/pl\/wp-json\/wp\/v2\/pages\/19968\/revisions\/27491"}],"wp:attachment":[{"href":"https:\/\/remstim.com\/pl\/wp-json\/wp\/v2\/media?parent=19968"}],"curies":[{"name":"wp","href":"https:\/\/api.w.org\/{rel}","templated":true}]}}