{"id":19969,"date":"2018-11-09T10:28:57","date_gmt":"2018-11-09T10:28:57","guid":{"rendered":"https:\/\/remstim.de\/remstim-3000\/brak-bezposredniej-wysylki-do-szwajcarii\/"},"modified":"2023-11-16T09:54:23","modified_gmt":"2023-11-16T09:54:23","slug":"brak-bezposredniej-wysylki-do-szwajcarii","status":"publish","type":"page","link":"https:\/\/remstim.com\/pl\/remstim-3000\/brak-bezposredniej-wysylki-do-szwajcarii\/","title":{"rendered":"Brak bezpo\u015bredniej wysy\u0142ki do Szwajcarii"},"content":{"rendered":"<h1>Brak bezpo\u015bredniej wysy\u0142ki do Szwajcarii, ale&#8230;!<\/h1>\n<p style=\"text-align: justify;\"><img fetchpriority=\"high\" decoding=\"async\" class=\" wp-image-8740 alignright\" src=\"https:\/\/remstim.com\/wp-content\/uploads\/2020\/03\/Schweiz-Bern-705x1024.jpg\" alt=\"Wysy\u0142ka do Szwajcarii\" width=\"299\" height=\"435\" srcset=\"https:\/\/remstim.com\/wp-content\/uploads\/2020\/03\/Schweiz-Bern-705x1024.jpg 705w, https:\/\/remstim.com\/wp-content\/uploads\/2020\/03\/Schweiz-Bern-600x871.jpg 600w, https:\/\/remstim.com\/wp-content\/uploads\/2020\/03\/Schweiz-Bern-207x300.jpg 207w, https:\/\/remstim.com\/wp-content\/uploads\/2020\/03\/Schweiz-Bern-768x1115.jpg 768w, https:\/\/remstim.com\/wp-content\/uploads\/2020\/03\/Schweiz-Bern-529x768.jpg 529w, https:\/\/remstim.com\/wp-content\/uploads\/2020\/03\/Schweiz-Bern.jpg 1000w\" sizes=\"(max-width: 299px) 100vw, 299px\" \/>Drogi Szwajcarze,<\/p>\n<p style=\"text-align: justify;\">Jestem pewien, \u017ce nie jest ci mi\u0142o, \u017ce nie oferujemy bezpo\u015bredniej wysy\u0142ki do Szwajcarii. Chcieliby\u015bmy za to przeprosi\u0107 i mimo wszystko od razu poprosi\u0107 o wyrozumia\u0142o\u015b\u0107.<\/p>\n<p style=\"text-align: justify;\">Z przyjemno\u015bci\u0105 poka\u017cemy Ci <strong>rozwi\u0105zanie<\/strong>, z kt\u00f3rego korzysta ju\u017c wielu Twoich rodak\u00f3w: Zam\u00f3wienie jest wysy\u0142ane na niemiecki adres dostawy w pobli\u017cu granicy szwajcarsko-niemieckiej, dzi\u0119ki czemu mo\u017cna je odebra\u0107 w Niemczech i przywie\u017a\u0107 do Szwajcarii.<\/p>\n<p style=\"text-align: justify;\">W tym celu wielu Szwajcar\u00f3w korzysta z us\u0142ug firm kurierskich w pobli\u017cu granicy, kt\u00f3rych jest wiele.<\/p>\n<p style=\"text-align: justify;\">W Internecie mo\u017cna znale\u017a\u0107 us\u0142ugi kurierskie zlokalizowane w pobli\u017cu granicy szwajcarskiej. Tutaj, je\u015bli pod\u0105\u017cysz za linkami, znajdziesz na przyk\u0142ad 3 us\u0142ugi kurierskie. To tylko losowa lista.  <strong>Nie jest to nasza rekomendacja!<\/strong><\/p>\n<p style=\"text-align: justify;\">Prosimy o samodzielny wyb\u00f3r partnera serwisowego. Nie ponosimy \u017cadnej odpowiedzialno\u015bci za us\u0142ugi tych us\u0142ugodawc\u00f3w.<\/p>\n<p><a href=\"http:\/\/www.grenzpaket.ch\/de\/\" target=\"_blank\" rel=\"noopener noreferrer\">http:\/\/www.grenzpaket.ch\/de\/<\/a><\/p>\n<p><a href=\"http:\/\/www.europaketshop.ch\/\" target=\"_blank\" rel=\"noopener noreferrer\">http:\/\/www.europaketshop.ch\/<\/a><\/p>\n<p>Mo\u017cesz r\u00f3wnie\u017c znale\u017a\u0107 innych dostawc\u00f3w us\u0142ug dor\u0119czania paczek w Twojej (przygranicznej) okolicy: <a href=\"https:\/\/www.google.com\/search?client=firefox-b-ab&amp;ei=Fl_lW8ifH4rLwAKhuaHYCQ&amp;q=deutsche+lieferadresse+schweiz&amp;oq=deutsche+lieferadresse+schweiz&amp;gs_l=psy-ab.12..0j0i22i30k1l9.5649.16031.0.17956.48.39.6.0.0.0.379.3695.19j11j2j1.33.0....0...1.1.64.psy-ab..9.38.3619...35i39k1j0i67k1j0i131k1j0i20i263k1j0i131i67k1j0i10k1j0i13i30k1j0i13i5i10i30k1j0i8i13i30k1j0i13k1j0i22i10i30k1.0.JTGjaEK8UVI\" target=\"_blank\" rel=\"noopener noreferrer\">Wyszukaj niemiecki adres dostawy dla Szwajcarii w google<\/a><\/p>\n<h2>Poni\u017cej znajduj\u0105 si\u0119 instrukcje od firmy kurierskiej<\/h2>\n<p>Nale\u017cy post\u0119powa\u0107 zgodnie z instrukcjami wybranej firmy kurierskiej. Po zarejestrowaniu si\u0119 w us\u0142udze kurierskiej zazwyczaj otrzymasz numer klienta, kt\u00f3ry nale\u017cy poda\u0107 w adresie us\u0142ugi kurierskiej podczas wysy\u0142ania paczki, aby przesy\u0142ka mog\u0142a zosta\u0107 przypisana do Ciebie. Nast\u0119pnie mo\u017cna osobi\u015bcie odebra\u0107 przesy\u0142k\u0119 i zabra\u0107 j\u0105 ze sob\u0105 do Szwajcarii.<\/p>\n<h3>Uwagi dotycz\u0105ce p\u0142atno\u015bci<\/h3>\n<p><strong>Uwaga dotycz\u0105ca systemu PayPal:<\/strong> Nale\u017cy pami\u0119ta\u0107, \u017ce w przypadku zam\u00f3wienia obejmuj\u0105cego p\u0142atno\u015b\u0107 za pomoc\u0105 systemu PayPal faktura i adres dostawy musz\u0105 by\u0107 identyczne. U\u017cytkownik ma mo\u017cliwo\u015b\u0107 zmiany adresu rozliczeniowego i adresu dostawy w systemie PayPal w celu wskazania (tymczasowego) adresu firmie kurierskiej.<\/p>\n<p>Najbardziej odpowiedni\u0105 metod\u0105 p\u0142atno\u015bci jest p\u0142atno\u015b\u0107 z g\u00f3ry przelewem bankowym. W takim przypadku adres rozliczeniowy i adres dostawy mog\u0105 si\u0119 r\u00f3\u017cni\u0107.<\/p>\n<p>Gdy tylko dokonasz przelewu i otrzymamy pieni\u0105dze, natychmiast wy\u015blemy REMSTIM 3000 na Tw\u00f3j adres dostawy w Niemczech.<\/p>\n<p>W razie dalszych pyta\u0144 prosimy o kontakt: <a href=\"mailto:info@remstim.com\">info@remstim.com<\/a><\/p>\n","protected":false},"excerpt":{"rendered":"<p>Brak bezpo\u015bredniej wysy\u0142ki do Szwajcarii, ale&#8230;! Drogi Szwajcarze, Jestem pewien, \u017ce nie jest ci mi\u0142o, \u017ce nie oferujemy bezpo\u015bredniej wysy\u0142ki do Szwajcarii. Chcieliby\u015bmy za to przeprosi\u0107 i mimo wszystko od razu poprosi\u0107 o wyrozumia\u0142o\u015b\u0107. Z przyjemno\u015bci\u0105 poka\u017cemy Ci rozwi\u0105zanie, z kt\u00f3rego korzysta ju\u017c wielu Twoich rodak\u00f3w: Zam\u00f3wienie jest wysy\u0142ane na niemiecki adres dostawy w pobli\u017cu [&hellip;]<\/p>\n","protected":false},"author":1,"featured_media":0,"parent":19929,"menu_order":6,"comment_status":"closed","ping_status":"closed","template":"","meta":{"_acf_changed":false,"site-sidebar-layout":"default","site-content-layout":"default","ast-site-content-layout":"default","site-content-style":"default","site-sidebar-style":"default","ast-global-header-display":"","ast-banner-title-visibility":"","ast-main-header-display":"","ast-hfb-above-header-display":"","ast-hfb-below-header-display":"","ast-hfb-mobile-header-display":"","site-post-title":"","ast-breadcrumbs-content":"","ast-featured-img":"","footer-sml-layout":"","ast-disable-related-posts":"","theme-transparent-header-meta":"default","adv-header-id-meta":"","stick-header-meta":"default","header-above-stick-meta":"","header-main-stick-meta":"","header-below-stick-meta":"","astra-migrate-meta-layouts":"default","ast-page-background-enabled":"default","ast-page-background-meta":{"desktop":{"background-color":"var(--ast-global-color-4)","background-image":"","background-repeat":"repeat","background-position":"center center","background-size":"auto","background-attachment":"scroll","background-type":"","background-media":"","overlay-type":"","overlay-color":"","overlay-opacity":"","overlay-gradient":""},"tablet":{"background-color":"","background-image":"","background-repeat":"repeat","background-position":"center center","background-size":"auto","background-attachment":"scroll","background-type":"","background-media":"","overlay-type":"","overlay-color":"","overlay-opacity":"","overlay-gradient":""},"mobile":{"background-color":"","background-image":"","background-repeat":"repeat","background-position":"center center","background-size":"auto","background-attachment":"scroll","background-type":"","background-media":"","overlay-type":"","overlay-color":"","overlay-opacity":"","overlay-gradient":""}},"ast-content-background-meta":{"desktop":{"background-color":"var(--ast-global-color-5)","background-image":"","background-repeat":"repeat","background-position":"center center","background-size":"auto","background-attachment":"scroll","background-type":"","background-media":"","overlay-type":"","overlay-color":"","overlay-opacity":"","overlay-gradient":""},"tablet":{"background-color":"var(--ast-global-color-5)","background-image":"","background-repeat":"repeat","background-position":"center center","background-size":"auto","background-attachment":"scroll","background-type":"","background-media":"","overlay-type":"","overlay-color":"","overlay-opacity":"","overlay-gradient":""},"mobile":{"background-color":"var(--ast-global-color-5)","background-image":"","background-repeat":"repeat","background-position":"center center","background-size":"auto","background-attachment":"scroll","background-type":"","background-media":"","overlay-type":"","overlay-color":"","overlay-opacity":"","overlay-gradient":""}},"footnotes":""},"class_list":["post-19969","page","type-page","status-publish","hentry"],"acf":[],"yoast_head":"<!-- This site is optimized with the Yoast SEO plugin v27.4 - https:\/\/yoast.com\/product\/yoast-seo-wordpress\/ -->\n<title>Brak bezpo\u015bredniej wysy\u0142ki do Szwajcarii - EMDR Ger\u00e4t REMSTIM 3000 gegen Stress<\/title>\n<meta name=\"robots\" content=\"index, follow, max-snippet:-1, max-image-preview:large, max-video-preview:-1\" \/>\n<link rel=\"canonical\" href=\"https:\/\/remstim.com\/pl\/remstim-3000\/brak-bezposredniej-wysylki-do-szwajcarii\/\" \/>\n<meta property=\"og:locale\" content=\"pl_PL\" \/>\n<meta property=\"og:type\" content=\"article\" \/>\n<meta property=\"og:title\" content=\"Brak bezpo\u015bredniej wysy\u0142ki do Szwajcarii - EMDR Ger\u00e4t REMSTIM 3000 gegen Stress\" \/>\n<meta property=\"og:description\" content=\"Brak bezpo\u015bredniej wysy\u0142ki do Szwajcarii, ale&#8230;! Drogi Szwajcarze, Jestem pewien, \u017ce nie jest ci mi\u0142o, \u017ce nie oferujemy bezpo\u015bredniej wysy\u0142ki do Szwajcarii. Chcieliby\u015bmy za to przeprosi\u0107 i mimo wszystko od razu poprosi\u0107 o wyrozumia\u0142o\u015b\u0107. Z przyjemno\u015bci\u0105 poka\u017cemy Ci rozwi\u0105zanie, z kt\u00f3rego korzysta ju\u017c wielu Twoich rodak\u00f3w: Zam\u00f3wienie jest wysy\u0142ane na niemiecki adres dostawy w pobli\u017cu [&hellip;]\" \/>\n<meta property=\"og:url\" content=\"https:\/\/remstim.com\/pl\/remstim-3000\/brak-bezposredniej-wysylki-do-szwajcarii\/\" \/>\n<meta property=\"og:site_name\" content=\"EMDR Ger\u00e4t REMSTIM 3000 gegen Stress\" \/>\n<meta property=\"article:modified_time\" content=\"2023-11-16T09:54:23+00:00\" \/>\n<meta property=\"og:image\" content=\"https:\/\/remstim.com\/wp-content\/uploads\/2020\/03\/Schweiz-Bern-705x1024.jpg\" \/>\n<meta name=\"twitter:label1\" content=\"Szacowany czas czytania\" \/>\n\t<meta name=\"twitter:data1\" content=\"2 minuty\" \/>\n<script type=\"application\/ld+json\" class=\"yoast-schema-graph\">{\"@context\":\"https:\\\/\\\/schema.org\",\"@graph\":[{\"@type\":\"WebPage\",\"@id\":\"https:\\\/\\\/remstim.com\\\/pl\\\/remstim-3000\\\/brak-bezposredniej-wysylki-do-szwajcarii\\\/\",\"url\":\"https:\\\/\\\/remstim.com\\\/pl\\\/remstim-3000\\\/brak-bezposredniej-wysylki-do-szwajcarii\\\/\",\"name\":\"Brak bezpo\u015bredniej wysy\u0142ki do Szwajcarii - EMDR Ger\u00e4t REMSTIM 3000 gegen Stress\",\"isPartOf\":{\"@id\":\"https:\\\/\\\/remstim.com\\\/pl\\\/#website\"},\"primaryImageOfPage\":{\"@id\":\"https:\\\/\\\/remstim.com\\\/pl\\\/remstim-3000\\\/brak-bezposredniej-wysylki-do-szwajcarii\\\/#primaryimage\"},\"image\":{\"@id\":\"https:\\\/\\\/remstim.com\\\/pl\\\/remstim-3000\\\/brak-bezposredniej-wysylki-do-szwajcarii\\\/#primaryimage\"},\"thumbnailUrl\":\"https:\\\/\\\/remstim.com\\\/wp-content\\\/uploads\\\/2020\\\/03\\\/Schweiz-Bern-705x1024.jpg\",\"datePublished\":\"2018-11-09T10:28:57+00:00\",\"dateModified\":\"2023-11-16T09:54:23+00:00\",\"breadcrumb\":{\"@id\":\"https:\\\/\\\/remstim.com\\\/pl\\\/remstim-3000\\\/brak-bezposredniej-wysylki-do-szwajcarii\\\/#breadcrumb\"},\"inLanguage\":\"pl-PL\",\"potentialAction\":[{\"@type\":\"ReadAction\",\"target\":[\"https:\\\/\\\/remstim.com\\\/pl\\\/remstim-3000\\\/brak-bezposredniej-wysylki-do-szwajcarii\\\/\"]}]},{\"@type\":\"ImageObject\",\"inLanguage\":\"pl-PL\",\"@id\":\"https:\\\/\\\/remstim.com\\\/pl\\\/remstim-3000\\\/brak-bezposredniej-wysylki-do-szwajcarii\\\/#primaryimage\",\"url\":\"https:\\\/\\\/remstim.com\\\/wp-content\\\/uploads\\\/2020\\\/03\\\/Schweiz-Bern-705x1024.jpg\",\"contentUrl\":\"https:\\\/\\\/remstim.com\\\/wp-content\\\/uploads\\\/2020\\\/03\\\/Schweiz-Bern-705x1024.jpg\"},{\"@type\":\"BreadcrumbList\",\"@id\":\"https:\\\/\\\/remstim.com\\\/pl\\\/remstim-3000\\\/brak-bezposredniej-wysylki-do-szwajcarii\\\/#breadcrumb\",\"itemListElement\":[{\"@type\":\"ListItem\",\"position\":1,\"name\":\"Startseite\",\"item\":\"https:\\\/\\\/remstim.com\\\/pl\\\/\"},{\"@type\":\"ListItem\",\"position\":2,\"name\":\"Gogle EMDR REMSTIM 3000\",\"item\":\"https:\\\/\\\/remstim.com\\\/pl\\\/remstim-3000\\\/\"},{\"@type\":\"ListItem\",\"position\":3,\"name\":\"Brak bezpo\u015bredniej wysy\u0142ki do Szwajcarii\"}]},{\"@type\":\"WebSite\",\"@id\":\"https:\\\/\\\/remstim.com\\\/pl\\\/#website\",\"url\":\"https:\\\/\\\/remstim.com\\\/pl\\\/\",\"name\":\"EMDR Ger\u00e4t REMSTIM 3000 gegen Stress\",\"description\":\"Wie wir schnell Entspannung finden.\",\"publisher\":{\"@id\":\"https:\\\/\\\/remstim.com\\\/pl\\\/#organization\"},\"potentialAction\":[{\"@type\":\"SearchAction\",\"target\":{\"@type\":\"EntryPoint\",\"urlTemplate\":\"https:\\\/\\\/remstim.com\\\/pl\\\/?s={search_term_string}\"},\"query-input\":{\"@type\":\"PropertyValueSpecification\",\"valueRequired\":true,\"valueName\":\"search_term_string\"}}],\"inLanguage\":\"pl-PL\"},{\"@type\":\"Organization\",\"@id\":\"https:\\\/\\\/remstim.com\\\/pl\\\/#organization\",\"name\":\"EMDR Ger\u00e4t REMSTIM 3000 gegen Stress\",\"url\":\"https:\\\/\\\/remstim.com\\\/pl\\\/\",\"logo\":{\"@type\":\"ImageObject\",\"inLanguage\":\"pl-PL\",\"@id\":\"https:\\\/\\\/remstim.com\\\/pl\\\/#\\\/schema\\\/logo\\\/image\\\/\",\"url\":\"https:\\\/\\\/remstim.com\\\/wp-content\\\/uploads\\\/2012\\\/06\\\/REMSTIM-Logo-mit-Untertitel_orange-e1340382850185.png\",\"contentUrl\":\"https:\\\/\\\/remstim.com\\\/wp-content\\\/uploads\\\/2012\\\/06\\\/REMSTIM-Logo-mit-Untertitel_orange-e1340382850185.png\",\"width\":304,\"height\":80,\"caption\":\"EMDR Ger\u00e4t REMSTIM 3000 gegen Stress\"},\"image\":{\"@id\":\"https:\\\/\\\/remstim.com\\\/pl\\\/#\\\/schema\\\/logo\\\/image\\\/\"}}]}<\/script>\n<!-- \/ Yoast SEO plugin. -->","yoast_head_json":{"title":"Brak bezpo\u015bredniej wysy\u0142ki do Szwajcarii - EMDR Ger\u00e4t REMSTIM 3000 gegen Stress","robots":{"index":"index","follow":"follow","max-snippet":"max-snippet:-1","max-image-preview":"max-image-preview:large","max-video-preview":"max-video-preview:-1"},"canonical":"https:\/\/remstim.com\/pl\/remstim-3000\/brak-bezposredniej-wysylki-do-szwajcarii\/","og_locale":"pl_PL","og_type":"article","og_title":"Brak bezpo\u015bredniej wysy\u0142ki do Szwajcarii - EMDR Ger\u00e4t REMSTIM 3000 gegen Stress","og_description":"Brak bezpo\u015bredniej wysy\u0142ki do Szwajcarii, ale&#8230;! Drogi Szwajcarze, Jestem pewien, \u017ce nie jest ci mi\u0142o, \u017ce nie oferujemy bezpo\u015bredniej wysy\u0142ki do Szwajcarii. Chcieliby\u015bmy za to przeprosi\u0107 i mimo wszystko od razu poprosi\u0107 o wyrozumia\u0142o\u015b\u0107. Z przyjemno\u015bci\u0105 poka\u017cemy Ci rozwi\u0105zanie, z kt\u00f3rego korzysta ju\u017c wielu Twoich rodak\u00f3w: Zam\u00f3wienie jest wysy\u0142ane na niemiecki adres dostawy w pobli\u017cu [&hellip;]","og_url":"https:\/\/remstim.com\/pl\/remstim-3000\/brak-bezposredniej-wysylki-do-szwajcarii\/","og_site_name":"EMDR Ger\u00e4t REMSTIM 3000 gegen Stress","article_modified_time":"2023-11-16T09:54:23+00:00","og_image":[{"url":"https:\/\/remstim.com\/wp-content\/uploads\/2020\/03\/Schweiz-Bern-705x1024.jpg","type":"","width":"","height":""}],"twitter_misc":{"Szacowany czas czytania":"2 minuty"},"schema":{"@context":"https:\/\/schema.org","@graph":[{"@type":"WebPage","@id":"https:\/\/remstim.com\/pl\/remstim-3000\/brak-bezposredniej-wysylki-do-szwajcarii\/","url":"https:\/\/remstim.com\/pl\/remstim-3000\/brak-bezposredniej-wysylki-do-szwajcarii\/","name":"Brak bezpo\u015bredniej wysy\u0142ki do Szwajcarii - EMDR Ger\u00e4t REMSTIM 3000 gegen Stress","isPartOf":{"@id":"https:\/\/remstim.com\/pl\/#website"},"primaryImageOfPage":{"@id":"https:\/\/remstim.com\/pl\/remstim-3000\/brak-bezposredniej-wysylki-do-szwajcarii\/#primaryimage"},"image":{"@id":"https:\/\/remstim.com\/pl\/remstim-3000\/brak-bezposredniej-wysylki-do-szwajcarii\/#primaryimage"},"thumbnailUrl":"https:\/\/remstim.com\/wp-content\/uploads\/2020\/03\/Schweiz-Bern-705x1024.jpg","datePublished":"2018-11-09T10:28:57+00:00","dateModified":"2023-11-16T09:54:23+00:00","breadcrumb":{"@id":"https:\/\/remstim.com\/pl\/remstim-3000\/brak-bezposredniej-wysylki-do-szwajcarii\/#breadcrumb"},"inLanguage":"pl-PL","potentialAction":[{"@type":"ReadAction","target":["https:\/\/remstim.com\/pl\/remstim-3000\/brak-bezposredniej-wysylki-do-szwajcarii\/"]}]},{"@type":"ImageObject","inLanguage":"pl-PL","@id":"https:\/\/remstim.com\/pl\/remstim-3000\/brak-bezposredniej-wysylki-do-szwajcarii\/#primaryimage","url":"https:\/\/remstim.com\/wp-content\/uploads\/2020\/03\/Schweiz-Bern-705x1024.jpg","contentUrl":"https:\/\/remstim.com\/wp-content\/uploads\/2020\/03\/Schweiz-Bern-705x1024.jpg"},{"@type":"BreadcrumbList","@id":"https:\/\/remstim.com\/pl\/remstim-3000\/brak-bezposredniej-wysylki-do-szwajcarii\/#breadcrumb","itemListElement":[{"@type":"ListItem","position":1,"name":"Startseite","item":"https:\/\/remstim.com\/pl\/"},{"@type":"ListItem","position":2,"name":"Gogle EMDR REMSTIM 3000","item":"https:\/\/remstim.com\/pl\/remstim-3000\/"},{"@type":"ListItem","position":3,"name":"Brak bezpo\u015bredniej wysy\u0142ki do Szwajcarii"}]},{"@type":"WebSite","@id":"https:\/\/remstim.com\/pl\/#website","url":"https:\/\/remstim.com\/pl\/","name":"EMDR Ger\u00e4t REMSTIM 3000 gegen Stress","description":"Wie wir schnell Entspannung finden.","publisher":{"@id":"https:\/\/remstim.com\/pl\/#organization"},"potentialAction":[{"@type":"SearchAction","target":{"@type":"EntryPoint","urlTemplate":"https:\/\/remstim.com\/pl\/?s={search_term_string}"},"query-input":{"@type":"PropertyValueSpecification","valueRequired":true,"valueName":"search_term_string"}}],"inLanguage":"pl-PL"},{"@type":"Organization","@id":"https:\/\/remstim.com\/pl\/#organization","name":"EMDR Ger\u00e4t REMSTIM 3000 gegen Stress","url":"https:\/\/remstim.com\/pl\/","logo":{"@type":"ImageObject","inLanguage":"pl-PL","@id":"https:\/\/remstim.com\/pl\/#\/schema\/logo\/image\/","url":"https:\/\/remstim.com\/wp-content\/uploads\/2012\/06\/REMSTIM-Logo-mit-Untertitel_orange-e1340382850185.png","contentUrl":"https:\/\/remstim.com\/wp-content\/uploads\/2012\/06\/REMSTIM-Logo-mit-Untertitel_orange-e1340382850185.png","width":304,"height":80,"caption":"EMDR Ger\u00e4t REMSTIM 3000 gegen Stress"},"image":{"@id":"https:\/\/remstim.com\/pl\/#\/schema\/logo\/image\/"}}]}},"_links":{"self":[{"href":"https:\/\/remstim.com\/pl\/wp-json\/wp\/v2\/pages\/19969","targetHints":{"allow":["GET"]}}],"collection":[{"href":"https:\/\/remstim.com\/pl\/wp-json\/wp\/v2\/pages"}],"about":[{"href":"https:\/\/remstim.com\/pl\/wp-json\/wp\/v2\/types\/page"}],"author":[{"embeddable":true,"href":"https:\/\/remstim.com\/pl\/wp-json\/wp\/v2\/users\/1"}],"replies":[{"embeddable":true,"href":"https:\/\/remstim.com\/pl\/wp-json\/wp\/v2\/comments?post=19969"}],"version-history":[{"count":1,"href":"https:\/\/remstim.com\/pl\/wp-json\/wp\/v2\/pages\/19969\/revisions"}],"predecessor-version":[{"id":25836,"href":"https:\/\/remstim.com\/pl\/wp-json\/wp\/v2\/pages\/19969\/revisions\/25836"}],"up":[{"embeddable":true,"href":"https:\/\/remstim.com\/pl\/wp-json\/wp\/v2\/pages\/19929"}],"wp:attachment":[{"href":"https:\/\/remstim.com\/pl\/wp-json\/wp\/v2\/media?parent=19969"}],"curies":[{"name":"wp","href":"https:\/\/api.w.org\/{rel}","templated":true}]}}