{"id":19974,"date":"2012-08-26T08:04:56","date_gmt":"2012-08-26T08:04:56","guid":{"rendered":"https:\/\/remstim.de\/nadruk\/zrodla-obrazu\/"},"modified":"2024-10-03T15:46:59","modified_gmt":"2024-10-03T15:46:59","slug":"zrodla-obrazu","status":"publish","type":"page","link":"https:\/\/remstim.com\/pl\/nadruk\/zrodla-obrazu\/","title":{"rendered":"\u0179r\u00f3d\u0142a obrazu"},"content":{"rendered":"<p> \u0179r\u00f3d\u0142a wykorzystanych zdj\u0119\u0107 i grafik: <strong> Stoj\u0105ca kobieta w trawie &#8211; \u00a9 contrastwerkstatt &#8211; Fotolia.com<\/strong><br \/>  Kobieta 1 z zestawem s\u0142uchawkowym &#8211; \u00a9 vgstudio &#8211; Fotolia.com<br \/>  Kobieta 2 z zestawem s\u0142uchawkowym &#8211; \u00a9 vgstudio &#8211; Fotolia.com<br \/>  Przycisk newslettera &#8211; \u00a9 A. Dudy &#8211; Fotolia.com<br \/>  Zielony przycisk wyboru &#8211; \u00a9 frogarts &#8211; Fotolia.com<br \/>  Przycisk satysfakcji &#8211; \u00a9 DWP &#8211; Fotolia.com<br \/>  Ok\u0142adka newslettera &#8211; \u00a9 masterzphotofo &#8211; Fotolia.com<br \/>  Przycisk gwarancji zwrotu pieni\u0119dzy &#8211; \u00a9 74774154 &#8211; Fotolia.com<br \/>  Chuda i gruba kobieta naprzeciwko siebie &#8211; \u00a9 olly &#8211; Fotolia.com<br \/>  M\u0119\u017cczyzna na polu chabr\u00f3w &#8211; \u00a9 chesterF &#8211; Fotolia.com<br \/>  Neurony i synapsy &#8211; \u00a9 ktsdesign &#8211; Fotolia.com<br \/>  Oko w kolorze niebieskim &#8211; \u00a9 IKO &#8211; Fotolia.com<br \/>  Oko z palcem przed nim &#8211; \u00a9 Tyler Olson &#8211; Fotolia.com<br \/>  Korpus ksi\u0105\u017cki &#8211; \u00a9 Stian Iversen &#8211; Fotolia.com<br \/>  Le\u017c\u0105ca kobieta na \u0142\u0105ce &#8211; \u00a9 raven &#8211; Fotolia.com<br \/>  Smutna kobieta przy oknie &#8211; \u00a9 redhorst &#8211; Fotolia.com<br \/>  Zamy\u015blona kobieta przy oknie &#8211; \u00a9 wrangler &#8211; Fotolia.com<br \/>  Kobieta pod wod\u0105 &#8211; \u00a9 Maridav &#8211; Fotolia.com<br \/>  Ludzie uprawiaj\u0105cy jog\u0119 &#8211; \u00a9 Deklofenak &#8211; Fotolia.com<br \/>  Kobieta w kabriolecie &#8211; \u00a9 Paulius Brazauskas &#8211; Fotolia.com<br \/>  M\u0119\u017cczyzna odbijaj\u0105cy \u015bwiat\u0142o &#8211; \u00a9 igor &#8211; Fotolia.com<br \/>  Kobieta wspinaj\u0105ca si\u0119 &#8211; \u00a9 CandyBox Images &#8211; Fotolia.com<br \/>  \u015api\u0105ca kobieta &#8211; \u00a9 Konstantin Yuganov &#8211; Fotolia.com<br \/>  Kobieta z twarzami w tle &#8211; \u00a9 lassedesignen &#8211; Fotolia.com<br \/>  M\u0142oda para na pla\u017cy &#8211; \u00a9 goodluz &#8211; Fotolia.com<br \/>  Kobieta w niebieskiej koszulce &#8211; \u00a9 Konstantin Yuganov &#8211; Fotolia.com<br \/>  Mened\u017cer na \u0142\u0105ce &#8211; \u00a9 cirquedesprit &#8211; Fotolia.com<br \/>  M\u0119\u017cczyzna z r\u0119kami w kieszeniach spodni &#8211; \u00a9 Robert Kneschke &#8211; Fotolia.com<br \/>  Kobieta siedz\u0105ca ze skrzy\u017cowanymi nogami &#8211; \u00a9 spaxiax &#8211; Fotolia.com<br \/>  Kobieta na sofie z r\u0119k\u0105 na g\u0142owie &#8211; \u00a9 stokkete &#8211; Fotolia.com<br \/>  Kobieta na sofie z fili\u017cank\u0105 &#8211; \u00a9 stokkete &#8211; Fotolia.com<br \/>  M\u0119\u017cczyzna w s\u0142omkowym kapeluszu &#8211; \u00a9 drubig-photo &#8211; Fotolia.com<br \/>  Dziewczyna le\u017c\u0105ca w trawie i patrz\u0105ca w niebo &#8211; \u00a9 photocreo &#8211; Fotolia.com<br \/>  Dziewczyna z jab\u0142kiem le\u017c\u0105cym w trawie &#8211; \u00a9 BestPhotoStudio &#8211; Fotolia.com<br \/>  M\u0142oda kobieta siedz\u0105ca, oparta o \u015bcian\u0119 &#8211; \u00a9 andrey89 &#8211; Fotolia.com<br \/>  Nuty &#8211; \u00a9 kebay &#8211; Fotolia.com<br \/>  M\u0142oda dziewczyna skacz\u0105ca na skakance &#8211; \u00a9 Franz Pfluegl &#8211; Fotolia.com<br \/>  \u015api\u0105ca kobieta &#8211; \u00a9 Konstantin Yuganov &#8211; Fotolia.com<br \/>  Zamy\u015blona kobieta z palcem na brodzie &#8211; \u00a9 Robert Kneschke &#8211; Fotolia.com<br \/>  Kobieta o r\u00f3\u017cnych twarzach &#8211; \u00a9 lassedesignen &#8211; Fotolia.com<br \/>  Kobieta z 9 r\u00f3\u017cnymi twarzami &#8211; \u00a9 lassedesignen &#8211; Fotolia.com<br \/>  M\u0119\u017cczyzna o r\u00f3\u017cnych twarzach &#8211; \u00a9 lassedesignen &#8211; Fotolia.com<br \/>  Pojedyncze oko w zbli\u017ceniu &#8211; \u00a9 Kesu &#8211; Fotolia.com<br \/>  Koperta z @ &#8211; \u00a9 Olivier Le Moal &#8211; Fotolia.com<br \/>  M\u0142oda kobieta za szyb\u0105 &#8211; \u00a9 evgenyatamanenko &#8211; Fotolia.com<br \/>  M\u0142oda kobieta siedz\u0105ca na polu kukurydzy &#8211; \u00a9 Anna Omelchenko &#8211; Fotolia.com<br \/>  M\u0142oda dziewczyna w ramionach matki &#8211; \u00a9 altanaka &#8211; Fotolia.com<br \/>  U\u015bmiechni\u0119ci ludzie na zdj\u0119ciach &#8211; \u00a9 stokkete &#8211; Fotolia.com<br \/>  M\u0142oda kobieta z poduszk\u0105 na g\u0142owie &#8211; \u00a9 Johan Larson &#8211; Fotolia.com<br \/>  Uk\u0142ad limbiczny &#8211; \u00a9 Athanasia Nomikou &#8211; Fotolia.com<br \/>  M\u0119\u017cczyzna siedz\u0105cy z g\u0142ow\u0105 opart\u0105 na kolanach &#8211; \u00a9 kmiragaya &#8211; Fotolia.com<br \/>  M\u0119\u017cczyzna z r\u0119kami przed ustami, zamy\u015blony &#8211; \u00a9 Sabphoto &#8211; Fotolia<br \/>  Grafika z drzewem w kszta\u0142cie g\u0142owy trac\u0105cym li\u015bcie &#8211; \u00a9 freshidea &#8211; Fotolia<br \/>  Motyl na d\u0142oni w trawie &#8211; \u00a9 Romolo Tavani &#8211; Fotolia<br \/>  U\u015bmiechni\u0119ta m\u0142oda kobieta na fotelu dentystycznym &#8211; \u00a9 xalanx &#8211; Fotolia<br \/>  Zamy\u015blona m\u0142oda kobieta oparta o \u015bcian\u0119 podczas siedzenia &#8211; \u00a9 ivolodina &#8211; Fotolia<br \/>  M\u00f3wca przed publiczno\u015bci\u0105 &#8211; \u00a9 kasto &#8211; Fotolia<br \/>  Kobieta z walizk\u0105 na k\u00f3\u0142kach przed asfaltem &#8211; \u00a9 HappyAlex &#8211; Fotolia.com<br \/>  M\u0142oda kobieta przyst\u0119puj\u0105ca do egzaminu &#8211; \u00a9 contrastwerkstatt &#8211; Fotolia<br \/>  Nogi biegacza &#8211; \u00a9 Warren Goldswain &#8211; Fotolia<br \/>  M\u0119\u017cczyzna na platformie do nurkowania &#8211; \u00a9 ikonoklast_hh &#8211; Fotolia<br \/>  M\u0142ody m\u0119\u017cczyzna le\u017c\u0105cy w trawie z r\u0119kami nad g\u0142ow\u0105 &#8211; \u00a9 Iakov Kalinin &#8211; Fotolia.com<br \/>  Kola\u017c zdj\u0119\u0107 &#8211; \u00a9 lulu &#8211; Fotolia.com<br \/>  Kobieta z w\u0142asn\u0105 twarz\u0105 jako mask\u0105 &#8211; \u00a9 Tatyana Gladskih &#8211; Fotolia.com<br \/>  Kobieta z chust\u0105 na g\u0142owie i r\u0119kami przed ustami &#8211; \u00a9 Balazs Kovacs Images &#8211; Fotolia.com<br \/>  Zrelaksowany m\u0119\u017cczyzna z zamkni\u0119tymi oczami &#8211; \u00a9 Antonioguillem &#8211; Fotolia.com<br \/>  Le\u017c\u0105ca kobieta ze s\u0142uchawkami &#8211; \u00a9 Spectral-Design &#8211; Fotolia.com<br \/>  Widok przez pole kukurydzy w kierunku s\u0142o\u0144ca &#8211; \u00a9 astrosystem &#8211; Fotolia.com<br \/>  Zdj\u0119cia autorstwa Meeet &#8211; Spaces for encounters &#8211; \u00a9<br \/>\n<br \/> T<a href=\"http:\/\/www.tobiaswille.com\/\" target=\"_blank\" rel=\"noopener\">obias Wille<\/a> \u015api\u0105ce dziecko z misiem &#8211; \u00a9 Ramona Heim &#8211; Fotolia.com <br \/>  Telefon kom\u00f3rkowy w d\u0142oni (ilustracja) &#8211; \u00a9 athoslia &#8211; Fotolia.com<br \/>  Zamy\u015blona kobieta le\u017c\u0105ca na molo &#8211; \u00a9 Christian Schwier &#8211; Fotolia.com<br \/>  Smutna m\u0142oda kobieta wygl\u0105daj\u0105ca przez deszczowe okno &#8211; \u00a9 Axel Bueckert &#8211; Fotolia.com<br \/>  Smutny m\u0142ody m\u0119\u017cczyzna opieraj\u0105cy si\u0119 o drzewo &#8211; \u00a9 drubig-photo &#8211; Fotolia.com<br \/>  Kobieta i m\u0119\u017cczyzna \u017cegnaj\u0105cy si\u0119 &#8211; \u00a9 detailblick-foto &#8211; Fotolia.com<br \/>  Kobieta z fili\u017cank\u0105 kawy wygl\u0105daj\u0105ca przez deszczowe okno &#8211; \u00a9 ZoneCreative &#8211; Fotolia.com<br \/>  Kobieta le\u017c\u0105ca na sercu &#8211; \u00a9 Andrei Korzhyts &#8211; Fotolia.com<br \/>  Smutna kobieta z \u017c\u00f3\u0142tym kubkiem &#8211; \u00a9 Focus Pocus LTD &#8211; Fotolia.com<br \/>  Smutna kobieta z r\u0119k\u0105 w blond w\u0142osach na czarnym tle &#8211; \u00a9 luna &#8211; Fotolia.com<br \/>  Rudow\u0142osa kobieta patrz\u0105ca przed siebie &#8211; \u00a9 drubig-photo &#8211; Fotolia.com<br \/>\nIkona <a target=\"_blank\" href=\"https:\/\/icons8.com\/icon\/43151\/cursor\" rel=\"noopener\">wska\u017anika myszy<\/a> z  <a target=\"_blank\" href=\"https:\/\/icons8.com\" rel=\"noopener\">Icons8<\/a><\/p>\n","protected":false},"excerpt":{"rendered":"<p>\u0179r\u00f3d\u0142a wykorzystanych zdj\u0119\u0107 i grafik: Stoj\u0105ca kobieta w trawie &#8211; \u00a9 contrastwerkstatt &#8211; Fotolia.com Kobieta 1 z zestawem s\u0142uchawkowym &#8211; \u00a9 vgstudio &#8211; Fotolia.com Kobieta 2 z zestawem s\u0142uchawkowym &#8211; \u00a9 vgstudio &#8211; Fotolia.com Przycisk newslettera &#8211; \u00a9 A. Dudy &#8211; Fotolia.com Zielony przycisk wyboru &#8211; \u00a9 frogarts &#8211; Fotolia.com Przycisk satysfakcji &#8211; \u00a9 DWP [&hellip;]<\/p>\n","protected":false},"author":1,"featured_media":0,"parent":19926,"menu_order":5,"comment_status":"closed","ping_status":"closed","template":"","meta":{"_acf_changed":false,"site-sidebar-layout":"default","site-content-layout":"default","ast-site-content-layout":"default","site-content-style":"default","site-sidebar-style":"default","ast-global-header-display":"","ast-banner-title-visibility":"","ast-main-header-display":"","ast-hfb-above-header-display":"","ast-hfb-below-header-display":"","ast-hfb-mobile-header-display":"","site-post-title":"","ast-breadcrumbs-content":"","ast-featured-img":"","footer-sml-layout":"","ast-disable-related-posts":"","theme-transparent-header-meta":"default","adv-header-id-meta":"","stick-header-meta":"default","header-above-stick-meta":"","header-main-stick-meta":"","header-below-stick-meta":"","astra-migrate-meta-layouts":"default","ast-page-background-enabled":"default","ast-page-background-meta":{"desktop":{"background-color":"var(--ast-global-color-4)","background-image":"","background-repeat":"repeat","background-position":"center center","background-size":"auto","background-attachment":"scroll","background-type":"","background-media":"","overlay-type":"","overlay-color":"","overlay-opacity":"","overlay-gradient":""},"tablet":{"background-color":"","background-image":"","background-repeat":"repeat","background-position":"center center","background-size":"auto","background-attachment":"scroll","background-type":"","background-media":"","overlay-type":"","overlay-color":"","overlay-opacity":"","overlay-gradient":""},"mobile":{"background-color":"","background-image":"","background-repeat":"repeat","background-position":"center center","background-size":"auto","background-attachment":"scroll","background-type":"","background-media":"","overlay-type":"","overlay-color":"","overlay-opacity":"","overlay-gradient":""}},"ast-content-background-meta":{"desktop":{"background-color":"var(--ast-global-color-5)","background-image":"","background-repeat":"repeat","background-position":"center center","background-size":"auto","background-attachment":"scroll","background-type":"","background-media":"","overlay-type":"","overlay-color":"","overlay-opacity":"","overlay-gradient":""},"tablet":{"background-color":"var(--ast-global-color-5)","background-image":"","background-repeat":"repeat","background-position":"center center","background-size":"auto","background-attachment":"scroll","background-type":"","background-media":"","overlay-type":"","overlay-color":"","overlay-opacity":"","overlay-gradient":""},"mobile":{"background-color":"var(--ast-global-color-5)","background-image":"","background-repeat":"repeat","background-position":"center center","background-size":"auto","background-attachment":"scroll","background-type":"","background-media":"","overlay-type":"","overlay-color":"","overlay-opacity":"","overlay-gradient":""}},"footnotes":""},"class_list":["post-19974","page","type-page","status-publish","hentry"],"acf":[],"yoast_head":"<!-- This site is optimized with the Yoast SEO plugin v27.4 - https:\/\/yoast.com\/product\/yoast-seo-wordpress\/ -->\n<title>\u0179r\u00f3d\u0142a obrazu - EMDR Ger\u00e4t REMSTIM 3000 gegen Stress<\/title>\n<meta name=\"robots\" content=\"noindex, follow\" \/>\n<meta property=\"og:locale\" content=\"pl_PL\" \/>\n<meta property=\"og:type\" content=\"article\" \/>\n<meta property=\"og:title\" content=\"\u0179r\u00f3d\u0142a obrazu - EMDR Ger\u00e4t REMSTIM 3000 gegen Stress\" \/>\n<meta property=\"og:description\" content=\"\u0179r\u00f3d\u0142a wykorzystanych zdj\u0119\u0107 i grafik: Stoj\u0105ca kobieta w trawie &#8211; \u00a9 contrastwerkstatt &#8211; Fotolia.com Kobieta 1 z zestawem s\u0142uchawkowym &#8211; \u00a9 vgstudio &#8211; Fotolia.com Kobieta 2 z zestawem s\u0142uchawkowym &#8211; \u00a9 vgstudio &#8211; Fotolia.com Przycisk newslettera &#8211; \u00a9 A. Dudy &#8211; Fotolia.com Zielony przycisk wyboru &#8211; \u00a9 frogarts &#8211; Fotolia.com Przycisk satysfakcji &#8211; \u00a9 DWP [&hellip;]\" \/>\n<meta property=\"og:url\" content=\"https:\/\/remstim.com\/pl\/nadruk\/zrodla-obrazu\/\" \/>\n<meta property=\"og:site_name\" content=\"EMDR Ger\u00e4t REMSTIM 3000 gegen Stress\" \/>\n<meta property=\"article:modified_time\" content=\"2024-10-03T15:46:59+00:00\" \/>\n<meta name=\"twitter:label1\" content=\"Szacowany czas czytania\" \/>\n\t<meta name=\"twitter:data1\" content=\"4 minuty\" \/>\n<script type=\"application\/ld+json\" class=\"yoast-schema-graph\">{\"@context\":\"https:\\\/\\\/schema.org\",\"@graph\":[{\"@type\":\"WebPage\",\"@id\":\"https:\\\/\\\/remstim.com\\\/pl\\\/nadruk\\\/zrodla-obrazu\\\/\",\"url\":\"https:\\\/\\\/remstim.com\\\/pl\\\/nadruk\\\/zrodla-obrazu\\\/\",\"name\":\"\u0179r\u00f3d\u0142a obrazu - EMDR Ger\u00e4t REMSTIM 3000 gegen Stress\",\"isPartOf\":{\"@id\":\"https:\\\/\\\/remstim.com\\\/pl\\\/#website\"},\"datePublished\":\"2012-08-26T08:04:56+00:00\",\"dateModified\":\"2024-10-03T15:46:59+00:00\",\"breadcrumb\":{\"@id\":\"https:\\\/\\\/remstim.com\\\/pl\\\/nadruk\\\/zrodla-obrazu\\\/#breadcrumb\"},\"inLanguage\":\"pl-PL\",\"potentialAction\":[{\"@type\":\"ReadAction\",\"target\":[\"https:\\\/\\\/remstim.com\\\/pl\\\/nadruk\\\/zrodla-obrazu\\\/\"]}]},{\"@type\":\"BreadcrumbList\",\"@id\":\"https:\\\/\\\/remstim.com\\\/pl\\\/nadruk\\\/zrodla-obrazu\\\/#breadcrumb\",\"itemListElement\":[{\"@type\":\"ListItem\",\"position\":1,\"name\":\"Startseite\",\"item\":\"https:\\\/\\\/remstim.com\\\/pl\\\/\"},{\"@type\":\"ListItem\",\"position\":2,\"name\":\"Nadruk\",\"item\":\"https:\\\/\\\/remstim.com\\\/pl\\\/nadruk\\\/\"},{\"@type\":\"ListItem\",\"position\":3,\"name\":\"\u0179r\u00f3d\u0142a obrazu\"}]},{\"@type\":\"WebSite\",\"@id\":\"https:\\\/\\\/remstim.com\\\/pl\\\/#website\",\"url\":\"https:\\\/\\\/remstim.com\\\/pl\\\/\",\"name\":\"EMDR Ger\u00e4t REMSTIM 3000 gegen Stress\",\"description\":\"Wie wir schnell Entspannung finden.\",\"publisher\":{\"@id\":\"https:\\\/\\\/remstim.com\\\/pl\\\/#organization\"},\"potentialAction\":[{\"@type\":\"SearchAction\",\"target\":{\"@type\":\"EntryPoint\",\"urlTemplate\":\"https:\\\/\\\/remstim.com\\\/pl\\\/?s={search_term_string}\"},\"query-input\":{\"@type\":\"PropertyValueSpecification\",\"valueRequired\":true,\"valueName\":\"search_term_string\"}}],\"inLanguage\":\"pl-PL\"},{\"@type\":\"Organization\",\"@id\":\"https:\\\/\\\/remstim.com\\\/pl\\\/#organization\",\"name\":\"EMDR Ger\u00e4t REMSTIM 3000 gegen Stress\",\"url\":\"https:\\\/\\\/remstim.com\\\/pl\\\/\",\"logo\":{\"@type\":\"ImageObject\",\"inLanguage\":\"pl-PL\",\"@id\":\"https:\\\/\\\/remstim.com\\\/pl\\\/#\\\/schema\\\/logo\\\/image\\\/\",\"url\":\"https:\\\/\\\/remstim.com\\\/wp-content\\\/uploads\\\/2012\\\/06\\\/REMSTIM-Logo-mit-Untertitel_orange-e1340382850185.png\",\"contentUrl\":\"https:\\\/\\\/remstim.com\\\/wp-content\\\/uploads\\\/2012\\\/06\\\/REMSTIM-Logo-mit-Untertitel_orange-e1340382850185.png\",\"width\":304,\"height\":80,\"caption\":\"EMDR Ger\u00e4t REMSTIM 3000 gegen Stress\"},\"image\":{\"@id\":\"https:\\\/\\\/remstim.com\\\/pl\\\/#\\\/schema\\\/logo\\\/image\\\/\"}}]}<\/script>\n<!-- \/ Yoast SEO plugin. -->","yoast_head_json":{"title":"\u0179r\u00f3d\u0142a obrazu - EMDR Ger\u00e4t REMSTIM 3000 gegen Stress","robots":{"index":"noindex","follow":"follow"},"og_locale":"pl_PL","og_type":"article","og_title":"\u0179r\u00f3d\u0142a obrazu - EMDR Ger\u00e4t REMSTIM 3000 gegen Stress","og_description":"\u0179r\u00f3d\u0142a wykorzystanych zdj\u0119\u0107 i grafik: Stoj\u0105ca kobieta w trawie &#8211; \u00a9 contrastwerkstatt &#8211; Fotolia.com Kobieta 1 z zestawem s\u0142uchawkowym &#8211; \u00a9 vgstudio &#8211; Fotolia.com Kobieta 2 z zestawem s\u0142uchawkowym &#8211; \u00a9 vgstudio &#8211; Fotolia.com Przycisk newslettera &#8211; \u00a9 A. Dudy &#8211; Fotolia.com Zielony przycisk wyboru &#8211; \u00a9 frogarts &#8211; Fotolia.com Przycisk satysfakcji &#8211; \u00a9 DWP [&hellip;]","og_url":"https:\/\/remstim.com\/pl\/nadruk\/zrodla-obrazu\/","og_site_name":"EMDR Ger\u00e4t REMSTIM 3000 gegen Stress","article_modified_time":"2024-10-03T15:46:59+00:00","twitter_misc":{"Szacowany czas czytania":"4 minuty"},"schema":{"@context":"https:\/\/schema.org","@graph":[{"@type":"WebPage","@id":"https:\/\/remstim.com\/pl\/nadruk\/zrodla-obrazu\/","url":"https:\/\/remstim.com\/pl\/nadruk\/zrodla-obrazu\/","name":"\u0179r\u00f3d\u0142a obrazu - EMDR Ger\u00e4t REMSTIM 3000 gegen Stress","isPartOf":{"@id":"https:\/\/remstim.com\/pl\/#website"},"datePublished":"2012-08-26T08:04:56+00:00","dateModified":"2024-10-03T15:46:59+00:00","breadcrumb":{"@id":"https:\/\/remstim.com\/pl\/nadruk\/zrodla-obrazu\/#breadcrumb"},"inLanguage":"pl-PL","potentialAction":[{"@type":"ReadAction","target":["https:\/\/remstim.com\/pl\/nadruk\/zrodla-obrazu\/"]}]},{"@type":"BreadcrumbList","@id":"https:\/\/remstim.com\/pl\/nadruk\/zrodla-obrazu\/#breadcrumb","itemListElement":[{"@type":"ListItem","position":1,"name":"Startseite","item":"https:\/\/remstim.com\/pl\/"},{"@type":"ListItem","position":2,"name":"Nadruk","item":"https:\/\/remstim.com\/pl\/nadruk\/"},{"@type":"ListItem","position":3,"name":"\u0179r\u00f3d\u0142a obrazu"}]},{"@type":"WebSite","@id":"https:\/\/remstim.com\/pl\/#website","url":"https:\/\/remstim.com\/pl\/","name":"EMDR Ger\u00e4t REMSTIM 3000 gegen Stress","description":"Wie wir schnell Entspannung finden.","publisher":{"@id":"https:\/\/remstim.com\/pl\/#organization"},"potentialAction":[{"@type":"SearchAction","target":{"@type":"EntryPoint","urlTemplate":"https:\/\/remstim.com\/pl\/?s={search_term_string}"},"query-input":{"@type":"PropertyValueSpecification","valueRequired":true,"valueName":"search_term_string"}}],"inLanguage":"pl-PL"},{"@type":"Organization","@id":"https:\/\/remstim.com\/pl\/#organization","name":"EMDR Ger\u00e4t REMSTIM 3000 gegen Stress","url":"https:\/\/remstim.com\/pl\/","logo":{"@type":"ImageObject","inLanguage":"pl-PL","@id":"https:\/\/remstim.com\/pl\/#\/schema\/logo\/image\/","url":"https:\/\/remstim.com\/wp-content\/uploads\/2012\/06\/REMSTIM-Logo-mit-Untertitel_orange-e1340382850185.png","contentUrl":"https:\/\/remstim.com\/wp-content\/uploads\/2012\/06\/REMSTIM-Logo-mit-Untertitel_orange-e1340382850185.png","width":304,"height":80,"caption":"EMDR Ger\u00e4t REMSTIM 3000 gegen Stress"},"image":{"@id":"https:\/\/remstim.com\/pl\/#\/schema\/logo\/image\/"}}]}},"_links":{"self":[{"href":"https:\/\/remstim.com\/pl\/wp-json\/wp\/v2\/pages\/19974","targetHints":{"allow":["GET"]}}],"collection":[{"href":"https:\/\/remstim.com\/pl\/wp-json\/wp\/v2\/pages"}],"about":[{"href":"https:\/\/remstim.com\/pl\/wp-json\/wp\/v2\/types\/page"}],"author":[{"embeddable":true,"href":"https:\/\/remstim.com\/pl\/wp-json\/wp\/v2\/users\/1"}],"replies":[{"embeddable":true,"href":"https:\/\/remstim.com\/pl\/wp-json\/wp\/v2\/comments?post=19974"}],"version-history":[{"count":2,"href":"https:\/\/remstim.com\/pl\/wp-json\/wp\/v2\/pages\/19974\/revisions"}],"predecessor-version":[{"id":26547,"href":"https:\/\/remstim.com\/pl\/wp-json\/wp\/v2\/pages\/19974\/revisions\/26547"}],"up":[{"embeddable":true,"href":"https:\/\/remstim.com\/pl\/wp-json\/wp\/v2\/pages\/19926"}],"wp:attachment":[{"href":"https:\/\/remstim.com\/pl\/wp-json\/wp\/v2\/media?parent=19974"}],"curies":[{"name":"wp","href":"https:\/\/api.w.org\/{rel}","templated":true}]}}