{"id":24290,"date":"2023-09-28T08:33:36","date_gmt":"2023-09-28T08:33:36","guid":{"rendered":"https:\/\/remstim.de\/remstim-3000\/agb-ogolne-warunki-handlowe\/"},"modified":"2023-09-28T08:48:04","modified_gmt":"2023-09-28T08:48:04","slug":"ogolne-warunki-handlowe","status":"publish","type":"page","link":"https:\/\/remstim.com\/pl\/nadruk\/ogolne-warunki-handlowe\/","title":{"rendered":"Og\u00f3lne warunki handlowe"},"content":{"rendered":"<h1>Og\u00f3lne warunki handlowe<\/h1>\n<h3>\u00a7 1 Zastosowanie, definicje termin\u00f3w<\/h3>\n<p>(1) Thomas Buhl, Am Dachsbau 59, 13503 Berlin, Niemcy (dalej: &#8220;my&#8221; lub &#8220;Thomas Buhl&#8221;) prowadzi sklep internetowy z towarami pod adresem https:\/\/remstim.com. Poni\u017csze Og\u00f3lne Warunki Handlowe maj\u0105 zastosowanie do wszystkich us\u0142ug \u015bwiadczonych mi\u0119dzy nami a naszymi klientami (dalej: &#8220;Klient&#8221; lub &#8220;U\u017cytkownik&#8221;) w wersji obowi\u0105zuj\u0105cej w momencie sk\u0142adania zam\u00f3wienia, chyba \u017ce wyra\u017anie uzgodniono inaczej.<\/p>\n<p>(2) &#8220;Konsument&#8221; w rozumieniu niniejszych Warunk\u00f3w to ka\u017cda osoba fizyczna, kt\u00f3ra zawiera transakcj\u0119 prawn\u0105 w celach, kt\u00f3re w przewa\u017caj\u0105cej mierze nie mog\u0105 by\u0107 przypisane ani do jej dzia\u0142alno\u015bci handlowej, ani do jej niezale\u017cnej dzia\u0142alno\u015bci zawodowej. &#8220;Przedsi\u0119biorca&#8221; oznacza osob\u0119 fizyczn\u0105 lub prawn\u0105 lub sp\u00f3\u0142k\u0119 osobow\u0105 posiadaj\u0105c\u0105 zdolno\u015b\u0107 prawn\u0105, kt\u00f3ra, dokonuj\u0105c czynno\u015bci prawnej, dzia\u0142a w ramach swojej dzia\u0142alno\u015bci handlowej, gospodarczej lub zawodowej lub na w\u0142asny rachunek, przy czym sp\u00f3\u0142ka osobowa posiadaj\u0105ca zdolno\u015b\u0107 prawn\u0105 jest sp\u00f3\u0142k\u0105 osobow\u0105 posiadaj\u0105c\u0105 zdolno\u015b\u0107 do nabywania praw i zaci\u0105gania zobowi\u0105za\u0144.<\/p>\n<h3>\u00a7 2 Zawieranie um\u00f3w, przechowywanie tekstu umowy<\/h3>\n<p>(1) Poni\u017csze przepisy dotycz\u0105ce zawierania um\u00f3w maj\u0105 zastosowanie do zam\u00f3wie\u0144 sk\u0142adanych za po\u015brednictwem naszego sklepu internetowego pod adresem https:\/\/remstim.com.<\/p>\n<p>(2) Nasze prezentacje produkt\u00f3w w Internecie s\u0105 niewi\u0105\u017c\u0105ce i nie stanowi\u0105 wi\u0105\u017c\u0105cej oferty zawarcia umowy.<\/p>\n<p>(3) Po otrzymaniu zam\u00f3wienia w naszym sklepie internetowym obowi\u0105zuj\u0105 nast\u0119puj\u0105ce zasady: Klient sk\u0142ada wi\u0105\u017c\u0105c\u0105 ofert\u0119 zawarcia umowy poprzez pomy\u015blne zako\u0144czenie procedury sk\u0142adania zam\u00f3wienia udost\u0119pnionej w naszym sklepie internetowym. Zam\u00f3wienie jest sk\u0142adane w nast\u0119puj\u0105cych krokach:<\/p>\n<ol>\n<li>Wyb\u00f3r po\u017c\u0105danych towar\u00f3w,<\/li>\n<li>Sprawdzanie szczeg\u00f3\u0142\u00f3w dotycz\u0105cych towar\u00f3w,<\/li>\n<li>Wyb\u00f3r metody p\u0142atno\u015bci, je\u015bli dotyczy. Zg\u0142oszenie\/weryfikacja adresu i danych kontaktowych, potwierdzenie OWH i zasad anulowania,<\/li>\n<li>Je\u015bli uzgodniona jako\u015b\u0107 towar\u00f3w odbiega od ich zwyk\u0142ej jako\u015bci i warunk\u00f3w u\u017cytkowania, potwierdzenie negatywnej umowy jako\u015bciowej,<\/li>\n<li>Sfinalizowanie zam\u00f3wienia poprzez naci\u015bni\u0119cie przycisku &#8220;Kup&#8221; lub &#8220;Zam\u00f3wienie p\u0142atne&#8221;. Stanowi to wi\u0105\u017c\u0105ce zam\u00f3wienie.<\/li>\n<li>Umowa zostaje zawarta w momencie otrzymania od nas potwierdzenia zam\u00f3wienia w ci\u0105gu trzech dni roboczych na podany adres e-mail.<\/li>\n<\/ol>\n<p>(4) W przypadku zawarcia umowy, umowa zostanie zawarta z Thomas Buhl, Am Dachsbau 59, 13503 Berlin, Niemcy.<\/p>\n<p>(5) Przed z\u0142o\u017ceniem zam\u00f3wienia dane umowy mo\u017cna wydrukowa\u0107 lub zapisa\u0107 elektronicznie za pomoc\u0105 funkcji drukowania w przegl\u0105darce. Przetwarzanie zam\u00f3wienia i przekazywanie wszystkich informacji wymaganych w zwi\u0105zku z zawarciem umowy, w szczeg\u00f3lno\u015bci danych zam\u00f3wienia, og\u00f3lnych warunk\u00f3w i zasad anulowania, odbywa si\u0119 za po\u015brednictwem poczty elektronicznej po z\u0142o\u017ceniu zam\u00f3wienia przez u\u017cytkownika, cz\u0119\u015bciowo automatycznie. Nie przechowujemy tekstu umowy po jej zawarciu.<\/p>\n<p>(6) B\u0142\u0119dy wprowadzania danych mog\u0105 by\u0107 korygowane przy u\u017cyciu zwyk\u0142ych funkcji klawiatury, myszy i przegl\u0105darki (np. przycisk &#8220;wstecz&#8221; przegl\u0105darki). Mo\u017cna je r\u00f3wnie\u017c skorygowa\u0107 poprzez przedwczesne anulowanie procesu zam\u00f3wienia, zamkni\u0119cie okna przegl\u0105darki i powt\u00f3rzenie procesu.<\/p>\n<p>(7) Przetwarzanie zam\u00f3wienia i przekazywanie wszystkich informacji wymaganych w zwi\u0105zku z zawarciem umowy odbywa si\u0119 za po\u015brednictwem poczty elektronicznej, cz\u0119\u015bciowo automatycznie. U\u017cytkownik musi zatem upewni\u0107 si\u0119, \u017ce podany przez niego adres e-mail jest prawid\u0142owy, \u017ce odbi\u00f3r wiadomo\u015bci e-mail jest technicznie zagwarantowany, a w szczeg\u00f3lno\u015bci, \u017ce nie jest on blokowany przez filtry SPAM.<\/p>\n<h3>\u00a7 3 Przedmiot umowy i istotne cechy produkt\u00f3w<\/h3>\n<p>(1) W przypadku naszego sklepu internetowego przedmiotem umowy jest:<\/p>\n<ol style=\"list-style-type: lower-alpha;\">\n<li>Sprzeda\u017c towar\u00f3w. Rzeczywiste towary oferowane s\u0105 na naszych stronach z artyku\u0142ami.<\/li>\n<\/ol>\n<p>(2) Podstawowe cechy towar\u00f3w mo\u017cna znale\u017a\u0107 w opisie przedmiotu. Je\u015bli uzgodniona jako\u015b\u0107 towar\u00f3w odbiega od ich zwyk\u0142ej jako\u015bci i warunk\u00f3w u\u017cytkowania, zostanie to wyra\u017anie wskazane w opisie przedmiotu (negatywna umowa jako\u015bciowa). O ile klient wyrazi\u0142 wyra\u017an\u0105 zgod\u0119 na negatywne odchylenia jako\u015bciowe, okre\u015bla to przedmiot umowy.<\/p>\n<h3>\u00a7 4 Ceny, koszty wysy\u0142ki i dostawy<\/h3>\n<p>(1) Ceny podane w poszczeg\u00f3lnych ofertach, a tak\u017ce koszty wysy\u0142ki s\u0105 cenami ca\u0142kowitymi i obejmuj\u0105 wszystkie sk\u0142adniki ceny, w tym wszystkie obowi\u0105zuj\u0105ce podatki.<\/p>\n<p>(2) Odpowiedni\u0105 cen\u0119 zakupu nale\u017cy zap\u0142aci\u0107 przed dostaw\u0105 produktu (p\u0142atno\u015b\u0107 z g\u00f3ry), chyba \u017ce wyra\u017anie oferujemy zakup na konto. Dost\u0119pne metody p\u0142atno\u015bci s\u0105 wy\u015bwietlane pod odpowiednio oznaczonym przyciskiem w sklepie internetowym lub w odpowiedniej ofercie. O ile nie okre\u015blono inaczej w poszczeg\u00f3lnych metodach p\u0142atno\u015bci, roszczenia o zap\u0142at\u0119 s\u0105 wymagalne natychmiast.<\/p>\n<p>(3) Opr\u00f3cz podanych cen za dostaw\u0119 produkt\u00f3w naliczane s\u0105 koszty wysy\u0142ki, chyba \u017ce dany produkt jest wskazany jako wolny od koszt\u00f3w wysy\u0142ki. Koszty wysy\u0142ki podajemy w <a href=\"https:\/\/remstim.com\/pl\/remstim-3000\/warunki-wysylki-i-dostawy\/\">warunkach wysy\u0142ki i dostawy<\/a>. Koszty wysy\u0142ki zostan\u0105 ponownie wyra\u017anie podane w ofertach, w stosownych przypadkach w systemie koszyka i\/lub w przegl\u0105dzie zam\u00f3wienia.<\/p>\n<p>(4) Wszystkie oferowane produkty, o ile w opisie produktu nie zaznaczono wyra\u017anie inaczej, s\u0105 gotowe do natychmiastowej wysy\u0142ki i zostan\u0105 wys\u0142ane do u\u017cytkownika zgodnie z <a href=\"https:\/\/remstim.com\/pl\/remstim-3000\/warunki-wysylki-i-dostawy\/\">terminami dostawy<\/a> po otrzymaniu p\u0142atno\u015bci.<\/p>\n<p>(5) Obowi\u0105zuj\u0105 nast\u0119puj\u0105ce ograniczenia dotycz\u0105ce obszaru dostawy: Dostawa jest realizowana do nast\u0119puj\u0105cych kraj\u00f3w: Austria, Belgia, Francja, Niemcy, W\u0142ochy, Luksemburg, Holandia, Polska, Hiszpania.<\/p>\n<h3>\u00a7 5 Prawo zatrzymania, zastrze\u017cenie w\u0142asno\u015bci<\/h3>\n<p>(1) U\u017cytkownik mo\u017ce skorzysta\u0107 z prawa zatrzymania tylko w zakresie, w jakim dotyczy ono roszcze\u0144 z tego samego stosunku umownego.<\/p>\n<p>(2) Towary pozostaj\u0105 nasz\u0105 w\u0142asno\u015bci\u0105 do momentu ca\u0142kowitej zap\u0142aty ceny zakupu.<\/p>\n<h3>\u00a7 6 Prawo do odst\u0105pienia od umowy<\/h3>\n<p>Konsumentowi przys\u0142uguje prawo do odst\u0105pienia od umowy. Jest to regulowane przez nasz\u0105 <a href=\"https:\/\/remstim.com\/pl\/remstim-3000\/polityka-anulowania\/\">polityk\u0119 anulowania rezerwacji<\/a>.<\/p>\n<h3>\u00a7 7 Odpowiedzialno\u015b\u0107<\/h3>\n<p>(1) Z zastrze\u017ceniem poni\u017cszych wyj\u0105tk\u00f3w, nasza odpowiedzialno\u015b\u0107 za umowne naruszenia obowi\u0105zk\u00f3w i czyny niedozwolone jest ograniczona do umy\u015blnego dzia\u0142ania lub ra\u017c\u0105cego niedbalstwa.<\/p>\n<p>(2) Ponosimy odpowiedzialno\u015b\u0107 bez ogranicze\u0144 w przypadku lekkiego zaniedbania w przypadku uszkodzenia \u017cycia, cia\u0142a lub zdrowia lub w przypadku naruszenia istotnego zobowi\u0105zania umownego. Je\u015bli nie wywi\u0105\u017cemy si\u0119 z umowy z powodu drobnego zaniedbania, je\u015bli wykonanie umowy sta\u0142o si\u0119 niemo\u017cliwe lub je\u015bli naruszymy istotne zobowi\u0105zanie umowne, odpowiedzialno\u015b\u0107 za szkody materialne i straty finansowe z tym zwi\u0105zane b\u0119dzie ograniczona do <strong>przewidywalnej szkody typowej dla umowy<\/strong>. Istotne zobowi\u0105zanie umowne to zobowi\u0105zanie, kt\u00f3rego wype\u0142nienie umo\u017cliwia przede wszystkim prawid\u0142owe wykonanie umowy, kt\u00f3rego naruszenie zagra\u017ca osi\u0105gni\u0119ciu celu umowy i na kt\u00f3rego przestrzeganiu mo\u017cna regularnie polega\u0107. Obejmuje to w szczeg\u00f3lno\u015bci nasz obowi\u0105zek podj\u0119cia dzia\u0142a\u0144 i spe\u0142nienia \u015bwiadczenia nale\u017cnego na podstawie umowy, co opisano w \u00a7 3.<\/p>\n<h3>\u00a7 8 J\u0119zyk umowy<\/h3>\n<p>Jedynie j\u0119zyk niemiecki jest dost\u0119pny jako j\u0119zyk umowy. Dla uproszczenia i zrozumienia udost\u0119pniamy r\u00f3wnie\u017c GTC w innych j\u0119zykach.<\/p>\n<h3>\u00a7 9 Gwarancja<\/h3>\n<p>(1) Gwarancja podlega przepisom ustawowym.<\/p>\n<p>(2) Jako konsument jeste\u015b proszony o sprawdzenie przedmiotu\/towaru cyfrowego lub \u015bwiadczonej us\u0142ugi natychmiast po wykonaniu umowy pod k\u0105tem kompletno\u015bci, oczywistych wad i uszkodze\u0144 transportowych oraz o jak najszybsze powiadomienie nas i przewo\u017anika o wszelkich reklamacjach. Je\u015bli u\u017cytkownik nie zastosuje si\u0119 do tego wymogu, nie b\u0119dzie to oczywi\u015bcie mia\u0142o wp\u0142ywu na jego ustawowe roszczenia gwarancyjne.<\/p>\n<h3>\u00a7 10 Postanowienia ko\u0144cowe\/Rozstrzyganie spor\u00f3w<\/h3>\n<p>(1) Zastosowanie ma prawo niemieckie. W przypadku konsument\u00f3w wyb\u00f3r prawa ma zastosowanie wy\u0142\u0105cznie w zakresie, w jakim ochrona przyznana przez bezwzgl\u0119dnie obowi\u0105zuj\u0105ce przepisy prawa pa\u0144stwa, w kt\u00f3rym konsument ma miejsce zwyk\u0142ego pobytu, nie jest tym samym cofni\u0119ta (zasada przychylno\u015bci).<\/p>\n<p>(2) Postanowienia Konwencji Narod\u00f3w Zjednoczonych o umowach mi\u0119dzynarodowej sprzeda\u017cy towar\u00f3w wyra\u017anie nie maj\u0105 zastosowania.<\/p>\n<p>(3) Je\u015bli Klient jest handlowcem, osob\u0105 prawn\u0105 prawa publicznego lub specjalnym funduszem prawa publicznego, miejscem jurysdykcji dla wszystkich spor\u00f3w wynikaj\u0105cych ze stosunk\u00f3w umownych mi\u0119dzy Klientem a Dostawc\u0105 Us\u0142ug jest siedziba Dostawcy Us\u0142ug.<\/p>\n<p>(4)  <strong>Alternatywne metody rozwi\u0105zywania spor\u00f3w zgodnie z art. 14 ust. 1 Rozporz\u0105dzenia ODR i \u00a7 36 VSBG:<\/strong>  Komisja Europejska zapewnia platform\u0119 internetowego rozstrzygania spor\u00f3w (ODR), kt\u00f3r\u0105 mo\u017cna znale\u017a\u0107 pod adresem <a href=\"http:\/\/ec.europa.eu\/consumers\/odr\/\" target=\"_blank\" rel=\"noopener noreferrer\">http:\/\/ec.europa.eu\/consumers\/odr\/<\/a>. Nie jeste\u015bmy zobowi\u0105zani do udzia\u0142u w procedurze rozstrzygania spor\u00f3w przed komisj\u0105 arbitra\u017cow\u0105 ds. konsument\u00f3w i generalnie nie jeste\u015bmy do tego przygotowani.<\/p>\n","protected":false},"excerpt":{"rendered":"<p>Og\u00f3lne warunki handlowe \u00a7 1 Zastosowanie, definicje termin\u00f3w (1) Thomas Buhl, Am Dachsbau 59, 13503 Berlin, Niemcy (dalej: &#8220;my&#8221; lub &#8220;Thomas Buhl&#8221;) prowadzi sklep internetowy z towarami pod adresem https:\/\/remstim.com. Poni\u017csze Og\u00f3lne Warunki Handlowe maj\u0105 zastosowanie do wszystkich us\u0142ug \u015bwiadczonych mi\u0119dzy nami a naszymi klientami (dalej: &#8220;Klient&#8221; lub &#8220;U\u017cytkownik&#8221;) w wersji obowi\u0105zuj\u0105cej w momencie sk\u0142adania [&hellip;]<\/p>\n","protected":false},"author":1,"featured_media":0,"parent":19926,"menu_order":0,"comment_status":"closed","ping_status":"closed","template":"","meta":{"_acf_changed":false,"site-sidebar-layout":"default","site-content-layout":"","ast-site-content-layout":"default","site-content-style":"default","site-sidebar-style":"default","ast-global-header-display":"","ast-banner-title-visibility":"","ast-main-header-display":"","ast-hfb-above-header-display":"","ast-hfb-below-header-display":"","ast-hfb-mobile-header-display":"","site-post-title":"","ast-breadcrumbs-content":"","ast-featured-img":"","footer-sml-layout":"","ast-disable-related-posts":"","theme-transparent-header-meta":"default","adv-header-id-meta":"","stick-header-meta":"default","header-above-stick-meta":"","header-main-stick-meta":"","header-below-stick-meta":"","astra-migrate-meta-layouts":"set","ast-page-background-enabled":"default","ast-page-background-meta":{"desktop":{"background-color":"var(--ast-global-color-4)","background-image":"","background-repeat":"repeat","background-position":"center center","background-size":"auto","background-attachment":"scroll","background-type":"","background-media":"","overlay-type":"","overlay-color":"","overlay-opacity":"","overlay-gradient":""},"tablet":{"background-color":"","background-image":"","background-repeat":"repeat","background-position":"center center","background-size":"auto","background-attachment":"scroll","background-type":"","background-media":"","overlay-type":"","overlay-color":"","overlay-opacity":"","overlay-gradient":""},"mobile":{"background-color":"","background-image":"","background-repeat":"repeat","background-position":"center center","background-size":"auto","background-attachment":"scroll","background-type":"","background-media":"","overlay-type":"","overlay-color":"","overlay-opacity":"","overlay-gradient":""}},"ast-content-background-meta":{"desktop":{"background-color":"var(--ast-global-color-5)","background-image":"","background-repeat":"repeat","background-position":"center center","background-size":"auto","background-attachment":"scroll","background-type":"","background-media":"","overlay-type":"","overlay-color":"","overlay-opacity":"","overlay-gradient":""},"tablet":{"background-color":"var(--ast-global-color-5)","background-image":"","background-repeat":"repeat","background-position":"center center","background-size":"auto","background-attachment":"scroll","background-type":"","background-media":"","overlay-type":"","overlay-color":"","overlay-opacity":"","overlay-gradient":""},"mobile":{"background-color":"var(--ast-global-color-5)","background-image":"","background-repeat":"repeat","background-position":"center center","background-size":"auto","background-attachment":"scroll","background-type":"","background-media":"","overlay-type":"","overlay-color":"","overlay-opacity":"","overlay-gradient":""}},"footnotes":""},"class_list":["post-24290","page","type-page","status-publish","hentry"],"acf":[],"yoast_head":"<!-- This site is optimized with the Yoast SEO plugin v27.3 - https:\/\/yoast.com\/product\/yoast-seo-wordpress\/ -->\n<title>Og\u00f3lne warunki handlowe - EMDR Ger\u00e4t REMSTIM 3000 gegen Stress<\/title>\n<meta name=\"robots\" content=\"noindex, follow\" \/>\n<meta property=\"og:locale\" content=\"pl_PL\" \/>\n<meta property=\"og:type\" content=\"article\" \/>\n<meta property=\"og:title\" content=\"Og\u00f3lne warunki handlowe - EMDR Ger\u00e4t REMSTIM 3000 gegen Stress\" \/>\n<meta property=\"og:description\" content=\"Og\u00f3lne warunki handlowe \u00a7 1 Zastosowanie, definicje termin\u00f3w (1) Thomas Buhl, Am Dachsbau 59, 13503 Berlin, Niemcy (dalej: &#8220;my&#8221; lub &#8220;Thomas Buhl&#8221;) prowadzi sklep internetowy z towarami pod adresem https:\/\/remstim.com. Poni\u017csze Og\u00f3lne Warunki Handlowe maj\u0105 zastosowanie do wszystkich us\u0142ug \u015bwiadczonych mi\u0119dzy nami a naszymi klientami (dalej: &#8220;Klient&#8221; lub &#8220;U\u017cytkownik&#8221;) w wersji obowi\u0105zuj\u0105cej w momencie sk\u0142adania [&hellip;]\" \/>\n<meta property=\"og:url\" content=\"https:\/\/remstim.com\/pl\/nadruk\/ogolne-warunki-handlowe\/\" \/>\n<meta property=\"og:site_name\" content=\"EMDR Ger\u00e4t REMSTIM 3000 gegen Stress\" \/>\n<meta property=\"article:modified_time\" content=\"2023-09-28T08:48:04+00:00\" \/>\n<meta name=\"twitter:label1\" content=\"Szacowany czas czytania\" \/>\n\t<meta name=\"twitter:data1\" content=\"7 minut\" \/>\n<script type=\"application\/ld+json\" class=\"yoast-schema-graph\">{\"@context\":\"https:\\\/\\\/schema.org\",\"@graph\":[{\"@type\":\"WebPage\",\"@id\":\"https:\\\/\\\/remstim.com\\\/pl\\\/nadruk\\\/ogolne-warunki-handlowe\\\/\",\"url\":\"https:\\\/\\\/remstim.com\\\/pl\\\/nadruk\\\/ogolne-warunki-handlowe\\\/\",\"name\":\"Og\u00f3lne warunki handlowe - EMDR Ger\u00e4t REMSTIM 3000 gegen Stress\",\"isPartOf\":{\"@id\":\"https:\\\/\\\/remstim.com\\\/pl\\\/#website\"},\"datePublished\":\"2023-09-28T08:33:36+00:00\",\"dateModified\":\"2023-09-28T08:48:04+00:00\",\"breadcrumb\":{\"@id\":\"https:\\\/\\\/remstim.com\\\/pl\\\/nadruk\\\/ogolne-warunki-handlowe\\\/#breadcrumb\"},\"inLanguage\":\"pl-PL\",\"potentialAction\":[{\"@type\":\"ReadAction\",\"target\":[\"https:\\\/\\\/remstim.com\\\/pl\\\/nadruk\\\/ogolne-warunki-handlowe\\\/\"]}]},{\"@type\":\"BreadcrumbList\",\"@id\":\"https:\\\/\\\/remstim.com\\\/pl\\\/nadruk\\\/ogolne-warunki-handlowe\\\/#breadcrumb\",\"itemListElement\":[{\"@type\":\"ListItem\",\"position\":1,\"name\":\"Startseite\",\"item\":\"https:\\\/\\\/remstim.com\\\/pl\\\/\"},{\"@type\":\"ListItem\",\"position\":2,\"name\":\"Nadruk\",\"item\":\"https:\\\/\\\/remstim.com\\\/pl\\\/nadruk\\\/\"},{\"@type\":\"ListItem\",\"position\":3,\"name\":\"Og\u00f3lne warunki handlowe\"}]},{\"@type\":\"WebSite\",\"@id\":\"https:\\\/\\\/remstim.com\\\/pl\\\/#website\",\"url\":\"https:\\\/\\\/remstim.com\\\/pl\\\/\",\"name\":\"EMDR Ger\u00e4t REMSTIM 3000 gegen Stress\",\"description\":\"Wie wir schnell Entspannung finden.\",\"publisher\":{\"@id\":\"https:\\\/\\\/remstim.com\\\/pl\\\/#organization\"},\"potentialAction\":[{\"@type\":\"SearchAction\",\"target\":{\"@type\":\"EntryPoint\",\"urlTemplate\":\"https:\\\/\\\/remstim.com\\\/pl\\\/?s={search_term_string}\"},\"query-input\":{\"@type\":\"PropertyValueSpecification\",\"valueRequired\":true,\"valueName\":\"search_term_string\"}}],\"inLanguage\":\"pl-PL\"},{\"@type\":\"Organization\",\"@id\":\"https:\\\/\\\/remstim.com\\\/pl\\\/#organization\",\"name\":\"EMDR Ger\u00e4t REMSTIM 3000 gegen Stress\",\"url\":\"https:\\\/\\\/remstim.com\\\/pl\\\/\",\"logo\":{\"@type\":\"ImageObject\",\"inLanguage\":\"pl-PL\",\"@id\":\"https:\\\/\\\/remstim.com\\\/pl\\\/#\\\/schema\\\/logo\\\/image\\\/\",\"url\":\"https:\\\/\\\/remstim.com\\\/wp-content\\\/uploads\\\/2012\\\/06\\\/REMSTIM-Logo-mit-Untertitel_orange-e1340382850185.png\",\"contentUrl\":\"https:\\\/\\\/remstim.com\\\/wp-content\\\/uploads\\\/2012\\\/06\\\/REMSTIM-Logo-mit-Untertitel_orange-e1340382850185.png\",\"width\":304,\"height\":80,\"caption\":\"EMDR Ger\u00e4t REMSTIM 3000 gegen Stress\"},\"image\":{\"@id\":\"https:\\\/\\\/remstim.com\\\/pl\\\/#\\\/schema\\\/logo\\\/image\\\/\"}}]}<\/script>\n<!-- \/ Yoast SEO plugin. -->","yoast_head_json":{"title":"Og\u00f3lne warunki handlowe - EMDR Ger\u00e4t REMSTIM 3000 gegen Stress","robots":{"index":"noindex","follow":"follow"},"og_locale":"pl_PL","og_type":"article","og_title":"Og\u00f3lne warunki handlowe - EMDR Ger\u00e4t REMSTIM 3000 gegen Stress","og_description":"Og\u00f3lne warunki handlowe \u00a7 1 Zastosowanie, definicje termin\u00f3w (1) Thomas Buhl, Am Dachsbau 59, 13503 Berlin, Niemcy (dalej: &#8220;my&#8221; lub &#8220;Thomas Buhl&#8221;) prowadzi sklep internetowy z towarami pod adresem https:\/\/remstim.com. Poni\u017csze Og\u00f3lne Warunki Handlowe maj\u0105 zastosowanie do wszystkich us\u0142ug \u015bwiadczonych mi\u0119dzy nami a naszymi klientami (dalej: &#8220;Klient&#8221; lub &#8220;U\u017cytkownik&#8221;) w wersji obowi\u0105zuj\u0105cej w momencie sk\u0142adania [&hellip;]","og_url":"https:\/\/remstim.com\/pl\/nadruk\/ogolne-warunki-handlowe\/","og_site_name":"EMDR Ger\u00e4t REMSTIM 3000 gegen Stress","article_modified_time":"2023-09-28T08:48:04+00:00","twitter_misc":{"Szacowany czas czytania":"7 minut"},"schema":{"@context":"https:\/\/schema.org","@graph":[{"@type":"WebPage","@id":"https:\/\/remstim.com\/pl\/nadruk\/ogolne-warunki-handlowe\/","url":"https:\/\/remstim.com\/pl\/nadruk\/ogolne-warunki-handlowe\/","name":"Og\u00f3lne warunki handlowe - EMDR Ger\u00e4t REMSTIM 3000 gegen Stress","isPartOf":{"@id":"https:\/\/remstim.com\/pl\/#website"},"datePublished":"2023-09-28T08:33:36+00:00","dateModified":"2023-09-28T08:48:04+00:00","breadcrumb":{"@id":"https:\/\/remstim.com\/pl\/nadruk\/ogolne-warunki-handlowe\/#breadcrumb"},"inLanguage":"pl-PL","potentialAction":[{"@type":"ReadAction","target":["https:\/\/remstim.com\/pl\/nadruk\/ogolne-warunki-handlowe\/"]}]},{"@type":"BreadcrumbList","@id":"https:\/\/remstim.com\/pl\/nadruk\/ogolne-warunki-handlowe\/#breadcrumb","itemListElement":[{"@type":"ListItem","position":1,"name":"Startseite","item":"https:\/\/remstim.com\/pl\/"},{"@type":"ListItem","position":2,"name":"Nadruk","item":"https:\/\/remstim.com\/pl\/nadruk\/"},{"@type":"ListItem","position":3,"name":"Og\u00f3lne warunki handlowe"}]},{"@type":"WebSite","@id":"https:\/\/remstim.com\/pl\/#website","url":"https:\/\/remstim.com\/pl\/","name":"EMDR Ger\u00e4t REMSTIM 3000 gegen Stress","description":"Wie wir schnell Entspannung finden.","publisher":{"@id":"https:\/\/remstim.com\/pl\/#organization"},"potentialAction":[{"@type":"SearchAction","target":{"@type":"EntryPoint","urlTemplate":"https:\/\/remstim.com\/pl\/?s={search_term_string}"},"query-input":{"@type":"PropertyValueSpecification","valueRequired":true,"valueName":"search_term_string"}}],"inLanguage":"pl-PL"},{"@type":"Organization","@id":"https:\/\/remstim.com\/pl\/#organization","name":"EMDR Ger\u00e4t REMSTIM 3000 gegen Stress","url":"https:\/\/remstim.com\/pl\/","logo":{"@type":"ImageObject","inLanguage":"pl-PL","@id":"https:\/\/remstim.com\/pl\/#\/schema\/logo\/image\/","url":"https:\/\/remstim.com\/wp-content\/uploads\/2012\/06\/REMSTIM-Logo-mit-Untertitel_orange-e1340382850185.png","contentUrl":"https:\/\/remstim.com\/wp-content\/uploads\/2012\/06\/REMSTIM-Logo-mit-Untertitel_orange-e1340382850185.png","width":304,"height":80,"caption":"EMDR Ger\u00e4t REMSTIM 3000 gegen Stress"},"image":{"@id":"https:\/\/remstim.com\/pl\/#\/schema\/logo\/image\/"}}]}},"_links":{"self":[{"href":"https:\/\/remstim.com\/pl\/wp-json\/wp\/v2\/pages\/24290","targetHints":{"allow":["GET"]}}],"collection":[{"href":"https:\/\/remstim.com\/pl\/wp-json\/wp\/v2\/pages"}],"about":[{"href":"https:\/\/remstim.com\/pl\/wp-json\/wp\/v2\/types\/page"}],"author":[{"embeddable":true,"href":"https:\/\/remstim.com\/pl\/wp-json\/wp\/v2\/users\/1"}],"replies":[{"embeddable":true,"href":"https:\/\/remstim.com\/pl\/wp-json\/wp\/v2\/comments?post=24290"}],"version-history":[{"count":0,"href":"https:\/\/remstim.com\/pl\/wp-json\/wp\/v2\/pages\/24290\/revisions"}],"up":[{"embeddable":true,"href":"https:\/\/remstim.com\/pl\/wp-json\/wp\/v2\/pages\/19926"}],"wp:attachment":[{"href":"https:\/\/remstim.com\/pl\/wp-json\/wp\/v2\/media?parent=24290"}],"curies":[{"name":"wp","href":"https:\/\/api.w.org\/{rel}","templated":true}]}}