{"id":28802,"date":"2026-04-27T10:23:48","date_gmt":"2026-04-27T10:23:48","guid":{"rendered":"https:\/\/remstim.com\/modul-6-integracja-emdr\/"},"modified":"2026-04-27T10:23:48","modified_gmt":"2026-04-27T10:23:48","slug":"modul-6-integracja-emdr","status":"publish","type":"page","link":"https:\/\/remstim.com\/pl\/modul-6-integracja-emdr\/","title":{"rendered":"Modu\u0142 6 \u2013 Integracja EMDR"},"content":{"rendered":"<div class=\"responsive-bild-template\">\n<p><img decoding=\"async\" class=\"responsive-bild\" src=\"https:\/\/remstim.com\/wp-content\/uploads\/2026\/04\/Modul-6-\u2013-EMDR-integrieren-Sicherheit-Abschluss-Ausblick_cover.jpg\" alt=\"\"><\/p>\n<div class=\"responsive-template\">\t\t<div data-elementor-type=\"section\" data-elementor-id=\"28718\" class=\"elementor elementor-28718 elementor-28456\" data-elementor-post-type=\"elementor_library\">\n\t\t\t\t\t<section class=\"elementor-section elementor-top-section elementor-element elementor-element-3780c2cc elementor-section-boxed elementor-section-height-default elementor-section-height-default\" data-id=\"3780c2cc\" data-element_type=\"section\" data-e-type=\"section\">\n\t\t\t\t\t\t<div class=\"elementor-container elementor-column-gap-no\">\n\t\t\t\t\t<div class=\"elementor-column elementor-col-100 elementor-top-column elementor-element elementor-element-42ef232c\" data-id=\"42ef232c\" data-element_type=\"column\" data-e-type=\"column\">\n\t\t\t<div class=\"elementor-widget-wrap elementor-element-populated\">\n\t\t\t\t\t\t<section class=\"elementor-section elementor-inner-section elementor-element elementor-element-9c01e0 elementor-section-boxed elementor-section-height-default elementor-section-height-default\" data-id=\"9c01e0\" data-element_type=\"section\" data-e-type=\"section\" data-settings=\"{&quot;background_background&quot;:&quot;classic&quot;}\">\n\t\t\t\t\t\t<div class=\"elementor-container elementor-column-gap-default\">\n\t\t\t\t\t<div class=\"elementor-column elementor-col-100 elementor-inner-column elementor-element elementor-element-5513bd91\" data-id=\"5513bd91\" data-element_type=\"column\" data-e-type=\"column\" data-settings=\"{&quot;background_background&quot;:&quot;classic&quot;}\">\n\t\t\t<div class=\"elementor-widget-wrap elementor-element-populated\">\n\t\t\t\t\t\t<div class=\"elementor-element elementor-element-090ad39 elementor-widget elementor-widget-text-editor\" data-id=\"090ad39\" data-element_type=\"widget\" data-e-type=\"widget\" data-widget_type=\"text-editor.default\">\n\t\t\t\t<div class=\"elementor-widget-container\">\n\t\t\t\t\t\t\t\t\t<p><strong style=\"font-size: 24px; color: #7e9b30;\">Pe\u0142ny samouczek<\/strong><\/p><p><a href=\"https:\/\/remstim.com\/pl\/emdr-autocoaching-kompletny-samouczek-wideo-moduly-1-6\/\">J\u0119zyk: niemiecki, (czytaj wi\u0119cej&#8230;)<\/a><\/p>\t\t\t\t\t\t\t\t<\/div>\n\t\t\t\t<\/div>\n\t\t\t\t<div class=\"elementor-element elementor-element-553e114 elementor-widget elementor-widget-image\" data-id=\"553e114\" data-element_type=\"widget\" data-e-type=\"widget\" data-widget_type=\"image.default\">\n\t\t\t\t<div class=\"elementor-widget-container\">\n\t\t\t\t\t\t\t\t\t\t\t\t\t\t\t\t<a href=\"https:\/\/remstim.com\/pl\/emdr-autocoaching-kompletny-samouczek-wideo-moduly-1-6\/\">\n\t\t\t\t\t\t\t<img fetchpriority=\"high\" decoding=\"async\" width=\"225\" height=\"300\" src=\"https:\/\/remstim.com\/wp-content\/uploads\/2026\/04\/EMDR-Selbstcoaching-\u2013-Das-komplette-Video-Tutorial-Module-1-6-225x300.jpg\" class=\"attachment-medium size-medium wp-image-28390\" alt=\"Autocoaching EMDR \u2013 Kompletny samouczek wideo (Modu\u0142y 1-6)\" srcset=\"https:\/\/remstim.com\/wp-content\/uploads\/2026\/04\/EMDR-Selbstcoaching-\u2013-Das-komplette-Video-Tutorial-Module-1-6-225x300.jpg 225w, https:\/\/remstim.com\/wp-content\/uploads\/2026\/04\/EMDR-Selbstcoaching-\u2013-Das-komplette-Video-Tutorial-Module-1-6-768x1024.jpg 768w, https:\/\/remstim.com\/wp-content\/uploads\/2026\/04\/EMDR-Selbstcoaching-\u2013-Das-komplette-Video-Tutorial-Module-1-6-1152x1536.jpg 1152w, https:\/\/remstim.com\/wp-content\/uploads\/2026\/04\/EMDR-Selbstcoaching-\u2013-Das-komplette-Video-Tutorial-Module-1-6.jpg 1500w\" sizes=\"(max-width: 225px) 100vw, 225px\" \/>\t\t\t\t\t\t\t\t<\/a>\n\t\t\t\t\t\t\t\t\t\t\t\t\t\t\t<\/div>\n\t\t\t\t<\/div>\n\t\t\t\t<div class=\"elementor-element elementor-element-7faeb86b elementor-widget elementor-widget-text-editor\" data-id=\"7faeb86b\" data-element_type=\"widget\" data-e-type=\"widget\" data-widget_type=\"text-editor.default\">\n\t\t\t\t<div class=\"elementor-widget-container\">\n\t\t\t\t\t\t\t\t\t<p><strong style=\"font-size: 24px; color: #7e9b30;\">129,00 EUR<\/strong><\/p><p>Wszystkie ceny zawieraj\u0105 podatek VAT VAT<\/p>\t\t\t\t\t\t\t\t<\/div>\n\t\t\t\t<\/div>\n\t\t\t\t<div class=\"elementor-element elementor-element-658d24be elementor-align-right elementor-mobile-align-right elementor-widget elementor-widget-button\" data-id=\"658d24be\" data-element_type=\"widget\" data-e-type=\"widget\" data-widget_type=\"button.default\">\n\t\t\t\t<div class=\"elementor-widget-container\">\n\t\t\t\t\t\t\t\t\t<div class=\"elementor-button-wrapper\">\n\t\t\t\t\t<a class=\"elementor-button elementor-button-link elementor-size-sm\" href=\"https:\/\/copecart.com\/products\/5d71033e\/checkout\" target=\"_blank\">\n\t\t\t\t\t\t<span class=\"elementor-button-content-wrapper\">\n\t\t\t\t\t\t\t\t\t<span class=\"elementor-button-text\">Do sklepu<\/span>\n\t\t\t\t\t<\/span>\n\t\t\t\t\t<\/a>\n\t\t\t\t<\/div>\n\t\t\t\t\t\t\t\t<\/div>\n\t\t\t\t<\/div>\n\t\t\t\t<div class=\"elementor-element elementor-element-3ab691ee elementor-widget elementor-widget-text-editor\" data-id=\"3ab691ee\" data-element_type=\"widget\" data-e-type=\"widget\" data-widget_type=\"text-editor.default\">\n\t\t\t\t<div class=\"elementor-widget-container\">\n\t\t\t\t\t\t\t\t\t<p>Zakup za po\u015brednictwem <a href=\"https:\/\/copecart.com\/products\/5d71033e\/checkout\" target=\"_blank\" rel=\"noopener\">Copecart<\/a>, naszego partnera w zakresie produkt\u00f3w cyfrowych.<\/p>\t\t\t\t\t\t\t\t<\/div>\n\t\t\t\t<\/div>\n\t\t\t\t\t<\/div>\n\t\t<\/div>\n\t\t\t\t\t<\/div>\n\t\t<\/section>\n\t\t\t\t\t<\/div>\n\t\t<\/div>\n\t\t\t\t\t<\/div>\n\t\t<\/section>\n\t\t\t\t<\/div>\n\t\t<\/div>\n<\/div>\n<h2>Doprowadzenie procesu do ko\u0144ca \u2013 i \u015bwiadome zako\u0144czenie<\/h2>\n<p>Po kierowanej aplikacji nast\u0119puje krok, kt\u00f3ry cz\u0119sto jest pomijany, a w praktyce jest kluczowy: \u015bwiadome zako\u0144czenie i zintegrowanie do\u015bwiadcze\u0144.<\/p>\n<p>Ten modu\u0142 po\u015bwi\u0119cony jest w\u0142a\u015bnie temu momentowi.<\/p>\n<p>Podsumowuje on najwa\u017cniejsze tre\u015bci samouczka, ponownie je \u0142\u0105czy i wyja\u015bnia, co zosta\u0142o zrozumiane i zastosowane w istocie. Zw\u0142aszcza w przypadku z\u0142o\u017conej procedury, jak\u0105 jest EMDR, tworzy to orientacj\u0119 wykraczaj\u0105c\u0105 poza pojedyncz\u0105 sesj\u0119. <\/p>\n<h2>Widzie\u0107 centralne elementy w kontek\u015bcie<\/h2>\n<p>W trakcie samouczka sta\u0142o si\u0119 jasne, \u017ce EMDR to co\u015b wi\u0119cej ni\u017c pojedyncza technika.<\/p>\n<p>Wspomnienia nie istniej\u0105 w izolacji. S\u0105 one po\u0142\u0105czone z emocjami, reakcjami fizycznymi i wewn\u0119trznymi ocenami. Te powi\u0105zania kszta\u0142tuj\u0105 codzienne do\u015bwiadczenia \u2013 cz\u0119sto bez \u015bwiadomego ich postrzegania.  <\/p>\n<p>Praca z ruchami ga\u0142ek ocznych koncentruje si\u0119 w\u0142a\u015bnie na tych punktach. Wprowadza ona ruch w utrwalone wzorce i umo\u017cliwia systemowi ponowne uporz\u0105dkowanie obci\u0105\u017caj\u0105cych tre\u015bci. <\/p>\n<p>Jednocze\u015bnie sta\u0142o si\u0119 widoczne, jak kluczowe jest precyzyjne wdro\u017cenie. Tempo, rytm i r\u00f3wnomierno\u015b\u0107 wp\u0142ywaj\u0105 na to, czy proces faktycznie si\u0119 rozpocznie. R\u00f3wnie wa\u017cna jest struktura, kt\u00f3r\u0105 zapewniaj\u0105 sze\u015b\u0107 krok\u00f3w i kt\u00f3ra wspiera przebieg.  <\/p>\n<p>Modu\u0142 ten ponownie \u0142\u0105czy te aspekty, tak aby sta\u0142y si\u0119 one rozpoznawalne jako ca\u0142o\u015b\u0107.<\/p>\n<h2>Bezpiecze\u0144stwo i wyznaczanie granic \u2013 znajomo\u015b\u0107 w\u0142asnych ram<\/h2>\n<p>EMDR w autocoachingu mo\u017ce by\u0107 pot\u0119\u017cnym wsparciem, ale wymaga jasnej \u015bwiadomo\u015bci swoich granic.<\/p>\n<p>Aplikacja koncentruje si\u0119 na codziennych problemach, obci\u0105\u017ceniach, napi\u0119ciach i wewn\u0119trznych procesach, kt\u00f3re mo\u017cna samodzielnie przetwarza\u0107. Nie zast\u0119puje ona wsparcia terapeutycznego. <\/p>\n<p>Je\u015bli problem nabiera g\u0142\u0119bi, je\u015bli emocje staj\u0105 si\u0119 intensywniejsze lub przyt\u0142aczaj\u0105ce, nie jest to b\u0142\u0105d. Jest to sygna\u0142, \u017ce dodatkowe wsparcie jest wskazane. <\/p>\n<p>Modu\u0142 ten dok\u0142adnie wyja\u015bnia ten punkt i pokazuje, jak mo\u017ce wygl\u0105da\u0107 \u015bwiadome post\u0119powanie w takiej sytuacji.<\/p>\n<p>R\u00f3wnie wa\u017cne jest zako\u0144czenie procesu. Jasne zako\u0144czenie zapewnia, \u017ce wewn\u0119trzny ruch nie pozostaje otwarty, lecz przechodzi w stabiln\u0105 form\u0119. Tworzy spok\u00f3j i orientacj\u0119 po aplikacji.  <\/p>\n<h2>Integracja \u2013 co dzieje si\u0119 po sesji<\/h2>\n<p>Zmiana nast\u0119puje nie tylko w momencie aplikacji, ale tak\u017ce p\u00f3\u017aniej.<\/p>\n<p>My\u015bli mog\u0105 si\u0119 zmienia\u0107, emocje mog\u0105 si\u0119 modyfikowa\u0107, odczucia fizyczne mog\u0105 si\u0119 reorganizowa\u0107. Procesy te cz\u0119sto przebiegaj\u0105 cicho i rozwijaj\u0105 swoje dzia\u0142anie w tle. <\/p>\n<p>Modu\u0142 ten wyja\u015bnia, jak mo\u017cna interpretowa\u0107 t\u0119 faz\u0119 i dlaczego jest ona istotn\u0105 cz\u0119\u015bci\u0105 ca\u0142ego procesu.<\/p>\n<p>Nie chodzi o natychmiastowe utrwalenie wyniku, lecz o dostrze\u017cenie, co si\u0119 zmienia i jak ta zmiana przejawia si\u0119 w codziennym \u017cyciu.<\/p>\n<h2>Perspektywa \u2013 kontynuacja aplikacji<\/h2>\n<p>Ten modu\u0142 ko\u0144czy samouczek, ale nie proces.<\/p>\n<p>EMDR w autocoachingu nie jest jednorazow\u0105 aplikacj\u0105, lecz czym\u015b, co mo\u017cna powtarza\u0107 i pog\u0142\u0119bia\u0107. Z ka\u017cd\u0105 sesj\u0105 wzrasta pewno\u015b\u0107 w radzeniu sobie z w\u0142asnymi reakcjami i jasno\u015b\u0107 w wewn\u0119trznym do\u015bwiadczaniu. <\/p>\n<p>Zmiana nie zawsze jest od razu widoczna. Rozwija si\u0119 stopniowo, czasem ledwo zauwa\u017calnie, czasem wyra\u017anie. Kluczowe jest istnienie ram, w kt\u00f3rych ten rozw\u00f3j mo\u017ce nast\u0105pi\u0107.  <\/p>\n<p>W\u0142a\u015bnie te ramy tworzy wsp\u00f3\u0142dzia\u0142anie modu\u0142\u00f3w. Modu\u0142 6 zamyka kr\u0105g. <\/p>\n<p>Od podstawowej klasyfikacji, poprzez mechanizm dzia\u0142ania, praktyczne wdro\u017cenie i kierowan\u0105 aplikacj\u0119, powstaje sp\u00f3jny proces, kt\u00f3ry jest tutaj \u015bwiadomie doprowadzany do ko\u0144ca.<\/p>\n<p>W ten spos\u00f3b pozostaje nie tylko pojedyncze przej\u015bcie, ale struktura, do kt\u00f3rej zawsze mo\u017cna wr\u00f3ci\u0107.<\/p>\n","protected":false},"excerpt":{"rendered":"<p>Doprowadzenie procesu do ko\u0144ca \u2013 i \u015bwiadome zako\u0144czenie Po kierowanej aplikacji nast\u0119puje krok, kt\u00f3ry cz\u0119sto jest pomijany, a w praktyce jest kluczowy: \u015bwiadome zako\u0144czenie i zintegrowanie do\u015bwiadcze\u0144. Ten modu\u0142 po\u015bwi\u0119cony jest w\u0142a\u015bnie temu momentowi. Podsumowuje on najwa\u017cniejsze tre\u015bci samouczka, ponownie je \u0142\u0105czy i wyja\u015bnia, co zosta\u0142o zrozumiane i zastosowane w istocie. Zw\u0142aszcza w przypadku z\u0142o\u017conej [&hellip;]<\/p>\n","protected":false},"author":1,"featured_media":0,"parent":0,"menu_order":0,"comment_status":"closed","ping_status":"closed","template":"","meta":{"_acf_changed":false,"site-sidebar-layout":"default","site-content-layout":"","ast-site-content-layout":"default","site-content-style":"default","site-sidebar-style":"default","ast-global-header-display":"","ast-banner-title-visibility":"","ast-main-header-display":"","ast-hfb-above-header-display":"","ast-hfb-below-header-display":"","ast-hfb-mobile-header-display":"","site-post-title":"","ast-breadcrumbs-content":"","ast-featured-img":"","footer-sml-layout":"","ast-disable-related-posts":"","theme-transparent-header-meta":"default","adv-header-id-meta":"","stick-header-meta":"default","header-above-stick-meta":"","header-main-stick-meta":"","header-below-stick-meta":"","astra-migrate-meta-layouts":"default","ast-page-background-enabled":"default","ast-page-background-meta":{"desktop":{"background-color":"var(--ast-global-color-4)","background-image":"","background-repeat":"repeat","background-position":"center center","background-size":"auto","background-attachment":"scroll","background-type":"","background-media":"","overlay-type":"","overlay-color":"","overlay-opacity":"","overlay-gradient":""},"tablet":{"background-color":"","background-image":"","background-repeat":"repeat","background-position":"center center","background-size":"auto","background-attachment":"scroll","background-type":"","background-media":"","overlay-type":"","overlay-color":"","overlay-opacity":"","overlay-gradient":""},"mobile":{"background-color":"","background-image":"","background-repeat":"repeat","background-position":"center center","background-size":"auto","background-attachment":"scroll","background-type":"","background-media":"","overlay-type":"","overlay-color":"","overlay-opacity":"","overlay-gradient":""}},"ast-content-background-meta":{"desktop":{"background-color":"var(--ast-global-color-5)","background-image":"","background-repeat":"repeat","background-position":"center center","background-size":"auto","background-attachment":"scroll","background-type":"","background-media":"","overlay-type":"","overlay-color":"","overlay-opacity":"","overlay-gradient":""},"tablet":{"background-color":"var(--ast-global-color-5)","background-image":"","background-repeat":"repeat","background-position":"center center","background-size":"auto","background-attachment":"scroll","background-type":"","background-media":"","overlay-type":"","overlay-color":"","overlay-opacity":"","overlay-gradient":""},"mobile":{"background-color":"var(--ast-global-color-5)","background-image":"","background-repeat":"repeat","background-position":"center center","background-size":"auto","background-attachment":"scroll","background-type":"","background-media":"","overlay-type":"","overlay-color":"","overlay-opacity":"","overlay-gradient":""}},"footnotes":""},"class_list":["post-28802","page","type-page","status-publish","hentry"],"acf":[],"yoast_head":"<!-- This site is optimized with the Yoast SEO plugin v27.5 - https:\/\/yoast.com\/product\/yoast-seo-wordpress\/ -->\n<title>EMDR Autocoaching \u2013 Integracja i zako\u0144czenie (Modu\u0142 6)<\/title>\n<meta name=\"description\" content=\"Modu\u0142 ten podsumowuje najwa\u017cniejsze tre\u015bci autocoachingu EMDR, okre\u015bla kwestie bezpiecze\u0144stwa i granic oraz pokazuje, jak \u015bwiadomie zako\u0144czy\u0107 proces.\" \/>\n<meta name=\"robots\" content=\"index, follow, max-snippet:-1, max-image-preview:large, max-video-preview:-1\" \/>\n<link rel=\"canonical\" href=\"https:\/\/remstim.com\/pl\/modul-6-integracja-emdr\/\" \/>\n<meta property=\"og:locale\" content=\"pl_PL\" \/>\n<meta property=\"og:type\" content=\"article\" \/>\n<meta property=\"og:title\" content=\"EMDR Autocoaching \u2013 Integracja i zako\u0144czenie (Modu\u0142 6)\" \/>\n<meta property=\"og:description\" content=\"Modu\u0142 ten podsumowuje najwa\u017cniejsze tre\u015bci autocoachingu EMDR, okre\u015bla kwestie bezpiecze\u0144stwa i granic oraz pokazuje, jak \u015bwiadomie zako\u0144czy\u0107 proces.\" \/>\n<meta property=\"og:url\" content=\"https:\/\/remstim.com\/pl\/modul-6-integracja-emdr\/\" \/>\n<meta property=\"og:site_name\" content=\"EMDR Ger\u00e4t REMSTIM 3000 gegen Stress\" \/>\n<meta name=\"twitter:label1\" content=\"Szacowany czas czytania\" \/>\n\t<meta name=\"twitter:data1\" content=\"3 minuty\" \/>\n<script type=\"application\/ld+json\" class=\"yoast-schema-graph\">{\"@context\":\"https:\\\/\\\/schema.org\",\"@graph\":[{\"@type\":\"WebPage\",\"@id\":\"https:\\\/\\\/remstim.com\\\/pl\\\/modul-6-integracja-emdr\\\/\",\"url\":\"https:\\\/\\\/remstim.com\\\/pl\\\/modul-6-integracja-emdr\\\/\",\"name\":\"EMDR Autocoaching \u2013 Integracja i zako\u0144czenie (Modu\u0142 6)\",\"isPartOf\":{\"@id\":\"https:\\\/\\\/remstim.com\\\/pl\\\/#website\"},\"datePublished\":\"2026-04-27T10:23:48+00:00\",\"description\":\"Modu\u0142 ten podsumowuje najwa\u017cniejsze tre\u015bci autocoachingu EMDR, okre\u015bla kwestie bezpiecze\u0144stwa i granic oraz pokazuje, jak \u015bwiadomie zako\u0144czy\u0107 proces.\",\"breadcrumb\":{\"@id\":\"https:\\\/\\\/remstim.com\\\/pl\\\/modul-6-integracja-emdr\\\/#breadcrumb\"},\"inLanguage\":\"pl-PL\",\"potentialAction\":[{\"@type\":\"ReadAction\",\"target\":[\"https:\\\/\\\/remstim.com\\\/pl\\\/modul-6-integracja-emdr\\\/\"]}]},{\"@type\":\"BreadcrumbList\",\"@id\":\"https:\\\/\\\/remstim.com\\\/pl\\\/modul-6-integracja-emdr\\\/#breadcrumb\",\"itemListElement\":[{\"@type\":\"ListItem\",\"position\":1,\"name\":\"Startseite\",\"item\":\"https:\\\/\\\/remstim.com\\\/pl\\\/strona-glowna\\\/\"},{\"@type\":\"ListItem\",\"position\":2,\"name\":\"Modu\u0142 6 \u2013 Integracja EMDR\"}]},{\"@type\":\"WebSite\",\"@id\":\"https:\\\/\\\/remstim.com\\\/pl\\\/#website\",\"url\":\"https:\\\/\\\/remstim.com\\\/pl\\\/\",\"name\":\"EMDR Ger\u00e4t REMSTIM 3000 gegen Stress\",\"description\":\"Wie wir schnell Entspannung finden.\",\"publisher\":{\"@id\":\"https:\\\/\\\/remstim.com\\\/pl\\\/#organization\"},\"potentialAction\":[{\"@type\":\"SearchAction\",\"target\":{\"@type\":\"EntryPoint\",\"urlTemplate\":\"https:\\\/\\\/remstim.com\\\/pl\\\/?s={search_term_string}\"},\"query-input\":{\"@type\":\"PropertyValueSpecification\",\"valueRequired\":true,\"valueName\":\"search_term_string\"}}],\"inLanguage\":\"pl-PL\"},{\"@type\":\"Organization\",\"@id\":\"https:\\\/\\\/remstim.com\\\/pl\\\/#organization\",\"name\":\"EMDR Ger\u00e4t REMSTIM 3000 gegen Stress\",\"url\":\"https:\\\/\\\/remstim.com\\\/pl\\\/\",\"logo\":{\"@type\":\"ImageObject\",\"inLanguage\":\"pl-PL\",\"@id\":\"https:\\\/\\\/remstim.com\\\/pl\\\/#\\\/schema\\\/logo\\\/image\\\/\",\"url\":\"https:\\\/\\\/remstim.com\\\/wp-content\\\/uploads\\\/2012\\\/06\\\/REMSTIM-Logo-mit-Untertitel_orange-e1340382850185.png\",\"contentUrl\":\"https:\\\/\\\/remstim.com\\\/wp-content\\\/uploads\\\/2012\\\/06\\\/REMSTIM-Logo-mit-Untertitel_orange-e1340382850185.png\",\"width\":304,\"height\":80,\"caption\":\"EMDR Ger\u00e4t REMSTIM 3000 gegen Stress\"},\"image\":{\"@id\":\"https:\\\/\\\/remstim.com\\\/pl\\\/#\\\/schema\\\/logo\\\/image\\\/\"}}]}<\/script>\n<!-- \/ Yoast SEO plugin. -->","yoast_head_json":{"title":"EMDR Autocoaching \u2013 Integracja i zako\u0144czenie (Modu\u0142 6)","description":"Modu\u0142 ten podsumowuje najwa\u017cniejsze tre\u015bci autocoachingu EMDR, okre\u015bla kwestie bezpiecze\u0144stwa i granic oraz pokazuje, jak \u015bwiadomie zako\u0144czy\u0107 proces.","robots":{"index":"index","follow":"follow","max-snippet":"max-snippet:-1","max-image-preview":"max-image-preview:large","max-video-preview":"max-video-preview:-1"},"canonical":"https:\/\/remstim.com\/pl\/modul-6-integracja-emdr\/","og_locale":"pl_PL","og_type":"article","og_title":"EMDR Autocoaching \u2013 Integracja i zako\u0144czenie (Modu\u0142 6)","og_description":"Modu\u0142 ten podsumowuje najwa\u017cniejsze tre\u015bci autocoachingu EMDR, okre\u015bla kwestie bezpiecze\u0144stwa i granic oraz pokazuje, jak \u015bwiadomie zako\u0144czy\u0107 proces.","og_url":"https:\/\/remstim.com\/pl\/modul-6-integracja-emdr\/","og_site_name":"EMDR Ger\u00e4t REMSTIM 3000 gegen Stress","twitter_misc":{"Szacowany czas czytania":"3 minuty"},"schema":{"@context":"https:\/\/schema.org","@graph":[{"@type":"WebPage","@id":"https:\/\/remstim.com\/pl\/modul-6-integracja-emdr\/","url":"https:\/\/remstim.com\/pl\/modul-6-integracja-emdr\/","name":"EMDR Autocoaching \u2013 Integracja i zako\u0144czenie (Modu\u0142 6)","isPartOf":{"@id":"https:\/\/remstim.com\/pl\/#website"},"datePublished":"2026-04-27T10:23:48+00:00","description":"Modu\u0142 ten podsumowuje najwa\u017cniejsze tre\u015bci autocoachingu EMDR, okre\u015bla kwestie bezpiecze\u0144stwa i granic oraz pokazuje, jak \u015bwiadomie zako\u0144czy\u0107 proces.","breadcrumb":{"@id":"https:\/\/remstim.com\/pl\/modul-6-integracja-emdr\/#breadcrumb"},"inLanguage":"pl-PL","potentialAction":[{"@type":"ReadAction","target":["https:\/\/remstim.com\/pl\/modul-6-integracja-emdr\/"]}]},{"@type":"BreadcrumbList","@id":"https:\/\/remstim.com\/pl\/modul-6-integracja-emdr\/#breadcrumb","itemListElement":[{"@type":"ListItem","position":1,"name":"Startseite","item":"https:\/\/remstim.com\/pl\/strona-glowna\/"},{"@type":"ListItem","position":2,"name":"Modu\u0142 6 \u2013 Integracja EMDR"}]},{"@type":"WebSite","@id":"https:\/\/remstim.com\/pl\/#website","url":"https:\/\/remstim.com\/pl\/","name":"EMDR Ger\u00e4t REMSTIM 3000 gegen Stress","description":"Wie wir schnell Entspannung finden.","publisher":{"@id":"https:\/\/remstim.com\/pl\/#organization"},"potentialAction":[{"@type":"SearchAction","target":{"@type":"EntryPoint","urlTemplate":"https:\/\/remstim.com\/pl\/?s={search_term_string}"},"query-input":{"@type":"PropertyValueSpecification","valueRequired":true,"valueName":"search_term_string"}}],"inLanguage":"pl-PL"},{"@type":"Organization","@id":"https:\/\/remstim.com\/pl\/#organization","name":"EMDR Ger\u00e4t REMSTIM 3000 gegen Stress","url":"https:\/\/remstim.com\/pl\/","logo":{"@type":"ImageObject","inLanguage":"pl-PL","@id":"https:\/\/remstim.com\/pl\/#\/schema\/logo\/image\/","url":"https:\/\/remstim.com\/wp-content\/uploads\/2012\/06\/REMSTIM-Logo-mit-Untertitel_orange-e1340382850185.png","contentUrl":"https:\/\/remstim.com\/wp-content\/uploads\/2012\/06\/REMSTIM-Logo-mit-Untertitel_orange-e1340382850185.png","width":304,"height":80,"caption":"EMDR Ger\u00e4t REMSTIM 3000 gegen Stress"},"image":{"@id":"https:\/\/remstim.com\/pl\/#\/schema\/logo\/image\/"}}]}},"_links":{"self":[{"href":"https:\/\/remstim.com\/pl\/wp-json\/wp\/v2\/pages\/28802","targetHints":{"allow":["GET"]}}],"collection":[{"href":"https:\/\/remstim.com\/pl\/wp-json\/wp\/v2\/pages"}],"about":[{"href":"https:\/\/remstim.com\/pl\/wp-json\/wp\/v2\/types\/page"}],"author":[{"embeddable":true,"href":"https:\/\/remstim.com\/pl\/wp-json\/wp\/v2\/users\/1"}],"replies":[{"embeddable":true,"href":"https:\/\/remstim.com\/pl\/wp-json\/wp\/v2\/comments?post=28802"}],"version-history":[{"count":0,"href":"https:\/\/remstim.com\/pl\/wp-json\/wp\/v2\/pages\/28802\/revisions"}],"wp:attachment":[{"href":"https:\/\/remstim.com\/pl\/wp-json\/wp\/v2\/media?parent=28802"}],"curies":[{"name":"wp","href":"https:\/\/api.w.org\/{rel}","templated":true}]}}