{"id":28814,"date":"2026-04-27T10:23:41","date_gmt":"2026-04-27T10:23:41","guid":{"rendered":"https:\/\/remstim.com\/modul-4-przebieg-6-krokow-autocoachingu-emdr\/"},"modified":"2026-04-27T10:23:41","modified_gmt":"2026-04-27T10:23:41","slug":"modul-4-przebieg-6-krokow-autocoachingu-emdr","status":"publish","type":"page","link":"https:\/\/remstim.com\/pl\/modul-4-przebieg-6-krokow-autocoachingu-emdr\/","title":{"rendered":"Modu\u0142 4 \u2013 Przebieg 6 krok\u00f3w autocoachingu EMDR"},"content":{"rendered":"<div class=\"responsive-bild-template\">\n<p><img decoding=\"async\" class=\"responsive-bild\" src=\"https:\/\/remstim.com\/wp-content\/uploads\/2026\/04\/Modul-4-\u2013-Ablauf-der-6-Schritte-des-EMDR-Selbstcoachings_Cover.jpg\" alt=\"\"><\/p>\n<div class=\"responsive-template\">\t\t<div data-elementor-type=\"section\" data-elementor-id=\"28718\" class=\"elementor elementor-28718 elementor-28456\" data-elementor-post-type=\"elementor_library\">\n\t\t\t\t\t<section class=\"elementor-section elementor-top-section elementor-element elementor-element-3780c2cc elementor-section-boxed elementor-section-height-default elementor-section-height-default\" data-id=\"3780c2cc\" data-element_type=\"section\" data-e-type=\"section\">\n\t\t\t\t\t\t<div class=\"elementor-container elementor-column-gap-no\">\n\t\t\t\t\t<div class=\"elementor-column elementor-col-100 elementor-top-column elementor-element elementor-element-42ef232c\" data-id=\"42ef232c\" data-element_type=\"column\" data-e-type=\"column\">\n\t\t\t<div class=\"elementor-widget-wrap elementor-element-populated\">\n\t\t\t\t\t\t<section class=\"elementor-section elementor-inner-section elementor-element elementor-element-9c01e0 elementor-section-boxed elementor-section-height-default elementor-section-height-default\" data-id=\"9c01e0\" data-element_type=\"section\" data-e-type=\"section\" data-settings=\"{&quot;background_background&quot;:&quot;classic&quot;}\">\n\t\t\t\t\t\t<div class=\"elementor-container elementor-column-gap-default\">\n\t\t\t\t\t<div class=\"elementor-column elementor-col-100 elementor-inner-column elementor-element elementor-element-5513bd91\" data-id=\"5513bd91\" data-element_type=\"column\" data-e-type=\"column\" data-settings=\"{&quot;background_background&quot;:&quot;classic&quot;}\">\n\t\t\t<div class=\"elementor-widget-wrap elementor-element-populated\">\n\t\t\t\t\t\t<div class=\"elementor-element elementor-element-090ad39 elementor-widget elementor-widget-text-editor\" data-id=\"090ad39\" data-element_type=\"widget\" data-e-type=\"widget\" data-widget_type=\"text-editor.default\">\n\t\t\t\t<div class=\"elementor-widget-container\">\n\t\t\t\t\t\t\t\t\t<p><strong style=\"font-size: 24px; color: #7e9b30;\">Pe\u0142ny samouczek<\/strong><\/p><p><a href=\"https:\/\/remstim.com\/pl\/emdr-autocoaching-kompletny-samouczek-wideo-moduly-1-6\/\">J\u0119zyk: niemiecki, (czytaj wi\u0119cej&#8230;)<\/a><\/p>\t\t\t\t\t\t\t\t<\/div>\n\t\t\t\t<\/div>\n\t\t\t\t<div class=\"elementor-element elementor-element-553e114 elementor-widget elementor-widget-image\" data-id=\"553e114\" data-element_type=\"widget\" data-e-type=\"widget\" data-widget_type=\"image.default\">\n\t\t\t\t<div class=\"elementor-widget-container\">\n\t\t\t\t\t\t\t\t\t\t\t\t\t\t\t\t<a href=\"https:\/\/remstim.com\/pl\/emdr-autocoaching-kompletny-samouczek-wideo-moduly-1-6\/\">\n\t\t\t\t\t\t\t<img fetchpriority=\"high\" decoding=\"async\" width=\"225\" height=\"300\" src=\"https:\/\/remstim.com\/wp-content\/uploads\/2026\/04\/EMDR-Selbstcoaching-\u2013-Das-komplette-Video-Tutorial-Module-1-6-225x300.jpg\" class=\"attachment-medium size-medium wp-image-28390\" alt=\"Autocoaching EMDR \u2013 Kompletny samouczek wideo (Modu\u0142y 1-6)\" srcset=\"https:\/\/remstim.com\/wp-content\/uploads\/2026\/04\/EMDR-Selbstcoaching-\u2013-Das-komplette-Video-Tutorial-Module-1-6-225x300.jpg 225w, https:\/\/remstim.com\/wp-content\/uploads\/2026\/04\/EMDR-Selbstcoaching-\u2013-Das-komplette-Video-Tutorial-Module-1-6-768x1024.jpg 768w, https:\/\/remstim.com\/wp-content\/uploads\/2026\/04\/EMDR-Selbstcoaching-\u2013-Das-komplette-Video-Tutorial-Module-1-6-1152x1536.jpg 1152w, https:\/\/remstim.com\/wp-content\/uploads\/2026\/04\/EMDR-Selbstcoaching-\u2013-Das-komplette-Video-Tutorial-Module-1-6.jpg 1500w\" sizes=\"(max-width: 225px) 100vw, 225px\" \/>\t\t\t\t\t\t\t\t<\/a>\n\t\t\t\t\t\t\t\t\t\t\t\t\t\t\t<\/div>\n\t\t\t\t<\/div>\n\t\t\t\t<div class=\"elementor-element elementor-element-7faeb86b elementor-widget elementor-widget-text-editor\" data-id=\"7faeb86b\" data-element_type=\"widget\" data-e-type=\"widget\" data-widget_type=\"text-editor.default\">\n\t\t\t\t<div class=\"elementor-widget-container\">\n\t\t\t\t\t\t\t\t\t<p><strong style=\"font-size: 24px; color: #7e9b30;\">129,00 EUR<\/strong><\/p><p>Wszystkie ceny zawieraj\u0105 podatek VAT VAT<\/p>\t\t\t\t\t\t\t\t<\/div>\n\t\t\t\t<\/div>\n\t\t\t\t<div class=\"elementor-element elementor-element-658d24be elementor-align-right elementor-mobile-align-right elementor-widget elementor-widget-button\" data-id=\"658d24be\" data-element_type=\"widget\" data-e-type=\"widget\" data-widget_type=\"button.default\">\n\t\t\t\t<div class=\"elementor-widget-container\">\n\t\t\t\t\t\t\t\t\t<div class=\"elementor-button-wrapper\">\n\t\t\t\t\t<a class=\"elementor-button elementor-button-link elementor-size-sm\" href=\"https:\/\/copecart.com\/products\/5d71033e\/checkout\" target=\"_blank\">\n\t\t\t\t\t\t<span class=\"elementor-button-content-wrapper\">\n\t\t\t\t\t\t\t\t\t<span class=\"elementor-button-text\">Do sklepu<\/span>\n\t\t\t\t\t<\/span>\n\t\t\t\t\t<\/a>\n\t\t\t\t<\/div>\n\t\t\t\t\t\t\t\t<\/div>\n\t\t\t\t<\/div>\n\t\t\t\t<div class=\"elementor-element elementor-element-3ab691ee elementor-widget elementor-widget-text-editor\" data-id=\"3ab691ee\" data-element_type=\"widget\" data-e-type=\"widget\" data-widget_type=\"text-editor.default\">\n\t\t\t\t<div class=\"elementor-widget-container\">\n\t\t\t\t\t\t\t\t\t<p>Zakup za po\u015brednictwem <a href=\"https:\/\/copecart.com\/products\/5d71033e\/checkout\" target=\"_blank\" rel=\"noopener\">Copecart<\/a>, naszego partnera w zakresie produkt\u00f3w cyfrowych.<\/p>\t\t\t\t\t\t\t\t<\/div>\n\t\t\t\t<\/div>\n\t\t\t\t\t<\/div>\n\t\t<\/div>\n\t\t\t\t\t<\/div>\n\t\t<\/section>\n\t\t\t\t\t<\/div>\n\t\t<\/div>\n\t\t\t\t\t<\/div>\n\t\t<\/section>\n\t\t\t\t<\/div>\n\t\t<\/div>\n<\/div>\n<h2>Od poszczeg\u00f3lnych element\u00f3w do sp\u00f3jnego procesu \u2013 i dlaczego struktura jest kluczowa<\/h2>\n<p>Po tym, jak w poprzednich modu\u0142ach przedstawiono podstawy, mechanizm dzia\u0142ania i praktyczne zastosowanie ruch\u00f3w ga\u0142ek ocznych, nast\u0119puje teraz krok, w kt\u00f3rym wszystko zostaje po\u0142\u0105czone.<\/p>\n<p>Do tego momentu dost\u0119pne s\u0105 poszczeg\u00f3lne elementy. Zrozumia\u0142e jest, jak dzia\u0142a EMDR, jak\u0105 rol\u0119 odgrywaj\u0105 ruchy ga\u0142ek ocznych i jak mo\u017cna je praktycznie zastosowa\u0107. Brakuje jednak jasnej struktury, kt\u00f3ra przekszta\u0142ci\u0142aby te elementy w sp\u00f3jny przebieg.  <\/p>\n<p>W\u0142a\u015bnie w tym miejscu zaczyna si\u0119 ten modu\u0142.<\/p>\n<h2>Dlaczego prowadzony przebieg ma inn\u0105 jako\u015b\u0107<\/h2>\n<p>Istotna r\u00f3\u017cnica w tym miejscu ujawnia si\u0119 w formie przekazu. Przebieg mo\u017cna opisa\u0107, na przyk\u0142ad w ksi\u0105\u017cce lub w pisemnej instrukcji. Tworzy to zrozumienie poszczeg\u00f3lnych krok\u00f3w, jednak ich wdro\u017cenie cz\u0119sto pozostaje fragmentaryczne.  <\/p>\n<p>Prowadzony film ma inn\u0105 jako\u015b\u0107.<\/p>\n<p>Proces nie jest tylko wyja\u015bniany, ale prowadzony w swoim przebiegu czasowym. Przej\u015bcia nie powstaj\u0105 teoretycznie, lecz staj\u0105 si\u0119 bezpo\u015brednio do\u015bwiadczalne. Uwaga, tempo i struktura wsp\u00f3\u0142graj\u0105 ze sob\u0105, bez konieczno\u015bci ich aktywnego \u0142\u0105czenia.  <\/p>\n<p>W ten spos\u00f3b powstaje forma zastosowania, kt\u00f3ra jest znacznie stabilniejsza ni\u017c czysto my\u015blowa rekonstrukcja poszczeg\u00f3lnych krok\u00f3w.<\/p>\n<p>Ten modu\u0142 przygotowuje dok\u0142adnie do tej formy wdro\u017cenia.<\/p>\n<h2>Sze\u015b\u0107 krok\u00f3w jako rama \u2013 i jak wspieraj\u0105 proces<\/h2>\n<p>Przedstawiony tutaj przebieg opiera si\u0119 na jasnej strukturze, kt\u00f3ra dzieli si\u0119 na sze\u015b\u0107 kolejnych krok\u00f3w.<\/p>\n<p>Punktem wyj\u015bcia jest znalezienie konkretnego tematu, kt\u00f3ry s\u0142u\u017cy jako wprowadzenie do procesu. Nast\u0119pnie nazywane s\u0105 zwi\u0105zane z nim emocje, co tworzy pierwsze \u015bwiadome po\u0142\u0105czenie z wewn\u0119trznym do\u015bwiadczeniem. Dodatkowo uwaga skupia si\u0119 na odczuciach cielesnych, kt\u00f3re cz\u0119sto odgrywaj\u0105 kluczow\u0105 rol\u0119 w dalszym przebiegu.  <\/p>\n<p>Na tej podstawie rozpoczyna si\u0119 w\u0142a\u015bciwe przetwarzanie. W tej fazie proces zostaje uruchomiony i kontynuowany. Nast\u0119pnie uwaga kierowana jest na ewentualne pozosta\u0142e odczucia, kt\u00f3re cz\u0119sto staj\u0105 si\u0119 widoczne dopiero w trakcie i mog\u0105 by\u0107 celowo podj\u0119te. Zako\u0144czeniem jest zakotwiczenie zmienionego do\u015bwiadczenia, co przekszta\u0142ca proces w stabiln\u0105 form\u0119.   <\/p>\n<p>Kroki te nie powinny by\u0107 rozumiane w izolacji, lecz wsp\u00f3\u0142dzia\u0142aj\u0105 ze sob\u0105 i wsp\u00f3lnie tworz\u0105 ramy dla zrozumia\u0142ego i powtarzalnego zastosowania.<\/p>\n<h2>Rozgraniczenie od klasycznej terapii EMDR<\/h2>\n<p>W tym miejscu wa\u017cne jest jasne rozr\u00f3\u017cnienie.<\/p>\n<p>Przedstawiona tutaj struktura \u015bwiadomie r\u00f3\u017cni si\u0119 od o\u015bmiu faz klasycznej terapii EMDR. Podczas gdy zastosowanie terapeutyczne wymaga szerszych ram i uwzgl\u0119dnia inne warunki, proces autocoachingu jest celowo zredukowany i dostosowany. Jednocze\u015bnie autocoaching odnosi si\u0119 wy\u0142\u0105cznie do temat\u00f3w o charakterze niepatologicznym, czyli do tre\u015bci, kt\u00f3re pojawiaj\u0105 si\u0119 w \u017cyciu codziennym i mog\u0105 by\u0107 samodzielnie przetwarzane.  <\/p>\n<p>To uproszczenie nie jest strat\u0105 jako\u015bci, lecz \u015bwiadomym dostosowaniem do wymaga\u0144 autocoachingu. Umo\u017cliwia samodzielne stosowanie metody, bez konieczno\u015bci odwzorowywania ca\u0142ego kontekstu terapeutycznego. <\/p>\n<p>Struktura, na kt\u00f3rej opiera si\u0119 ten modu\u0142, bazuje na wieloletnim rozwoju i by\u0142a przez wiele lat udoskonalana w praktyce. Jej celem jest dostarczenie jasnego, funkcjonalnego przebiegu, kt\u00f3ry obywa si\u0119 bez dodatkowej z\u0142o\u017cono\u015bci. <\/p>\n<h2>Orientacja w procesie \u2013 i dlaczego tworzy bezpiecze\u0144stwo<\/h2>\n<p>Ustrukturyzowany przebieg ma kluczowe znaczenie: tworzy orientacj\u0119.<\/p>\n<p>Podczas stosowania zawsze pojawiaj\u0105 si\u0119 momenty, w kt\u00f3rych nie jest jasne, co dalej. Bez jasnej struktury szybko prowadzi to do niepewno\u015bci lub do przedwczesnego przerwania procesu. <\/p>\n<p>Dzi\u0119ki zrozumia\u0142ej sekwencji ten problem zostaje znacznie z\u0142agodzony.<\/p>\n<p>Staje si\u0119 jasne, w kt\u00f3rym miejscu procesu si\u0119 znajdujemy, co jest nast\u0119pne sensowne i jak poszczeg\u00f3lne fazy s\u0105 ze sob\u0105 po\u0142\u0105czone. W ten spos\u00f3b powstaje forma bezpiecze\u0144stwa, kt\u00f3ra nie opiera si\u0119 na kontroli, lecz na zrozumieniu. <\/p>\n<p>Ten modu\u0142 stanowi dok\u0142adnie t\u0119 podstaw\u0119.<\/p>\n<h2>Przygotowanie do konkretnego do\u015bwiadczenia<\/h2>\n<p>Dzi\u0119ki temu modu\u0142owi budowa systemu jest zako\u0144czona. Poszczeg\u00f3lne elementy s\u0105 uporz\u0105dkowane, wdro\u017cenie jest wyja\u015bnione, a przebieg ustrukturyzowany. <\/p>\n<p>W nast\u0119pnym kroku ten proces nie b\u0119dzie dalej wyja\u015bniany, lecz zostanie bezpo\u015brednio do\u015bwiadczony.<\/p>\n<p>Prowadzone zastosowanie w kolejnym module odwo\u0142uje si\u0119 do przedstawionej tutaj struktury i przekszta\u0142ca j\u0105 w konkretne do\u015bwiadczenie. Dzi\u0119ki temu staje si\u0119 widoczne, jak poszczeg\u00f3lne kroki wsp\u00f3\u0142dzia\u0142aj\u0105 ze sob\u0105. <\/p>\n<p>Ten modu\u0142 stanowi zatem podstaw\u0119 dla tego przej\u015bcia. Zapewnia, \u017ce nast\u0119pne zastosowanie nie b\u0119dzie do\u015bwiadczane w izolacji, lecz b\u0119dzie mog\u0142o by\u0107 rozumiane jako cz\u0119\u015b\u0107 jasno zbudowanego procesu.  <a href=\"https:\/\/remstim.com\/emdr-selbstcoaching-gefuehrte-emdr-sitzung-modul-5\/\">Wi\u0119cej o module 5\u2026<\/a><\/p>\n","protected":false},"excerpt":{"rendered":"<p>Od poszczeg\u00f3lnych element\u00f3w do sp\u00f3jnego procesu \u2013 i dlaczego struktura jest kluczowa Po tym, jak w poprzednich modu\u0142ach przedstawiono podstawy, mechanizm dzia\u0142ania i praktyczne zastosowanie ruch\u00f3w ga\u0142ek ocznych, nast\u0119puje teraz krok, w kt\u00f3rym wszystko zostaje po\u0142\u0105czone. Do tego momentu dost\u0119pne s\u0105 poszczeg\u00f3lne elementy. Zrozumia\u0142e jest, jak dzia\u0142a EMDR, jak\u0105 rol\u0119 odgrywaj\u0105 ruchy ga\u0142ek ocznych i [&hellip;]<\/p>\n","protected":false},"author":1,"featured_media":0,"parent":0,"menu_order":0,"comment_status":"closed","ping_status":"closed","template":"","meta":{"_acf_changed":false,"site-sidebar-layout":"default","site-content-layout":"","ast-site-content-layout":"default","site-content-style":"default","site-sidebar-style":"default","ast-global-header-display":"","ast-banner-title-visibility":"","ast-main-header-display":"","ast-hfb-above-header-display":"","ast-hfb-below-header-display":"","ast-hfb-mobile-header-display":"","site-post-title":"","ast-breadcrumbs-content":"","ast-featured-img":"","footer-sml-layout":"","ast-disable-related-posts":"","theme-transparent-header-meta":"default","adv-header-id-meta":"","stick-header-meta":"default","header-above-stick-meta":"","header-main-stick-meta":"","header-below-stick-meta":"","astra-migrate-meta-layouts":"default","ast-page-background-enabled":"default","ast-page-background-meta":{"desktop":{"background-color":"var(--ast-global-color-4)","background-image":"","background-repeat":"repeat","background-position":"center center","background-size":"auto","background-attachment":"scroll","background-type":"","background-media":"","overlay-type":"","overlay-color":"","overlay-opacity":"","overlay-gradient":""},"tablet":{"background-color":"","background-image":"","background-repeat":"repeat","background-position":"center center","background-size":"auto","background-attachment":"scroll","background-type":"","background-media":"","overlay-type":"","overlay-color":"","overlay-opacity":"","overlay-gradient":""},"mobile":{"background-color":"","background-image":"","background-repeat":"repeat","background-position":"center center","background-size":"auto","background-attachment":"scroll","background-type":"","background-media":"","overlay-type":"","overlay-color":"","overlay-opacity":"","overlay-gradient":""}},"ast-content-background-meta":{"desktop":{"background-color":"var(--ast-global-color-5)","background-image":"","background-repeat":"repeat","background-position":"center center","background-size":"auto","background-attachment":"scroll","background-type":"","background-media":"","overlay-type":"","overlay-color":"","overlay-opacity":"","overlay-gradient":""},"tablet":{"background-color":"var(--ast-global-color-5)","background-image":"","background-repeat":"repeat","background-position":"center center","background-size":"auto","background-attachment":"scroll","background-type":"","background-media":"","overlay-type":"","overlay-color":"","overlay-opacity":"","overlay-gradient":""},"mobile":{"background-color":"var(--ast-global-color-5)","background-image":"","background-repeat":"repeat","background-position":"center center","background-size":"auto","background-attachment":"scroll","background-type":"","background-media":"","overlay-type":"","overlay-color":"","overlay-opacity":"","overlay-gradient":""}},"footnotes":""},"class_list":["post-28814","page","type-page","status-publish","hentry"],"acf":[],"yoast_head":"<!-- This site is optimized with the Yoast SEO plugin v27.5 - https:\/\/yoast.com\/product\/yoast-seo-wordpress\/ -->\n<title>Przebieg 6 krok\u00f3w autocoachingu EMDR (Modu\u0142 4)<\/title>\n<meta name=\"description\" content=\"Modu\u0142 4 przedstawia ustrukturyzowany przebieg autocoachingu EMDR i wyja\u015bnia, jak sze\u015b\u0107 krok\u00f3w \u0142\u0105czy si\u0119 w sp\u00f3jny proces.\" \/>\n<meta name=\"robots\" content=\"index, follow, max-snippet:-1, max-image-preview:large, max-video-preview:-1\" \/>\n<link rel=\"canonical\" href=\"https:\/\/remstim.com\/pl\/modul-4-przebieg-6-krokow-autocoachingu-emdr\/\" \/>\n<meta property=\"og:locale\" content=\"pl_PL\" \/>\n<meta property=\"og:type\" content=\"article\" \/>\n<meta property=\"og:title\" content=\"Przebieg 6 krok\u00f3w autocoachingu EMDR (Modu\u0142 4)\" \/>\n<meta property=\"og:description\" content=\"Modu\u0142 4 przedstawia ustrukturyzowany przebieg autocoachingu EMDR i wyja\u015bnia, jak sze\u015b\u0107 krok\u00f3w \u0142\u0105czy si\u0119 w sp\u00f3jny proces.\" \/>\n<meta property=\"og:url\" content=\"https:\/\/remstim.com\/pl\/modul-4-przebieg-6-krokow-autocoachingu-emdr\/\" \/>\n<meta property=\"og:site_name\" content=\"EMDR Ger\u00e4t REMSTIM 3000 gegen Stress\" \/>\n<meta name=\"twitter:label1\" content=\"Szacowany czas czytania\" \/>\n\t<meta name=\"twitter:data1\" content=\"4 minuty\" \/>\n<script type=\"application\/ld+json\" class=\"yoast-schema-graph\">{\"@context\":\"https:\\\/\\\/schema.org\",\"@graph\":[{\"@type\":\"WebPage\",\"@id\":\"https:\\\/\\\/remstim.com\\\/pl\\\/modul-4-przebieg-6-krokow-autocoachingu-emdr\\\/\",\"url\":\"https:\\\/\\\/remstim.com\\\/pl\\\/modul-4-przebieg-6-krokow-autocoachingu-emdr\\\/\",\"name\":\"Przebieg 6 krok\u00f3w autocoachingu EMDR (Modu\u0142 4)\",\"isPartOf\":{\"@id\":\"https:\\\/\\\/remstim.com\\\/pl\\\/#website\"},\"datePublished\":\"2026-04-27T10:23:41+00:00\",\"description\":\"Modu\u0142 4 przedstawia ustrukturyzowany przebieg autocoachingu EMDR i wyja\u015bnia, jak sze\u015b\u0107 krok\u00f3w \u0142\u0105czy si\u0119 w sp\u00f3jny proces.\",\"breadcrumb\":{\"@id\":\"https:\\\/\\\/remstim.com\\\/pl\\\/modul-4-przebieg-6-krokow-autocoachingu-emdr\\\/#breadcrumb\"},\"inLanguage\":\"pl-PL\",\"potentialAction\":[{\"@type\":\"ReadAction\",\"target\":[\"https:\\\/\\\/remstim.com\\\/pl\\\/modul-4-przebieg-6-krokow-autocoachingu-emdr\\\/\"]}]},{\"@type\":\"BreadcrumbList\",\"@id\":\"https:\\\/\\\/remstim.com\\\/pl\\\/modul-4-przebieg-6-krokow-autocoachingu-emdr\\\/#breadcrumb\",\"itemListElement\":[{\"@type\":\"ListItem\",\"position\":1,\"name\":\"Startseite\",\"item\":\"https:\\\/\\\/remstim.com\\\/pl\\\/strona-glowna\\\/\"},{\"@type\":\"ListItem\",\"position\":2,\"name\":\"Modu\u0142 4 \u2013 Przebieg 6 krok\u00f3w autocoachingu EMDR\"}]},{\"@type\":\"WebSite\",\"@id\":\"https:\\\/\\\/remstim.com\\\/pl\\\/#website\",\"url\":\"https:\\\/\\\/remstim.com\\\/pl\\\/\",\"name\":\"EMDR Ger\u00e4t REMSTIM 3000 gegen Stress\",\"description\":\"Wie wir schnell Entspannung finden.\",\"publisher\":{\"@id\":\"https:\\\/\\\/remstim.com\\\/pl\\\/#organization\"},\"potentialAction\":[{\"@type\":\"SearchAction\",\"target\":{\"@type\":\"EntryPoint\",\"urlTemplate\":\"https:\\\/\\\/remstim.com\\\/pl\\\/?s={search_term_string}\"},\"query-input\":{\"@type\":\"PropertyValueSpecification\",\"valueRequired\":true,\"valueName\":\"search_term_string\"}}],\"inLanguage\":\"pl-PL\"},{\"@type\":\"Organization\",\"@id\":\"https:\\\/\\\/remstim.com\\\/pl\\\/#organization\",\"name\":\"EMDR Ger\u00e4t REMSTIM 3000 gegen Stress\",\"url\":\"https:\\\/\\\/remstim.com\\\/pl\\\/\",\"logo\":{\"@type\":\"ImageObject\",\"inLanguage\":\"pl-PL\",\"@id\":\"https:\\\/\\\/remstim.com\\\/pl\\\/#\\\/schema\\\/logo\\\/image\\\/\",\"url\":\"https:\\\/\\\/remstim.com\\\/wp-content\\\/uploads\\\/2012\\\/06\\\/REMSTIM-Logo-mit-Untertitel_orange-e1340382850185.png\",\"contentUrl\":\"https:\\\/\\\/remstim.com\\\/wp-content\\\/uploads\\\/2012\\\/06\\\/REMSTIM-Logo-mit-Untertitel_orange-e1340382850185.png\",\"width\":304,\"height\":80,\"caption\":\"EMDR Ger\u00e4t REMSTIM 3000 gegen Stress\"},\"image\":{\"@id\":\"https:\\\/\\\/remstim.com\\\/pl\\\/#\\\/schema\\\/logo\\\/image\\\/\"}}]}<\/script>\n<!-- \/ Yoast SEO plugin. -->","yoast_head_json":{"title":"Przebieg 6 krok\u00f3w autocoachingu EMDR (Modu\u0142 4)","description":"Modu\u0142 4 przedstawia ustrukturyzowany przebieg autocoachingu EMDR i wyja\u015bnia, jak sze\u015b\u0107 krok\u00f3w \u0142\u0105czy si\u0119 w sp\u00f3jny proces.","robots":{"index":"index","follow":"follow","max-snippet":"max-snippet:-1","max-image-preview":"max-image-preview:large","max-video-preview":"max-video-preview:-1"},"canonical":"https:\/\/remstim.com\/pl\/modul-4-przebieg-6-krokow-autocoachingu-emdr\/","og_locale":"pl_PL","og_type":"article","og_title":"Przebieg 6 krok\u00f3w autocoachingu EMDR (Modu\u0142 4)","og_description":"Modu\u0142 4 przedstawia ustrukturyzowany przebieg autocoachingu EMDR i wyja\u015bnia, jak sze\u015b\u0107 krok\u00f3w \u0142\u0105czy si\u0119 w sp\u00f3jny proces.","og_url":"https:\/\/remstim.com\/pl\/modul-4-przebieg-6-krokow-autocoachingu-emdr\/","og_site_name":"EMDR Ger\u00e4t REMSTIM 3000 gegen Stress","twitter_misc":{"Szacowany czas czytania":"4 minuty"},"schema":{"@context":"https:\/\/schema.org","@graph":[{"@type":"WebPage","@id":"https:\/\/remstim.com\/pl\/modul-4-przebieg-6-krokow-autocoachingu-emdr\/","url":"https:\/\/remstim.com\/pl\/modul-4-przebieg-6-krokow-autocoachingu-emdr\/","name":"Przebieg 6 krok\u00f3w autocoachingu EMDR (Modu\u0142 4)","isPartOf":{"@id":"https:\/\/remstim.com\/pl\/#website"},"datePublished":"2026-04-27T10:23:41+00:00","description":"Modu\u0142 4 przedstawia ustrukturyzowany przebieg autocoachingu EMDR i wyja\u015bnia, jak sze\u015b\u0107 krok\u00f3w \u0142\u0105czy si\u0119 w sp\u00f3jny proces.","breadcrumb":{"@id":"https:\/\/remstim.com\/pl\/modul-4-przebieg-6-krokow-autocoachingu-emdr\/#breadcrumb"},"inLanguage":"pl-PL","potentialAction":[{"@type":"ReadAction","target":["https:\/\/remstim.com\/pl\/modul-4-przebieg-6-krokow-autocoachingu-emdr\/"]}]},{"@type":"BreadcrumbList","@id":"https:\/\/remstim.com\/pl\/modul-4-przebieg-6-krokow-autocoachingu-emdr\/#breadcrumb","itemListElement":[{"@type":"ListItem","position":1,"name":"Startseite","item":"https:\/\/remstim.com\/pl\/strona-glowna\/"},{"@type":"ListItem","position":2,"name":"Modu\u0142 4 \u2013 Przebieg 6 krok\u00f3w autocoachingu EMDR"}]},{"@type":"WebSite","@id":"https:\/\/remstim.com\/pl\/#website","url":"https:\/\/remstim.com\/pl\/","name":"EMDR Ger\u00e4t REMSTIM 3000 gegen Stress","description":"Wie wir schnell Entspannung finden.","publisher":{"@id":"https:\/\/remstim.com\/pl\/#organization"},"potentialAction":[{"@type":"SearchAction","target":{"@type":"EntryPoint","urlTemplate":"https:\/\/remstim.com\/pl\/?s={search_term_string}"},"query-input":{"@type":"PropertyValueSpecification","valueRequired":true,"valueName":"search_term_string"}}],"inLanguage":"pl-PL"},{"@type":"Organization","@id":"https:\/\/remstim.com\/pl\/#organization","name":"EMDR Ger\u00e4t REMSTIM 3000 gegen Stress","url":"https:\/\/remstim.com\/pl\/","logo":{"@type":"ImageObject","inLanguage":"pl-PL","@id":"https:\/\/remstim.com\/pl\/#\/schema\/logo\/image\/","url":"https:\/\/remstim.com\/wp-content\/uploads\/2012\/06\/REMSTIM-Logo-mit-Untertitel_orange-e1340382850185.png","contentUrl":"https:\/\/remstim.com\/wp-content\/uploads\/2012\/06\/REMSTIM-Logo-mit-Untertitel_orange-e1340382850185.png","width":304,"height":80,"caption":"EMDR Ger\u00e4t REMSTIM 3000 gegen Stress"},"image":{"@id":"https:\/\/remstim.com\/pl\/#\/schema\/logo\/image\/"}}]}},"_links":{"self":[{"href":"https:\/\/remstim.com\/pl\/wp-json\/wp\/v2\/pages\/28814","targetHints":{"allow":["GET"]}}],"collection":[{"href":"https:\/\/remstim.com\/pl\/wp-json\/wp\/v2\/pages"}],"about":[{"href":"https:\/\/remstim.com\/pl\/wp-json\/wp\/v2\/types\/page"}],"author":[{"embeddable":true,"href":"https:\/\/remstim.com\/pl\/wp-json\/wp\/v2\/users\/1"}],"replies":[{"embeddable":true,"href":"https:\/\/remstim.com\/pl\/wp-json\/wp\/v2\/comments?post=28814"}],"version-history":[{"count":0,"href":"https:\/\/remstim.com\/pl\/wp-json\/wp\/v2\/pages\/28814\/revisions"}],"wp:attachment":[{"href":"https:\/\/remstim.com\/pl\/wp-json\/wp\/v2\/media?parent=28814"}],"curies":[{"name":"wp","href":"https:\/\/api.w.org\/{rel}","templated":true}]}}