{"id":28833,"date":"2026-04-27T10:23:34","date_gmt":"2026-04-27T10:23:34","guid":{"rendered":"https:\/\/remstim.com\/modul-2-jak-dziala-emdr\/"},"modified":"2026-04-27T10:23:34","modified_gmt":"2026-04-27T10:23:34","slug":"modul-2-jak-dziala-emdr","status":"publish","type":"page","link":"https:\/\/remstim.com\/pl\/modul-2-jak-dziala-emdr\/","title":{"rendered":"Modu\u0142 2 \u2013 Jak dzia\u0142a EMDR?"},"content":{"rendered":"<div class=\"responsive-bild-template\">\n<p><img decoding=\"async\" class=\"responsive-bild\" src=\"https:\/\/remstim.com\/wp-content\/uploads\/2026\/04\/Modul-2-\u2013-Wie-wirkt-EMDR_Cover.jpg\" alt=\"\"><\/p>\n<div class=\"responsive-template\">\t\t<div data-elementor-type=\"section\" data-elementor-id=\"28718\" class=\"elementor elementor-28718 elementor-28456\" data-elementor-post-type=\"elementor_library\">\n\t\t\t\t\t<section class=\"elementor-section elementor-top-section elementor-element elementor-element-3780c2cc elementor-section-boxed elementor-section-height-default elementor-section-height-default\" data-id=\"3780c2cc\" data-element_type=\"section\" data-e-type=\"section\">\n\t\t\t\t\t\t<div class=\"elementor-container elementor-column-gap-no\">\n\t\t\t\t\t<div class=\"elementor-column elementor-col-100 elementor-top-column elementor-element elementor-element-42ef232c\" data-id=\"42ef232c\" data-element_type=\"column\" data-e-type=\"column\">\n\t\t\t<div class=\"elementor-widget-wrap elementor-element-populated\">\n\t\t\t\t\t\t<section class=\"elementor-section elementor-inner-section elementor-element elementor-element-9c01e0 elementor-section-boxed elementor-section-height-default elementor-section-height-default\" data-id=\"9c01e0\" data-element_type=\"section\" data-e-type=\"section\" data-settings=\"{&quot;background_background&quot;:&quot;classic&quot;}\">\n\t\t\t\t\t\t<div class=\"elementor-container elementor-column-gap-default\">\n\t\t\t\t\t<div class=\"elementor-column elementor-col-100 elementor-inner-column elementor-element elementor-element-5513bd91\" data-id=\"5513bd91\" data-element_type=\"column\" data-e-type=\"column\" data-settings=\"{&quot;background_background&quot;:&quot;classic&quot;}\">\n\t\t\t<div class=\"elementor-widget-wrap elementor-element-populated\">\n\t\t\t\t\t\t<div class=\"elementor-element elementor-element-090ad39 elementor-widget elementor-widget-text-editor\" data-id=\"090ad39\" data-element_type=\"widget\" data-e-type=\"widget\" data-widget_type=\"text-editor.default\">\n\t\t\t\t<div class=\"elementor-widget-container\">\n\t\t\t\t\t\t\t\t\t<p><strong style=\"font-size: 24px; color: #7e9b30;\">Pe\u0142ny samouczek<\/strong><\/p><p><a href=\"https:\/\/remstim.com\/pl\/emdr-autocoaching-kompletny-samouczek-wideo-moduly-1-6\/\">J\u0119zyk: niemiecki, (czytaj wi\u0119cej&#8230;)<\/a><\/p>\t\t\t\t\t\t\t\t<\/div>\n\t\t\t\t<\/div>\n\t\t\t\t<div class=\"elementor-element elementor-element-553e114 elementor-widget elementor-widget-image\" data-id=\"553e114\" data-element_type=\"widget\" data-e-type=\"widget\" data-widget_type=\"image.default\">\n\t\t\t\t<div class=\"elementor-widget-container\">\n\t\t\t\t\t\t\t\t\t\t\t\t\t\t\t\t<a href=\"https:\/\/remstim.com\/pl\/emdr-autocoaching-kompletny-samouczek-wideo-moduly-1-6\/\">\n\t\t\t\t\t\t\t<img fetchpriority=\"high\" decoding=\"async\" width=\"225\" height=\"300\" src=\"https:\/\/remstim.com\/wp-content\/uploads\/2026\/04\/EMDR-Selbstcoaching-\u2013-Das-komplette-Video-Tutorial-Module-1-6-225x300.jpg\" class=\"attachment-medium size-medium wp-image-28390\" alt=\"Autocoaching EMDR \u2013 Kompletny samouczek wideo (Modu\u0142y 1-6)\" srcset=\"https:\/\/remstim.com\/wp-content\/uploads\/2026\/04\/EMDR-Selbstcoaching-\u2013-Das-komplette-Video-Tutorial-Module-1-6-225x300.jpg 225w, https:\/\/remstim.com\/wp-content\/uploads\/2026\/04\/EMDR-Selbstcoaching-\u2013-Das-komplette-Video-Tutorial-Module-1-6-768x1024.jpg 768w, https:\/\/remstim.com\/wp-content\/uploads\/2026\/04\/EMDR-Selbstcoaching-\u2013-Das-komplette-Video-Tutorial-Module-1-6-1152x1536.jpg 1152w, https:\/\/remstim.com\/wp-content\/uploads\/2026\/04\/EMDR-Selbstcoaching-\u2013-Das-komplette-Video-Tutorial-Module-1-6.jpg 1500w\" sizes=\"(max-width: 225px) 100vw, 225px\" \/>\t\t\t\t\t\t\t\t<\/a>\n\t\t\t\t\t\t\t\t\t\t\t\t\t\t\t<\/div>\n\t\t\t\t<\/div>\n\t\t\t\t<div class=\"elementor-element elementor-element-7faeb86b elementor-widget elementor-widget-text-editor\" data-id=\"7faeb86b\" data-element_type=\"widget\" data-e-type=\"widget\" data-widget_type=\"text-editor.default\">\n\t\t\t\t<div class=\"elementor-widget-container\">\n\t\t\t\t\t\t\t\t\t<p><strong style=\"font-size: 24px; color: #7e9b30;\">129,00 EUR<\/strong><\/p><p>Wszystkie ceny zawieraj\u0105 podatek VAT VAT<\/p>\t\t\t\t\t\t\t\t<\/div>\n\t\t\t\t<\/div>\n\t\t\t\t<div class=\"elementor-element elementor-element-658d24be elementor-align-right elementor-mobile-align-right elementor-widget elementor-widget-button\" data-id=\"658d24be\" data-element_type=\"widget\" data-e-type=\"widget\" data-widget_type=\"button.default\">\n\t\t\t\t<div class=\"elementor-widget-container\">\n\t\t\t\t\t\t\t\t\t<div class=\"elementor-button-wrapper\">\n\t\t\t\t\t<a class=\"elementor-button elementor-button-link elementor-size-sm\" href=\"https:\/\/copecart.com\/products\/5d71033e\/checkout\" target=\"_blank\">\n\t\t\t\t\t\t<span class=\"elementor-button-content-wrapper\">\n\t\t\t\t\t\t\t\t\t<span class=\"elementor-button-text\">Do sklepu<\/span>\n\t\t\t\t\t<\/span>\n\t\t\t\t\t<\/a>\n\t\t\t\t<\/div>\n\t\t\t\t\t\t\t\t<\/div>\n\t\t\t\t<\/div>\n\t\t\t\t<div class=\"elementor-element elementor-element-3ab691ee elementor-widget elementor-widget-text-editor\" data-id=\"3ab691ee\" data-element_type=\"widget\" data-e-type=\"widget\" data-widget_type=\"text-editor.default\">\n\t\t\t\t<div class=\"elementor-widget-container\">\n\t\t\t\t\t\t\t\t\t<p>Zakup za po\u015brednictwem <a href=\"https:\/\/copecart.com\/products\/5d71033e\/checkout\" target=\"_blank\" rel=\"noopener\">Copecart<\/a>, naszego partnera w zakresie produkt\u00f3w cyfrowych.<\/p>\t\t\t\t\t\t\t\t<\/div>\n\t\t\t\t<\/div>\n\t\t\t\t\t<\/div>\n\t\t<\/div>\n\t\t\t\t\t<\/div>\n\t\t<\/section>\n\t\t\t\t\t<\/div>\n\t\t<\/div>\n\t\t\t\t\t<\/div>\n\t\t<\/section>\n\t\t\t\t<\/div>\n\t\t<\/div>\n<\/div>\n<h2>Mechanika stoj\u0105ca za przetwarzaniem \u2013 i dlaczego musi zosta\u0107 zrozumiana<\/h2>\n<p>Po stworzeniu podstaw w pierwszym module, nieuchronnie pojawia si\u0119 kolejne pytanie: Jak dok\u0142adnie dzia\u0142a EMDR? Co dzieje si\u0119 w m\u00f3zgu, gdy aktywowane jest obci\u0105\u017caj\u0105ce wspomnienie i dlaczego mo\u017ce ono ulec zmianie w trakcie procesu? <\/p>\n<p>Bez tego wyja\u015bnienia EMDR pozostaje metod\u0105, kt\u00f3r\u0105 wprawdzie mo\u017cna stosowa\u0107, ale kt\u00f3rej dzia\u0142anie nie jest do ko\u0144ca zrozumia\u0142e. W\u0142a\u015bnie w tym miejscu zaczyna si\u0119 ten modu\u0142. Modu\u0142 ten wprowadza g\u0142\u0119biej w mechanik\u0119 przetwarzania i uwidacznia to, co dzieje si\u0119 w tle.<\/p>\n<h2>Jak powstaj\u0105, utrwalaj\u0105 si\u0119 i s\u0105 reaktywowane wspomnienia<\/h2>\n<p>Obci\u0105\u017caj\u0105ce do\u015bwiadczenia nie s\u0105 zapisywane w m\u00f3zgu w spos\u00f3b neutralny. S\u0105 one powi\u0105zane z emocjami, reakcjami cia\u0142a i ocenami. To powi\u0105zanie sprawia, \u017ce okre\u015blone wspomnienia mog\u0105 pozosta\u0107 aktywne jeszcze d\u0142ugo po pierwotnym zdarzeniu.  <\/p>\n<p>W \u017cyciu codziennym objawia si\u0119 to cz\u0119sto w formie reakcji, kt\u00f3re nie do ko\u0144ca pasuj\u0105 do aktualnej sytuacji. Okre\u015blone bod\u017ace wystarcz\u0105, aby ponownie wywo\u0142a\u0107 pierwotny \u0142adunek emocjonalny. Nie dzieje si\u0119 to w spos\u00f3b \u015bwiadomie kontrolowany, lecz automatycznie.  <\/p>\n<p>EMDR zaczyna dzia\u0142a\u0107 w\u0142a\u015bnie w tym miejscu. Proces ten wykorzystuje zdolno\u015b\u0107 m\u00f3zgu do ponownego przetwarzania aktywowanych tre\u015bci. Aby by\u0142o to mo\u017cliwe, musz\u0105 jednak zosta\u0107 spe\u0142nione okre\u015blone warunki. Wspomnienie musi by\u0107 dost\u0119pne, uwaga musi pozosta\u0107 stabilna, a przetwarzanie nie mo\u017ce zosta\u0107 przerwane.   <\/p>\n<p>W\u0142a\u015bnie te zale\u017cno\u015bci zostan\u0105 wyja\u015bnione w tym module.<\/p>\n<h2>Dlaczego przetwarzanie jest mo\u017cliwe \u2013 i od czego zale\u017cy<\/h2>\n<p>Kluczow\u0105 kwesti\u0105, kt\u00f3ra cz\u0119sto pozostaje niejasna, jest pytanie, dlaczego wspomnienie w og\u00f3le mo\u017ce ulec zmianie. Samego do\u015bwiadczenia nie da si\u0119 cofn\u0105\u0107, jednak mo\u017ce zmieni\u0107 si\u0119 spos\u00f3b, w jaki jest ono zakotwiczone w prze\u017cywaniu. <\/p>\n<p>Decyduj\u0105ca r\u00f3\u017cnica tkwi w przetwarzaniu. Podczas gdy obci\u0105\u017caj\u0105ce tre\u015bci cz\u0119sto pozostaj\u0105 odizolowane i niepe\u0142nie zintegrowane, EMDR umo\u017cliwia ich p\u00f3\u017aniejsze uporz\u0105dkowanie w istniej\u0105cych strukturach do\u015bwiadczenia. <\/p>\n<p>Aby proces ten m\u00f3g\u0142 si\u0119 rozpocz\u0105\u0107, konieczne jest, by m\u00f3zg spe\u0142nia\u0142 jednocze\u015bnie kilka wymog\u00f3w. Wspomnienie jest aktywowane, podczas gdy uwaga utrzymywana jest w stabilnych ramach. Jednocze\u015bnie powstaje forma dystansu, kt\u00f3ra pozwala na przetworzenie tre\u015bci bez ponownego bycia przez ni\u0105 ca\u0142kowicie zalewanym.  <\/p>\n<p>Ta r\u00f3wnowaga nie jest przypadkowa. Stanowi ona podstaw\u0119 do tego, aby zmiana by\u0142a w og\u00f3le mo\u017cliwa. Je\u015bli nie zostanie osi\u0105gni\u0119ta, przetwarzanie nie nast\u0119puje lub zostaje przedwcze\u015bnie przerwane.  <\/p>\n<p>Ten modu\u0142 pozwala zrozumie\u0107 te warunki i pokazuje, po czym mo\u017cna rozpozna\u0107, czy proces zostaje wprawiony w ruch, czy te\u017c nie.<\/p>\n<h2>Znaczenie dla zastosowania praktycznego \u2013 i przej\u015bcie do nast\u0119pnego kroku<\/h2>\n<p>Zrozumienie mechanizmu dzia\u0142ania zasadniczo zmienia spojrzenie na zastosowanie. EMDR nie jest wtedy tylko sekwencj\u0105 krok\u00f3w, lecz procesem, kt\u00f3ry mo\u017cna celowo wspiera\u0107. <\/p>\n<p>W\u0142a\u015bnie w tym tkwi korzy\u015b\u0107 z tego modu\u0142u. Tworzy on powi\u0105zanie mi\u0119dzy teoretycznym zrozumieniem a p\u00f3\u017aniejsz\u0105 realizacj\u0105. Kto wie, co dzieje si\u0119 w tle, mo\u017ce lepiej przyporz\u0105dkowa\u0107 kolejne kroki i stosowa\u0107 je w spos\u00f3b bardziej celowy.  <\/p>\n<p>Struktura tego samouczka powsta\u0142a na bazie praktycznej pracy z EMDR. Przez wiele lat okazywa\u0142o si\u0119, \u017ce skuteczno\u015b\u0107 silnie zale\u017cy od tego, czy zrozumiane zostan\u0105 le\u017c\u0105ce u podstaw mechanizmy. Na podstawie tego do\u015bwiadczenia struktura zosta\u0142a dobrana tak, aby ka\u017cdy krok logicznie wynika\u0142 z poprzedniego.  <\/p>\n<p>Dzi\u0119ki temu zrozumieniu staje si\u0119 jasne, dlaczego w nast\u0119pnym module kluczow\u0105 rol\u0119 odgrywa konkretne wykonywanie ruch\u00f3w ga\u0142ek ocznych. Stymulacja zewn\u0119trzna nie jest elementem drugorz\u0119dnym, lecz decyduj\u0105cym czynnikiem wp\u0142ywaj\u0105cym na to, czy opisane procesy zostan\u0105 faktycznie zainicjowane. <\/p>\n<p>Modu\u0142 ten stwarza zatem warunki do tego, aby nie postrzega\u0107 kolejnego kroku w izolacji, lecz rozumie\u0107 go w powi\u0105zaniu z ca\u0142ym procesem przetwarzania. <a href=\"https:\/\/remstim.com\/emdr-selbstcoaching-augenbewegungen-verstehen-modul-3-1\/\">Czytaj wi\u0119cej o module 3.1\u2026<\/a><\/p>\n","protected":false},"excerpt":{"rendered":"<p>Mechanika stoj\u0105ca za przetwarzaniem \u2013 i dlaczego musi zosta\u0107 zrozumiana Po stworzeniu podstaw w pierwszym module, nieuchronnie pojawia si\u0119 kolejne pytanie: Jak dok\u0142adnie dzia\u0142a EMDR? Co dzieje si\u0119 w m\u00f3zgu, gdy aktywowane jest obci\u0105\u017caj\u0105ce wspomnienie i dlaczego mo\u017ce ono ulec zmianie w trakcie procesu? Bez tego wyja\u015bnienia EMDR pozostaje metod\u0105, kt\u00f3r\u0105 wprawdzie mo\u017cna stosowa\u0107, ale [&hellip;]<\/p>\n","protected":false},"author":1,"featured_media":0,"parent":0,"menu_order":0,"comment_status":"closed","ping_status":"closed","template":"","meta":{"_acf_changed":false,"site-sidebar-layout":"default","site-content-layout":"","ast-site-content-layout":"default","site-content-style":"default","site-sidebar-style":"default","ast-global-header-display":"","ast-banner-title-visibility":"","ast-main-header-display":"","ast-hfb-above-header-display":"","ast-hfb-below-header-display":"","ast-hfb-mobile-header-display":"","site-post-title":"","ast-breadcrumbs-content":"","ast-featured-img":"","footer-sml-layout":"","ast-disable-related-posts":"","theme-transparent-header-meta":"default","adv-header-id-meta":"","stick-header-meta":"default","header-above-stick-meta":"","header-main-stick-meta":"","header-below-stick-meta":"","astra-migrate-meta-layouts":"default","ast-page-background-enabled":"default","ast-page-background-meta":{"desktop":{"background-color":"var(--ast-global-color-4)","background-image":"","background-repeat":"repeat","background-position":"center center","background-size":"auto","background-attachment":"scroll","background-type":"","background-media":"","overlay-type":"","overlay-color":"","overlay-opacity":"","overlay-gradient":""},"tablet":{"background-color":"","background-image":"","background-repeat":"repeat","background-position":"center center","background-size":"auto","background-attachment":"scroll","background-type":"","background-media":"","overlay-type":"","overlay-color":"","overlay-opacity":"","overlay-gradient":""},"mobile":{"background-color":"","background-image":"","background-repeat":"repeat","background-position":"center center","background-size":"auto","background-attachment":"scroll","background-type":"","background-media":"","overlay-type":"","overlay-color":"","overlay-opacity":"","overlay-gradient":""}},"ast-content-background-meta":{"desktop":{"background-color":"var(--ast-global-color-5)","background-image":"","background-repeat":"repeat","background-position":"center center","background-size":"auto","background-attachment":"scroll","background-type":"","background-media":"","overlay-type":"","overlay-color":"","overlay-opacity":"","overlay-gradient":""},"tablet":{"background-color":"var(--ast-global-color-5)","background-image":"","background-repeat":"repeat","background-position":"center center","background-size":"auto","background-attachment":"scroll","background-type":"","background-media":"","overlay-type":"","overlay-color":"","overlay-opacity":"","overlay-gradient":""},"mobile":{"background-color":"var(--ast-global-color-5)","background-image":"","background-repeat":"repeat","background-position":"center center","background-size":"auto","background-attachment":"scroll","background-type":"","background-media":"","overlay-type":"","overlay-color":"","overlay-opacity":"","overlay-gradient":""}},"footnotes":""},"class_list":["post-28833","page","type-page","status-publish","hentry"],"acf":[],"yoast_head":"<!-- This site is optimized with the Yoast SEO plugin v27.5 - https:\/\/yoast.com\/product\/yoast-seo-wordpress\/ -->\n<title>Autocoaching EMDR \u2013 Jak dzia\u0142a EMDR? (Modu\u0142 2)<\/title>\n<meta name=\"description\" content=\"Jak EMDR dzia\u0142a w m\u00f3zgu? Ten modu\u0142 wyja\u015bnia mechanizm dzia\u0142ania autocoachingu EMDR i pokazuje, w jakich warunkach mo\u017cliwe jest przetwarzanie.\" \/>\n<meta name=\"robots\" content=\"index, follow, max-snippet:-1, max-image-preview:large, max-video-preview:-1\" \/>\n<link rel=\"canonical\" href=\"https:\/\/remstim.com\/pl\/modul-2-jak-dziala-emdr\/\" \/>\n<meta property=\"og:locale\" content=\"pl_PL\" \/>\n<meta property=\"og:type\" content=\"article\" \/>\n<meta property=\"og:title\" content=\"Autocoaching EMDR \u2013 Jak dzia\u0142a EMDR? (Modu\u0142 2)\" \/>\n<meta property=\"og:description\" content=\"Jak EMDR dzia\u0142a w m\u00f3zgu? Ten modu\u0142 wyja\u015bnia mechanizm dzia\u0142ania autocoachingu EMDR i pokazuje, w jakich warunkach mo\u017cliwe jest przetwarzanie.\" \/>\n<meta property=\"og:url\" content=\"https:\/\/remstim.com\/pl\/modul-2-jak-dziala-emdr\/\" \/>\n<meta property=\"og:site_name\" content=\"EMDR Ger\u00e4t REMSTIM 3000 gegen Stress\" \/>\n<meta name=\"twitter:label1\" content=\"Szacowany czas czytania\" \/>\n\t<meta name=\"twitter:data1\" content=\"3 minuty\" \/>\n<script type=\"application\/ld+json\" class=\"yoast-schema-graph\">{\"@context\":\"https:\\\/\\\/schema.org\",\"@graph\":[{\"@type\":\"WebPage\",\"@id\":\"https:\\\/\\\/remstim.com\\\/pl\\\/modul-2-jak-dziala-emdr\\\/\",\"url\":\"https:\\\/\\\/remstim.com\\\/pl\\\/modul-2-jak-dziala-emdr\\\/\",\"name\":\"Autocoaching EMDR \u2013 Jak dzia\u0142a EMDR? (Modu\u0142 2)\",\"isPartOf\":{\"@id\":\"https:\\\/\\\/remstim.com\\\/pl\\\/#website\"},\"datePublished\":\"2026-04-27T10:23:34+00:00\",\"description\":\"Jak EMDR dzia\u0142a w m\u00f3zgu? Ten modu\u0142 wyja\u015bnia mechanizm dzia\u0142ania autocoachingu EMDR i pokazuje, w jakich warunkach mo\u017cliwe jest przetwarzanie.\",\"breadcrumb\":{\"@id\":\"https:\\\/\\\/remstim.com\\\/pl\\\/modul-2-jak-dziala-emdr\\\/#breadcrumb\"},\"inLanguage\":\"pl-PL\",\"potentialAction\":[{\"@type\":\"ReadAction\",\"target\":[\"https:\\\/\\\/remstim.com\\\/pl\\\/modul-2-jak-dziala-emdr\\\/\"]}]},{\"@type\":\"BreadcrumbList\",\"@id\":\"https:\\\/\\\/remstim.com\\\/pl\\\/modul-2-jak-dziala-emdr\\\/#breadcrumb\",\"itemListElement\":[{\"@type\":\"ListItem\",\"position\":1,\"name\":\"Startseite\",\"item\":\"https:\\\/\\\/remstim.com\\\/pl\\\/strona-glowna\\\/\"},{\"@type\":\"ListItem\",\"position\":2,\"name\":\"Modu\u0142 2 \u2013 Jak dzia\u0142a EMDR?\"}]},{\"@type\":\"WebSite\",\"@id\":\"https:\\\/\\\/remstim.com\\\/pl\\\/#website\",\"url\":\"https:\\\/\\\/remstim.com\\\/pl\\\/\",\"name\":\"EMDR Ger\u00e4t REMSTIM 3000 gegen Stress\",\"description\":\"Wie wir schnell Entspannung finden.\",\"publisher\":{\"@id\":\"https:\\\/\\\/remstim.com\\\/pl\\\/#organization\"},\"potentialAction\":[{\"@type\":\"SearchAction\",\"target\":{\"@type\":\"EntryPoint\",\"urlTemplate\":\"https:\\\/\\\/remstim.com\\\/pl\\\/?s={search_term_string}\"},\"query-input\":{\"@type\":\"PropertyValueSpecification\",\"valueRequired\":true,\"valueName\":\"search_term_string\"}}],\"inLanguage\":\"pl-PL\"},{\"@type\":\"Organization\",\"@id\":\"https:\\\/\\\/remstim.com\\\/pl\\\/#organization\",\"name\":\"EMDR Ger\u00e4t REMSTIM 3000 gegen Stress\",\"url\":\"https:\\\/\\\/remstim.com\\\/pl\\\/\",\"logo\":{\"@type\":\"ImageObject\",\"inLanguage\":\"pl-PL\",\"@id\":\"https:\\\/\\\/remstim.com\\\/pl\\\/#\\\/schema\\\/logo\\\/image\\\/\",\"url\":\"https:\\\/\\\/remstim.com\\\/wp-content\\\/uploads\\\/2012\\\/06\\\/REMSTIM-Logo-mit-Untertitel_orange-e1340382850185.png\",\"contentUrl\":\"https:\\\/\\\/remstim.com\\\/wp-content\\\/uploads\\\/2012\\\/06\\\/REMSTIM-Logo-mit-Untertitel_orange-e1340382850185.png\",\"width\":304,\"height\":80,\"caption\":\"EMDR Ger\u00e4t REMSTIM 3000 gegen Stress\"},\"image\":{\"@id\":\"https:\\\/\\\/remstim.com\\\/pl\\\/#\\\/schema\\\/logo\\\/image\\\/\"}}]}<\/script>\n<!-- \/ Yoast SEO plugin. -->","yoast_head_json":{"title":"Autocoaching EMDR \u2013 Jak dzia\u0142a EMDR? (Modu\u0142 2)","description":"Jak EMDR dzia\u0142a w m\u00f3zgu? Ten modu\u0142 wyja\u015bnia mechanizm dzia\u0142ania autocoachingu EMDR i pokazuje, w jakich warunkach mo\u017cliwe jest przetwarzanie.","robots":{"index":"index","follow":"follow","max-snippet":"max-snippet:-1","max-image-preview":"max-image-preview:large","max-video-preview":"max-video-preview:-1"},"canonical":"https:\/\/remstim.com\/pl\/modul-2-jak-dziala-emdr\/","og_locale":"pl_PL","og_type":"article","og_title":"Autocoaching EMDR \u2013 Jak dzia\u0142a EMDR? (Modu\u0142 2)","og_description":"Jak EMDR dzia\u0142a w m\u00f3zgu? Ten modu\u0142 wyja\u015bnia mechanizm dzia\u0142ania autocoachingu EMDR i pokazuje, w jakich warunkach mo\u017cliwe jest przetwarzanie.","og_url":"https:\/\/remstim.com\/pl\/modul-2-jak-dziala-emdr\/","og_site_name":"EMDR Ger\u00e4t REMSTIM 3000 gegen Stress","twitter_misc":{"Szacowany czas czytania":"3 minuty"},"schema":{"@context":"https:\/\/schema.org","@graph":[{"@type":"WebPage","@id":"https:\/\/remstim.com\/pl\/modul-2-jak-dziala-emdr\/","url":"https:\/\/remstim.com\/pl\/modul-2-jak-dziala-emdr\/","name":"Autocoaching EMDR \u2013 Jak dzia\u0142a EMDR? (Modu\u0142 2)","isPartOf":{"@id":"https:\/\/remstim.com\/pl\/#website"},"datePublished":"2026-04-27T10:23:34+00:00","description":"Jak EMDR dzia\u0142a w m\u00f3zgu? Ten modu\u0142 wyja\u015bnia mechanizm dzia\u0142ania autocoachingu EMDR i pokazuje, w jakich warunkach mo\u017cliwe jest przetwarzanie.","breadcrumb":{"@id":"https:\/\/remstim.com\/pl\/modul-2-jak-dziala-emdr\/#breadcrumb"},"inLanguage":"pl-PL","potentialAction":[{"@type":"ReadAction","target":["https:\/\/remstim.com\/pl\/modul-2-jak-dziala-emdr\/"]}]},{"@type":"BreadcrumbList","@id":"https:\/\/remstim.com\/pl\/modul-2-jak-dziala-emdr\/#breadcrumb","itemListElement":[{"@type":"ListItem","position":1,"name":"Startseite","item":"https:\/\/remstim.com\/pl\/strona-glowna\/"},{"@type":"ListItem","position":2,"name":"Modu\u0142 2 \u2013 Jak dzia\u0142a EMDR?"}]},{"@type":"WebSite","@id":"https:\/\/remstim.com\/pl\/#website","url":"https:\/\/remstim.com\/pl\/","name":"EMDR Ger\u00e4t REMSTIM 3000 gegen Stress","description":"Wie wir schnell Entspannung finden.","publisher":{"@id":"https:\/\/remstim.com\/pl\/#organization"},"potentialAction":[{"@type":"SearchAction","target":{"@type":"EntryPoint","urlTemplate":"https:\/\/remstim.com\/pl\/?s={search_term_string}"},"query-input":{"@type":"PropertyValueSpecification","valueRequired":true,"valueName":"search_term_string"}}],"inLanguage":"pl-PL"},{"@type":"Organization","@id":"https:\/\/remstim.com\/pl\/#organization","name":"EMDR Ger\u00e4t REMSTIM 3000 gegen Stress","url":"https:\/\/remstim.com\/pl\/","logo":{"@type":"ImageObject","inLanguage":"pl-PL","@id":"https:\/\/remstim.com\/pl\/#\/schema\/logo\/image\/","url":"https:\/\/remstim.com\/wp-content\/uploads\/2012\/06\/REMSTIM-Logo-mit-Untertitel_orange-e1340382850185.png","contentUrl":"https:\/\/remstim.com\/wp-content\/uploads\/2012\/06\/REMSTIM-Logo-mit-Untertitel_orange-e1340382850185.png","width":304,"height":80,"caption":"EMDR Ger\u00e4t REMSTIM 3000 gegen Stress"},"image":{"@id":"https:\/\/remstim.com\/pl\/#\/schema\/logo\/image\/"}}]}},"_links":{"self":[{"href":"https:\/\/remstim.com\/pl\/wp-json\/wp\/v2\/pages\/28833","targetHints":{"allow":["GET"]}}],"collection":[{"href":"https:\/\/remstim.com\/pl\/wp-json\/wp\/v2\/pages"}],"about":[{"href":"https:\/\/remstim.com\/pl\/wp-json\/wp\/v2\/types\/page"}],"author":[{"embeddable":true,"href":"https:\/\/remstim.com\/pl\/wp-json\/wp\/v2\/users\/1"}],"replies":[{"embeddable":true,"href":"https:\/\/remstim.com\/pl\/wp-json\/wp\/v2\/comments?post=28833"}],"version-history":[{"count":0,"href":"https:\/\/remstim.com\/pl\/wp-json\/wp\/v2\/pages\/28833\/revisions"}],"wp:attachment":[{"href":"https:\/\/remstim.com\/pl\/wp-json\/wp\/v2\/media?parent=28833"}],"curies":[{"name":"wp","href":"https:\/\/api.w.org\/{rel}","templated":true}]}}